{"id":3175,"date":"2022-05-11T11:15:40","date_gmt":"2022-05-11T09:15:40","guid":{"rendered":"https:\/\/camping-lac-seigneurie.com\/camping-proche-allemagne\/"},"modified":"2022-06-20T12:22:46","modified_gmt":"2022-06-20T10:22:46","slug":"campingplatz-in-der-nahe-deutschland","status":"publish","type":"page","link":"https:\/\/camping-lac-seigneurie.com\/de\/campingplatz-in-der-nahe-deutschland\/","title":{"rendered":"Allemagne"},"content":{"rendered":"<section id=\"ls-section-block_626020254a858\" class=\"ls-section  page-one has-p-t p-t-8 has-p-b p-b-14\" >\n        <div class=\"container container--wide\">\n        \n\n<div class=\"wp-block-columns is-layout-flex wp-container-core-columns-is-layout-9d6595d7 wp-block-columns-is-layout-flex\">\n<div class=\"wp-block-column is-vertically-aligned-top animated fadeInLeft delay-200ms is-layout-flow wp-block-column-is-layout-flow\">\n<figure class=\"wp-block-image size-full\"><a href=\"https:\/\/camping-lac-seigneurie.com\/wp-content\/uploads\/2022\/06\/tourisme-therrmes-badenweiler.jpg\"><img loading=\"lazy\" decoding=\"async\" width=\"700\" height=\"466\" src=\"https:\/\/camping-lac-seigneurie.com\/wp-content\/uploads\/2022\/06\/tourisme-therrmes-badenweiler.jpg\" alt=\"tourisme therrmes badenweiler\" class=\"wp-image-2302\" srcset=\"https:\/\/camping-lac-seigneurie.com\/wp-content\/uploads\/2022\/06\/tourisme-therrmes-badenweiler.jpg 700w, https:\/\/camping-lac-seigneurie.com\/wp-content\/uploads\/2022\/06\/tourisme-therrmes-badenweiler-300x200.jpg 300w\" sizes=\"auto, (max-width: 700px) 100vw, 700px\" \/><\/a><\/figure>\n\n\n\n<figure class=\"wp-block-image size-full\"><a href=\"https:\/\/camping-lac-seigneurie.com\/wp-content\/uploads\/2022\/06\/tourisme-thermes-bad-krozingen.jpg\"><img loading=\"lazy\" decoding=\"async\" width=\"700\" height=\"466\" src=\"https:\/\/camping-lac-seigneurie.com\/wp-content\/uploads\/2022\/06\/tourisme-thermes-bad-krozingen.jpg\" alt=\"tourisme thermes bad krozingen\" class=\"wp-image-2298\" srcset=\"https:\/\/camping-lac-seigneurie.com\/wp-content\/uploads\/2022\/06\/tourisme-thermes-bad-krozingen.jpg 700w, https:\/\/camping-lac-seigneurie.com\/wp-content\/uploads\/2022\/06\/tourisme-thermes-bad-krozingen-300x200.jpg 300w\" sizes=\"auto, (max-width: 700px) 100vw, 700px\" \/><\/a><\/figure>\n<\/div>\n\n\n\n<div class=\"wp-block-column is-vertically-aligned-center is-layout-flow wp-block-column-is-layout-flow\">\n<h1 class=\"ls-heading wp-block-heading\">Verbringen Sie Ihren Urlaub auf einem 3-Sterne-Campingplatz an der Grenze zu Deutschland<\/h1>\n\n\n\n<h2 class=\"ls-heading wp-block-heading\"><strong>Unsere Tipps f\u00fcr einen Besuch von diesem Campingplatz in der N\u00e4he von Deutschland aus<\/strong><\/h2>\n\n\n\n<p class=\"ls-paragraph\">In der N\u00e4he Ihres <a href=\"\/de\/\">Campingplatzes in der Franche Comte<\/a> finden Sie die ber\u00fchmten deutschen Kurorte f\u00fcr einen Moment des Wohlbefindens und der Entspannung, insbesondere :<\/p>\n\n\n\n<ul class=\"ls-list wp-block-list\"><li>die<strong> Cassiopeia-Therme in Badenweiler<\/strong> mit ihren Thermalbecken von 12\u00b0 bis 30\u00b0 (weniger als eine Stunde vom Flower camping lac de la seigneurie entfernt);<\/li><li>die <strong>Vita Classica Therme in Bad Krozingen<\/strong>, wo du aufgrund des sehr hohen Kohlens\u00e4uregehalts des Wassers das seltsame, aber angenehme Gef\u00fchl hast, in kohlens\u00e4urehaltigem Wasser zu baden;<\/li><li>die<strong> Caracalla-Therme in Baden Baden<\/strong> mit 18\u00b0 bis 38\u00b0 warmem Wasser und Dekorationen, die an die Antike erinnern.<\/li><\/ul>\n<\/div>\n<\/div>\n\n\n    <\/div>\n<\/section>\n\n<section id=\"ls-section-block_626142038a71b\" class=\"ls-section  page-two has-background-image has-parallax has-background has-color-black-background-color has-p-t p-t-14 has-p-b p-b-14\" >\n    <div class=\"ls-section__background-image opacity-50\"><img decoding=\"async\" src=\"https:\/\/camping-lac-seigneurie.com\/wp-content\/uploads\/2022\/06\/europapark-vacances-allemagne.jpg\" alt=\"europapark vacances allemagne\"><\/div>    <div class=\"container \">\n        \n\n<div id=\"ls-heading ls-titre-div-block_62ac87b07cb8e\" class=\"ls-titre-div aligncenter h1-like\" >\n    Europapark in der N\u00e4he des Campingplatzes<\/div>\n\n\n    <\/div>\n<\/section>\n\n<section id=\"ls-section-block_6261422f8a71c\" class=\"ls-section  page-three has-p-t p-t-14 has-p-b p-b-14\" >\n        <div class=\"container container--wide\">\n        \n\n<div class=\"wp-block-columns is-layout-flex wp-container-core-columns-is-layout-9d6595d7 wp-block-columns-is-layout-flex\">\n<div class=\"wp-block-column animated fadeInUp delay-200ms is-layout-flow wp-block-column-is-layout-flow\">\n<figure class=\"wp-block-image size-full\"><a href=\"https:\/\/camping-lac-seigneurie.com\/wp-content\/uploads\/2022\/06\/europapark-pres-du-camping.jpg\"><img loading=\"lazy\" decoding=\"async\" width=\"700\" height=\"466\" src=\"https:\/\/camping-lac-seigneurie.com\/wp-content\/uploads\/2022\/06\/europapark-pres-du-camping.jpg\" alt=\"europapark pres du camping\" class=\"wp-image-2314\" srcset=\"https:\/\/camping-lac-seigneurie.com\/wp-content\/uploads\/2022\/06\/europapark-pres-du-camping.jpg 700w, https:\/\/camping-lac-seigneurie.com\/wp-content\/uploads\/2022\/06\/europapark-pres-du-camping-300x200.jpg 300w\" sizes=\"auto, (max-width: 700px) 100vw, 700px\" \/><\/a><\/figure>\n\n\n\n<h2 class=\"ls__heading has-text-align-center wp-block-heading\"><strong>Freizeitparks in Deutschland in der N\u00e4he des Campingplatzes\u00a0<\/strong><\/h2>\n\n\n\n<p class=\"ls-paragraph has-text-align-center\">Wie kann man \u00fcber Deutschland sprechen, ohne den ber\u00fchmten Europapark und seine unschlagbare Neuheit Rulantica zu erw\u00e4hnen! Nur <strong>1,5 Stunden von unserem Flower Camping Lac de la Seigneurie in Leval<\/strong> entfernt, genie\u00dfen Sie einen sensationellen Tag in Begleitung der ber\u00fchmten Familie Mack.<\/p>\n<\/div>\n\n\n\n<div class=\"wp-block-column animated fadeInUp delay-200ms is-layout-flow wp-block-column-is-layout-flow\">\n<figure class=\"wp-block-image size-full\"><a href=\"https:\/\/camping-lac-seigneurie.com\/wp-content\/uploads\/2022\/06\/parc-dattraction-en-famille-allemagne.jpg\"><img loading=\"lazy\" decoding=\"async\" width=\"700\" height=\"466\" src=\"https:\/\/camping-lac-seigneurie.com\/wp-content\/uploads\/2022\/06\/parc-dattraction-en-famille-allemagne.jpg\" alt=\"parc dattraction en famille allemagne\" class=\"wp-image-2318\" srcset=\"https:\/\/camping-lac-seigneurie.com\/wp-content\/uploads\/2022\/06\/parc-dattraction-en-famille-allemagne.jpg 700w, https:\/\/camping-lac-seigneurie.com\/wp-content\/uploads\/2022\/06\/parc-dattraction-en-famille-allemagne-300x200.jpg 300w\" sizes=\"auto, (max-width: 700px) 100vw, 700px\" \/><\/a><\/figure>\n\n\n\n<p class=\"ls-paragraph has-text-align-center\">Sensationelle Aktivit\u00e4ten, Familienaktivit\u00e4ten, Shows, Kino, Voletarium &#8211; es gibt f\u00fcr jeden Geschmack etwas. Der<strong> Europa park<\/strong>, der zum besten Freizeitpark der Welt gew\u00e4hlt wurde, wird Sie mit seinen 13 Achterbahnen, 5 Wasseraktivit\u00e4ten und nicht weniger als 15 Themenvierteln begeistern! Ganz zu schweigen von Rulantica, der Erweiterung des besten Freizeitparks, die 2019 er\u00f6ffnet wurde und in der sich diesmal die Mack-Familie im Wasser mit Ihnen verabredet! Zahlreiche Rutschen, eine Bar im Wasser, Abenteuer f\u00fcr Kinder und ein erlebnisreicher Au\u00dfenbereich erwarten Sie in Rust in Deutschland!<\/p>\n<\/div>\n<\/div>\n\n\n    <\/div>\n<\/section>\n\n<section id=\"ls-section-block_626146cd8a721\" class=\"ls-section  has-p-b p-b-14\" >\n        <div class=\"container container--wide\">\n        \n\n<div id=\"ls-heading ls-titre-div-block_626146de8a722\" class=\"ls-titre-div aligncenter h2-like\" >\n    Erfahren Sie mehr \u00fcber Aktivit\u00e4ten im Elsass und in der Schweiz<\/div>\n\n\n<div id=\"ls-maillage-block_626147008a723\" class=\"ls-maillage cta-style-normal\" data-rows=\"3\">\n    <div class=\"wp-block-columns\"><div class=\"wp-block-column\">\n\n<a href=\"https:\/\/camping-lac-seigneurie.com\/de\/campingplatz-alsace\/\" target=\"\" rel=\"noopener\" class=\"ls-cta__link\">\n\n\t<div class=\"ls-cta__image\"><img decoding=\"async\" src=\"https:\/\/camping-lac-seigneurie.com\/wp-content\/uploads\/2022\/06\/tourisme-alsace-vacances-camping.jpg\" alt=\"tourisme alsace vacances camping\"><\/div>\n\t<div class=\"ls-cta__title animated fadeIn slow delay-400ms\">\n\t\tAlsace\t<\/div>\n\n\t\t\n<\/a><\/div><div class=\"wp-block-column\">\n\n<a href=\"https:\/\/camping-lac-seigneurie.com\/de\/campingplatz-unterhaltung-vosges\/\" target=\"\" rel=\"noopener\" class=\"ls-cta__link\">\n\n\t<div class=\"ls-cta__image\"><img decoding=\"async\" src=\"https:\/\/camping-lac-seigneurie.com\/wp-content\/uploads\/2025\/08\/Camping-lac-seigneurie-2025-ese-014r-768x468.jpg\" alt=\"\"><\/div>\n\t<div class=\"ls-cta__title animated fadeIn slow delay-400ms\">\n\t\tAnimationen\t<\/div>\n\n\t\t\n<\/a><\/div><div class=\"wp-block-column\">\n\n<a href=\"https:\/\/camping-lac-seigneurie.com\/de\/campingplatz-schweiz\/\" target=\"\" rel=\"noopener\" class=\"ls-cta__link\">\n\n\t<div class=\"ls-cta__image\"><img decoding=\"async\" src=\"https:\/\/camping-lac-seigneurie.com\/wp-content\/uploads\/2022\/06\/vacances-proche-suisse.jpg\" alt=\"vacances proche suisse\"><\/div>\n\t<div class=\"ls-cta__title animated fadeIn slow delay-400ms\">\n\t\tSchweiz\t<\/div>\n\n\t\t\n<\/a><\/div><\/div><\/div>\n\n    <\/div>\n<\/section>","protected":false},"excerpt":{"rendered":"","protected":false},"author":1,"featured_media":2333,"parent":0,"menu_order":0,"comment_status":"closed","ping_status":"closed","template":"","meta":{"_acf_changed":false,"footnotes":""},"sujet":[],"class_list":["post-3175","page","type-page","status-publish","has-post-thumbnail","hentry"],"acf":[],"yoast_head":"<!-- This site is optimized with the Yoast SEO plugin v25.3 - https:\/\/yoast.com\/wordpress\/plugins\/seo\/ -->\n<title>Campingplatz an der Grenze zu Deutschland | Campingplatz in der Franche Comt\u00e9<\/title>\n<meta name=\"description\" content=\"Haben Sie Lust, Ihren Urlaub in der N\u00e4he von Deutschland zu verbringen? Mieten Sie ein Mobilheim mit allem Komfort auf dem Campingplatz La Rivi\u00e8re, der nur eine Stunde von Deutschland entfernt liegt.\" \/>\n<meta name=\"robots\" content=\"index, follow, max-snippet:-1, max-image-preview:large, max-video-preview:-1\" \/>\n<link rel=\"canonical\" href=\"https:\/\/camping-lac-seigneurie.com\/de\/campingplatz-in-der-nahe-deutschland\/\" \/>\n<meta property=\"og:locale\" content=\"de_DE\" \/>\n<meta property=\"og:type\" content=\"article\" \/>\n<meta property=\"og:title\" content=\"Campingplatz an der Grenze zu Deutschland | Campingplatz in der Franche Comt\u00e9\" \/>\n<meta property=\"og:description\" content=\"Haben Sie Lust, Ihren Urlaub in der N\u00e4he von Deutschland zu verbringen? Mieten Sie ein Mobilheim mit allem Komfort auf dem Campingplatz La Rivi\u00e8re, der nur eine Stunde von Deutschland entfernt liegt.\" \/>\n<meta property=\"og:url\" content=\"https:\/\/camping-lac-seigneurie.com\/de\/campingplatz-in-der-nahe-deutschland\/\" \/>\n<meta property=\"og:site_name\" content=\"Camping du Lac de la Seigneurie\" \/>\n<meta property=\"article:modified_time\" content=\"2022-06-20T10:22:46+00:00\" \/>\n<meta property=\"og:image\" content=\"https:\/\/camping-lac-seigneurie.com\/wp-content\/uploads\/2022\/06\/camping-proche-allemagne.jpg\" \/>\n\t<meta property=\"og:image:width\" content=\"1900\" \/>\n\t<meta property=\"og:image:height\" content=\"710\" \/>\n\t<meta property=\"og:image:type\" content=\"image\/jpeg\" \/>\n<meta name=\"twitter:card\" content=\"summary_large_image\" \/>\n<meta name=\"twitter:label1\" content=\"Gesch\u00e4tzte Lesezeit\" \/>\n\t<meta name=\"twitter:data1\" content=\"3\u00a0Minuten\" \/>\n<script type=\"application\/ld+json\" class=\"yoast-schema-graph\">{\"@context\":\"https:\/\/schema.org\",\"@graph\":[{\"@type\":\"WebPage\",\"@id\":\"https:\/\/camping-lac-seigneurie.com\/de\/campingplatz-in-der-nahe-deutschland\/\",\"url\":\"https:\/\/camping-lac-seigneurie.com\/de\/campingplatz-in-der-nahe-deutschland\/\",\"name\":\"Campingplatz an der Grenze zu Deutschland | Campingplatz in der Franche Comt\u00e9\",\"isPartOf\":{\"@id\":\"https:\/\/camping-lac-seigneurie.com\/de\/#website\"},\"primaryImageOfPage\":{\"@id\":\"https:\/\/camping-lac-seigneurie.com\/de\/campingplatz-in-der-nahe-deutschland\/#primaryimage\"},\"image\":{\"@id\":\"https:\/\/camping-lac-seigneurie.com\/de\/campingplatz-in-der-nahe-deutschland\/#primaryimage\"},\"thumbnailUrl\":\"https:\/\/camping-lac-seigneurie.com\/wp-content\/uploads\/2022\/06\/camping-proche-allemagne.jpg\",\"datePublished\":\"2022-05-11T09:15:40+00:00\",\"dateModified\":\"2022-06-20T10:22:46+00:00\",\"description\":\"Haben Sie Lust, Ihren Urlaub in der N\u00e4he von Deutschland zu verbringen? Mieten Sie ein Mobilheim mit allem Komfort auf dem Campingplatz La Rivi\u00e8re, der nur eine Stunde von Deutschland entfernt liegt.\",\"breadcrumb\":{\"@id\":\"https:\/\/camping-lac-seigneurie.com\/de\/campingplatz-in-der-nahe-deutschland\/#breadcrumb\"},\"inLanguage\":\"de\",\"potentialAction\":[{\"@type\":\"ReadAction\",\"target\":[\"https:\/\/camping-lac-seigneurie.com\/de\/campingplatz-in-der-nahe-deutschland\/\"]}]},{\"@type\":\"ImageObject\",\"inLanguage\":\"de\",\"@id\":\"https:\/\/camping-lac-seigneurie.com\/de\/campingplatz-in-der-nahe-deutschland\/#primaryimage\",\"url\":\"https:\/\/camping-lac-seigneurie.com\/wp-content\/uploads\/2022\/06\/camping-proche-allemagne.jpg\",\"contentUrl\":\"https:\/\/camping-lac-seigneurie.com\/wp-content\/uploads\/2022\/06\/camping-proche-allemagne.jpg\",\"width\":1900,\"height\":710,\"caption\":\"camping proche allemagne\"},{\"@type\":\"BreadcrumbList\",\"@id\":\"https:\/\/camping-lac-seigneurie.com\/de\/campingplatz-in-der-nahe-deutschland\/#breadcrumb\",\"itemListElement\":[{\"@type\":\"ListItem\",\"position\":1,\"name\":\"Camping Franche-Comt\u00e9\",\"item\":\"https:\/\/camping-lac-seigneurie.com\/de\/\"},{\"@type\":\"ListItem\",\"position\":2,\"name\":\"Tourismus und Camping in der N\u00e4he von Deutschland\"}]},{\"@type\":\"WebSite\",\"@id\":\"https:\/\/camping-lac-seigneurie.com\/de\/#website\",\"url\":\"https:\/\/camping-lac-seigneurie.com\/de\/\",\"name\":\"Camping du Lac de la Seigneurie\",\"description\":\"\",\"publisher\":{\"@id\":\"https:\/\/camping-lac-seigneurie.com\/de\/#organization\"},\"potentialAction\":[{\"@type\":\"SearchAction\",\"target\":{\"@type\":\"EntryPoint\",\"urlTemplate\":\"https:\/\/camping-lac-seigneurie.com\/de\/?s={search_term_string}\"},\"query-input\":{\"@type\":\"PropertyValueSpecification\",\"valueRequired\":true,\"valueName\":\"search_term_string\"}}],\"inLanguage\":\"de\"},{\"@type\":\"Organization\",\"@id\":\"https:\/\/camping-lac-seigneurie.com\/de\/#organization\",\"name\":\"Camping Lac de la Seigneurie\",\"url\":\"https:\/\/camping-lac-seigneurie.com\/de\/\",\"logo\":{\"@type\":\"ImageObject\",\"inLanguage\":\"de\",\"@id\":\"https:\/\/camping-lac-seigneurie.com\/de\/#\/schema\/logo\/image\/\",\"url\":\"https:\/\/camping-lac-seigneurie.com\/wp-content\/uploads\/2022\/07\/lac-de-la-seigneurie-logo-fond-blanc.jpg\",\"contentUrl\":\"https:\/\/camping-lac-seigneurie.com\/wp-content\/uploads\/2022\/07\/lac-de-la-seigneurie-logo-fond-blanc.jpg\",\"width\":800,\"height\":325,\"caption\":\"Camping Lac de la Seigneurie\"},\"image\":{\"@id\":\"https:\/\/camping-lac-seigneurie.com\/de\/#\/schema\/logo\/image\/\"}}]}<\/script>\n<!-- \/ Yoast SEO plugin. -->","yoast_head_json":{"title":"Campingplatz an der Grenze zu Deutschland | Campingplatz in der Franche Comt\u00e9","description":"Haben Sie Lust, Ihren Urlaub in der N\u00e4he von Deutschland zu verbringen? Mieten Sie ein Mobilheim mit allem Komfort auf dem Campingplatz La Rivi\u00e8re, der nur eine Stunde von Deutschland entfernt liegt.","robots":{"index":"index","follow":"follow","max-snippet":"max-snippet:-1","max-image-preview":"max-image-preview:large","max-video-preview":"max-video-preview:-1"},"canonical":"https:\/\/camping-lac-seigneurie.com\/de\/campingplatz-in-der-nahe-deutschland\/","og_locale":"de_DE","og_type":"article","og_title":"Campingplatz an der Grenze zu Deutschland | Campingplatz in der Franche Comt\u00e9","og_description":"Haben Sie Lust, Ihren Urlaub in der N\u00e4he von Deutschland zu verbringen? Mieten Sie ein Mobilheim mit allem Komfort auf dem Campingplatz La Rivi\u00e8re, der nur eine Stunde von Deutschland entfernt liegt.","og_url":"https:\/\/camping-lac-seigneurie.com\/de\/campingplatz-in-der-nahe-deutschland\/","og_site_name":"Camping du Lac de la Seigneurie","article_modified_time":"2022-06-20T10:22:46+00:00","og_image":[{"width":1900,"height":710,"url":"https:\/\/camping-lac-seigneurie.com\/wp-content\/uploads\/2022\/06\/camping-proche-allemagne.jpg","type":"image\/jpeg"}],"twitter_card":"summary_large_image","twitter_misc":{"Gesch\u00e4tzte Lesezeit":"3\u00a0Minuten"},"schema":{"@context":"https:\/\/schema.org","@graph":[{"@type":"WebPage","@id":"https:\/\/camping-lac-seigneurie.com\/de\/campingplatz-in-der-nahe-deutschland\/","url":"https:\/\/camping-lac-seigneurie.com\/de\/campingplatz-in-der-nahe-deutschland\/","name":"Campingplatz an der Grenze zu Deutschland | Campingplatz in der Franche Comt\u00e9","isPartOf":{"@id":"https:\/\/camping-lac-seigneurie.com\/de\/#website"},"primaryImageOfPage":{"@id":"https:\/\/camping-lac-seigneurie.com\/de\/campingplatz-in-der-nahe-deutschland\/#primaryimage"},"image":{"@id":"https:\/\/camping-lac-seigneurie.com\/de\/campingplatz-in-der-nahe-deutschland\/#primaryimage"},"thumbnailUrl":"https:\/\/camping-lac-seigneurie.com\/wp-content\/uploads\/2022\/06\/camping-proche-allemagne.jpg","datePublished":"2022-05-11T09:15:40+00:00","dateModified":"2022-06-20T10:22:46+00:00","description":"Haben Sie Lust, Ihren Urlaub in der N\u00e4he von Deutschland zu verbringen? Mieten Sie ein Mobilheim mit allem Komfort auf dem Campingplatz La Rivi\u00e8re, der nur eine Stunde von Deutschland entfernt liegt.","breadcrumb":{"@id":"https:\/\/camping-lac-seigneurie.com\/de\/campingplatz-in-der-nahe-deutschland\/#breadcrumb"},"inLanguage":"de","potentialAction":[{"@type":"ReadAction","target":["https:\/\/camping-lac-seigneurie.com\/de\/campingplatz-in-der-nahe-deutschland\/"]}]},{"@type":"ImageObject","inLanguage":"de","@id":"https:\/\/camping-lac-seigneurie.com\/de\/campingplatz-in-der-nahe-deutschland\/#primaryimage","url":"https:\/\/camping-lac-seigneurie.com\/wp-content\/uploads\/2022\/06\/camping-proche-allemagne.jpg","contentUrl":"https:\/\/camping-lac-seigneurie.com\/wp-content\/uploads\/2022\/06\/camping-proche-allemagne.jpg","width":1900,"height":710,"caption":"camping proche allemagne"},{"@type":"BreadcrumbList","@id":"https:\/\/camping-lac-seigneurie.com\/de\/campingplatz-in-der-nahe-deutschland\/#breadcrumb","itemListElement":[{"@type":"ListItem","position":1,"name":"Camping Franche-Comt\u00e9","item":"https:\/\/camping-lac-seigneurie.com\/de\/"},{"@type":"ListItem","position":2,"name":"Tourismus und Camping in der N\u00e4he von Deutschland"}]},{"@type":"WebSite","@id":"https:\/\/camping-lac-seigneurie.com\/de\/#website","url":"https:\/\/camping-lac-seigneurie.com\/de\/","name":"Camping du Lac de la Seigneurie","description":"","publisher":{"@id":"https:\/\/camping-lac-seigneurie.com\/de\/#organization"},"potentialAction":[{"@type":"SearchAction","target":{"@type":"EntryPoint","urlTemplate":"https:\/\/camping-lac-seigneurie.com\/de\/?s={search_term_string}"},"query-input":{"@type":"PropertyValueSpecification","valueRequired":true,"valueName":"search_term_string"}}],"inLanguage":"de"},{"@type":"Organization","@id":"https:\/\/camping-lac-seigneurie.com\/de\/#organization","name":"Camping Lac de la Seigneurie","url":"https:\/\/camping-lac-seigneurie.com\/de\/","logo":{"@type":"ImageObject","inLanguage":"de","@id":"https:\/\/camping-lac-seigneurie.com\/de\/#\/schema\/logo\/image\/","url":"https:\/\/camping-lac-seigneurie.com\/wp-content\/uploads\/2022\/07\/lac-de-la-seigneurie-logo-fond-blanc.jpg","contentUrl":"https:\/\/camping-lac-seigneurie.com\/wp-content\/uploads\/2022\/07\/lac-de-la-seigneurie-logo-fond-blanc.jpg","width":800,"height":325,"caption":"Camping Lac de la Seigneurie"},"image":{"@id":"https:\/\/camping-lac-seigneurie.com\/de\/#\/schema\/logo\/image\/"}}]}},"_links":{"self":[{"href":"https:\/\/camping-lac-seigneurie.com\/de\/wp-json\/wp\/v2\/pages\/3175","targetHints":{"allow":["GET"]}}],"collection":[{"href":"https:\/\/camping-lac-seigneurie.com\/de\/wp-json\/wp\/v2\/pages"}],"about":[{"href":"https:\/\/camping-lac-seigneurie.com\/de\/wp-json\/wp\/v2\/types\/page"}],"author":[{"embeddable":true,"href":"https:\/\/camping-lac-seigneurie.com\/de\/wp-json\/wp\/v2\/users\/1"}],"replies":[{"embeddable":true,"href":"https:\/\/camping-lac-seigneurie.com\/de\/wp-json\/wp\/v2\/comments?post=3175"}],"version-history":[{"count":2,"href":"https:\/\/camping-lac-seigneurie.com\/de\/wp-json\/wp\/v2\/pages\/3175\/revisions"}],"predecessor-version":[{"id":3182,"href":"https:\/\/camping-lac-seigneurie.com\/de\/wp-json\/wp\/v2\/pages\/3175\/revisions\/3182"}],"wp:featuredmedia":[{"embeddable":true,"href":"https:\/\/camping-lac-seigneurie.com\/de\/wp-json\/wp\/v2\/media\/2333"}],"wp:attachment":[{"href":"https:\/\/camping-lac-seigneurie.com\/de\/wp-json\/wp\/v2\/media?parent=3175"}],"wp:term":[{"taxonomy":"sujet","embeddable":true,"href":"https:\/\/camping-lac-seigneurie.com\/de\/wp-json\/wp\/v2\/sujet?post=3175"}],"curies":[{"name":"wp","href":"https:\/\/api.w.org\/{rel}","templated":true}]}}