{"id":3203,"date":"2022-05-11T10:55:26","date_gmt":"2022-05-11T08:55:26","guid":{"rendered":"https:\/\/camping-lac-seigneurie.com\/camping-alsace\/"},"modified":"2022-06-24T12:39:21","modified_gmt":"2022-06-24T10:39:21","slug":"campingplatz-alsace","status":"publish","type":"page","link":"https:\/\/camping-lac-seigneurie.com\/de\/campingplatz-alsace\/","title":{"rendered":"Alsace"},"content":{"rendered":"<section id=\"ls-section-block_626020254a858\" class=\"ls-section  page-one has-p-t p-t-8 has-p-b p-b-14\" >\n        <div class=\"container container--wide\">\n        \n\n<div class=\"wp-block-columns is-layout-flex wp-container-core-columns-is-layout-9d6595d7 wp-block-columns-is-layout-flex\">\n<div class=\"wp-block-column is-vertically-aligned-top animated fadeInLeft delay-200ms is-layout-flow wp-block-column-is-layout-flow\">\n<figure class=\"wp-block-image size-full\"><a href=\"https:\/\/camping-lac-seigneurie.com\/wp-content\/uploads\/2022\/06\/vins-dalsace-tourisme.jpg\"><img loading=\"lazy\" decoding=\"async\" width=\"700\" height=\"466\" src=\"https:\/\/camping-lac-seigneurie.com\/wp-content\/uploads\/2022\/06\/vins-dalsace-tourisme.jpg\" alt=\"vins dalsace tourisme\" class=\"wp-image-2744\" srcset=\"https:\/\/camping-lac-seigneurie.com\/wp-content\/uploads\/2022\/06\/vins-dalsace-tourisme.jpg 700w, https:\/\/camping-lac-seigneurie.com\/wp-content\/uploads\/2022\/06\/vins-dalsace-tourisme-300x200.jpg 300w\" sizes=\"auto, (max-width: 700px) 100vw, 700px\" \/><\/a><\/figure>\n\n\n\n<figure class=\"wp-block-image size-full\"><a href=\"https:\/\/camping-lac-seigneurie.com\/wp-content\/uploads\/2022\/06\/tourisme-en-alsace.jpg\"><img loading=\"lazy\" decoding=\"async\" width=\"700\" height=\"466\" src=\"https:\/\/camping-lac-seigneurie.com\/wp-content\/uploads\/2022\/06\/tourisme-en-alsace.jpg\" alt=\"tourisme en alsace\" class=\"wp-image-2740\" srcset=\"https:\/\/camping-lac-seigneurie.com\/wp-content\/uploads\/2022\/06\/tourisme-en-alsace.jpg 700w, https:\/\/camping-lac-seigneurie.com\/wp-content\/uploads\/2022\/06\/tourisme-en-alsace-300x200.jpg 300w\" sizes=\"auto, (max-width: 700px) 100vw, 700px\" \/><\/a><\/figure>\n<\/div>\n\n\n\n<div class=\"wp-block-column is-vertically-aligned-center is-layout-flow wp-block-column-is-layout-flow\">\n<h1 class=\"ls-heading wp-block-heading\">Verbringen Sie Ihren Urlaub auf einem 3-Sterne-Campingplatz vor den Toren des Elsass<\/h1>\n\n\n\n<p class=\"ls-paragraph\">Wie w\u00e4re es mit einem Aufenthalt im Elsass? Eine wundersch\u00f6ne Region, in der es von au\u00dfergew\u00f6hnlichen St\u00e4dten nur so wimmelt. Es ist der ideale Ort, um eine sch\u00f6ne Zeit mit der Familie oder Freunden zu verbringen. Wir begr\u00fc\u00dfen Sie auf unserem 3-Sterne-Campingplatz in einer nat\u00fcrlichen Umgebung mit vielen B\u00e4umen. Kommen Sie und atmen Sie einen tiefen Atemzug frischer Luft. Ihr Wohlbefinden ist unser h\u00f6chstes Anliegen.<\/p>\n\n\n\n<h2 class=\"ls-heading wp-block-heading\"><strong>STANDORT DES CAMPINGPLATZES IM ELSASS<\/strong><\/h2>\n\n\n\n<p class=\"ls-paragraph\">Der Campingplatz genie\u00dft eine g\u00fcnstige Lage ganz in der N\u00e4he des Lac de la Seigneurie in Leval im Territoire de Belfort. Der Campingplatz liegt genau an der s\u00fcdwestlichen Grenze des Elsass, 6 km von Masevaux und 30 km von Mulhouse entfernt. Sie werden von der wundersch\u00f6nen Landschaft, die den Campingplatz umgibt, verzaubert sein: der Wald und der See sind nur wenige Meter entfernt. Wenn Sie sich in einer nat\u00fcrlichen Umgebung erholen m\u00f6chten, ist der <a href=\"\/de\/\">Campingplatz Lac de la Seigneurie<\/a> das ideale Ziel f\u00fcr Sie.<\/p>\n<\/div>\n<\/div>\n\n\n    <\/div>\n<\/section>\n\n<section id=\"ls-section-block_6261422f8a71c\" class=\"ls-section  page-three has-p-t p-t-14 has-p-b p-b-14\" >\n        <div class=\"container container--wide\">\n        \n\n<div class=\"wp-block-columns is-layout-flex wp-container-core-columns-is-layout-9d6595d7 wp-block-columns-is-layout-flex\">\n<div class=\"wp-block-column animated fadeInUp delay-200ms is-layout-flow wp-block-column-is-layout-flow\">\n<figure class=\"wp-block-image size-full\"><a href=\"https:\/\/camping-lac-seigneurie.com\/wp-content\/uploads\/2022\/06\/paysage-alsace-tourisme-vacances.jpg\"><img loading=\"lazy\" decoding=\"async\" width=\"700\" height=\"466\" src=\"https:\/\/camping-lac-seigneurie.com\/wp-content\/uploads\/2022\/06\/paysage-alsace-tourisme-vacances.jpg\" alt=\"paysage alsace tourisme vacances\" class=\"wp-image-2753\" srcset=\"https:\/\/camping-lac-seigneurie.com\/wp-content\/uploads\/2022\/06\/paysage-alsace-tourisme-vacances.jpg 700w, https:\/\/camping-lac-seigneurie.com\/wp-content\/uploads\/2022\/06\/paysage-alsace-tourisme-vacances-300x200.jpg 300w\" sizes=\"auto, (max-width: 700px) 100vw, 700px\" \/><\/a><\/figure>\n\n\n\n<h2 class=\"ls__heading has-text-align-center wp-block-heading\">DIE FERIENVERMIETUNGEN DES ELS\u00c4SSISCHEN CAMPINGPLATZES<\/h2>\n\n\n\n<p class=\"ls-paragraph has-text-align-center\">W\u00e4hrend Ihres Campingurlaubs im Elsass bieten wir Ihnen auf unserem 3-Sterne-Campingplatz Mietunterk\u00fcnfte an: Chalets und Mobilheime sowie ger\u00e4umige Stellpl\u00e4tze f\u00fcr Ihr Zelt, Ihren Wohnwagen oder Ihr Wohnmobil. Unsere Chalet-Vermietungen im Elsass verf\u00fcgen \u00fcber eine gut durchdachte Architektur f\u00fcr Ihren Komfort. Die Chalets auf dem Campingplatz Lac de la Seigneurie sind vollst\u00e4ndig mit allem ausgestattet, was Sie w\u00e4hrend Ihres Aufenthalts im Elsass ben\u00f6tigen. Wenn Sie Ihre Mahlzeiten selbst zubereiten m\u00f6chten, ist die K\u00fcche eingerichtet und ausgestattet. Unsere Chalets bieten Platz f\u00fcr 2 bis 6 Personen. F\u00fcr Ihren Urlaub zu zweit bieten wir spezielle Paarangebote f\u00fcr einen Aufenthalt zu zweit an. Unsere Chalets wie auch unsere Mobilheimvermietung Elsass sind sehr komfortabel.<\/p>\n<\/div>\n\n\n\n<div class=\"wp-block-column animated fadeInUp delay-200ms is-layout-flow wp-block-column-is-layout-flow\">\n<figure class=\"wp-block-image size-full\"><a href=\"https:\/\/camping-lac-seigneurie.com\/wp-content\/uploads\/2022\/06\/alsace-vacances.jpg\"><img loading=\"lazy\" decoding=\"async\" width=\"700\" height=\"466\" src=\"https:\/\/camping-lac-seigneurie.com\/wp-content\/uploads\/2022\/06\/alsace-vacances.jpg\" alt=\"alsace vacances\" class=\"wp-image-2749\" srcset=\"https:\/\/camping-lac-seigneurie.com\/wp-content\/uploads\/2022\/06\/alsace-vacances.jpg 700w, https:\/\/camping-lac-seigneurie.com\/wp-content\/uploads\/2022\/06\/alsace-vacances-300x200.jpg 300w\" sizes=\"auto, (max-width: 700px) 100vw, 700px\" \/><\/a><\/figure>\n\n\n\n<h2 class=\"ls__heading has-text-align-center wp-block-heading\">VOM CAMPINGPLATZ IM ELSASS AUS ZU BESICHTIGEN<\/h2>\n\n\n\n<p class=\"ls-paragraph\">Vom Campingplatz aus haben Sie die M\u00f6glichkeit, das Elsass und die Franche Comt\u00e9 zu besuchen, da wir direkt vor den Toren dieser beiden Regionen liegen. Das Elsass ist eine Region mit vielen attraktiven St\u00e4dten:&nbsp;Masevaux, Mulhouse, Colmar, Belfort und andere, die Sie begeistern werden.&nbsp; Im Winter k\u00f6nnen Sie in den Vogesen und im Jura, die sich in der N\u00e4he des Campingplatzes befinden, Ski fahren. Im Sommer k\u00f6nnen Sie im Wanderparadies Elsass mit der Familie oder mit Freunden durch die W\u00e4lder wandern. Dar\u00fcber hinaus verf\u00fcgt das Elsass \u00fcber ein au\u00dfergew\u00f6hnliches historisches Erbe. W\u00e4hrend Ihres Urlaubs haben Sie die M\u00f6glichkeit, die Geschichte neu zu erleben und die fabelhaften historischen St\u00e4tten zu entdecken, die von der UNESCO zum Weltkulturerbe erkl\u00e4rt wurden. Verpassen Sie es auch nicht, die verschiedenen Kulturen dieser Region in Mulhouse zu entdecken, das sich als kreative Hauptstadt des Elsass erweist und nur 30 Minuten vom Campingplatz Lac de la Seigneurie entfernt liegt.<\/p>\n<\/div>\n<\/div>\n\n\n    <\/div>\n<\/section>\n\n<section id=\"ls-section-block_626146cd8a721\" class=\"ls-section  has-p-b p-b-14\" >\n        <div class=\"container container--wide\">\n        \n\n<div id=\"ls-heading ls-titre-div-block_626146de8a722\" class=\"ls-titre-div aligncenter h2-like\" >\n    Entdecken Sie den Ballon d&#8217;Alsace und Mulhouse<\/div>\n\n\n<div id=\"ls-maillage-block_626147008a723\" class=\"ls-maillage cta-style-normal\" data-rows=\"3\">\n    <div class=\"wp-block-columns\"><div class=\"wp-block-column\">\n\n<a href=\"https:\/\/camping-lac-seigneurie.com\/de\/campingplatz-ballon-alsace\/\" target=\"\" rel=\"noopener\" class=\"ls-cta__link\">\n\n\t<div class=\"ls-cta__image\"><img decoding=\"async\" src=\"https:\/\/camping-lac-seigneurie.com\/wp-content\/uploads\/2022\/06\/vacances-ballon-dalsace.jpg\" alt=\"vacances ballon dalsace\"><\/div>\n\t<div class=\"ls-cta__title animated fadeIn slow delay-400ms\">\n\t\tBallon d&#8217;Alsace\t<\/div>\n\n\t\t\n<\/a><\/div><div class=\"wp-block-column\">\n\n<a href=\"https:\/\/camping-lac-seigneurie.com\/de\/tourismus-burgund-franche-comte\/\" target=\"\" rel=\"noopener\" class=\"ls-cta__link\">\n\n\t<div class=\"ls-cta__image\"><img decoding=\"async\" src=\"https:\/\/camping-lac-seigneurie.com\/wp-content\/uploads\/2022\/06\/vignoble-bourgogne-visites.jpg\" alt=\"vignoble bourgogne visites\"><\/div>\n\t<div class=\"ls-cta__title animated fadeIn slow delay-400ms\">\n\t\tBurgund Franche Comt\u00e9\t<\/div>\n\n\t\t\n<\/a><\/div><div class=\"wp-block-column\">\n\n<a href=\"https:\/\/camping-lac-seigneurie.com\/de\/campingplatz-mulhouse\/\" target=\"\" rel=\"noopener\" class=\"ls-cta__link\">\n\n\t<div class=\"ls-cta__image\"><img decoding=\"async\" src=\"https:\/\/camping-lac-seigneurie.com\/wp-content\/uploads\/2022\/06\/tourisme-a-mulhouse.jpg\" alt=\"tourisme a mulhouse\"><\/div>\n\t<div class=\"ls-cta__title animated fadeIn slow delay-400ms\">\n\t\tMulhouse\t<\/div>\n\n\t\t\n<\/a><\/div><\/div><\/div>\n\n    <\/div>\n<\/section>","protected":false},"excerpt":{"rendered":"","protected":false},"author":1,"featured_media":2758,"parent":0,"menu_order":0,"comment_status":"closed","ping_status":"closed","template":"","meta":{"_acf_changed":false,"footnotes":""},"sujet":[],"class_list":["post-3203","page","type-page","status-publish","has-post-thumbnail","hentry"],"acf":[],"yoast_head":"<!-- This site is optimized with the Yoast SEO plugin v25.3 - https:\/\/yoast.com\/wordpress\/plugins\/seo\/ -->\n<title>Camping im Elsass | Vermietung von Mobilheimen im Elsass in den Vogesen<\/title>\n<meta name=\"description\" content=\"Haben Sie Lust, Ihren Urlaub im Elsass zu verbringen? Mieten Sie ein Mobilheim mit allem Komfort auf dem Campingplatz La Rivi\u00e8re vor den Toren des Elsass.\" \/>\n<meta name=\"robots\" content=\"index, follow, max-snippet:-1, max-image-preview:large, max-video-preview:-1\" \/>\n<link rel=\"canonical\" href=\"https:\/\/camping-lac-seigneurie.com\/de\/campingplatz-alsace\/\" \/>\n<meta property=\"og:locale\" content=\"de_DE\" \/>\n<meta property=\"og:type\" content=\"article\" \/>\n<meta property=\"og:title\" content=\"Camping im Elsass | Vermietung von Mobilheimen im Elsass in den Vogesen\" \/>\n<meta property=\"og:description\" content=\"Haben Sie Lust, Ihren Urlaub im Elsass zu verbringen? Mieten Sie ein Mobilheim mit allem Komfort auf dem Campingplatz La Rivi\u00e8re vor den Toren des Elsass.\" \/>\n<meta property=\"og:url\" content=\"https:\/\/camping-lac-seigneurie.com\/de\/campingplatz-alsace\/\" \/>\n<meta property=\"og:site_name\" content=\"Camping du Lac de la Seigneurie\" \/>\n<meta property=\"article:modified_time\" content=\"2022-06-24T10:39:21+00:00\" \/>\n<meta property=\"og:image\" content=\"https:\/\/camping-lac-seigneurie.com\/wp-content\/uploads\/2022\/06\/camping-alsace-vacances.jpg\" \/>\n\t<meta property=\"og:image:width\" content=\"1903\" \/>\n\t<meta property=\"og:image:height\" content=\"650\" \/>\n\t<meta property=\"og:image:type\" content=\"image\/jpeg\" \/>\n<meta name=\"twitter:card\" content=\"summary_large_image\" \/>\n<meta name=\"twitter:label1\" content=\"Gesch\u00e4tzte Lesezeit\" \/>\n\t<meta name=\"twitter:data1\" content=\"4\u00a0Minuten\" \/>\n<script type=\"application\/ld+json\" class=\"yoast-schema-graph\">{\"@context\":\"https:\/\/schema.org\",\"@graph\":[{\"@type\":\"WebPage\",\"@id\":\"https:\/\/camping-lac-seigneurie.com\/de\/campingplatz-alsace\/\",\"url\":\"https:\/\/camping-lac-seigneurie.com\/de\/campingplatz-alsace\/\",\"name\":\"Camping im Elsass | Vermietung von Mobilheimen im Elsass in den Vogesen\",\"isPartOf\":{\"@id\":\"https:\/\/camping-lac-seigneurie.com\/de\/#website\"},\"primaryImageOfPage\":{\"@id\":\"https:\/\/camping-lac-seigneurie.com\/de\/campingplatz-alsace\/#primaryimage\"},\"image\":{\"@id\":\"https:\/\/camping-lac-seigneurie.com\/de\/campingplatz-alsace\/#primaryimage\"},\"thumbnailUrl\":\"https:\/\/camping-lac-seigneurie.com\/wp-content\/uploads\/2022\/06\/camping-alsace-vacances.jpg\",\"datePublished\":\"2022-05-11T08:55:26+00:00\",\"dateModified\":\"2022-06-24T10:39:21+00:00\",\"description\":\"Haben Sie Lust, Ihren Urlaub im Elsass zu verbringen? Mieten Sie ein Mobilheim mit allem Komfort auf dem Campingplatz La Rivi\u00e8re vor den Toren des Elsass.\",\"breadcrumb\":{\"@id\":\"https:\/\/camping-lac-seigneurie.com\/de\/campingplatz-alsace\/#breadcrumb\"},\"inLanguage\":\"de\",\"potentialAction\":[{\"@type\":\"ReadAction\",\"target\":[\"https:\/\/camping-lac-seigneurie.com\/de\/campingplatz-alsace\/\"]}]},{\"@type\":\"ImageObject\",\"inLanguage\":\"de\",\"@id\":\"https:\/\/camping-lac-seigneurie.com\/de\/campingplatz-alsace\/#primaryimage\",\"url\":\"https:\/\/camping-lac-seigneurie.com\/wp-content\/uploads\/2022\/06\/camping-alsace-vacances.jpg\",\"contentUrl\":\"https:\/\/camping-lac-seigneurie.com\/wp-content\/uploads\/2022\/06\/camping-alsace-vacances.jpg\",\"width\":1903,\"height\":650,\"caption\":\"camping alsace vacances\"},{\"@type\":\"BreadcrumbList\",\"@id\":\"https:\/\/camping-lac-seigneurie.com\/de\/campingplatz-alsace\/#breadcrumb\",\"itemListElement\":[{\"@type\":\"ListItem\",\"position\":1,\"name\":\"Camping Franche-Comt\u00e9\",\"item\":\"https:\/\/camping-lac-seigneurie.com\/de\/\"},{\"@type\":\"ListItem\",\"position\":2,\"name\":\"Tourismus und Camping im Elsass\"}]},{\"@type\":\"WebSite\",\"@id\":\"https:\/\/camping-lac-seigneurie.com\/de\/#website\",\"url\":\"https:\/\/camping-lac-seigneurie.com\/de\/\",\"name\":\"Camping du Lac de la Seigneurie\",\"description\":\"\",\"publisher\":{\"@id\":\"https:\/\/camping-lac-seigneurie.com\/de\/#organization\"},\"potentialAction\":[{\"@type\":\"SearchAction\",\"target\":{\"@type\":\"EntryPoint\",\"urlTemplate\":\"https:\/\/camping-lac-seigneurie.com\/de\/?s={search_term_string}\"},\"query-input\":{\"@type\":\"PropertyValueSpecification\",\"valueRequired\":true,\"valueName\":\"search_term_string\"}}],\"inLanguage\":\"de\"},{\"@type\":\"Organization\",\"@id\":\"https:\/\/camping-lac-seigneurie.com\/de\/#organization\",\"name\":\"Camping Lac de la Seigneurie\",\"url\":\"https:\/\/camping-lac-seigneurie.com\/de\/\",\"logo\":{\"@type\":\"ImageObject\",\"inLanguage\":\"de\",\"@id\":\"https:\/\/camping-lac-seigneurie.com\/de\/#\/schema\/logo\/image\/\",\"url\":\"https:\/\/camping-lac-seigneurie.com\/wp-content\/uploads\/2022\/07\/lac-de-la-seigneurie-logo-fond-blanc.jpg\",\"contentUrl\":\"https:\/\/camping-lac-seigneurie.com\/wp-content\/uploads\/2022\/07\/lac-de-la-seigneurie-logo-fond-blanc.jpg\",\"width\":800,\"height\":325,\"caption\":\"Camping Lac de la Seigneurie\"},\"image\":{\"@id\":\"https:\/\/camping-lac-seigneurie.com\/de\/#\/schema\/logo\/image\/\"}}]}<\/script>\n<!-- \/ Yoast SEO plugin. -->","yoast_head_json":{"title":"Camping im Elsass | Vermietung von Mobilheimen im Elsass in den Vogesen","description":"Haben Sie Lust, Ihren Urlaub im Elsass zu verbringen? Mieten Sie ein Mobilheim mit allem Komfort auf dem Campingplatz La Rivi\u00e8re vor den Toren des Elsass.","robots":{"index":"index","follow":"follow","max-snippet":"max-snippet:-1","max-image-preview":"max-image-preview:large","max-video-preview":"max-video-preview:-1"},"canonical":"https:\/\/camping-lac-seigneurie.com\/de\/campingplatz-alsace\/","og_locale":"de_DE","og_type":"article","og_title":"Camping im Elsass | Vermietung von Mobilheimen im Elsass in den Vogesen","og_description":"Haben Sie Lust, Ihren Urlaub im Elsass zu verbringen? Mieten Sie ein Mobilheim mit allem Komfort auf dem Campingplatz La Rivi\u00e8re vor den Toren des Elsass.","og_url":"https:\/\/camping-lac-seigneurie.com\/de\/campingplatz-alsace\/","og_site_name":"Camping du Lac de la Seigneurie","article_modified_time":"2022-06-24T10:39:21+00:00","og_image":[{"width":1903,"height":650,"url":"https:\/\/camping-lac-seigneurie.com\/wp-content\/uploads\/2022\/06\/camping-alsace-vacances.jpg","type":"image\/jpeg"}],"twitter_card":"summary_large_image","twitter_misc":{"Gesch\u00e4tzte Lesezeit":"4\u00a0Minuten"},"schema":{"@context":"https:\/\/schema.org","@graph":[{"@type":"WebPage","@id":"https:\/\/camping-lac-seigneurie.com\/de\/campingplatz-alsace\/","url":"https:\/\/camping-lac-seigneurie.com\/de\/campingplatz-alsace\/","name":"Camping im Elsass | Vermietung von Mobilheimen im Elsass in den Vogesen","isPartOf":{"@id":"https:\/\/camping-lac-seigneurie.com\/de\/#website"},"primaryImageOfPage":{"@id":"https:\/\/camping-lac-seigneurie.com\/de\/campingplatz-alsace\/#primaryimage"},"image":{"@id":"https:\/\/camping-lac-seigneurie.com\/de\/campingplatz-alsace\/#primaryimage"},"thumbnailUrl":"https:\/\/camping-lac-seigneurie.com\/wp-content\/uploads\/2022\/06\/camping-alsace-vacances.jpg","datePublished":"2022-05-11T08:55:26+00:00","dateModified":"2022-06-24T10:39:21+00:00","description":"Haben Sie Lust, Ihren Urlaub im Elsass zu verbringen? Mieten Sie ein Mobilheim mit allem Komfort auf dem Campingplatz La Rivi\u00e8re vor den Toren des Elsass.","breadcrumb":{"@id":"https:\/\/camping-lac-seigneurie.com\/de\/campingplatz-alsace\/#breadcrumb"},"inLanguage":"de","potentialAction":[{"@type":"ReadAction","target":["https:\/\/camping-lac-seigneurie.com\/de\/campingplatz-alsace\/"]}]},{"@type":"ImageObject","inLanguage":"de","@id":"https:\/\/camping-lac-seigneurie.com\/de\/campingplatz-alsace\/#primaryimage","url":"https:\/\/camping-lac-seigneurie.com\/wp-content\/uploads\/2022\/06\/camping-alsace-vacances.jpg","contentUrl":"https:\/\/camping-lac-seigneurie.com\/wp-content\/uploads\/2022\/06\/camping-alsace-vacances.jpg","width":1903,"height":650,"caption":"camping alsace vacances"},{"@type":"BreadcrumbList","@id":"https:\/\/camping-lac-seigneurie.com\/de\/campingplatz-alsace\/#breadcrumb","itemListElement":[{"@type":"ListItem","position":1,"name":"Camping Franche-Comt\u00e9","item":"https:\/\/camping-lac-seigneurie.com\/de\/"},{"@type":"ListItem","position":2,"name":"Tourismus und Camping im Elsass"}]},{"@type":"WebSite","@id":"https:\/\/camping-lac-seigneurie.com\/de\/#website","url":"https:\/\/camping-lac-seigneurie.com\/de\/","name":"Camping du Lac de la Seigneurie","description":"","publisher":{"@id":"https:\/\/camping-lac-seigneurie.com\/de\/#organization"},"potentialAction":[{"@type":"SearchAction","target":{"@type":"EntryPoint","urlTemplate":"https:\/\/camping-lac-seigneurie.com\/de\/?s={search_term_string}"},"query-input":{"@type":"PropertyValueSpecification","valueRequired":true,"valueName":"search_term_string"}}],"inLanguage":"de"},{"@type":"Organization","@id":"https:\/\/camping-lac-seigneurie.com\/de\/#organization","name":"Camping Lac de la Seigneurie","url":"https:\/\/camping-lac-seigneurie.com\/de\/","logo":{"@type":"ImageObject","inLanguage":"de","@id":"https:\/\/camping-lac-seigneurie.com\/de\/#\/schema\/logo\/image\/","url":"https:\/\/camping-lac-seigneurie.com\/wp-content\/uploads\/2022\/07\/lac-de-la-seigneurie-logo-fond-blanc.jpg","contentUrl":"https:\/\/camping-lac-seigneurie.com\/wp-content\/uploads\/2022\/07\/lac-de-la-seigneurie-logo-fond-blanc.jpg","width":800,"height":325,"caption":"Camping Lac de la Seigneurie"},"image":{"@id":"https:\/\/camping-lac-seigneurie.com\/de\/#\/schema\/logo\/image\/"}}]}},"_links":{"self":[{"href":"https:\/\/camping-lac-seigneurie.com\/de\/wp-json\/wp\/v2\/pages\/3203","targetHints":{"allow":["GET"]}}],"collection":[{"href":"https:\/\/camping-lac-seigneurie.com\/de\/wp-json\/wp\/v2\/pages"}],"about":[{"href":"https:\/\/camping-lac-seigneurie.com\/de\/wp-json\/wp\/v2\/types\/page"}],"author":[{"embeddable":true,"href":"https:\/\/camping-lac-seigneurie.com\/de\/wp-json\/wp\/v2\/users\/1"}],"replies":[{"embeddable":true,"href":"https:\/\/camping-lac-seigneurie.com\/de\/wp-json\/wp\/v2\/comments?post=3203"}],"version-history":[{"count":4,"href":"https:\/\/camping-lac-seigneurie.com\/de\/wp-json\/wp\/v2\/pages\/3203\/revisions"}],"predecessor-version":[{"id":3959,"href":"https:\/\/camping-lac-seigneurie.com\/de\/wp-json\/wp\/v2\/pages\/3203\/revisions\/3959"}],"wp:featuredmedia":[{"embeddable":true,"href":"https:\/\/camping-lac-seigneurie.com\/de\/wp-json\/wp\/v2\/media\/2758"}],"wp:attachment":[{"href":"https:\/\/camping-lac-seigneurie.com\/de\/wp-json\/wp\/v2\/media?parent=3203"}],"wp:term":[{"taxonomy":"sujet","embeddable":true,"href":"https:\/\/camping-lac-seigneurie.com\/de\/wp-json\/wp\/v2\/sujet?post=3203"}],"curies":[{"name":"wp","href":"https:\/\/api.w.org\/{rel}","templated":true}]}}