{"id":3253,"date":"2022-05-09T09:29:44","date_gmt":"2022-05-09T07:29:44","guid":{"rendered":"https:\/\/camping-lac-seigneurie.com\/camping-bar-snack-vosges\/"},"modified":"2023-09-02T12:02:58","modified_gmt":"2023-09-02T10:02:58","slug":"campingplatz-snackbar-vosges","status":"publish","type":"page","link":"https:\/\/camping-lac-seigneurie.com\/de\/campingplatz-snackbar-vosges\/","title":{"rendered":"Bar snack"},"content":{"rendered":"<section id=\"ls-section-block_db4d9b6b3ad242b71ddd77d0310e4091\" class=\"ls-section  page-one has-p-t p-t-8 has-p-b p-b-14\" >\n        <div class=\"container container--wide\">\n        \n\n<div class=\"wp-block-columns is-layout-flex wp-container-core-columns-is-layout-9d6595d7 wp-block-columns-is-layout-flex\">\n<div class=\"wp-block-column is-vertically-aligned-top animated fadeInLeft delay-200ms is-layout-flow wp-block-column-is-layout-flow\">\n<figure class=\"wp-block-image size-large\"><a href=\"https:\/\/camping-lac-seigneurie.com\/wp-content\/uploads\/2023\/09\/groupe2-1024x768.jpg\"><img loading=\"lazy\" decoding=\"async\" width=\"1024\" height=\"768\" src=\"https:\/\/camping-lac-seigneurie.com\/wp-content\/uploads\/2023\/09\/groupe2-1024x768.jpg\" alt=\"\" class=\"wp-image-6869\" srcset=\"https:\/\/camping-lac-seigneurie.com\/wp-content\/uploads\/2023\/09\/groupe2-1024x768.jpg 1024w, https:\/\/camping-lac-seigneurie.com\/wp-content\/uploads\/2023\/09\/groupe2-300x225.jpg 300w, https:\/\/camping-lac-seigneurie.com\/wp-content\/uploads\/2023\/09\/groupe2-768x576.jpg 768w, https:\/\/camping-lac-seigneurie.com\/wp-content\/uploads\/2023\/09\/groupe2.jpg 1440w\" sizes=\"auto, (max-width: 1024px) 100vw, 1024px\" \/><\/a><\/figure>\n\n\n\n<figure class=\"wp-block-image size-large\"><a href=\"https:\/\/camping-lac-seigneurie.com\/wp-content\/uploads\/2023\/09\/flam-1024x768.jpg\"><img loading=\"lazy\" decoding=\"async\" width=\"1024\" height=\"768\" src=\"https:\/\/camping-lac-seigneurie.com\/wp-content\/uploads\/2023\/09\/flam-1024x768.jpg\" alt=\"\" class=\"wp-image-6875\" srcset=\"https:\/\/camping-lac-seigneurie.com\/wp-content\/uploads\/2023\/09\/flam-1024x768.jpg 1024w, https:\/\/camping-lac-seigneurie.com\/wp-content\/uploads\/2023\/09\/flam-300x225.jpg 300w, https:\/\/camping-lac-seigneurie.com\/wp-content\/uploads\/2023\/09\/flam-768x576.jpg 768w, https:\/\/camping-lac-seigneurie.com\/wp-content\/uploads\/2023\/09\/flam.jpg 1440w\" sizes=\"auto, (max-width: 1024px) 100vw, 1024px\" \/><\/a><\/figure>\n<\/div>\n\n\n\n<div class=\"wp-block-column is-vertically-aligned-center is-layout-flow wp-block-column-is-layout-flow\">\n<h1 class=\"ls__heading wp-block-heading\">Entdecken Sie die Snackbar in Ihrem 3-Sterne-Campingplatz<\/h1>\n\n\n\n<h2 class=\"ls__heading wp-block-heading\">Ein Ort der Entspannung und Geselligkeit im Territoire de Belfort<\/h2>\n\n\n\n<p class=\"ls-paragraph\">Nutzen Sie Ihren Urlaub auf dem Campingplatz in der Franche-Comt\u00e9, um sich zu zweit, mit der Familie oder mit Freunden auf ein gutes Glas els\u00e4ssischen Wein, einen Aperitif, einen Cocktail, ein Tagesgericht, eine Patisserie oder einen Eisbecher zu treffen. Als echter Ort der Geselligkeit ist unsere Bar\/Imbissstube so etwas wie der Dorfplatz, auf dem sich tags\u00fcber oder abends alle treffen, um sich auszutauschen, zu diskutieren, Bekanntschaften zu machen und sich zu unterhalten, insbesondere bei den im Sommer angebotenen Animationen (Tanzabende, Spiele\u2026). Entdecken Sie unsere Getr\u00e4nke- und Cocktailkarte, Snacks und Eisbecher.<\/p>\n\n\n\n<p class=\"ls-paragraph\">Wenn Sie ruhig in Ihrer Unterkunft bleiben m\u00f6chten, k\u00f6nnen Sie den Service &#8222;zum Mitnehmen&#8220; in Anspruch nehmen und in der Nebensaison k\u00f6nnen Sie sogar unseren &#8222;Zimmerservice&#8220; in Anspruch nehmen, um sich die Speisen (ohne Aufpreis) in Ihre Mietunterkunft liefern zu lassen (Mai\/Juni\/September).<\/p>\n\n\n\n<p class=\"ls-paragraph\">Auf der herzhaften Seite bieten wir Ihnen: Hacksteak nach Metzgerart, els\u00e4ssische Knacks, Pommes frites aus dem Ofen und unsere &#8222;lokalen&#8220; Spezialit\u00e4ten: Kessler\/Pommes frites, Munster Burger (Hamburger mit M\u00fcnsterk\u00e4se), Munstiflette (Tartiflette mit M\u00fcnsterk\u00e4se) &#8222;maison&#8220;, Baguettes franc-comtoises usw\u2026<\/p>\n\n\n\n<p class=\"ls-paragraph\">Auf der s\u00fc\u00dfen Seite k\u00f6nnen Sie unser &#8222;hausgemachtes&#8220; Eis und Geb\u00e4ck probieren.<\/p>\n<\/div>\n<\/div>\n\n\n    <\/div>\n<\/section>\n\n<section id=\"ls-section-block_b1a53741c7850c486c42da2980f84965\" class=\"ls-section  page-two has-background-image has-parallax has-background has-color-black-background-color has-p-t p-t-14 has-p-b p-b-14\" >\n    <div class=\"ls-section__background-image opacity-50\"><img decoding=\"async\" src=\"https:\/\/camping-lac-seigneurie.com\/wp-content\/uploads\/2022\/05\/pain-frais-baguette-tous-les-jours-camping-de-la-seigneurie.jpg\" alt=\"pain frais baguette tous les jours camping de la seigneurie\"><\/div>    <div class=\"container \">\n        \n\n<h2 class=\"ls__heading wp-block-heading has-text-align-center\">T\u00e4glich frisches Brot und Fr\u00fchst\u00fcck<\/h2>\n\n\n\n<p class=\"ls-paragraph has-text-align-center animated fadeInDown delay-200ms\">In der Hochsaison k\u00f6nnen Sie t\u00e4glich sowie an Wochenenden und Montagen im Mai, Juni und September frisches Brot und Geb\u00e4ck f\u00fcr Ihr Fr\u00fchst\u00fcck kaufen. Wenn Sie am Vortag bestellen, sind sie am n\u00e4chsten Tag von 8.30 bis 10.00 Uhr in der Snackbar erh\u00e4ltlich oder werden in der Nebensaison an die Mietunterkunft geliefert.<\/p>\n\n\n    <\/div>\n<\/section>\n\n<section id=\"ls-section-block_e6d8453f89f0103fc3059ff43293549d\" class=\"ls-section  page-three has-p-t p-t-14 has-p-b p-b-14\" >\n        <div class=\"container container--wide\">\n        \n\n<div class=\"wp-block-columns is-layout-flex wp-container-core-columns-is-layout-9d6595d7 wp-block-columns-is-layout-flex\">\n<div class=\"wp-block-column animated fadeInUp delay-200ms is-layout-flow wp-block-column-is-layout-flow\">\n<figure class=\"wp-block-image size-large\"><a href=\"https:\/\/camping-lac-seigneurie.com\/wp-content\/uploads\/2023\/09\/famille-2-1024x587.jpg\"><img loading=\"lazy\" decoding=\"async\" width=\"1024\" height=\"587\" src=\"https:\/\/camping-lac-seigneurie.com\/wp-content\/uploads\/2023\/09\/famille-2-1024x587.jpg\" alt=\"\" class=\"wp-image-6880\" srcset=\"https:\/\/camping-lac-seigneurie.com\/wp-content\/uploads\/2023\/09\/famille-2-1024x587.jpg 1024w, https:\/\/camping-lac-seigneurie.com\/wp-content\/uploads\/2023\/09\/famille-2-300x172.jpg 300w, https:\/\/camping-lac-seigneurie.com\/wp-content\/uploads\/2023\/09\/famille-2-768x440.jpg 768w, https:\/\/camping-lac-seigneurie.com\/wp-content\/uploads\/2023\/09\/famille-2-1536x880.jpg 1536w, https:\/\/camping-lac-seigneurie.com\/wp-content\/uploads\/2023\/09\/famille-2.jpg 1573w\" sizes=\"auto, (max-width: 1024px) 100vw, 1024px\" \/><\/a><\/figure>\n\n\n\n<p class=\"ls-paragraph\">Wir bieten Ihnen auch einen s\u00fc\u00dfen oder<strong> herzhaften Fr\u00fchst\u00fccksservice<\/strong> an der Bar an, der am Vortag reserviert werden muss.<\/p>\n\n\n\n<ul class=\"ls-list wp-block-list\">\n<li>S\u00fc\u00dfes Fr\u00fchst\u00fcck (9\u20ac) mit: einem hei\u00dfen Getr\u00e4nk, einem Fruchtsaft, 1\/2 Baguette, einem Geb\u00e4ckst\u00fcck, Butter und Marmelade.<\/li>\n<\/ul>\n\n\n\n<ul class=\"ls-list wp-block-list\">\n<li>Salziges Fr\u00fchst\u00fcck (12\u20ac) mit: Hei\u00dfgetr\u00e4nk, Fruchtsaft, Wurst- und K\u00e4seplatte, Butter.<\/li>\n<\/ul>\n<\/div>\n\n\n\n<div class=\"wp-block-column animated fadeInUp delay-200ms is-layout-flow wp-block-column-is-layout-flow\">\n<figure class=\"wp-block-image size-large\"><a href=\"https:\/\/camping-lac-seigneurie.com\/wp-content\/uploads\/2023\/09\/petit-dej-edited-1024x461.jpg\"><img loading=\"lazy\" decoding=\"async\" width=\"1024\" height=\"461\" src=\"https:\/\/camping-lac-seigneurie.com\/wp-content\/uploads\/2023\/09\/petit-dej-edited-1024x461.jpg\" alt=\"\" class=\"wp-image-6891\" srcset=\"https:\/\/camping-lac-seigneurie.com\/wp-content\/uploads\/2023\/09\/petit-dej-edited-1024x461.jpg 1024w, https:\/\/camping-lac-seigneurie.com\/wp-content\/uploads\/2023\/09\/petit-dej-edited-300x135.jpg 300w, https:\/\/camping-lac-seigneurie.com\/wp-content\/uploads\/2023\/09\/petit-dej-edited-768x346.jpg 768w, https:\/\/camping-lac-seigneurie.com\/wp-content\/uploads\/2023\/09\/petit-dej-edited-1536x692.jpg 1536w, https:\/\/camping-lac-seigneurie.com\/wp-content\/uploads\/2023\/09\/petit-dej-edited.jpg 2048w\" sizes=\"auto, (max-width: 1024px) 100vw, 1024px\" \/><\/a><\/figure>\n\n\n\n<p class=\"ls-paragraph\"><strong>In der Hochsaison wird das Fr\u00fchst\u00fcck morgens ab 8:30 Uhr in der Bar serviert. In der Nebensaison wird das Fr\u00fchst\u00fcck zwischen 8:30 und 10:00 Uhr nach Ihrem Wunsch in Ihre Unterkunft geliefert.<\/strong><\/p>\n\n\n\n<p class=\"ls-paragraph\">\u00d6ffnungszeiten der Bar\/Snackbar :<\/p>\n\n\n\n<ul class=\"ls-list wp-block-list\"><li><strong>Juli und August: von 8.00 bis 21.00 Uhr<\/strong><\/li><li>Nebensaison (April, Mai, Juni, September):<ul><li>Woche: von 11:30 bis 13:30 Uhr und von 18:30 bis 20:00 Uhr (w\u00f6chentliche Schlie\u00dfung am Donnerstag)<\/li><li>Wochenende: 8.00 bis 20.30 Uhr<\/li><\/ul><\/li><\/ul>\n<\/div>\n<\/div>\n\n\n    <\/div>\n<\/section>\n\n<section id=\"ls-section-block_1cc65c8960b6a7a112ca006c6ad8352c\" class=\"ls-section  page-four has-p-t p-t-14 has-p-b p-b-14\" >\n        <div class=\"container container--wide\">\n        \n\n<div class=\"wp-block-columns is-layout-flex wp-container-core-columns-is-layout-9d6595d7 wp-block-columns-is-layout-flex\">\n<div class=\"wp-block-column is-layout-flow wp-block-column-is-layout-flow\" style=\"flex-basis:100%\">\n<div class=\"wp-block-columns is-layout-flex wp-container-core-columns-is-layout-9d6595d7 wp-block-columns-is-layout-flex\">\n<div class=\"wp-block-column is-vertically-aligned-center is-layout-flow wp-block-column-is-layout-flow\" style=\"flex-basis:30%\">\n<h2 class=\"ls__heading wp-block-heading\">Ihr Picknickkorb<\/h2>\n\n\n\n<p class=\"ls-paragraph\">Wir bereiten auf Bestellung Ihr Picknick f\u00fcr Ihren Tagesausflug vor. Ein Picknickkorb ist sehr praktisch f\u00fcr Ihren Wander- oder Besichtigungstag und erspart Ihnen Zeitverlust in Warteschlangen!<\/p>\n\n\n\n<p class=\"ls-paragraph\">Es besteht aus einem Sandwich (\u00bd frisches Baguette,mit K\u00e4se, Schinken, Huhn oder Pastete je nach Vorrat\u2026), einer T\u00fcte Chips, einem Kompott und einer kleinen Flasche Wasser.<\/p>\n\n\n\n<p class=\"ls-paragraph\">Abholung in der Snackbar ab 8:30 Uhr am Morgen.(in der Sommersaison &#8211; au\u00dferhalb der Saison auf Anfrage)<\/p>\n\n\n\n<p class=\"ls-paragraph\">Nur mit Reservierung.<\/p>\n<\/div>\n\n\n\n<div class=\"wp-block-column animated fadeInRight delay-200ms is-layout-flow wp-block-column-is-layout-flow\" style=\"flex-basis:70%\"><div class=\"wp-block-image\">\n<figure class=\"alignright size-full\"><a href=\"https:\/\/camping-lac-seigneurie.com\/wp-content\/uploads\/2022\/05\/sandwich-pique-nique.jpg\"><img loading=\"lazy\" decoding=\"async\" width=\"800\" height=\"550\" src=\"https:\/\/camping-lac-seigneurie.com\/wp-content\/uploads\/2022\/05\/sandwich-pique-nique.jpg\" alt=\"sandwich pique nique\" class=\"wp-image-1285\" srcset=\"https:\/\/camping-lac-seigneurie.com\/wp-content\/uploads\/2022\/05\/sandwich-pique-nique.jpg 800w, https:\/\/camping-lac-seigneurie.com\/wp-content\/uploads\/2022\/05\/sandwich-pique-nique-300x206.jpg 300w, https:\/\/camping-lac-seigneurie.com\/wp-content\/uploads\/2022\/05\/sandwich-pique-nique-768x528.jpg 768w\" sizes=\"auto, (max-width: 800px) 100vw, 800px\" \/><\/a><\/figure>\n<\/div><\/div>\n<\/div>\n<\/div>\n<\/div>\n\n\n    <\/div>\n<\/section>\n\n<section id=\"ls-section-block_8658bcff95a9f891ff9c0e083b38a530\" class=\"ls-section  page-avis has-p-t p-t-14 has-p-b p-b-14\" >\n        <div class=\"container \">\n        \n\n<div id=\"ls-heading ls-titre-div-block_8436205ae5ea35dddca1b62d41b5e57c\" class=\"ls-titre-div aligncenter h1-like\" >\n    Die Meinungen der Camper \u00fcber unsere Snackbar<\/div>\n\n\n<div class=\"avis-container-pages\"><div class=\"avis\"><div class=\"avis-contenu\"><p>Le dernier camping avant le retour \u00e0 la maison s&#8217;est av\u00e9r\u00e9 un des plus sympa du voyage. Excellent accueil, camping tr\u00e8s propre, bien entretenu, snack bien meilleur que la plupart des restaurations rapides, certains produits fait maison, et tr\u00e8s bon. Bref \u00e0 faire<\/p>\n<\/div><div class=\"avis-user\"><div class=\"avis-user__box-two\"><div class=\"avis-name\">Patrick L. <\/div><div class=\"avis-note\">\n                        <span><i class=\"seigneurie-etoile\"><\/i><\/span><span><i class=\"seigneurie-etoile\"><\/i><\/span><span><i class=\"seigneurie-etoile\"><\/i><\/span><span><i class=\"seigneurie-etoile\"><\/i><\/span><span><i class=\"seigneurie-etoile\"><\/i><\/span>\n                    <\/div><\/div><\/div><\/div><div class=\"avis\"><div class=\"avis-contenu\"><p>Excellent accueil. De grands emplacements. Tranquillit\u00e9 respect\u00e9e. Randonn\u00e9es \u00e0 faire. Espace snack tr\u00e8s agr\u00e9able.<\/p>\n<\/div><div class=\"avis-user\"><div class=\"avis-user__box-two\"><div class=\"avis-name\">Marielle R.<\/div><div class=\"avis-note\">\n                        <span><i class=\"seigneurie-etoile\"><\/i><\/span><span><i class=\"seigneurie-etoile\"><\/i><\/span><span><i class=\"seigneurie-etoile\"><\/i><\/span><span><i class=\"seigneurie-etoile\"><\/i><\/span><span><i class=\"seigneurie-etoile\"><\/i><\/span>\n                    <\/div><\/div><\/div><\/div><div class=\"avis\"><div class=\"avis-contenu\"><p>15 jours au camping du Lac de la Seigneurie, un pur bonheur, le snack bar est au top, \u00e0 refaire tr\u00e8s vite ! Merci pour ce bon moment<\/p>\n<\/div><div class=\"avis-user\"><div class=\"avis-user__box-two\"><div class=\"avis-name\">Ghislain B.<\/div><div class=\"avis-note\">\n                        <span><i class=\"seigneurie-etoile\"><\/i><\/span><span><i class=\"seigneurie-etoile\"><\/i><\/span><span><i class=\"seigneurie-etoile\"><\/i><\/span><span><i class=\"seigneurie-etoile\"><\/i><\/span><span><i class=\"seigneurie-etoile\"><\/i><\/span>\n                    <\/div><\/div><\/div><\/div><\/div>\n\n\n    <\/div>\n<\/section>\n\n<section id=\"ls-section-block_cebbdcd02643f6d1f7c5dc2fe5300f55\" class=\"ls-section  has-p-b p-b-14\" >\n        <div class=\"container container--wide\">\n        \n\n<div id=\"ls-heading ls-titre-div-block_c1ca737bb22804fc0a2f091ec7bea23e\" class=\"ls-titre-div aligncenter h2-like\" >\n    Entdecken Sie den Empfang, das Schwimmbad und die Dienstleistungen des Campingplatzes<\/div>\n\n\n<div id=\"ls-maillage-block_7cc09b417b0e1e3bf43de240a2dcdc25\" class=\"ls-maillage cta-style-normal\" data-rows=\"3\">\n    <div class=\"wp-block-columns\"><div class=\"wp-block-column\">\n\n<a href=\"https:\/\/camping-lac-seigneurie.com\/de\/campingplatz-unterhaltung-vosges\/\" target=\"\" rel=\"noopener\" class=\"ls-cta__link\">\n\n\t<div class=\"ls-cta__image\"><img decoding=\"async\" src=\"https:\/\/camping-lac-seigneurie.com\/wp-content\/uploads\/2025\/08\/Camping-lac-seigneurie-2025-ese-014r-768x468.jpg\" alt=\"\"><\/div>\n\t<div class=\"ls-cta__title animated fadeIn slow delay-400ms\">\n\t\tAnimationen\t<\/div>\n\n\t\t\n<\/a><\/div><div class=\"wp-block-column\">\n\n<a href=\"https:\/\/camping-lac-seigneurie.com\/de\/campingplatz-pool-vosges\/\" target=\"\" rel=\"noopener\" class=\"ls-cta__link\">\n\n\t<div class=\"ls-cta__image\"><img decoding=\"async\" src=\"https:\/\/camping-lac-seigneurie.com\/wp-content\/uploads\/2022\/06\/camping-piscine-vacances.jpg\" alt=\"camping piscine vacances\"><\/div>\n\t<div class=\"ls-cta__title animated fadeIn slow delay-400ms\">\n\t\tSwimmingpool\t<\/div>\n\n\t\t\n<\/a><\/div><div class=\"wp-block-column\">\n\n<a href=\"https:\/\/camping-lac-seigneurie.com\/de\/campingplatz-franche-comte-billig\/\" target=\"\" rel=\"noopener\" class=\"ls-cta__link\">\n\n\t<div class=\"ls-cta__image\"><img decoding=\"async\" src=\"https:\/\/camping-lac-seigneurie.com\/wp-content\/uploads\/2026\/03\/LAC-SEIGNEURIE-2025-ESE-074-768x512.jpg\" alt=\"\"><\/div>\n\t<div class=\"ls-cta__title animated fadeIn slow delay-400ms\">\n\t\tUnsere Preise\t<\/div>\n\n\t\t\n<\/a><\/div><\/div><\/div>\n\n    <\/div>\n<\/section>","protected":false},"excerpt":{"rendered":"","protected":false},"author":1,"featured_media":9687,"parent":0,"menu_order":0,"comment_status":"closed","ping_status":"closed","template":"","meta":{"_acf_changed":false,"footnotes":""},"sujet":[],"class_list":["post-3253","page","type-page","status-publish","has-post-thumbnail","hentry"],"acf":[],"yoast_head":"<!-- This site is optimized with the Yoast SEO plugin v25.3 - https:\/\/yoast.com\/wordpress\/plugins\/seo\/ -->\n<title>Campingplatz mit Snackbar in den Vogesen | Campingplatz Lac de Seigneurie<\/title>\n<meta name=\"robots\" content=\"index, follow, max-snippet:-1, max-image-preview:large, max-video-preview:-1\" \/>\n<link rel=\"canonical\" href=\"https:\/\/camping-lac-seigneurie.com\/de\/campingplatz-snackbar-vosges\/\" \/>\n<meta property=\"og:locale\" content=\"de_DE\" \/>\n<meta property=\"og:type\" content=\"article\" \/>\n<meta property=\"og:title\" content=\"Campingplatz mit Snackbar in den Vogesen | Campingplatz Lac de Seigneurie\" \/>\n<meta property=\"og:url\" content=\"https:\/\/camping-lac-seigneurie.com\/de\/campingplatz-snackbar-vosges\/\" \/>\n<meta property=\"og:site_name\" content=\"Camping du Lac de la Seigneurie\" \/>\n<meta property=\"article:modified_time\" content=\"2023-09-02T10:02:58+00:00\" \/>\n<meta property=\"og:image\" content=\"https:\/\/camping-lac-seigneurie.com\/wp-content\/uploads\/2022\/05\/bar-snack-terrasse-camping-lac-de-le-seigneurie-franche-comte.jpg\" \/>\n\t<meta property=\"og:image:width\" content=\"1903\" \/>\n\t<meta property=\"og:image:height\" content=\"650\" \/>\n\t<meta property=\"og:image:type\" content=\"image\/jpeg\" \/>\n<meta name=\"twitter:card\" content=\"summary_large_image\" \/>\n<meta name=\"twitter:label1\" content=\"Gesch\u00e4tzte Lesezeit\" \/>\n\t<meta name=\"twitter:data1\" content=\"4\u00a0Minuten\" \/>\n<script type=\"application\/ld+json\" class=\"yoast-schema-graph\">{\"@context\":\"https:\/\/schema.org\",\"@graph\":[{\"@type\":\"WebPage\",\"@id\":\"https:\/\/camping-lac-seigneurie.com\/de\/campingplatz-snackbar-vosges\/\",\"url\":\"https:\/\/camping-lac-seigneurie.com\/de\/campingplatz-snackbar-vosges\/\",\"name\":\"Campingplatz mit Snackbar in den Vogesen | Campingplatz Lac de Seigneurie\",\"isPartOf\":{\"@id\":\"https:\/\/camping-lac-seigneurie.com\/de\/#website\"},\"primaryImageOfPage\":{\"@id\":\"https:\/\/camping-lac-seigneurie.com\/de\/campingplatz-snackbar-vosges\/#primaryimage\"},\"image\":{\"@id\":\"https:\/\/camping-lac-seigneurie.com\/de\/campingplatz-snackbar-vosges\/#primaryimage\"},\"thumbnailUrl\":\"https:\/\/camping-lac-seigneurie.com\/wp-content\/uploads\/2025\/08\/Camping-lac-seigneurie-2025-ese-039r.jpg\",\"datePublished\":\"2022-05-09T07:29:44+00:00\",\"dateModified\":\"2023-09-02T10:02:58+00:00\",\"breadcrumb\":{\"@id\":\"https:\/\/camping-lac-seigneurie.com\/de\/campingplatz-snackbar-vosges\/#breadcrumb\"},\"inLanguage\":\"de\",\"potentialAction\":[{\"@type\":\"ReadAction\",\"target\":[\"https:\/\/camping-lac-seigneurie.com\/de\/campingplatz-snackbar-vosges\/\"]}]},{\"@type\":\"ImageObject\",\"inLanguage\":\"de\",\"@id\":\"https:\/\/camping-lac-seigneurie.com\/de\/campingplatz-snackbar-vosges\/#primaryimage\",\"url\":\"https:\/\/camping-lac-seigneurie.com\/wp-content\/uploads\/2025\/08\/Camping-lac-seigneurie-2025-ese-039r.jpg\",\"contentUrl\":\"https:\/\/camping-lac-seigneurie.com\/wp-content\/uploads\/2025\/08\/Camping-lac-seigneurie-2025-ese-039r.jpg\",\"width\":2560,\"height\":1439},{\"@type\":\"BreadcrumbList\",\"@id\":\"https:\/\/camping-lac-seigneurie.com\/de\/campingplatz-snackbar-vosges\/#breadcrumb\",\"itemListElement\":[{\"@type\":\"ListItem\",\"position\":1,\"name\":\"Camping Franche-Comt\u00e9\",\"item\":\"https:\/\/camping-lac-seigneurie.com\/de\/\"},{\"@type\":\"ListItem\",\"position\":2,\"name\":\"Campingplatz mit Snackbar in den Vogesen\"}]},{\"@type\":\"WebSite\",\"@id\":\"https:\/\/camping-lac-seigneurie.com\/de\/#website\",\"url\":\"https:\/\/camping-lac-seigneurie.com\/de\/\",\"name\":\"Camping du Lac de la Seigneurie\",\"description\":\"\",\"publisher\":{\"@id\":\"https:\/\/camping-lac-seigneurie.com\/de\/#organization\"},\"potentialAction\":[{\"@type\":\"SearchAction\",\"target\":{\"@type\":\"EntryPoint\",\"urlTemplate\":\"https:\/\/camping-lac-seigneurie.com\/de\/?s={search_term_string}\"},\"query-input\":{\"@type\":\"PropertyValueSpecification\",\"valueRequired\":true,\"valueName\":\"search_term_string\"}}],\"inLanguage\":\"de\"},{\"@type\":\"Organization\",\"@id\":\"https:\/\/camping-lac-seigneurie.com\/de\/#organization\",\"name\":\"Camping Lac de la Seigneurie\",\"url\":\"https:\/\/camping-lac-seigneurie.com\/de\/\",\"logo\":{\"@type\":\"ImageObject\",\"inLanguage\":\"de\",\"@id\":\"https:\/\/camping-lac-seigneurie.com\/de\/#\/schema\/logo\/image\/\",\"url\":\"https:\/\/camping-lac-seigneurie.com\/wp-content\/uploads\/2022\/07\/lac-de-la-seigneurie-logo-fond-blanc.jpg\",\"contentUrl\":\"https:\/\/camping-lac-seigneurie.com\/wp-content\/uploads\/2022\/07\/lac-de-la-seigneurie-logo-fond-blanc.jpg\",\"width\":800,\"height\":325,\"caption\":\"Camping Lac de la Seigneurie\"},\"image\":{\"@id\":\"https:\/\/camping-lac-seigneurie.com\/de\/#\/schema\/logo\/image\/\"}}]}<\/script>\n<!-- \/ Yoast SEO plugin. -->","yoast_head_json":{"title":"Campingplatz mit Snackbar in den Vogesen | Campingplatz Lac de Seigneurie","robots":{"index":"index","follow":"follow","max-snippet":"max-snippet:-1","max-image-preview":"max-image-preview:large","max-video-preview":"max-video-preview:-1"},"canonical":"https:\/\/camping-lac-seigneurie.com\/de\/campingplatz-snackbar-vosges\/","og_locale":"de_DE","og_type":"article","og_title":"Campingplatz mit Snackbar in den Vogesen | Campingplatz Lac de Seigneurie","og_url":"https:\/\/camping-lac-seigneurie.com\/de\/campingplatz-snackbar-vosges\/","og_site_name":"Camping du Lac de la Seigneurie","article_modified_time":"2023-09-02T10:02:58+00:00","og_image":[{"width":1903,"height":650,"url":"https:\/\/camping-lac-seigneurie.com\/wp-content\/uploads\/2022\/05\/bar-snack-terrasse-camping-lac-de-le-seigneurie-franche-comte.jpg","type":"image\/jpeg"}],"twitter_card":"summary_large_image","twitter_misc":{"Gesch\u00e4tzte Lesezeit":"4\u00a0Minuten"},"schema":{"@context":"https:\/\/schema.org","@graph":[{"@type":"WebPage","@id":"https:\/\/camping-lac-seigneurie.com\/de\/campingplatz-snackbar-vosges\/","url":"https:\/\/camping-lac-seigneurie.com\/de\/campingplatz-snackbar-vosges\/","name":"Campingplatz mit Snackbar in den Vogesen | Campingplatz Lac de Seigneurie","isPartOf":{"@id":"https:\/\/camping-lac-seigneurie.com\/de\/#website"},"primaryImageOfPage":{"@id":"https:\/\/camping-lac-seigneurie.com\/de\/campingplatz-snackbar-vosges\/#primaryimage"},"image":{"@id":"https:\/\/camping-lac-seigneurie.com\/de\/campingplatz-snackbar-vosges\/#primaryimage"},"thumbnailUrl":"https:\/\/camping-lac-seigneurie.com\/wp-content\/uploads\/2025\/08\/Camping-lac-seigneurie-2025-ese-039r.jpg","datePublished":"2022-05-09T07:29:44+00:00","dateModified":"2023-09-02T10:02:58+00:00","breadcrumb":{"@id":"https:\/\/camping-lac-seigneurie.com\/de\/campingplatz-snackbar-vosges\/#breadcrumb"},"inLanguage":"de","potentialAction":[{"@type":"ReadAction","target":["https:\/\/camping-lac-seigneurie.com\/de\/campingplatz-snackbar-vosges\/"]}]},{"@type":"ImageObject","inLanguage":"de","@id":"https:\/\/camping-lac-seigneurie.com\/de\/campingplatz-snackbar-vosges\/#primaryimage","url":"https:\/\/camping-lac-seigneurie.com\/wp-content\/uploads\/2025\/08\/Camping-lac-seigneurie-2025-ese-039r.jpg","contentUrl":"https:\/\/camping-lac-seigneurie.com\/wp-content\/uploads\/2025\/08\/Camping-lac-seigneurie-2025-ese-039r.jpg","width":2560,"height":1439},{"@type":"BreadcrumbList","@id":"https:\/\/camping-lac-seigneurie.com\/de\/campingplatz-snackbar-vosges\/#breadcrumb","itemListElement":[{"@type":"ListItem","position":1,"name":"Camping Franche-Comt\u00e9","item":"https:\/\/camping-lac-seigneurie.com\/de\/"},{"@type":"ListItem","position":2,"name":"Campingplatz mit Snackbar in den Vogesen"}]},{"@type":"WebSite","@id":"https:\/\/camping-lac-seigneurie.com\/de\/#website","url":"https:\/\/camping-lac-seigneurie.com\/de\/","name":"Camping du Lac de la Seigneurie","description":"","publisher":{"@id":"https:\/\/camping-lac-seigneurie.com\/de\/#organization"},"potentialAction":[{"@type":"SearchAction","target":{"@type":"EntryPoint","urlTemplate":"https:\/\/camping-lac-seigneurie.com\/de\/?s={search_term_string}"},"query-input":{"@type":"PropertyValueSpecification","valueRequired":true,"valueName":"search_term_string"}}],"inLanguage":"de"},{"@type":"Organization","@id":"https:\/\/camping-lac-seigneurie.com\/de\/#organization","name":"Camping Lac de la Seigneurie","url":"https:\/\/camping-lac-seigneurie.com\/de\/","logo":{"@type":"ImageObject","inLanguage":"de","@id":"https:\/\/camping-lac-seigneurie.com\/de\/#\/schema\/logo\/image\/","url":"https:\/\/camping-lac-seigneurie.com\/wp-content\/uploads\/2022\/07\/lac-de-la-seigneurie-logo-fond-blanc.jpg","contentUrl":"https:\/\/camping-lac-seigneurie.com\/wp-content\/uploads\/2022\/07\/lac-de-la-seigneurie-logo-fond-blanc.jpg","width":800,"height":325,"caption":"Camping Lac de la Seigneurie"},"image":{"@id":"https:\/\/camping-lac-seigneurie.com\/de\/#\/schema\/logo\/image\/"}}]}},"_links":{"self":[{"href":"https:\/\/camping-lac-seigneurie.com\/de\/wp-json\/wp\/v2\/pages\/3253","targetHints":{"allow":["GET"]}}],"collection":[{"href":"https:\/\/camping-lac-seigneurie.com\/de\/wp-json\/wp\/v2\/pages"}],"about":[{"href":"https:\/\/camping-lac-seigneurie.com\/de\/wp-json\/wp\/v2\/types\/page"}],"author":[{"embeddable":true,"href":"https:\/\/camping-lac-seigneurie.com\/de\/wp-json\/wp\/v2\/users\/1"}],"replies":[{"embeddable":true,"href":"https:\/\/camping-lac-seigneurie.com\/de\/wp-json\/wp\/v2\/comments?post=3253"}],"version-history":[{"count":18,"href":"https:\/\/camping-lac-seigneurie.com\/de\/wp-json\/wp\/v2\/pages\/3253\/revisions"}],"predecessor-version":[{"id":6903,"href":"https:\/\/camping-lac-seigneurie.com\/de\/wp-json\/wp\/v2\/pages\/3253\/revisions\/6903"}],"wp:featuredmedia":[{"embeddable":true,"href":"https:\/\/camping-lac-seigneurie.com\/de\/wp-json\/wp\/v2\/media\/9687"}],"wp:attachment":[{"href":"https:\/\/camping-lac-seigneurie.com\/de\/wp-json\/wp\/v2\/media?parent=3253"}],"wp:term":[{"taxonomy":"sujet","embeddable":true,"href":"https:\/\/camping-lac-seigneurie.com\/de\/wp-json\/wp\/v2\/sujet?post=3253"}],"curies":[{"name":"wp","href":"https:\/\/api.w.org\/{rel}","templated":true}]}}