{"id":3270,"date":"2022-06-17T15:25:12","date_gmt":"2022-06-17T13:25:12","guid":{"rendered":"https:\/\/camping-lac-seigneurie.com\/camping-belfort\/"},"modified":"2022-06-24T13:50:32","modified_gmt":"2022-06-24T11:50:32","slug":"campingplatz-belfort","status":"publish","type":"page","link":"https:\/\/camping-lac-seigneurie.com\/de\/campingplatz-belfort\/","title":{"rendered":"Belfort"},"content":{"rendered":"<section id=\"ls-section-block_626020254a858\" class=\"ls-section  page-one has-p-t p-t-8 has-p-b p-b-14\" >\n        <div class=\"container container--wide\">\n        \n\n<div class=\"wp-block-columns is-layout-flex wp-container-core-columns-is-layout-9d6595d7 wp-block-columns-is-layout-flex\">\n<div class=\"wp-block-column is-vertically-aligned-top animated fadeInLeft delay-200ms is-layout-flow wp-block-column-is-layout-flow\">\n<figure class=\"wp-block-image size-full\"><a href=\"https:\/\/camping-lac-seigneurie.com\/wp-content\/uploads\/2022\/06\/belfort-vacances-visite.jpg\"><img loading=\"lazy\" decoding=\"async\" width=\"700\" height=\"466\" src=\"https:\/\/camping-lac-seigneurie.com\/wp-content\/uploads\/2022\/06\/belfort-vacances-visite.jpg\" alt=\"belfort vacances visite\" class=\"wp-image-2958\" srcset=\"https:\/\/camping-lac-seigneurie.com\/wp-content\/uploads\/2022\/06\/belfort-vacances-visite.jpg 700w, https:\/\/camping-lac-seigneurie.com\/wp-content\/uploads\/2022\/06\/belfort-vacances-visite-300x200.jpg 300w\" sizes=\"auto, (max-width: 700px) 100vw, 700px\" \/><\/a><\/figure>\n\n\n\n<figure class=\"wp-block-image size-full\"><a href=\"https:\/\/camping-lac-seigneurie.com\/wp-content\/uploads\/2022\/06\/tourisme-a-belfort.jpg\"><img loading=\"lazy\" decoding=\"async\" width=\"700\" height=\"466\" src=\"https:\/\/camping-lac-seigneurie.com\/wp-content\/uploads\/2022\/06\/tourisme-a-belfort.jpg\" alt=\"tourisme a belfort\" class=\"wp-image-2966\" srcset=\"https:\/\/camping-lac-seigneurie.com\/wp-content\/uploads\/2022\/06\/tourisme-a-belfort.jpg 700w, https:\/\/camping-lac-seigneurie.com\/wp-content\/uploads\/2022\/06\/tourisme-a-belfort-300x200.jpg 300w\" sizes=\"auto, (max-width: 700px) 100vw, 700px\" \/><\/a><\/figure>\n<\/div>\n\n\n\n<div class=\"wp-block-column is-vertically-aligned-center is-layout-flow wp-block-column-is-layout-flow\">\n<h1 class=\"ls-heading wp-block-heading\">Entdecken Sie den Campingplatz 30 Minuten von Belfort entfernt<\/h1>\n\n\n\n<p class=\"ls-paragraph\">Am Fu\u00dfe der Vogesen, an den Toren der Regionen Elsass und Franche-Comt\u00e9, bietet der <a href=\"\/de\/\">Campingplatz Belfort de la Seigneurie<\/a> eine Landschaft von hoher Qualit\u00e4t: eine bewaldete Region, die von zahlreichen Teichen durchzogen ist, in der die Naturr\u00e4ume vorherrschen.<\/p>\n\n\n\n<p class=\"ls-paragraph\">Hier finden Sie einen 3-Sterne-Campingplatz, der in einer wundersch\u00f6nen, friedlichen Umgebung eingebettet ist und auf dem Sie Ihren Urlaub mit der Familie, zu zweit oder mit Freunden verbringen k\u00f6nnen! Der mit dem Flower-Camping-Label ausgezeichnete Campingplatz Lac Seigneurie bietet Ihnen die belebende Luft der Natur in Belfort, wo Sie in aller Ruhe die Freuden der Natur auskosten k\u00f6nnen.<\/p>\n\n\n\n<p class=\"ls-paragraph\">Ruhe und Frieden herrschen in diesem Familienbetrieb am Fu\u00dfe der Vogesen. Ein idealer Ausgangspunkt f\u00fcr Aktivit\u00e4ten in der Natur, aber auch f\u00fcr kulturelle und gastronomische Besichtigungen. Lassen Sie sich zu den Sehensw\u00fcrdigkeiten von Burgund Franche-Comt\u00e9 und dem Elsass f\u00fchren, machen Sie eine Fahrt auf dem Rhein, entdecken Sie Belfort, seine Zitadelle und seine Altstadt.<\/p>\n<\/div>\n<\/div>\n\n\n    <\/div>\n<\/section>\n\n<section id=\"ls-section-block_6261422f8a71c\" class=\"ls-section  page-three has-background has-color-6-background-color has-p-t p-t-14 has-p-b p-b-14\" >\n        <div class=\"container container--wide\">\n        \n\n<div class=\"wp-block-columns is-layout-flex wp-container-core-columns-is-layout-9d6595d7 wp-block-columns-is-layout-flex\">\n<div class=\"wp-block-column animated fadeInUp delay-200ms is-layout-flow wp-block-column-is-layout-flow\">\n<figure class=\"wp-block-image size-full\"><a href=\"https:\/\/camping-lac-seigneurie.com\/wp-content\/uploads\/2022\/06\/belfort-camping-tourisme.jpg\"><img loading=\"lazy\" decoding=\"async\" width=\"700\" height=\"466\" src=\"https:\/\/camping-lac-seigneurie.com\/wp-content\/uploads\/2022\/06\/belfort-camping-tourisme.jpg\" alt=\"belfort camping tourisme\" class=\"wp-image-2954\" srcset=\"https:\/\/camping-lac-seigneurie.com\/wp-content\/uploads\/2022\/06\/belfort-camping-tourisme.jpg 700w, https:\/\/camping-lac-seigneurie.com\/wp-content\/uploads\/2022\/06\/belfort-camping-tourisme-300x200.jpg 300w\" sizes=\"auto, (max-width: 700px) 100vw, 700px\" \/><\/a><\/figure>\n\n\n\n<h2 class=\"ls__heading has-text-align-center wp-block-heading\">VOM ZELTPLATZ NACH BELFORT FAHREN<\/h2>\n\n\n\n<p class=\"ls-paragraph\">Der mit 3 Sternen ausgezeichnete Campingplatz in Franche Comte du lac de la Seigneurie empf\u00e4ngt Sie im Departement Territoire de Belfort.<\/p>\n\n\n\n<p class=\"ls-paragraph\">Die Entfernung zwischen dem Campingplatz und Belfort wird auf 15 Kilometer gesch\u00e4tzt, was einer Fahrzeit von etwa 19 Minuten entspricht. Wenn Sie mit dem Fahrrad unterwegs sind, wird die Entfernung auf 18,12 Kilometer gesch\u00e4tzt.<\/p>\n<\/div>\n\n\n\n<div class=\"wp-block-column animated fadeInUp delay-200ms is-layout-flow wp-block-column-is-layout-flow\">\n<figure class=\"wp-block-image size-full\"><a href=\"https:\/\/camping-lac-seigneurie.com\/wp-content\/uploads\/2022\/06\/grand-hotel-de-belfort.jpg\"><img loading=\"lazy\" decoding=\"async\" width=\"700\" height=\"466\" src=\"https:\/\/camping-lac-seigneurie.com\/wp-content\/uploads\/2022\/06\/grand-hotel-de-belfort.jpg\" alt=\"grand hotel de belfort\" class=\"wp-image-2962\" srcset=\"https:\/\/camping-lac-seigneurie.com\/wp-content\/uploads\/2022\/06\/grand-hotel-de-belfort.jpg 700w, https:\/\/camping-lac-seigneurie.com\/wp-content\/uploads\/2022\/06\/grand-hotel-de-belfort-300x200.jpg 300w\" sizes=\"auto, (max-width: 700px) 100vw, 700px\" \/><\/a><\/figure>\n\n\n\n<h2 class=\"ls__heading has-text-align-center wp-block-heading\">DIE FERIENVERMIETUNGEN AUF DEM CAMPINGPLATZ BELFORT<\/h2>\n\n\n\n<p class=\"ls-paragraph\">Entdecken Sie f\u00fcr Ihren Campingurlaub im Departement Territoire de Belfort in der Region Franche-Comt\u00e9 diesen 3-Sterne-Campingplatz zwischen Belfort und Mulhouse in der N\u00e4he von Masevaux, der Ihnen Stellpl\u00e4tze f\u00fcr Wohnmobile und Wohnwagen, aber auch Ferienunterk\u00fcnfte Belfort anbietet. Auf dem Campingplatz Belfort du Lac Seigneurie erleben Sie Ihren Urlaub ganz nach Ihren W\u00fcnschen: Mobilheime, Wohnmobile und Chalets stehen zur Vermietung bereit. Sie k\u00f6nnen ein voll ausgestattetes Chalet oder ein Mobilheim mieten, das das Konzept des Campingplatzes mit Komfort und Qualit\u00e4t verbindet.<\/p>\n<\/div>\n<\/div>\n\n\n    <\/div>\n<\/section>\n\n<section id=\"ls-section-block_626144428a71d\" class=\"ls-section  page-four has-p-t p-t-14 has-p-b p-b-14\" >\n        <div class=\"container container--wide\">\n        \n\n<div class=\"wp-block-columns is-layout-flex wp-container-core-columns-is-layout-9d6595d7 wp-block-columns-is-layout-flex\">\n<div class=\"wp-block-column is-layout-flow wp-block-column-is-layout-flow\" style=\"flex-basis:100%\">\n<div class=\"wp-block-columns is-layout-flex wp-container-core-columns-is-layout-9d6595d7 wp-block-columns-is-layout-flex\">\n<div class=\"wp-block-column is-vertically-aligned-center is-layout-flow wp-block-column-is-layout-flow\" style=\"flex-basis:30%\">\n<h2 class=\"ls-heading wp-block-heading\"><strong>WAS KANN MAN W\u00c4HREND SEINES AUFENTHALTS IN BELFORT BESICHTIGEN?<\/strong><\/h2>\n\n\n\n<p class=\"ls-paragraph\">Belfort ist eine Stadt auf einem Plateau zwischen dem Juragebirge im S\u00fcden und den Vogesen im Norden in der Region Franche-Comt\u00e9. Die Hauptstadt des Departements Territoire de Belfort ist voller interessanter Dinge, die es zu sehen gibt, vor allem rund um das historische Zentrum. Das bemerkenswerteste Bauwerk, das die Stadt \u00fcberragt, ist die Zitadelle von Belfort. Ob Geschichtsbegeisterte oder einfach nur Neugierige, entdecken Sie alle Geheimnisse dieser Zitadelle und bewundern Sie die gesamte Festung sowie die Stadt und ihre Umgebung von der Aussichtsterrasse aus. Am Fu\u00dfe der Zitadelle thront der ber\u00fchmte L\u00f6we von Bartholdi. Er wurde 1880 von Fr\u00e9d\u00e9ric Auguste Bartholdi geschaffen und ist ein Symbol f\u00fcr die Freiheit und den Widerstand der Belforter Truppen gegen die preu\u00dfische Armee. Heute ist er das Wahrzeichen der Stadt Belfort. In der Altstadt treffen Sie auch auf einige interessante und attraktive Geb\u00e4ude, die oft in dekorativen Farben gestrichen sind, aber auch auf die gro\u00dfen \u00f6ffentlichen Pl\u00e4tze mit Caf\u00e9s und Bars und einer guten Auswahl an Gesch\u00e4ften. Verweilen Sie vor den Geb\u00e4uden und anderen Denkm\u00e4lern, die die Geschichte Belforts pr\u00e4gen, wie z. B. die Porte de Brisach, der Place des Bourgeois, die Festungsanlagen von Vauban usw. Die Stadt Belfort hat auch eine gute Auswahl an Museen, die vor allem mit der lokalen Geschichte und der Kunst verbunden sind. Das Museum of Modern Art zeigt Werke von namhaften modernen Malern wie Picasso, Braque und L\u00e9ger. G\u00f6nnen Sie sich zum Abschluss eine Schlemmerpause in einem der vielen Restaurants und probieren Sie die Frankfurter K\u00fcche.<\/p>\n<\/div>\n\n\n\n<div class=\"wp-block-column animated fadeInRight delay-200ms is-layout-flow wp-block-column-is-layout-flow\" style=\"flex-basis:70%\"><div class=\"wp-block-image\">\n<figure class=\"alignright size-full\"><a href=\"https:\/\/camping-lac-seigneurie.com\/wp-content\/uploads\/2022\/06\/camping-belfort-tourisme.jpg\"><img loading=\"lazy\" decoding=\"async\" width=\"800\" height=\"560\" src=\"https:\/\/camping-lac-seigneurie.com\/wp-content\/uploads\/2022\/06\/camping-belfort-tourisme.jpg\" alt=\"camping belfort tourisme\" class=\"wp-image-3016\" srcset=\"https:\/\/camping-lac-seigneurie.com\/wp-content\/uploads\/2022\/06\/camping-belfort-tourisme.jpg 800w, https:\/\/camping-lac-seigneurie.com\/wp-content\/uploads\/2022\/06\/camping-belfort-tourisme-300x210.jpg 300w, https:\/\/camping-lac-seigneurie.com\/wp-content\/uploads\/2022\/06\/camping-belfort-tourisme-768x538.jpg 768w\" sizes=\"auto, (max-width: 800px) 100vw, 800px\" \/><\/a><\/figure>\n<\/div>\n\n<div class=\"wp-block-image\">\n<figure class=\"alignright size-full\"><img loading=\"lazy\" decoding=\"async\" width=\"800\" height=\"560\" src=\"https:\/\/camping-lac-seigneurie.com\/wp-content\/uploads\/2022\/06\/belfort-centre-ville-visites-1.jpg\" alt=\"belfort centre ville visites\" class=\"wp-image-3024\" srcset=\"https:\/\/camping-lac-seigneurie.com\/wp-content\/uploads\/2022\/06\/belfort-centre-ville-visites-1.jpg 800w, https:\/\/camping-lac-seigneurie.com\/wp-content\/uploads\/2022\/06\/belfort-centre-ville-visites-1-300x210.jpg 300w, https:\/\/camping-lac-seigneurie.com\/wp-content\/uploads\/2022\/06\/belfort-centre-ville-visites-1-768x538.jpg 768w\" sizes=\"auto, (max-width: 800px) 100vw, 800px\" \/><\/figure>\n<\/div><\/div>\n<\/div>\n<\/div>\n<\/div>\n\n\n    <\/div>\n<\/section>\n\n<section id=\"ls-section-block_626146cd8a721\" class=\"ls-section  has-p-b p-b-14\" >\n        <div class=\"container container--wide\">\n        \n\n<div id=\"ls-heading ls-titre-div-block_626146de8a722\" class=\"ls-titre-div aligncenter h2-like\" >\n    Entdecken Sie die Franche-Comt\u00e9, das Elsass und die Stadt Mulhouse<\/div>\n\n\n<div id=\"ls-maillage-block_626147008a723\" class=\"ls-maillage cta-style-normal\" data-rows=\"3\">\n    <div class=\"wp-block-columns\"><div class=\"wp-block-column\">\n\n<a href=\"https:\/\/camping-lac-seigneurie.com\/de\/campingplatz-alsace\/\" target=\"\" rel=\"noopener\" class=\"ls-cta__link\">\n\n\t<div class=\"ls-cta__image\"><img decoding=\"async\" src=\"https:\/\/camping-lac-seigneurie.com\/wp-content\/uploads\/2022\/06\/tourisme-alsace-vacances-camping.jpg\" alt=\"tourisme alsace vacances camping\"><\/div>\n\t<div class=\"ls-cta__title animated fadeIn slow delay-400ms\">\n\t\tAlsace\t<\/div>\n\n\t\t\n<\/a><\/div><div class=\"wp-block-column\">\n\n<a href=\"https:\/\/camping-lac-seigneurie.com\/de\/campingplatz-mulhouse\/\" target=\"\" rel=\"noopener\" class=\"ls-cta__link\">\n\n\t<div class=\"ls-cta__image\"><img decoding=\"async\" src=\"https:\/\/camping-lac-seigneurie.com\/wp-content\/uploads\/2022\/06\/tourisme-a-mulhouse.jpg\" alt=\"tourisme a mulhouse\"><\/div>\n\t<div class=\"ls-cta__title animated fadeIn slow delay-400ms\">\n\t\tMulhouse\t<\/div>\n\n\t\t\n<\/a><\/div><div class=\"wp-block-column\">\n\n<a href=\"https:\/\/camping-lac-seigneurie.com\/de\/campingplatz-gebiet-belfort\/\" target=\"\" rel=\"noopener\" class=\"ls-cta__link\">\n\n\t<div class=\"ls-cta__image\"><img decoding=\"async\" src=\"https:\/\/camping-lac-seigneurie.com\/wp-content\/uploads\/2022\/05\/lion-de-belfort-territoire-de-belfort.jpg\" alt=\"lion de belfort territoire de belfort\"><\/div>\n\t<div class=\"ls-cta__title animated fadeIn slow delay-400ms\">\n\t\tBelfort-Territorium\t<\/div>\n\n\t\t\n<\/a><\/div><\/div><\/div>\n\n    <\/div>\n<\/section>","protected":false},"excerpt":{"rendered":"","protected":false},"author":1,"featured_media":2950,"parent":0,"menu_order":0,"comment_status":"closed","ping_status":"closed","template":"","meta":{"_acf_changed":false,"footnotes":""},"sujet":[],"class_list":["post-3270","page","type-page","status-publish","has-post-thumbnail","hentry"],"acf":[],"yoast_head":"<!-- This site is optimized with the Yoast SEO plugin v25.3 - https:\/\/yoast.com\/wordpress\/plugins\/seo\/ -->\n<title>Campingplatz Belfort |\u00a0Campingplatz Lac de Seigneurie<\/title>\n<meta name=\"description\" content=\"Haben Sie Lust, Ihren Urlaub in den Vogesen zu verbringen? Mieten Sie ein Mobilheim mit allem Komfort auf dem Campingplatz La Rivi\u00e8re, der 30 Minuten von Belfort entfernt liegt.\" \/>\n<meta name=\"robots\" content=\"index, follow, max-snippet:-1, max-image-preview:large, max-video-preview:-1\" \/>\n<link rel=\"canonical\" href=\"https:\/\/camping-lac-seigneurie.com\/de\/campingplatz-belfort\/\" \/>\n<meta property=\"og:locale\" content=\"de_DE\" \/>\n<meta property=\"og:type\" content=\"article\" \/>\n<meta property=\"og:title\" content=\"Campingplatz Belfort |\u00a0Campingplatz Lac de Seigneurie\" \/>\n<meta property=\"og:description\" content=\"Haben Sie Lust, Ihren Urlaub in den Vogesen zu verbringen? Mieten Sie ein Mobilheim mit allem Komfort auf dem Campingplatz La Rivi\u00e8re, der 30 Minuten von Belfort entfernt liegt.\" \/>\n<meta property=\"og:url\" content=\"https:\/\/camping-lac-seigneurie.com\/de\/campingplatz-belfort\/\" \/>\n<meta property=\"og:site_name\" content=\"Camping du Lac de la Seigneurie\" \/>\n<meta property=\"article:modified_time\" content=\"2022-06-24T11:50:32+00:00\" \/>\n<meta property=\"og:image\" content=\"https:\/\/camping-lac-seigneurie.com\/wp-content\/uploads\/2022\/06\/ville-de-belfort-tourisme.jpg\" \/>\n\t<meta property=\"og:image:width\" content=\"1903\" \/>\n\t<meta property=\"og:image:height\" content=\"650\" \/>\n\t<meta property=\"og:image:type\" content=\"image\/jpeg\" \/>\n<meta name=\"twitter:card\" content=\"summary_large_image\" \/>\n<meta name=\"twitter:label1\" content=\"Gesch\u00e4tzte Lesezeit\" \/>\n\t<meta name=\"twitter:data1\" content=\"5\u00a0Minuten\" \/>\n<script type=\"application\/ld+json\" class=\"yoast-schema-graph\">{\"@context\":\"https:\/\/schema.org\",\"@graph\":[{\"@type\":\"WebPage\",\"@id\":\"https:\/\/camping-lac-seigneurie.com\/de\/campingplatz-belfort\/\",\"url\":\"https:\/\/camping-lac-seigneurie.com\/de\/campingplatz-belfort\/\",\"name\":\"Campingplatz Belfort |\u00a0Campingplatz Lac de Seigneurie\",\"isPartOf\":{\"@id\":\"https:\/\/camping-lac-seigneurie.com\/de\/#website\"},\"primaryImageOfPage\":{\"@id\":\"https:\/\/camping-lac-seigneurie.com\/de\/campingplatz-belfort\/#primaryimage\"},\"image\":{\"@id\":\"https:\/\/camping-lac-seigneurie.com\/de\/campingplatz-belfort\/#primaryimage\"},\"thumbnailUrl\":\"https:\/\/camping-lac-seigneurie.com\/wp-content\/uploads\/2022\/06\/ville-de-belfort-tourisme.jpg\",\"datePublished\":\"2022-06-17T13:25:12+00:00\",\"dateModified\":\"2022-06-24T11:50:32+00:00\",\"description\":\"Haben Sie Lust, Ihren Urlaub in den Vogesen zu verbringen? Mieten Sie ein Mobilheim mit allem Komfort auf dem Campingplatz La Rivi\u00e8re, der 30 Minuten von Belfort entfernt liegt.\",\"breadcrumb\":{\"@id\":\"https:\/\/camping-lac-seigneurie.com\/de\/campingplatz-belfort\/#breadcrumb\"},\"inLanguage\":\"de\",\"potentialAction\":[{\"@type\":\"ReadAction\",\"target\":[\"https:\/\/camping-lac-seigneurie.com\/de\/campingplatz-belfort\/\"]}]},{\"@type\":\"ImageObject\",\"inLanguage\":\"de\",\"@id\":\"https:\/\/camping-lac-seigneurie.com\/de\/campingplatz-belfort\/#primaryimage\",\"url\":\"https:\/\/camping-lac-seigneurie.com\/wp-content\/uploads\/2022\/06\/ville-de-belfort-tourisme.jpg\",\"contentUrl\":\"https:\/\/camping-lac-seigneurie.com\/wp-content\/uploads\/2022\/06\/ville-de-belfort-tourisme.jpg\",\"width\":1903,\"height\":650,\"caption\":\"ville de belfort tourisme\"},{\"@type\":\"BreadcrumbList\",\"@id\":\"https:\/\/camping-lac-seigneurie.com\/de\/campingplatz-belfort\/#breadcrumb\",\"itemListElement\":[{\"@type\":\"ListItem\",\"position\":1,\"name\":\"Camping Franche-Comt\u00e9\",\"item\":\"https:\/\/camping-lac-seigneurie.com\/de\/\"},{\"@type\":\"ListItem\",\"position\":2,\"name\":\"Tourismus und Camping in Belfort\"}]},{\"@type\":\"WebSite\",\"@id\":\"https:\/\/camping-lac-seigneurie.com\/de\/#website\",\"url\":\"https:\/\/camping-lac-seigneurie.com\/de\/\",\"name\":\"Camping du Lac de la Seigneurie\",\"description\":\"\",\"publisher\":{\"@id\":\"https:\/\/camping-lac-seigneurie.com\/de\/#organization\"},\"potentialAction\":[{\"@type\":\"SearchAction\",\"target\":{\"@type\":\"EntryPoint\",\"urlTemplate\":\"https:\/\/camping-lac-seigneurie.com\/de\/?s={search_term_string}\"},\"query-input\":{\"@type\":\"PropertyValueSpecification\",\"valueRequired\":true,\"valueName\":\"search_term_string\"}}],\"inLanguage\":\"de\"},{\"@type\":\"Organization\",\"@id\":\"https:\/\/camping-lac-seigneurie.com\/de\/#organization\",\"name\":\"Camping Lac de la Seigneurie\",\"url\":\"https:\/\/camping-lac-seigneurie.com\/de\/\",\"logo\":{\"@type\":\"ImageObject\",\"inLanguage\":\"de\",\"@id\":\"https:\/\/camping-lac-seigneurie.com\/de\/#\/schema\/logo\/image\/\",\"url\":\"https:\/\/camping-lac-seigneurie.com\/wp-content\/uploads\/2022\/07\/lac-de-la-seigneurie-logo-fond-blanc.jpg\",\"contentUrl\":\"https:\/\/camping-lac-seigneurie.com\/wp-content\/uploads\/2022\/07\/lac-de-la-seigneurie-logo-fond-blanc.jpg\",\"width\":800,\"height\":325,\"caption\":\"Camping Lac de la Seigneurie\"},\"image\":{\"@id\":\"https:\/\/camping-lac-seigneurie.com\/de\/#\/schema\/logo\/image\/\"}}]}<\/script>\n<!-- \/ Yoast SEO plugin. -->","yoast_head_json":{"title":"Campingplatz Belfort |\u00a0Campingplatz Lac de Seigneurie","description":"Haben Sie Lust, Ihren Urlaub in den Vogesen zu verbringen? Mieten Sie ein Mobilheim mit allem Komfort auf dem Campingplatz La Rivi\u00e8re, der 30 Minuten von Belfort entfernt liegt.","robots":{"index":"index","follow":"follow","max-snippet":"max-snippet:-1","max-image-preview":"max-image-preview:large","max-video-preview":"max-video-preview:-1"},"canonical":"https:\/\/camping-lac-seigneurie.com\/de\/campingplatz-belfort\/","og_locale":"de_DE","og_type":"article","og_title":"Campingplatz Belfort |\u00a0Campingplatz Lac de Seigneurie","og_description":"Haben Sie Lust, Ihren Urlaub in den Vogesen zu verbringen? Mieten Sie ein Mobilheim mit allem Komfort auf dem Campingplatz La Rivi\u00e8re, der 30 Minuten von Belfort entfernt liegt.","og_url":"https:\/\/camping-lac-seigneurie.com\/de\/campingplatz-belfort\/","og_site_name":"Camping du Lac de la Seigneurie","article_modified_time":"2022-06-24T11:50:32+00:00","og_image":[{"width":1903,"height":650,"url":"https:\/\/camping-lac-seigneurie.com\/wp-content\/uploads\/2022\/06\/ville-de-belfort-tourisme.jpg","type":"image\/jpeg"}],"twitter_card":"summary_large_image","twitter_misc":{"Gesch\u00e4tzte Lesezeit":"5\u00a0Minuten"},"schema":{"@context":"https:\/\/schema.org","@graph":[{"@type":"WebPage","@id":"https:\/\/camping-lac-seigneurie.com\/de\/campingplatz-belfort\/","url":"https:\/\/camping-lac-seigneurie.com\/de\/campingplatz-belfort\/","name":"Campingplatz Belfort |\u00a0Campingplatz Lac de Seigneurie","isPartOf":{"@id":"https:\/\/camping-lac-seigneurie.com\/de\/#website"},"primaryImageOfPage":{"@id":"https:\/\/camping-lac-seigneurie.com\/de\/campingplatz-belfort\/#primaryimage"},"image":{"@id":"https:\/\/camping-lac-seigneurie.com\/de\/campingplatz-belfort\/#primaryimage"},"thumbnailUrl":"https:\/\/camping-lac-seigneurie.com\/wp-content\/uploads\/2022\/06\/ville-de-belfort-tourisme.jpg","datePublished":"2022-06-17T13:25:12+00:00","dateModified":"2022-06-24T11:50:32+00:00","description":"Haben Sie Lust, Ihren Urlaub in den Vogesen zu verbringen? Mieten Sie ein Mobilheim mit allem Komfort auf dem Campingplatz La Rivi\u00e8re, der 30 Minuten von Belfort entfernt liegt.","breadcrumb":{"@id":"https:\/\/camping-lac-seigneurie.com\/de\/campingplatz-belfort\/#breadcrumb"},"inLanguage":"de","potentialAction":[{"@type":"ReadAction","target":["https:\/\/camping-lac-seigneurie.com\/de\/campingplatz-belfort\/"]}]},{"@type":"ImageObject","inLanguage":"de","@id":"https:\/\/camping-lac-seigneurie.com\/de\/campingplatz-belfort\/#primaryimage","url":"https:\/\/camping-lac-seigneurie.com\/wp-content\/uploads\/2022\/06\/ville-de-belfort-tourisme.jpg","contentUrl":"https:\/\/camping-lac-seigneurie.com\/wp-content\/uploads\/2022\/06\/ville-de-belfort-tourisme.jpg","width":1903,"height":650,"caption":"ville de belfort tourisme"},{"@type":"BreadcrumbList","@id":"https:\/\/camping-lac-seigneurie.com\/de\/campingplatz-belfort\/#breadcrumb","itemListElement":[{"@type":"ListItem","position":1,"name":"Camping Franche-Comt\u00e9","item":"https:\/\/camping-lac-seigneurie.com\/de\/"},{"@type":"ListItem","position":2,"name":"Tourismus und Camping in Belfort"}]},{"@type":"WebSite","@id":"https:\/\/camping-lac-seigneurie.com\/de\/#website","url":"https:\/\/camping-lac-seigneurie.com\/de\/","name":"Camping du Lac de la Seigneurie","description":"","publisher":{"@id":"https:\/\/camping-lac-seigneurie.com\/de\/#organization"},"potentialAction":[{"@type":"SearchAction","target":{"@type":"EntryPoint","urlTemplate":"https:\/\/camping-lac-seigneurie.com\/de\/?s={search_term_string}"},"query-input":{"@type":"PropertyValueSpecification","valueRequired":true,"valueName":"search_term_string"}}],"inLanguage":"de"},{"@type":"Organization","@id":"https:\/\/camping-lac-seigneurie.com\/de\/#organization","name":"Camping Lac de la Seigneurie","url":"https:\/\/camping-lac-seigneurie.com\/de\/","logo":{"@type":"ImageObject","inLanguage":"de","@id":"https:\/\/camping-lac-seigneurie.com\/de\/#\/schema\/logo\/image\/","url":"https:\/\/camping-lac-seigneurie.com\/wp-content\/uploads\/2022\/07\/lac-de-la-seigneurie-logo-fond-blanc.jpg","contentUrl":"https:\/\/camping-lac-seigneurie.com\/wp-content\/uploads\/2022\/07\/lac-de-la-seigneurie-logo-fond-blanc.jpg","width":800,"height":325,"caption":"Camping Lac de la Seigneurie"},"image":{"@id":"https:\/\/camping-lac-seigneurie.com\/de\/#\/schema\/logo\/image\/"}}]}},"_links":{"self":[{"href":"https:\/\/camping-lac-seigneurie.com\/de\/wp-json\/wp\/v2\/pages\/3270","targetHints":{"allow":["GET"]}}],"collection":[{"href":"https:\/\/camping-lac-seigneurie.com\/de\/wp-json\/wp\/v2\/pages"}],"about":[{"href":"https:\/\/camping-lac-seigneurie.com\/de\/wp-json\/wp\/v2\/types\/page"}],"author":[{"embeddable":true,"href":"https:\/\/camping-lac-seigneurie.com\/de\/wp-json\/wp\/v2\/users\/1"}],"replies":[{"embeddable":true,"href":"https:\/\/camping-lac-seigneurie.com\/de\/wp-json\/wp\/v2\/comments?post=3270"}],"version-history":[{"count":4,"href":"https:\/\/camping-lac-seigneurie.com\/de\/wp-json\/wp\/v2\/pages\/3270\/revisions"}],"predecessor-version":[{"id":3976,"href":"https:\/\/camping-lac-seigneurie.com\/de\/wp-json\/wp\/v2\/pages\/3270\/revisions\/3976"}],"wp:featuredmedia":[{"embeddable":true,"href":"https:\/\/camping-lac-seigneurie.com\/de\/wp-json\/wp\/v2\/media\/2950"}],"wp:attachment":[{"href":"https:\/\/camping-lac-seigneurie.com\/de\/wp-json\/wp\/v2\/media?parent=3270"}],"wp:term":[{"taxonomy":"sujet","embeddable":true,"href":"https:\/\/camping-lac-seigneurie.com\/de\/wp-json\/wp\/v2\/sujet?post=3270"}],"curies":[{"name":"wp","href":"https:\/\/api.w.org\/{rel}","templated":true}]}}