{"id":3291,"date":"2022-06-07T16:08:28","date_gmt":"2022-06-07T14:08:28","guid":{"rendered":"https:\/\/camping-lac-seigneurie.com\/tourisme-bourgogne-franche-comte\/"},"modified":"2022-06-20T15:40:36","modified_gmt":"2022-06-20T13:40:36","slug":"tourismus-burgund-franche-comte","status":"publish","type":"page","link":"https:\/\/camping-lac-seigneurie.com\/de\/tourismus-burgund-franche-comte\/","title":{"rendered":"Bourgogne Franche Comt\u00e9"},"content":{"rendered":"<section id=\"ls-section-block_626020254a858\" class=\"ls-section  page-one has-p-t p-t-8 has-p-b p-b-14\" >\n        <div class=\"container container--wide\">\n        \n\n<div class=\"wp-block-columns is-layout-flex wp-container-core-columns-is-layout-9d6595d7 wp-block-columns-is-layout-flex\">\n<div class=\"wp-block-column is-vertically-aligned-top animated fadeInLeft delay-200ms is-layout-flow wp-block-column-is-layout-flow\">\n<figure class=\"wp-block-image size-full\"><a href=\"https:\/\/camping-lac-seigneurie.com\/wp-content\/uploads\/2022\/06\/saucisse-de-morteau-specialite.jpg\"><img loading=\"lazy\" decoding=\"async\" width=\"700\" height=\"466\" src=\"https:\/\/camping-lac-seigneurie.com\/wp-content\/uploads\/2022\/06\/saucisse-de-morteau-specialite.jpg\" alt=\"saucisse de morteau specialite\" class=\"wp-image-2658\" srcset=\"https:\/\/camping-lac-seigneurie.com\/wp-content\/uploads\/2022\/06\/saucisse-de-morteau-specialite.jpg 700w, https:\/\/camping-lac-seigneurie.com\/wp-content\/uploads\/2022\/06\/saucisse-de-morteau-specialite-300x200.jpg 300w\" sizes=\"auto, (max-width: 700px) 100vw, 700px\" \/><\/a><\/figure>\n\n\n\n<figure class=\"wp-block-image size-full\"><a href=\"https:\/\/camping-lac-seigneurie.com\/wp-content\/uploads\/2022\/06\/comte-specialite.jpg\"><img loading=\"lazy\" decoding=\"async\" width=\"700\" height=\"466\" src=\"https:\/\/camping-lac-seigneurie.com\/wp-content\/uploads\/2022\/06\/comte-specialite.jpg\" alt=\"comte specialite\" class=\"wp-image-2652\" srcset=\"https:\/\/camping-lac-seigneurie.com\/wp-content\/uploads\/2022\/06\/comte-specialite.jpg 700w, https:\/\/camping-lac-seigneurie.com\/wp-content\/uploads\/2022\/06\/comte-specialite-300x200.jpg 300w\" sizes=\"auto, (max-width: 700px) 100vw, 700px\" \/><\/a><\/figure>\n<\/div>\n\n\n\n<div class=\"wp-block-column is-vertically-aligned-center is-layout-flow wp-block-column-is-layout-flow\">\n<h1 class=\"ls-heading wp-block-heading\">Entdecken Sie die Region Bourgogne &#8211; Franche-Comt\u00e9<\/h1>\n\n\n\n<p class=\"ls-paragraph\">Entdecken Sie die wundersch\u00f6ne Region Burgund-Franche-Comt\u00e9 mit ihren nat\u00fcrlichen, historischen, kulturellen und \u00f6nogastronomischen Reicht\u00fcmern. Dank der g\u00fcnstigen geografischen Lage des Campingplatzes in der Franche-Comt\u00e9 k\u00f6nnen Sie leicht zu den Sehensw\u00fcrdigkeiten strahlen, die Sie nicht verpassen sollten.<\/p>\n\n\n\n<h2 class=\"ls-heading wp-block-heading\"><strong><strong>Wo liegt die Franche-Comt\u00e9? Was gibt es zu sehen?\u00a0\u00a0<\/strong><\/strong><\/h2>\n\n\n\n<p class=\"ls-paragraph\">Entdecken Sie die Franche-Comt\u00e9, ihre nat\u00fcrliche Umgebung mit ihrer \u00fcppigen Vegetation, ihren zahlreichen W\u00e4ldern, ihren Weiden, ihren endlosen Panoramen und ihren malerischen D\u00f6rfern voller Charme. Lassen Sie sich von seinem historischen und gastronomischen Erbe verzaubern. Fahren Sie auf der geschmackvollen Route du Comt\u00e9, dem Star unter den in der Region hergestellten K\u00e4sesorten, und genie\u00dfen Sie die Spezialit\u00e4ten: Morbier, Morteau- und Montb\u00e9liard-Wurst, Cancoillotte, Mont d&#8217;or, Heidelbeertorte, \u2026<\/p>\n<\/div>\n<\/div>\n\n\n    <\/div>\n<\/section>\n\n<section id=\"ls-section-block_626142038a71b\" class=\"ls-section  page-two has-background-image has-parallax has-background has-color-black-background-color has-p-t p-t-14 has-p-b p-b-14\" >\n    <div class=\"ls-section__background-image opacity-50\"><img decoding=\"async\" src=\"https:\/\/camping-lac-seigneurie.com\/wp-content\/uploads\/2022\/06\/besancon-tourisme.jpg\" alt=\"besancon tourisme\"><\/div>    <div class=\"container \">\n        \n\n<div id=\"ls-heading ls-titre-div-block_62ac87b07cb8e\" class=\"ls-titre-div aligncenter h1-like\" >\n    Besuche in Burgund<\/div>\n\n\n    <\/div>\n<\/section>\n\n<section id=\"ls-section-block_6261422f8a71c\" class=\"ls-section  page-three has-p-t p-t-14 has-p-b p-b-14\" >\n        <div class=\"container container--wide\">\n        \n\n<div class=\"wp-block-columns is-layout-flex wp-container-core-columns-is-layout-9d6595d7 wp-block-columns-is-layout-flex\">\n<div class=\"wp-block-column animated fadeInUp delay-200ms is-layout-flow wp-block-column-is-layout-flow\">\n<figure class=\"wp-block-image size-full\"><a href=\"https:\/\/camping-lac-seigneurie.com\/wp-content\/uploads\/2022\/06\/citadelle-de-besancon-tourisme.jpg\"><img loading=\"lazy\" decoding=\"async\" width=\"700\" height=\"466\" src=\"https:\/\/camping-lac-seigneurie.com\/wp-content\/uploads\/2022\/06\/citadelle-de-besancon-tourisme.jpg\" alt=\"citadelle de besancon tourisme\" class=\"wp-image-2638\" srcset=\"https:\/\/camping-lac-seigneurie.com\/wp-content\/uploads\/2022\/06\/citadelle-de-besancon-tourisme.jpg 700w, https:\/\/camping-lac-seigneurie.com\/wp-content\/uploads\/2022\/06\/citadelle-de-besancon-tourisme-300x200.jpg 300w\" sizes=\"auto, (max-width: 700px) 100vw, 700px\" \/><\/a><\/figure>\n\n\n\n<h2 class=\"ls__heading has-text-align-center wp-block-heading\"><strong><strong>Unsere Top-8-Besuche in Burgund &#8211; Franche Comt\u00e9\u00a0<\/strong><\/strong><\/h2>\n\n\n\n<ul class=\"ls-list wp-block-list\"><li>Gehen Sie auf Entdeckungsreise zum Lieblingsdenkmal der Franzosen im Jahr 2020 und begegnen Sie Bartholdis L\u00f6wen und seiner Zitadelle w\u00e4hrend eines historischen Spaziergangs! Genie\u00dfen Sie einen 360\u00b0-Blick auf die Stadt Belfort und entdecken Sie au\u00dferdem ein Museum zur Geschichte von Belfort, in dem die Geschichte des Baus des L\u00f6wen von Belfort dargestellt wird.<\/li><li>In der Wassersportbasis von Malsaucy k\u00f6nnen Sie Katamaran, Kanu und Stand-up-Paddle fahren. Entspannen Sie sich am Strand von Malsaucy oder feiern Sie vier Tage lang bei den Eurock\u00e9ennes de Belfort!<\/li><li>Wir treffen uns in den Sa\u00f4noiser Vogesen, um das Plateau des Milles \u00c9tangs auf 220 km\u00b2 und einer 60 km langen Strecke zu entdecken, die mit dem Auto an 1 bis 2 Tagen bew\u00e4ltigt werden kann. Die Landschaft ist den Umweg allemal wert!<\/li><li>Besuchen Sie die Zitadelle von Besan\u00e7on, eine Festung, die seit 2018 zum UNESCO-Weltkulturerbe geh\u00f6rt, finden Sie einen zoologischen Garten, Museen, Aquarium, Vivarium, Naturalium, Noctarium und all das nur 1 Stunde und 20 Minuten von Ihrem Campingplatz entfernt!<\/li><\/ul>\n<\/div>\n\n\n\n<div class=\"wp-block-column animated fadeInUp delay-200ms is-layout-flow wp-block-column-is-layout-flow\">\n<figure class=\"wp-block-image size-full\"><a href=\"https:\/\/camping-lac-seigneurie.com\/wp-content\/uploads\/2022\/06\/dinozoo-tourisme.jpg\"><img loading=\"lazy\" decoding=\"async\" width=\"700\" height=\"466\" src=\"https:\/\/camping-lac-seigneurie.com\/wp-content\/uploads\/2022\/06\/dinozoo-tourisme.jpg\" alt=\"dinozoo tourisme\" class=\"wp-image-2632\" srcset=\"https:\/\/camping-lac-seigneurie.com\/wp-content\/uploads\/2022\/06\/dinozoo-tourisme.jpg 700w, https:\/\/camping-lac-seigneurie.com\/wp-content\/uploads\/2022\/06\/dinozoo-tourisme-300x200.jpg 300w\" sizes=\"auto, (max-width: 700px) 100vw, 700px\" \/><\/a><\/figure>\n\n\n\n<ul class=\"ls-list wp-block-list\"><li>Unternehmen Sie von Villers-le-Lac aus eine Kreuzfahrt zum Saut du Doubs zwischen der Bourgogne-Franche-Comt\u00e9 und der Schweiz. Genie\u00dfen Sie eine 1-min\u00fctige Bootsfahrt hin und zur\u00fcck, gefolgt von einem 1-st\u00fcndigen Aufenthalt, bei dem Sie den erhabenen Wasserfall des Saut du Doubs entdecken k\u00f6nnen! Abwechslung garantiert!<\/li><li>Besuchen Sie die K\u00f6nigliche Saline von Arc-et Senans, die seit 1982 zum UNESCO-Weltkulturerbe geh\u00f6rt. Hier finden Sie 4 Dauerausstellungen, ein Ledoux-Museum, eine Ausstellung &#8222;Geschichte des Salzes&#8220;, 13 Hektar G\u00e4rten, die in einem Kreisbogen angeordnet sind, ein &#8222;hausgemachtes&#8220; Restaurant, ein 3*-Hotel mit 31 Zimmern, in dem Sie die G\u00e4rten bei Sonnenuntergang genie\u00dfen k\u00f6nnen, ein Kongresszentrum und eine Buchhandlung. Die Saline wurde aus einer alten Salzmanufaktur aus dem 18. Jahrhundert erbaut. Jahrhundert. Au\u00dferdem findet hier ein Gartenfestival statt.<\/li><li>Hier finden Sie einige Vergn\u00fcgungsparks f\u00fcr die Kleinen und Ihre Kinderseele in der Region Bourgogne Franche Comt\u00e9. Im DinoZoo in Charbonni\u00e8res-les-Sapins im Departement Doubs k\u00f6nnen Sie Dinosauriern begegnen. Erleben Sie die Landschaft der Comt\u00e9 und ihre Legenden im Parc des Campaines in Accolans, ebenfalls im Doubs!<\/li><li>Die Etappe von Nevers nach Basel f\u00fchrt durch Frankreich, Deutschland und die Schweiz, nicht weit von Ihrem Flower Camping Lac de la Seigneurie entfernt, durch das Burgund, die Franche Comt\u00e9 und das Elsass.<\/li><\/ul>\n<\/div>\n<\/div>\n\n\n    <\/div>\n<\/section>\n\n<section id=\"ls-section-block_626146cd8a721\" class=\"ls-section  has-p-b p-b-14\" >\n        <div class=\"container container--wide\">\n        \n\n<div id=\"ls-heading ls-titre-div-block_626146de8a722\" class=\"ls-titre-div aligncenter h2-like\" >\n    Erfahren Sie, was Sie in Deutschland und der Schweiz unternehmen k\u00f6nnen<\/div>\n\n\n<div id=\"ls-maillage-block_626147008a723\" class=\"ls-maillage cta-style-normal\" data-rows=\"3\">\n    <div class=\"wp-block-columns\"><div class=\"wp-block-column\">\n\n<a href=\"https:\/\/camping-lac-seigneurie.com\/de\/campingplatz-in-der-nahe-deutschland\/\" target=\"\" rel=\"noopener\" class=\"ls-cta__link\">\n\n\t<div class=\"ls-cta__image\"><img decoding=\"async\" src=\"https:\/\/camping-lac-seigneurie.com\/wp-content\/uploads\/2022\/06\/tourisme-a-bad-krozingen.jpg\" alt=\"tourisme a bad krozingen\"><\/div>\n\t<div class=\"ls-cta__title animated fadeIn slow delay-400ms\">\n\t\tDeutschland\t<\/div>\n\n\t\t\n<\/a><\/div><div class=\"wp-block-column\">\n\n<a href=\"https:\/\/camping-lac-seigneurie.com\/de\/campingplatz-ballon-alsace\/\" target=\"\" rel=\"noopener\" class=\"ls-cta__link\">\n\n\t<div class=\"ls-cta__image\"><img decoding=\"async\" src=\"https:\/\/camping-lac-seigneurie.com\/wp-content\/uploads\/2022\/06\/vacances-ballon-dalsace.jpg\" alt=\"vacances ballon dalsace\"><\/div>\n\t<div class=\"ls-cta__title animated fadeIn slow delay-400ms\">\n\t\tBallon d&#8217;Alsace\t<\/div>\n\n\t\t\n<\/a><\/div><div class=\"wp-block-column\">\n\n<a href=\"https:\/\/camping-lac-seigneurie.com\/de\/campingplatz-schweiz\/\" target=\"\" rel=\"noopener\" class=\"ls-cta__link\">\n\n\t<div class=\"ls-cta__image\"><img decoding=\"async\" src=\"https:\/\/camping-lac-seigneurie.com\/wp-content\/uploads\/2022\/06\/vacances-proche-suisse.jpg\" alt=\"vacances proche suisse\"><\/div>\n\t<div class=\"ls-cta__title animated fadeIn slow delay-400ms\">\n\t\tSchweiz\t<\/div>\n\n\t\t\n<\/a><\/div><\/div><\/div>\n\n    <\/div>\n<\/section>","protected":false},"excerpt":{"rendered":"","protected":false},"author":1,"featured_media":2668,"parent":0,"menu_order":0,"comment_status":"closed","ping_status":"closed","template":"","meta":{"_acf_changed":false,"footnotes":""},"sujet":[],"class_list":["post-3291","page","type-page","status-publish","has-post-thumbnail","hentry"],"acf":[],"yoast_head":"<!-- This site is optimized with the Yoast SEO plugin v25.3 - https:\/\/yoast.com\/wordpress\/plugins\/seo\/ -->\n<title>Die Region Burgund - Franche Comt\u00e9<\/title>\n<meta name=\"robots\" content=\"index, follow, max-snippet:-1, max-image-preview:large, max-video-preview:-1\" \/>\n<link rel=\"canonical\" href=\"https:\/\/camping-lac-seigneurie.com\/de\/tourismus-burgund-franche-comte\/\" \/>\n<meta property=\"og:locale\" content=\"de_DE\" \/>\n<meta property=\"og:type\" content=\"article\" \/>\n<meta property=\"og:title\" content=\"Die Region Burgund - Franche Comt\u00e9\" \/>\n<meta property=\"og:url\" content=\"https:\/\/camping-lac-seigneurie.com\/de\/tourismus-burgund-franche-comte\/\" \/>\n<meta property=\"og:site_name\" content=\"Camping du Lac de la Seigneurie\" \/>\n<meta property=\"article:modified_time\" content=\"2022-06-20T13:40:36+00:00\" \/>\n<meta property=\"og:image\" content=\"https:\/\/camping-lac-seigneurie.com\/wp-content\/uploads\/2022\/06\/bourgogne-tourisme-vacances.jpg\" \/>\n\t<meta property=\"og:image:width\" content=\"1900\" \/>\n\t<meta property=\"og:image:height\" content=\"710\" \/>\n\t<meta property=\"og:image:type\" content=\"image\/jpeg\" \/>\n<meta name=\"twitter:card\" content=\"summary_large_image\" \/>\n<meta name=\"twitter:label1\" content=\"Gesch\u00e4tzte Lesezeit\" \/>\n\t<meta name=\"twitter:data1\" content=\"4\u00a0Minuten\" \/>\n<script type=\"application\/ld+json\" class=\"yoast-schema-graph\">{\"@context\":\"https:\/\/schema.org\",\"@graph\":[{\"@type\":\"WebPage\",\"@id\":\"https:\/\/camping-lac-seigneurie.com\/de\/tourismus-burgund-franche-comte\/\",\"url\":\"https:\/\/camping-lac-seigneurie.com\/de\/tourismus-burgund-franche-comte\/\",\"name\":\"Die Region Burgund - Franche Comt\u00e9\",\"isPartOf\":{\"@id\":\"https:\/\/camping-lac-seigneurie.com\/de\/#website\"},\"primaryImageOfPage\":{\"@id\":\"https:\/\/camping-lac-seigneurie.com\/de\/tourismus-burgund-franche-comte\/#primaryimage\"},\"image\":{\"@id\":\"https:\/\/camping-lac-seigneurie.com\/de\/tourismus-burgund-franche-comte\/#primaryimage\"},\"thumbnailUrl\":\"https:\/\/camping-lac-seigneurie.com\/wp-content\/uploads\/2022\/06\/bourgogne-tourisme-vacances.jpg\",\"datePublished\":\"2022-06-07T14:08:28+00:00\",\"dateModified\":\"2022-06-20T13:40:36+00:00\",\"breadcrumb\":{\"@id\":\"https:\/\/camping-lac-seigneurie.com\/de\/tourismus-burgund-franche-comte\/#breadcrumb\"},\"inLanguage\":\"de\",\"potentialAction\":[{\"@type\":\"ReadAction\",\"target\":[\"https:\/\/camping-lac-seigneurie.com\/de\/tourismus-burgund-franche-comte\/\"]}]},{\"@type\":\"ImageObject\",\"inLanguage\":\"de\",\"@id\":\"https:\/\/camping-lac-seigneurie.com\/de\/tourismus-burgund-franche-comte\/#primaryimage\",\"url\":\"https:\/\/camping-lac-seigneurie.com\/wp-content\/uploads\/2022\/06\/bourgogne-tourisme-vacances.jpg\",\"contentUrl\":\"https:\/\/camping-lac-seigneurie.com\/wp-content\/uploads\/2022\/06\/bourgogne-tourisme-vacances.jpg\",\"width\":1900,\"height\":710,\"caption\":\"bourgogne tourisme vacances\"},{\"@type\":\"BreadcrumbList\",\"@id\":\"https:\/\/camping-lac-seigneurie.com\/de\/tourismus-burgund-franche-comte\/#breadcrumb\",\"itemListElement\":[{\"@type\":\"ListItem\",\"position\":1,\"name\":\"Camping Franche-Comt\u00e9\",\"item\":\"https:\/\/camping-lac-seigneurie.com\/de\/\"},{\"@type\":\"ListItem\",\"position\":2,\"name\":\"Tourismus Burgund Franche Comt\u00e9\"}]},{\"@type\":\"WebSite\",\"@id\":\"https:\/\/camping-lac-seigneurie.com\/de\/#website\",\"url\":\"https:\/\/camping-lac-seigneurie.com\/de\/\",\"name\":\"Camping du Lac de la Seigneurie\",\"description\":\"\",\"publisher\":{\"@id\":\"https:\/\/camping-lac-seigneurie.com\/de\/#organization\"},\"potentialAction\":[{\"@type\":\"SearchAction\",\"target\":{\"@type\":\"EntryPoint\",\"urlTemplate\":\"https:\/\/camping-lac-seigneurie.com\/de\/?s={search_term_string}\"},\"query-input\":{\"@type\":\"PropertyValueSpecification\",\"valueRequired\":true,\"valueName\":\"search_term_string\"}}],\"inLanguage\":\"de\"},{\"@type\":\"Organization\",\"@id\":\"https:\/\/camping-lac-seigneurie.com\/de\/#organization\",\"name\":\"Camping Lac de la Seigneurie\",\"url\":\"https:\/\/camping-lac-seigneurie.com\/de\/\",\"logo\":{\"@type\":\"ImageObject\",\"inLanguage\":\"de\",\"@id\":\"https:\/\/camping-lac-seigneurie.com\/de\/#\/schema\/logo\/image\/\",\"url\":\"https:\/\/camping-lac-seigneurie.com\/wp-content\/uploads\/2022\/07\/lac-de-la-seigneurie-logo-fond-blanc.jpg\",\"contentUrl\":\"https:\/\/camping-lac-seigneurie.com\/wp-content\/uploads\/2022\/07\/lac-de-la-seigneurie-logo-fond-blanc.jpg\",\"width\":800,\"height\":325,\"caption\":\"Camping Lac de la Seigneurie\"},\"image\":{\"@id\":\"https:\/\/camping-lac-seigneurie.com\/de\/#\/schema\/logo\/image\/\"}}]}<\/script>\n<!-- \/ Yoast SEO plugin. -->","yoast_head_json":{"title":"Die Region Burgund - Franche Comt\u00e9","robots":{"index":"index","follow":"follow","max-snippet":"max-snippet:-1","max-image-preview":"max-image-preview:large","max-video-preview":"max-video-preview:-1"},"canonical":"https:\/\/camping-lac-seigneurie.com\/de\/tourismus-burgund-franche-comte\/","og_locale":"de_DE","og_type":"article","og_title":"Die Region Burgund - Franche Comt\u00e9","og_url":"https:\/\/camping-lac-seigneurie.com\/de\/tourismus-burgund-franche-comte\/","og_site_name":"Camping du Lac de la Seigneurie","article_modified_time":"2022-06-20T13:40:36+00:00","og_image":[{"width":1900,"height":710,"url":"https:\/\/camping-lac-seigneurie.com\/wp-content\/uploads\/2022\/06\/bourgogne-tourisme-vacances.jpg","type":"image\/jpeg"}],"twitter_card":"summary_large_image","twitter_misc":{"Gesch\u00e4tzte Lesezeit":"4\u00a0Minuten"},"schema":{"@context":"https:\/\/schema.org","@graph":[{"@type":"WebPage","@id":"https:\/\/camping-lac-seigneurie.com\/de\/tourismus-burgund-franche-comte\/","url":"https:\/\/camping-lac-seigneurie.com\/de\/tourismus-burgund-franche-comte\/","name":"Die Region Burgund - Franche Comt\u00e9","isPartOf":{"@id":"https:\/\/camping-lac-seigneurie.com\/de\/#website"},"primaryImageOfPage":{"@id":"https:\/\/camping-lac-seigneurie.com\/de\/tourismus-burgund-franche-comte\/#primaryimage"},"image":{"@id":"https:\/\/camping-lac-seigneurie.com\/de\/tourismus-burgund-franche-comte\/#primaryimage"},"thumbnailUrl":"https:\/\/camping-lac-seigneurie.com\/wp-content\/uploads\/2022\/06\/bourgogne-tourisme-vacances.jpg","datePublished":"2022-06-07T14:08:28+00:00","dateModified":"2022-06-20T13:40:36+00:00","breadcrumb":{"@id":"https:\/\/camping-lac-seigneurie.com\/de\/tourismus-burgund-franche-comte\/#breadcrumb"},"inLanguage":"de","potentialAction":[{"@type":"ReadAction","target":["https:\/\/camping-lac-seigneurie.com\/de\/tourismus-burgund-franche-comte\/"]}]},{"@type":"ImageObject","inLanguage":"de","@id":"https:\/\/camping-lac-seigneurie.com\/de\/tourismus-burgund-franche-comte\/#primaryimage","url":"https:\/\/camping-lac-seigneurie.com\/wp-content\/uploads\/2022\/06\/bourgogne-tourisme-vacances.jpg","contentUrl":"https:\/\/camping-lac-seigneurie.com\/wp-content\/uploads\/2022\/06\/bourgogne-tourisme-vacances.jpg","width":1900,"height":710,"caption":"bourgogne tourisme vacances"},{"@type":"BreadcrumbList","@id":"https:\/\/camping-lac-seigneurie.com\/de\/tourismus-burgund-franche-comte\/#breadcrumb","itemListElement":[{"@type":"ListItem","position":1,"name":"Camping Franche-Comt\u00e9","item":"https:\/\/camping-lac-seigneurie.com\/de\/"},{"@type":"ListItem","position":2,"name":"Tourismus Burgund Franche Comt\u00e9"}]},{"@type":"WebSite","@id":"https:\/\/camping-lac-seigneurie.com\/de\/#website","url":"https:\/\/camping-lac-seigneurie.com\/de\/","name":"Camping du Lac de la Seigneurie","description":"","publisher":{"@id":"https:\/\/camping-lac-seigneurie.com\/de\/#organization"},"potentialAction":[{"@type":"SearchAction","target":{"@type":"EntryPoint","urlTemplate":"https:\/\/camping-lac-seigneurie.com\/de\/?s={search_term_string}"},"query-input":{"@type":"PropertyValueSpecification","valueRequired":true,"valueName":"search_term_string"}}],"inLanguage":"de"},{"@type":"Organization","@id":"https:\/\/camping-lac-seigneurie.com\/de\/#organization","name":"Camping Lac de la Seigneurie","url":"https:\/\/camping-lac-seigneurie.com\/de\/","logo":{"@type":"ImageObject","inLanguage":"de","@id":"https:\/\/camping-lac-seigneurie.com\/de\/#\/schema\/logo\/image\/","url":"https:\/\/camping-lac-seigneurie.com\/wp-content\/uploads\/2022\/07\/lac-de-la-seigneurie-logo-fond-blanc.jpg","contentUrl":"https:\/\/camping-lac-seigneurie.com\/wp-content\/uploads\/2022\/07\/lac-de-la-seigneurie-logo-fond-blanc.jpg","width":800,"height":325,"caption":"Camping Lac de la Seigneurie"},"image":{"@id":"https:\/\/camping-lac-seigneurie.com\/de\/#\/schema\/logo\/image\/"}}]}},"_links":{"self":[{"href":"https:\/\/camping-lac-seigneurie.com\/de\/wp-json\/wp\/v2\/pages\/3291","targetHints":{"allow":["GET"]}}],"collection":[{"href":"https:\/\/camping-lac-seigneurie.com\/de\/wp-json\/wp\/v2\/pages"}],"about":[{"href":"https:\/\/camping-lac-seigneurie.com\/de\/wp-json\/wp\/v2\/types\/page"}],"author":[{"embeddable":true,"href":"https:\/\/camping-lac-seigneurie.com\/de\/wp-json\/wp\/v2\/users\/1"}],"replies":[{"embeddable":true,"href":"https:\/\/camping-lac-seigneurie.com\/de\/wp-json\/wp\/v2\/comments?post=3291"}],"version-history":[{"count":3,"href":"https:\/\/camping-lac-seigneurie.com\/de\/wp-json\/wp\/v2\/pages\/3291\/revisions"}],"predecessor-version":[{"id":3310,"href":"https:\/\/camping-lac-seigneurie.com\/de\/wp-json\/wp\/v2\/pages\/3291\/revisions\/3310"}],"wp:featuredmedia":[{"embeddable":true,"href":"https:\/\/camping-lac-seigneurie.com\/de\/wp-json\/wp\/v2\/media\/2668"}],"wp:attachment":[{"href":"https:\/\/camping-lac-seigneurie.com\/de\/wp-json\/wp\/v2\/media?parent=3291"}],"wp:term":[{"taxonomy":"sujet","embeddable":true,"href":"https:\/\/camping-lac-seigneurie.com\/de\/wp-json\/wp\/v2\/sujet?post=3291"}],"curies":[{"name":"wp","href":"https:\/\/api.w.org\/{rel}","templated":true}]}}