{"id":3368,"date":"2022-05-11T11:13:25","date_gmt":"2022-05-11T09:13:25","guid":{"rendered":"https:\/\/camping-lac-seigneurie.com\/camping-vosges\/"},"modified":"2022-06-20T16:43:23","modified_gmt":"2022-06-20T14:43:23","slug":"campingplatz-vosges","status":"publish","type":"page","link":"https:\/\/camping-lac-seigneurie.com\/de\/campingplatz-vosges\/","title":{"rendered":"Massif des Vosges"},"content":{"rendered":"<section id=\"ls-section-block_626020254a858\" class=\"ls-section  page-one has-p-t p-t-8 has-p-b p-b-14\" >\n        <div class=\"container container--wide\">\n        \n\n<div class=\"wp-block-columns is-layout-flex wp-container-core-columns-is-layout-9d6595d7 wp-block-columns-is-layout-flex\">\n<div class=\"wp-block-column is-vertically-aligned-top animated fadeInLeft delay-200ms is-layout-flow wp-block-column-is-layout-flow\">\n<figure class=\"wp-block-image size-full\"><a href=\"https:\/\/camping-lac-seigneurie.com\/wp-content\/uploads\/2022\/06\/massif-des-vosges-vacances.jpg\"><img loading=\"lazy\" decoding=\"async\" width=\"700\" height=\"466\" src=\"https:\/\/camping-lac-seigneurie.com\/wp-content\/uploads\/2022\/06\/massif-des-vosges-vacances.jpg\" alt=\"massif des vosges vacances\" class=\"wp-image-2507\" srcset=\"https:\/\/camping-lac-seigneurie.com\/wp-content\/uploads\/2022\/06\/massif-des-vosges-vacances.jpg 700w, https:\/\/camping-lac-seigneurie.com\/wp-content\/uploads\/2022\/06\/massif-des-vosges-vacances-300x200.jpg 300w\" sizes=\"auto, (max-width: 700px) 100vw, 700px\" \/><\/a><\/figure>\n\n\n\n<figure class=\"wp-block-image size-full\"><a href=\"https:\/\/camping-lac-seigneurie.com\/wp-content\/uploads\/2022\/06\/vache-massif-des-vosges.jpg\"><img loading=\"lazy\" decoding=\"async\" width=\"700\" height=\"466\" src=\"https:\/\/camping-lac-seigneurie.com\/wp-content\/uploads\/2022\/06\/vache-massif-des-vosges.jpg\" alt=\"vache massif des vosges\" class=\"wp-image-2515\" srcset=\"https:\/\/camping-lac-seigneurie.com\/wp-content\/uploads\/2022\/06\/vache-massif-des-vosges.jpg 700w, https:\/\/camping-lac-seigneurie.com\/wp-content\/uploads\/2022\/06\/vache-massif-des-vosges-300x200.jpg 300w\" sizes=\"auto, (max-width: 700px) 100vw, 700px\" \/><\/a><\/figure>\n<\/div>\n\n\n\n<div class=\"wp-block-column is-vertically-aligned-center is-layout-flow wp-block-column-is-layout-flow\">\n<h1 class=\"ls-heading wp-block-heading\">Verbringen Sie Ihren Urlaub auf einem 3-Sterne-Campingplatz am Fu\u00dfe des Vogesenmassivs.<\/h1>\n\n\n\n<p class=\"ls-paragraph\">Entdecken Sie unseren ideal gelegenen Campingplatz in der Franche Comt\u00e9 am Fu\u00dfe der Vogesen und profitieren Sie von unseren Angeboten wie dem beheizten Schwimmbad, w\u00e4hrend Sie die Vogesen auf Wanderungen und an Seen entdecken. Zwischen Mobilheimen, Chalets und Stellpl\u00e4tzen f\u00fcr Wohnmobile, Zelte oder Wohnwagen verbringen Sie einen Aufenthalt an der Grenze zwischen Burgund-Franche-Comt\u00e9 und Elsass und f\u00fchlen sich in Ihrer Unterkunft wie zu Hause!<\/p>\n\n\n\n<h2 class=\"ls-heading wp-block-heading\"><strong>Entdecken Sie die Vogesen und den Regionalen Naturpark der Vogesen (Parc Naturel R\u00e9gional des Ballons des Vosges)<\/strong><\/h2>\n\n\n\n<p class=\"ls-paragraph\"><strong>Die S\u00fcdvogesen sind ein Mittelgebirge <\/strong>mit einem stark bewaldeten Massiv und bieten ein bemerkenswertes Natur- und Kulturerbe sowie symboltr\u00e4chtige Landschaften. Den<strong> Regionalen Naturpark Ballons des Vosges <\/strong>zu entdecken bedeutet, sich auf den Weg zu machen, um dieses Erbe und die Menschen, die es am Leben erhalten, kennenzulernen. Vielleicht haben Sie das Gl\u00fcck, gesch\u00fctzte Tierarten wie den Uhu, die G\u00e4mse, den Wanderfalken oder das Auerhuhn zu sehen.<\/p>\n<\/div>\n<\/div>\n\n\n    <\/div>\n<\/section>\n\n<section id=\"ls-section-block_626142038a71b\" class=\"ls-section  page-two has-background-image has-parallax has-background has-color-black-background-color has-p-t p-t-14 has-p-b p-b-14\" >\n    <div class=\"ls-section__background-image opacity-50\"><img decoding=\"async\" src=\"https:\/\/camping-lac-seigneurie.com\/wp-content\/uploads\/2022\/06\/massif-des-vosges-randonnee.jpg\" alt=\"massif des vosges randonnee\"><\/div>    <div class=\"container \">\n        \n\n<div id=\"ls-heading ls-titre-div-block_62ac87b07cb8e\" class=\"ls-titre-div aligncenter h1-like\" >\n    Wanderung Massif des Vosges<\/div>\n\n\n    <\/div>\n<\/section>\n\n<section id=\"ls-section-block_6261422f8a71c\" class=\"ls-section  page-three has-p-t p-t-14 has-p-b p-b-14\" >\n        <div class=\"container container--wide\">\n        \n\n<div class=\"wp-block-columns is-layout-flex wp-container-core-columns-is-layout-9d6595d7 wp-block-columns-is-layout-flex\">\n<div class=\"wp-block-column animated fadeInUp delay-200ms is-layout-flow wp-block-column-is-layout-flow\">\n<figure class=\"wp-block-image size-full\"><a href=\"https:\/\/camping-lac-seigneurie.com\/wp-content\/uploads\/2022\/06\/randonnee-massif-des-vosges.jpg\"><img loading=\"lazy\" decoding=\"async\" width=\"700\" height=\"466\" src=\"https:\/\/camping-lac-seigneurie.com\/wp-content\/uploads\/2022\/06\/randonnee-massif-des-vosges.jpg\" alt=\"randonnee massif des vosges\" class=\"wp-image-2511\" srcset=\"https:\/\/camping-lac-seigneurie.com\/wp-content\/uploads\/2022\/06\/randonnee-massif-des-vosges.jpg 700w, https:\/\/camping-lac-seigneurie.com\/wp-content\/uploads\/2022\/06\/randonnee-massif-des-vosges-300x200.jpg 300w\" sizes=\"auto, (max-width: 700px) 100vw, 700px\" \/><\/a><\/figure>\n\n\n\n<h2 class=\"ls__heading has-text-align-center wp-block-heading\"><strong>Sehenswerte Orte in den Vogesen<\/strong><\/h2>\n\n\n\n<p class=\"ls-paragraph has-text-align-center\">Machen Sie eine Pause und atmen Sie die frische Luft der S\u00fcdvogesen und der Hochvogesen an mehreren Orten ein, die es zu tun und zu sehen gibt! Wandern Sie auf dem legend\u00e4ren GR7 von den Vogesen zu den Pyren\u00e4en und machen Sie einen Zwischenstopp in der N\u00e4he von Belfort auf Ihrem Flower Camping Lac de la Seigneurie, Ihrem 3-Sterne-Campingplatz, wo unsere Zeltpl\u00e4tze oder Mobilheime und Chalets bereitstehen, um Sie zu empfangen.<\/p>\n\n\n\n<p class=\"ls-paragraph has-text-align-center\">Entdecken Sie die ber\u00fchmte Route des Cr\u00eates, wo Sie von Cernay \u00fcber <strong>Sainte-Marie-aux-Mines<\/strong> bis zum Dach der Vogesen, dem Hohneck, durch diese unvergesslichen und bemerkenswerten Landschaften aus der Bahn geworfen werden.<\/p>\n<\/div>\n\n\n\n<div class=\"wp-block-column animated fadeInUp delay-200ms is-layout-flow wp-block-column-is-layout-flow\">\n<figure class=\"wp-block-image size-full\"><a href=\"https:\/\/camping-lac-seigneurie.com\/wp-content\/uploads\/2022\/06\/a-voir-dans-les-vosges.jpg\"><img loading=\"lazy\" decoding=\"async\" width=\"700\" height=\"466\" src=\"https:\/\/camping-lac-seigneurie.com\/wp-content\/uploads\/2022\/06\/a-voir-dans-les-vosges.jpg\" alt=\"a voir dans les vosges\" class=\"wp-image-2558\" srcset=\"https:\/\/camping-lac-seigneurie.com\/wp-content\/uploads\/2022\/06\/a-voir-dans-les-vosges.jpg 700w, https:\/\/camping-lac-seigneurie.com\/wp-content\/uploads\/2022\/06\/a-voir-dans-les-vosges-300x200.jpg 300w\" sizes=\"auto, (max-width: 700px) 100vw, 700px\" \/><\/a><\/figure>\n\n\n\n<p class=\"ls-paragraph has-text-align-center\">73 km typische Panoramen der Vogesen, w\u00e4hrend Sie in Ihrem eigenen Tempo gehen und genie\u00dfen. Auf der anderen Seite des Ballon d&#8217;Alsace finden Sie La Planche des Belles filles, einen Wintersportort, den einzigen in der Haute-Sa\u00f4ne. Diese Hochebene wird oft als Etappenort der Tour de France in Anspruch genommen, ein unumg\u00e4nglicher Punkt und ein Spielplatz f\u00fcr Radfahrer!<\/p>\n\n\n\n<p class=\"ls-paragraph has-text-align-center\">Und das ist noch nicht alles: Erkundigen Sie sich an der Rezeption des Campingplatzes nach weiteren Informationen \u00fcber <strong>Le Thillot, den Col du Bussang, den Grand Ballon, das Plateau des Milles Etangs<\/strong>, \u2026<\/p>\n<\/div>\n<\/div>\n\n\n    <\/div>\n<\/section>\n\n<section id=\"ls-section-block_626144428a71d\" class=\"ls-section  page-four has-p-t p-t-14 has-p-b p-b-14\" >\n        <div class=\"container container--wide\">\n        \n\n<div class=\"wp-block-columns is-layout-flex wp-container-core-columns-is-layout-9d6595d7 wp-block-columns-is-layout-flex\">\n<div class=\"wp-block-column is-layout-flow wp-block-column-is-layout-flow\" style=\"flex-basis:100%\">\n<div class=\"wp-block-columns is-layout-flex wp-container-core-columns-is-layout-9d6595d7 wp-block-columns-is-layout-flex\">\n<div class=\"wp-block-column is-vertically-aligned-center is-layout-flow wp-block-column-is-layout-flow\" style=\"flex-basis:30%\">\n<h2 class=\"ls-heading wp-block-heading\"><strong>Was man in den Vogesen unternehmen kann<\/strong><\/h2>\n\n\n\n<p class=\"ls-paragraph\">Wandern oder <strong>Radfahren in den Vogesen<\/strong>: Das Vogesenmassiv ist ein traumhafter Abenteuerspielplatz, wenn Sie dem Alltag entfliehen und einfach nur wandern m\u00f6chten. Unabh\u00e4ngig von Ihrem Niveau bieten sich Ihnen zahlreiche Gebiete an: von einem gem\u00fctlichen Spaziergang, um mit der Familie das Wandern zu beginnen, bis hin zu einer technisch anspruchsvollen Wanderung mit H\u00f6henunterschieden f\u00fcr die erfahreneren Wanderer. Auf den vom Vogesenclub perfekt markierten Wegen kommt jeder auf seine Kosten.<\/p>\n<\/div>\n\n\n\n<div class=\"wp-block-column animated fadeInRight delay-200ms is-layout-flow wp-block-column-is-layout-flow\" style=\"flex-basis:70%\"><div class=\"wp-block-image\">\n<figure class=\"alignright size-full\"><a href=\"https:\/\/camping-lac-seigneurie.com\/wp-content\/uploads\/2022\/06\/randonnee-velo-vosges.jpg\"><img loading=\"lazy\" decoding=\"async\" width=\"800\" height=\"550\" src=\"https:\/\/camping-lac-seigneurie.com\/wp-content\/uploads\/2022\/06\/randonnee-velo-vosges.jpg\" alt=\"randonnee velo vosges\" class=\"wp-image-2683\" srcset=\"https:\/\/camping-lac-seigneurie.com\/wp-content\/uploads\/2022\/06\/randonnee-velo-vosges.jpg 800w, https:\/\/camping-lac-seigneurie.com\/wp-content\/uploads\/2022\/06\/randonnee-velo-vosges-300x206.jpg 300w, https:\/\/camping-lac-seigneurie.com\/wp-content\/uploads\/2022\/06\/randonnee-velo-vosges-768x528.jpg 768w\" sizes=\"auto, (max-width: 800px) 100vw, 800px\" \/><\/a><\/figure>\n<\/div><\/div>\n<\/div>\n<\/div>\n<\/div>\n\n\n    <\/div>\n<\/section>\n\n<section id=\"ls-section-block_629f3de0f80bf\" class=\"ls-section  page-three has-p-t p-t-14 has-p-b p-b-14\" >\n        <div class=\"container container--wide\">\n        \n\n<div class=\"wp-block-columns is-layout-flex wp-container-core-columns-is-layout-9d6595d7 wp-block-columns-is-layout-flex\">\n<div class=\"wp-block-column animated fadeInUp delay-200ms is-layout-flow wp-block-column-is-layout-flow\">\n<figure class=\"wp-block-image size-full\"><a href=\"https:\/\/camping-lac-seigneurie.com\/wp-content\/uploads\/2022\/06\/chalets-vosges.jpg\"><img loading=\"lazy\" decoding=\"async\" width=\"700\" height=\"466\" src=\"https:\/\/camping-lac-seigneurie.com\/wp-content\/uploads\/2022\/06\/chalets-vosges.jpg\" alt=\"chalets vosges\" class=\"wp-image-2552\" srcset=\"https:\/\/camping-lac-seigneurie.com\/wp-content\/uploads\/2022\/06\/chalets-vosges.jpg 700w, https:\/\/camping-lac-seigneurie.com\/wp-content\/uploads\/2022\/06\/chalets-vosges-300x200.jpg 300w\" sizes=\"auto, (max-width: 700px) 100vw, 700px\" \/><\/a><\/figure>\n\n\n\n<h2 class=\"ls__heading has-text-align-center wp-block-heading\"><strong><strong>Entdecken Sie unsere verschiedenen Mietunterk\u00fcnfte auf dem Campingplatz Lac de Seigneurie<\/strong><\/strong><\/h2>\n\n\n\n<p class=\"ls-paragraph has-text-align-center\">Genie\u00dfen <strong>Sie die sternenklaren N\u00e4chte in den Vogesen auf Ihrer Terrasse<\/strong> oder von Ihrem Stellplatz mitten im Wald aus:\u00a0<\/p>\n\n\n\n<ul class=\"ls-list wp-block-list\"><li>Unsere Mobilheime und Chalets sind komplett ausgestattet und verf\u00fcgen \u00fcber eine Terrasse. F\u00fcr alle unsere Camper bietet unser Flower Camping einen auf 28\u00b0 C beheizten Swimmingpool, eine Snackbar und einen Empfangspunkt, der bis 20 Uhr und im Juli\/August sogar bis 21 Uhr ge\u00f6ffnet ist.<\/li><\/ul>\n<\/div>\n\n\n\n<div class=\"wp-block-column animated fadeInUp delay-200ms is-layout-flow wp-block-column-is-layout-flow\">\n<figure class=\"wp-block-image size-full\"><a href=\"https:\/\/camping-lac-seigneurie.com\/wp-content\/uploads\/2022\/06\/emplacement-camping-vosges.jpg\"><img loading=\"lazy\" decoding=\"async\" width=\"700\" height=\"466\" src=\"https:\/\/camping-lac-seigneurie.com\/wp-content\/uploads\/2022\/06\/emplacement-camping-vosges.jpg\" alt=\"emplacement camping vosges\" class=\"wp-image-2569\" srcset=\"https:\/\/camping-lac-seigneurie.com\/wp-content\/uploads\/2022\/06\/emplacement-camping-vosges.jpg 700w, https:\/\/camping-lac-seigneurie.com\/wp-content\/uploads\/2022\/06\/emplacement-camping-vosges-300x200.jpg 300w\" sizes=\"auto, (max-width: 700px) 100vw, 700px\" \/><\/a><\/figure>\n\n\n\n<p class=\"ls-paragraph\">Unsere Mietunterk\u00fcnfte bieten Platz f\u00fcr 1 bis 6 Personen und in einigen Mietunterk\u00fcnften ist auch Ihr Haustier willkommen. Unsere Komfort- oder Premium-Chalets und unsere Komfort-Mobilheime sind mit einer K\u00fcche und einem Badezimmer ausgestattet. 1 bis 3 separate Schlafzimmer mit einem Zimmer im Zwischengeschoss in den Alpina-Chalets sorgen f\u00fcr Spa\u00df bei den j\u00fcngsten G\u00e4sten.<\/p>\n\n\n\n<ul class=\"ls-list wp-block-list\"><li>Unsere Stellpl\u00e4tze bieten Ihnen mehrere Pauschalen: von Natur bis Privileg, w\u00e4hlen Sie die Option, die am besten zu Ihnen passt! Mit oder ohne Strom!<\/li><\/ul>\n<\/div>\n<\/div>\n\n\n    <\/div>\n<\/section>\n\n<section id=\"ls-section-block_6262c1ae985bd\" class=\"ls-section  page-two has-background-image has-parallax has-background has-color-black-background-color has-p-t p-t-14 has-p-b p-b-14\" >\n    <div class=\"ls-section__background-image opacity-50\"><img decoding=\"async\" src=\"https:\/\/camping-lac-seigneurie.com\/wp-content\/uploads\/2022\/06\/massif-des-vosges-lac.jpg\" alt=\"massif des vosges lac\"><\/div>    <div class=\"container \">\n        \n\n<div id=\"ls-heading ls-titre-div-block_62ac8c0d91820\" class=\"ls-titre-div aligncenter h1-like\" >\n    Urlaub im Elsass<\/div>\n\n\n    <\/div>\n<\/section>\n\n<section id=\"ls-section-block_626146cd8a721\" class=\"ls-section  has-p-b p-b-14\" >\n        <div class=\"container container--wide\">\n        \n\n<div id=\"ls-heading ls-titre-div-block_626146de8a722\" class=\"ls-titre-div aligncenter h2-like\" >\n    Erfahren Sie, welche Aktivit\u00e4ten Sie in Ballon d&#8217;Alsace unternehmen k\u00f6nnen <\/div>\n\n\n<div id=\"ls-maillage-block_626147008a723\" class=\"ls-maillage cta-style-normal\" data-rows=\"3\">\n    <div class=\"wp-block-columns\"><div class=\"wp-block-column\">\n\n<a href=\"https:\/\/camping-lac-seigneurie.com\/de\/campingplatz-in-der-nahe-deutschland\/\" target=\"\" rel=\"noopener\" class=\"ls-cta__link\">\n\n\t<div class=\"ls-cta__image\"><img decoding=\"async\" src=\"https:\/\/camping-lac-seigneurie.com\/wp-content\/uploads\/2022\/06\/tourisme-a-bad-krozingen.jpg\" alt=\"tourisme a bad krozingen\"><\/div>\n\t<div class=\"ls-cta__title animated fadeIn slow delay-400ms\">\n\t\tDeutschland\t<\/div>\n\n\t\t\n<\/a><\/div><div class=\"wp-block-column\">\n\n<a href=\"https:\/\/camping-lac-seigneurie.com\/de\/campingplatz-ballon-alsace\/\" target=\"\" rel=\"noopener\" class=\"ls-cta__link\">\n\n\t<div class=\"ls-cta__image\"><img decoding=\"async\" src=\"https:\/\/camping-lac-seigneurie.com\/wp-content\/uploads\/2022\/06\/vacances-ballon-dalsace.jpg\" alt=\"vacances ballon dalsace\"><\/div>\n\t<div class=\"ls-cta__title animated fadeIn slow delay-400ms\">\n\t\tBallon d&#8217;Alsace\t<\/div>\n\n\t\t\n<\/a><\/div><div class=\"wp-block-column\">\n\n<a href=\"https:\/\/camping-lac-seigneurie.com\/de\/standort-mobilheim-vosges\/\" target=\"\" rel=\"noopener\" class=\"ls-cta__link\">\n\n\t<div class=\"ls-cta__image\"><img decoding=\"async\" src=\"https:\/\/camping-lac-seigneurie.com\/wp-content\/uploads\/2025\/08\/Camping-lac-seigneurie-2025-ese-022r-768x476.jpg\" alt=\"\"><\/div>\n\t<div class=\"ls-cta__title animated fadeIn slow delay-400ms\">\n\t\tMobilheim\t<\/div>\n\n\t\t\n<\/a><\/div><\/div><\/div>\n\n    <\/div>\n<\/section>","protected":false},"excerpt":{"rendered":"","protected":false},"author":1,"featured_media":2499,"parent":0,"menu_order":0,"comment_status":"closed","ping_status":"closed","template":"","meta":{"_acf_changed":false,"footnotes":""},"sujet":[],"class_list":["post-3368","page","type-page","status-publish","has-post-thumbnail","hentry"],"acf":[],"yoast_head":"<!-- This site is optimized with the Yoast SEO plugin v25.3 - https:\/\/yoast.com\/wordpress\/plugins\/seo\/ -->\n<title>Campingplatz in den Vogesen<\/title>\n<meta name=\"description\" content=\"Haben Sie Lust, Ihren Urlaub in den Vogesen zu verbringen? Mieten Sie ein Mobilheim mit allem Komfort auf dem Campingplatz La Rivi\u00e8re, der am Fu\u00dfe des Vogesenmassivs liegt.\" \/>\n<meta name=\"robots\" content=\"index, follow, max-snippet:-1, max-image-preview:large, max-video-preview:-1\" \/>\n<link rel=\"canonical\" href=\"https:\/\/camping-lac-seigneurie.com\/de\/campingplatz-vosges\/\" \/>\n<meta property=\"og:locale\" content=\"de_DE\" \/>\n<meta property=\"og:type\" content=\"article\" \/>\n<meta property=\"og:title\" content=\"Campingplatz in den Vogesen\" \/>\n<meta property=\"og:description\" content=\"Haben Sie Lust, Ihren Urlaub in den Vogesen zu verbringen? Mieten Sie ein Mobilheim mit allem Komfort auf dem Campingplatz La Rivi\u00e8re, der am Fu\u00dfe des Vogesenmassivs liegt.\" \/>\n<meta property=\"og:url\" content=\"https:\/\/camping-lac-seigneurie.com\/de\/campingplatz-vosges\/\" \/>\n<meta property=\"og:site_name\" content=\"Camping du Lac de la Seigneurie\" \/>\n<meta property=\"article:modified_time\" content=\"2022-06-20T14:43:23+00:00\" \/>\n<meta property=\"og:image\" content=\"https:\/\/camping-lac-seigneurie.com\/wp-content\/uploads\/2022\/06\/massif-des-vosges-montagnes.jpg\" \/>\n\t<meta property=\"og:image:width\" content=\"1900\" \/>\n\t<meta property=\"og:image:height\" content=\"710\" \/>\n\t<meta property=\"og:image:type\" content=\"image\/jpeg\" \/>\n<meta name=\"twitter:card\" content=\"summary_large_image\" \/>\n<meta name=\"twitter:label1\" content=\"Gesch\u00e4tzte Lesezeit\" \/>\n\t<meta name=\"twitter:data1\" content=\"5\u00a0Minuten\" \/>\n<script type=\"application\/ld+json\" class=\"yoast-schema-graph\">{\"@context\":\"https:\/\/schema.org\",\"@graph\":[{\"@type\":\"WebPage\",\"@id\":\"https:\/\/camping-lac-seigneurie.com\/de\/campingplatz-vosges\/\",\"url\":\"https:\/\/camping-lac-seigneurie.com\/de\/campingplatz-vosges\/\",\"name\":\"Campingplatz in den Vogesen\",\"isPartOf\":{\"@id\":\"https:\/\/camping-lac-seigneurie.com\/de\/#website\"},\"primaryImageOfPage\":{\"@id\":\"https:\/\/camping-lac-seigneurie.com\/de\/campingplatz-vosges\/#primaryimage\"},\"image\":{\"@id\":\"https:\/\/camping-lac-seigneurie.com\/de\/campingplatz-vosges\/#primaryimage\"},\"thumbnailUrl\":\"https:\/\/camping-lac-seigneurie.com\/wp-content\/uploads\/2022\/06\/massif-des-vosges-montagnes.jpg\",\"datePublished\":\"2022-05-11T09:13:25+00:00\",\"dateModified\":\"2022-06-20T14:43:23+00:00\",\"description\":\"Haben Sie Lust, Ihren Urlaub in den Vogesen zu verbringen? Mieten Sie ein Mobilheim mit allem Komfort auf dem Campingplatz La Rivi\u00e8re, der am Fu\u00dfe des Vogesenmassivs liegt.\",\"breadcrumb\":{\"@id\":\"https:\/\/camping-lac-seigneurie.com\/de\/campingplatz-vosges\/#breadcrumb\"},\"inLanguage\":\"de\",\"potentialAction\":[{\"@type\":\"ReadAction\",\"target\":[\"https:\/\/camping-lac-seigneurie.com\/de\/campingplatz-vosges\/\"]}]},{\"@type\":\"ImageObject\",\"inLanguage\":\"de\",\"@id\":\"https:\/\/camping-lac-seigneurie.com\/de\/campingplatz-vosges\/#primaryimage\",\"url\":\"https:\/\/camping-lac-seigneurie.com\/wp-content\/uploads\/2022\/06\/massif-des-vosges-montagnes.jpg\",\"contentUrl\":\"https:\/\/camping-lac-seigneurie.com\/wp-content\/uploads\/2022\/06\/massif-des-vosges-montagnes.jpg\",\"width\":1900,\"height\":710,\"caption\":\"massif des vosges montagnes\"},{\"@type\":\"BreadcrumbList\",\"@id\":\"https:\/\/camping-lac-seigneurie.com\/de\/campingplatz-vosges\/#breadcrumb\",\"itemListElement\":[{\"@type\":\"ListItem\",\"position\":1,\"name\":\"Camping Franche-Comt\u00e9\",\"item\":\"https:\/\/camping-lac-seigneurie.com\/de\/\"},{\"@type\":\"ListItem\",\"position\":2,\"name\":\"Tourismus und Camping in den Vogesen\"}]},{\"@type\":\"WebSite\",\"@id\":\"https:\/\/camping-lac-seigneurie.com\/de\/#website\",\"url\":\"https:\/\/camping-lac-seigneurie.com\/de\/\",\"name\":\"Camping du Lac de la Seigneurie\",\"description\":\"\",\"publisher\":{\"@id\":\"https:\/\/camping-lac-seigneurie.com\/de\/#organization\"},\"potentialAction\":[{\"@type\":\"SearchAction\",\"target\":{\"@type\":\"EntryPoint\",\"urlTemplate\":\"https:\/\/camping-lac-seigneurie.com\/de\/?s={search_term_string}\"},\"query-input\":{\"@type\":\"PropertyValueSpecification\",\"valueRequired\":true,\"valueName\":\"search_term_string\"}}],\"inLanguage\":\"de\"},{\"@type\":\"Organization\",\"@id\":\"https:\/\/camping-lac-seigneurie.com\/de\/#organization\",\"name\":\"Camping Lac de la Seigneurie\",\"url\":\"https:\/\/camping-lac-seigneurie.com\/de\/\",\"logo\":{\"@type\":\"ImageObject\",\"inLanguage\":\"de\",\"@id\":\"https:\/\/camping-lac-seigneurie.com\/de\/#\/schema\/logo\/image\/\",\"url\":\"https:\/\/camping-lac-seigneurie.com\/wp-content\/uploads\/2022\/07\/lac-de-la-seigneurie-logo-fond-blanc.jpg\",\"contentUrl\":\"https:\/\/camping-lac-seigneurie.com\/wp-content\/uploads\/2022\/07\/lac-de-la-seigneurie-logo-fond-blanc.jpg\",\"width\":800,\"height\":325,\"caption\":\"Camping Lac de la Seigneurie\"},\"image\":{\"@id\":\"https:\/\/camping-lac-seigneurie.com\/de\/#\/schema\/logo\/image\/\"}}]}<\/script>\n<!-- \/ Yoast SEO plugin. -->","yoast_head_json":{"title":"Campingplatz in den Vogesen","description":"Haben Sie Lust, Ihren Urlaub in den Vogesen zu verbringen? Mieten Sie ein Mobilheim mit allem Komfort auf dem Campingplatz La Rivi\u00e8re, der am Fu\u00dfe des Vogesenmassivs liegt.","robots":{"index":"index","follow":"follow","max-snippet":"max-snippet:-1","max-image-preview":"max-image-preview:large","max-video-preview":"max-video-preview:-1"},"canonical":"https:\/\/camping-lac-seigneurie.com\/de\/campingplatz-vosges\/","og_locale":"de_DE","og_type":"article","og_title":"Campingplatz in den Vogesen","og_description":"Haben Sie Lust, Ihren Urlaub in den Vogesen zu verbringen? Mieten Sie ein Mobilheim mit allem Komfort auf dem Campingplatz La Rivi\u00e8re, der am Fu\u00dfe des Vogesenmassivs liegt.","og_url":"https:\/\/camping-lac-seigneurie.com\/de\/campingplatz-vosges\/","og_site_name":"Camping du Lac de la Seigneurie","article_modified_time":"2022-06-20T14:43:23+00:00","og_image":[{"width":1900,"height":710,"url":"https:\/\/camping-lac-seigneurie.com\/wp-content\/uploads\/2022\/06\/massif-des-vosges-montagnes.jpg","type":"image\/jpeg"}],"twitter_card":"summary_large_image","twitter_misc":{"Gesch\u00e4tzte Lesezeit":"5\u00a0Minuten"},"schema":{"@context":"https:\/\/schema.org","@graph":[{"@type":"WebPage","@id":"https:\/\/camping-lac-seigneurie.com\/de\/campingplatz-vosges\/","url":"https:\/\/camping-lac-seigneurie.com\/de\/campingplatz-vosges\/","name":"Campingplatz in den Vogesen","isPartOf":{"@id":"https:\/\/camping-lac-seigneurie.com\/de\/#website"},"primaryImageOfPage":{"@id":"https:\/\/camping-lac-seigneurie.com\/de\/campingplatz-vosges\/#primaryimage"},"image":{"@id":"https:\/\/camping-lac-seigneurie.com\/de\/campingplatz-vosges\/#primaryimage"},"thumbnailUrl":"https:\/\/camping-lac-seigneurie.com\/wp-content\/uploads\/2022\/06\/massif-des-vosges-montagnes.jpg","datePublished":"2022-05-11T09:13:25+00:00","dateModified":"2022-06-20T14:43:23+00:00","description":"Haben Sie Lust, Ihren Urlaub in den Vogesen zu verbringen? Mieten Sie ein Mobilheim mit allem Komfort auf dem Campingplatz La Rivi\u00e8re, der am Fu\u00dfe des Vogesenmassivs liegt.","breadcrumb":{"@id":"https:\/\/camping-lac-seigneurie.com\/de\/campingplatz-vosges\/#breadcrumb"},"inLanguage":"de","potentialAction":[{"@type":"ReadAction","target":["https:\/\/camping-lac-seigneurie.com\/de\/campingplatz-vosges\/"]}]},{"@type":"ImageObject","inLanguage":"de","@id":"https:\/\/camping-lac-seigneurie.com\/de\/campingplatz-vosges\/#primaryimage","url":"https:\/\/camping-lac-seigneurie.com\/wp-content\/uploads\/2022\/06\/massif-des-vosges-montagnes.jpg","contentUrl":"https:\/\/camping-lac-seigneurie.com\/wp-content\/uploads\/2022\/06\/massif-des-vosges-montagnes.jpg","width":1900,"height":710,"caption":"massif des vosges montagnes"},{"@type":"BreadcrumbList","@id":"https:\/\/camping-lac-seigneurie.com\/de\/campingplatz-vosges\/#breadcrumb","itemListElement":[{"@type":"ListItem","position":1,"name":"Camping Franche-Comt\u00e9","item":"https:\/\/camping-lac-seigneurie.com\/de\/"},{"@type":"ListItem","position":2,"name":"Tourismus und Camping in den Vogesen"}]},{"@type":"WebSite","@id":"https:\/\/camping-lac-seigneurie.com\/de\/#website","url":"https:\/\/camping-lac-seigneurie.com\/de\/","name":"Camping du Lac de la Seigneurie","description":"","publisher":{"@id":"https:\/\/camping-lac-seigneurie.com\/de\/#organization"},"potentialAction":[{"@type":"SearchAction","target":{"@type":"EntryPoint","urlTemplate":"https:\/\/camping-lac-seigneurie.com\/de\/?s={search_term_string}"},"query-input":{"@type":"PropertyValueSpecification","valueRequired":true,"valueName":"search_term_string"}}],"inLanguage":"de"},{"@type":"Organization","@id":"https:\/\/camping-lac-seigneurie.com\/de\/#organization","name":"Camping Lac de la Seigneurie","url":"https:\/\/camping-lac-seigneurie.com\/de\/","logo":{"@type":"ImageObject","inLanguage":"de","@id":"https:\/\/camping-lac-seigneurie.com\/de\/#\/schema\/logo\/image\/","url":"https:\/\/camping-lac-seigneurie.com\/wp-content\/uploads\/2022\/07\/lac-de-la-seigneurie-logo-fond-blanc.jpg","contentUrl":"https:\/\/camping-lac-seigneurie.com\/wp-content\/uploads\/2022\/07\/lac-de-la-seigneurie-logo-fond-blanc.jpg","width":800,"height":325,"caption":"Camping Lac de la Seigneurie"},"image":{"@id":"https:\/\/camping-lac-seigneurie.com\/de\/#\/schema\/logo\/image\/"}}]}},"_links":{"self":[{"href":"https:\/\/camping-lac-seigneurie.com\/de\/wp-json\/wp\/v2\/pages\/3368","targetHints":{"allow":["GET"]}}],"collection":[{"href":"https:\/\/camping-lac-seigneurie.com\/de\/wp-json\/wp\/v2\/pages"}],"about":[{"href":"https:\/\/camping-lac-seigneurie.com\/de\/wp-json\/wp\/v2\/types\/page"}],"author":[{"embeddable":true,"href":"https:\/\/camping-lac-seigneurie.com\/de\/wp-json\/wp\/v2\/users\/1"}],"replies":[{"embeddable":true,"href":"https:\/\/camping-lac-seigneurie.com\/de\/wp-json\/wp\/v2\/comments?post=3368"}],"version-history":[{"count":2,"href":"https:\/\/camping-lac-seigneurie.com\/de\/wp-json\/wp\/v2\/pages\/3368\/revisions"}],"predecessor-version":[{"id":3375,"href":"https:\/\/camping-lac-seigneurie.com\/de\/wp-json\/wp\/v2\/pages\/3368\/revisions\/3375"}],"wp:featuredmedia":[{"embeddable":true,"href":"https:\/\/camping-lac-seigneurie.com\/de\/wp-json\/wp\/v2\/media\/2499"}],"wp:attachment":[{"href":"https:\/\/camping-lac-seigneurie.com\/de\/wp-json\/wp\/v2\/media?parent=3368"}],"wp:term":[{"taxonomy":"sujet","embeddable":true,"href":"https:\/\/camping-lac-seigneurie.com\/de\/wp-json\/wp\/v2\/sujet?post=3368"}],"curies":[{"name":"wp","href":"https:\/\/api.w.org\/{rel}","templated":true}]}}