{"id":3381,"date":"2022-06-20T10:37:40","date_gmt":"2022-06-20T08:37:40","guid":{"rendered":"https:\/\/camping-lac-seigneurie.com\/mentions-legales\/"},"modified":"2022-07-04T12:20:44","modified_gmt":"2022-07-04T10:20:44","slug":"legale-erwahnungen","status":"publish","type":"page","link":"https:\/\/camping-lac-seigneurie.com\/de\/legale-erwahnungen\/","title":{"rendered":"Mentions l\u00e9gales"},"content":{"rendered":"<section id=\"ls-section-block_614c4c40bd6c9\" class=\"ls-section \" >\n        <div class=\"container container--wide\">\n        \n\n<h1 class=\"ls__heading has-text-align-center ls__heading-undefined has-color-1-color has-text-color has-large-font-size wp-block-heading\">Rechtliche Hinweise<\/h1>\n\n\n\n<h2 class=\"ls__heading ls__heading-undefined has-color-1-color has-text-color wp-block-heading\">Herausgeber der Seite<\/h2>\n\n\n\n<p class=\"ls-paragraph ls__paragraph\">HOTELLERIE DE PLEIN AIR DU LAC DE LA SEIGNEURIE<br>3 RUE DE LA SEIGNEURIE<br>90110 LEVAL<br>Telefon : 03 84 23 00 13<br>elektronische Post : contact@camping-lac-seigneurie.com<\/p>\n\n\n\n<p class=\"ls-paragraph ls__paragraph\">Siret : 89834527700013<br>Intracomunautaire Mehrwertsteuer : FR65898345277<br>Kapital : 50 000 \u20ac<\/p>\n\n\n\n<p class=\"ls-paragraph ls__paragraph\">Redaktionsverantwortlicher &amp; Leiter der Ver\u00f6ffentlichung: M Eric DERNONCOURT und MME Karine DERNONCOURT<\/p>\n\n\n\n<h2 class=\"ls__heading ls__heading-undefined has-color-1-color has-text-color wp-block-heading\">Umsetzung<\/h2>\n\n\n\n<p class=\"ls-paragraph ls__paragraph\">GEEK TONIC<br><\/p>\n\n\n\n<p class=\"ls-paragraph\">Vertreten durch Herrn Yohan Darmayan in seiner Eigenschaft als Gesch\u00e4ftsf\u00fchrer.<br>Eingetragener Sitz: 1 ALL PIERRE GEORGES LATECOERE 64200 BIARRITZ<br>Tel : 05 32 74 11 52<br>E-Mail : info@geek-tonic.com<br>Website : <a href=\"https:\/\/www.geek-tonic.com\/\">www.geek-tonic.com<\/a><br>SIRET : 89746755100015<br>APE : 6201Z<\/p>\n\n\n\n<h2 class=\"ls__heading ls__heading-undefined has-color-1-color has-text-color wp-block-heading\">Urheberrechte und Copyrights<\/h2>\n\n\n\n<p class=\"ls-paragraph ls__paragraph\">Der gesamte Inhalt dieser Website unterliegt dem Urheberrecht sowie dem geistigen Eigentum der franz\u00f6sischen Gesetzgebung. Jede Vervielf\u00e4ltigung (einschlie\u00dflich Fotos, Icons und herunterladbarer Dokumente) ist ohne vorherige Zustimmung von GEEKTONIC untersagt. Die Vervielf\u00e4ltigung der gesamten oder eines Teils der Website auf einem elektronischen Datentr\u00e4ger in einem Papier- oder elektronischen Format ist untersagt. GEEKTONIC \u00fcbernimmt keine Verantwortung f\u00fcr die auf der Website vorhandenen Inhalte. GEEKTONIC \u00fcbernimmt auch keine Verantwortung f\u00fcr externe Links, die auf die vorliegende Website verweisen.<\/p>\n\n\n\n<h2 class=\"ls__heading ls__heading-undefined has-color-1-color has-text-color wp-block-heading\">Pers\u00f6nliche Daten und namentliche Informationen<\/h2>\n\n\n\n<p class=\"ls-paragraph ls__paragraph\">Sie haben ein Recht auf Zugang, \u00c4nderung, Berichtigung und L\u00f6schung der Sie betreffenden Daten gem\u00e4\u00df Artikel 34 des Gesetzes &#8222;Informatique et Libert\u00e9s&#8220; Nr. 78-17 vom 6. Januar 1978, ge\u00e4ndert am 6. August 2018. Um dieses Zugangsrecht zu entfalten, k\u00f6nnen Sie es durch eine einfache schriftliche Anfrage an den Herausgeber der Website geltend machen.<\/p>\n\n\n\n<h2 class=\"ls__heading ls__heading-undefined has-color-1-color has-text-color wp-block-heading\">Gesetzgebung<\/h2>\n\n\n\n<p class=\"ls-paragraph ls__paragraph\">Gem\u00e4\u00df dem Gesetz vom 11. M\u00e4rz 1957 (Art. 41) und dem Gesetz \u00fcber geistiges Eigentum vom 1. Juli 1992 ist es verboten, einen Teil der Website ohne vorherige Genehmigung des Herausgebers der Website teilweise oder vollst\u00e4ndig zu vervielf\u00e4ltigen. Die Logos, Bilder, Fotos, Videos, Grafiken und Texte sind Eigentum ihrer jeweiligen Besitzer. Diese Website kann ohne ihr Wissen mit anderen Websites \u00fcber Hypermedia-Links verbunden sein. Der Herausgeber der Website lehnt jede Verantwortung f\u00fcr die auf diesen anderen Websites dargestellten Informationen ab. Der Internetnutzer erkennt an, dass die Nutzung dieser Website dem franz\u00f6sischen Recht unterliegt.<\/p>\n\n\n    <\/div>\n<\/section>","protected":false},"excerpt":{"rendered":"","protected":false},"author":1,"featured_media":0,"parent":0,"menu_order":0,"comment_status":"closed","ping_status":"closed","template":"","meta":{"_acf_changed":false,"footnotes":""},"sujet":[],"class_list":["post-3381","page","type-page","status-publish","hentry"],"acf":[],"yoast_head":"<!-- This site is optimized with the Yoast SEO plugin v25.3 - https:\/\/yoast.com\/wordpress\/plugins\/seo\/ -->\n<title>Rechtliche Hinweise | Campingplatz von Lac de la Seigneurie<\/title>\n<meta name=\"robots\" content=\"index, follow, max-snippet:-1, max-image-preview:large, max-video-preview:-1\" \/>\n<link rel=\"canonical\" href=\"https:\/\/camping-lac-seigneurie.com\/de\/legale-erwahnungen\/\" \/>\n<meta property=\"og:locale\" content=\"de_DE\" \/>\n<meta property=\"og:type\" content=\"article\" \/>\n<meta property=\"og:title\" content=\"Rechtliche Hinweise | Campingplatz von Lac de la Seigneurie\" \/>\n<meta property=\"og:url\" content=\"https:\/\/camping-lac-seigneurie.com\/de\/legale-erwahnungen\/\" \/>\n<meta property=\"og:site_name\" content=\"Camping du Lac de la Seigneurie\" \/>\n<meta property=\"article:modified_time\" content=\"2022-07-04T10:20:44+00:00\" \/>\n<meta name=\"twitter:card\" content=\"summary_large_image\" \/>\n<meta name=\"twitter:label1\" content=\"Gesch\u00e4tzte Lesezeit\" \/>\n\t<meta name=\"twitter:data1\" content=\"2\u00a0Minuten\" \/>\n<script type=\"application\/ld+json\" class=\"yoast-schema-graph\">{\"@context\":\"https:\/\/schema.org\",\"@graph\":[{\"@type\":\"WebPage\",\"@id\":\"https:\/\/camping-lac-seigneurie.com\/de\/legale-erwahnungen\/\",\"url\":\"https:\/\/camping-lac-seigneurie.com\/de\/legale-erwahnungen\/\",\"name\":\"Rechtliche Hinweise | Campingplatz von Lac de la Seigneurie\",\"isPartOf\":{\"@id\":\"https:\/\/camping-lac-seigneurie.com\/de\/#website\"},\"datePublished\":\"2022-06-20T08:37:40+00:00\",\"dateModified\":\"2022-07-04T10:20:44+00:00\",\"breadcrumb\":{\"@id\":\"https:\/\/camping-lac-seigneurie.com\/de\/legale-erwahnungen\/#breadcrumb\"},\"inLanguage\":\"de\",\"potentialAction\":[{\"@type\":\"ReadAction\",\"target\":[\"https:\/\/camping-lac-seigneurie.com\/de\/legale-erwahnungen\/\"]}]},{\"@type\":\"BreadcrumbList\",\"@id\":\"https:\/\/camping-lac-seigneurie.com\/de\/legale-erwahnungen\/#breadcrumb\",\"itemListElement\":[{\"@type\":\"ListItem\",\"position\":1,\"name\":\"Camping Franche-Comt\u00e9\",\"item\":\"https:\/\/camping-lac-seigneurie.com\/de\/\"},{\"@type\":\"ListItem\",\"position\":2,\"name\":\"Rechtliche Hinweise\"}]},{\"@type\":\"WebSite\",\"@id\":\"https:\/\/camping-lac-seigneurie.com\/de\/#website\",\"url\":\"https:\/\/camping-lac-seigneurie.com\/de\/\",\"name\":\"Camping du Lac de la Seigneurie\",\"description\":\"\",\"publisher\":{\"@id\":\"https:\/\/camping-lac-seigneurie.com\/de\/#organization\"},\"potentialAction\":[{\"@type\":\"SearchAction\",\"target\":{\"@type\":\"EntryPoint\",\"urlTemplate\":\"https:\/\/camping-lac-seigneurie.com\/de\/?s={search_term_string}\"},\"query-input\":{\"@type\":\"PropertyValueSpecification\",\"valueRequired\":true,\"valueName\":\"search_term_string\"}}],\"inLanguage\":\"de\"},{\"@type\":\"Organization\",\"@id\":\"https:\/\/camping-lac-seigneurie.com\/de\/#organization\",\"name\":\"Camping Lac de la Seigneurie\",\"url\":\"https:\/\/camping-lac-seigneurie.com\/de\/\",\"logo\":{\"@type\":\"ImageObject\",\"inLanguage\":\"de\",\"@id\":\"https:\/\/camping-lac-seigneurie.com\/de\/#\/schema\/logo\/image\/\",\"url\":\"https:\/\/camping-lac-seigneurie.com\/wp-content\/uploads\/2022\/07\/lac-de-la-seigneurie-logo-fond-blanc.jpg\",\"contentUrl\":\"https:\/\/camping-lac-seigneurie.com\/wp-content\/uploads\/2022\/07\/lac-de-la-seigneurie-logo-fond-blanc.jpg\",\"width\":800,\"height\":325,\"caption\":\"Camping Lac de la Seigneurie\"},\"image\":{\"@id\":\"https:\/\/camping-lac-seigneurie.com\/de\/#\/schema\/logo\/image\/\"}}]}<\/script>\n<!-- \/ Yoast SEO plugin. -->","yoast_head_json":{"title":"Rechtliche Hinweise | Campingplatz von Lac de la Seigneurie","robots":{"index":"index","follow":"follow","max-snippet":"max-snippet:-1","max-image-preview":"max-image-preview:large","max-video-preview":"max-video-preview:-1"},"canonical":"https:\/\/camping-lac-seigneurie.com\/de\/legale-erwahnungen\/","og_locale":"de_DE","og_type":"article","og_title":"Rechtliche Hinweise | Campingplatz von Lac de la Seigneurie","og_url":"https:\/\/camping-lac-seigneurie.com\/de\/legale-erwahnungen\/","og_site_name":"Camping du Lac de la Seigneurie","article_modified_time":"2022-07-04T10:20:44+00:00","twitter_card":"summary_large_image","twitter_misc":{"Gesch\u00e4tzte Lesezeit":"2\u00a0Minuten"},"schema":{"@context":"https:\/\/schema.org","@graph":[{"@type":"WebPage","@id":"https:\/\/camping-lac-seigneurie.com\/de\/legale-erwahnungen\/","url":"https:\/\/camping-lac-seigneurie.com\/de\/legale-erwahnungen\/","name":"Rechtliche Hinweise | Campingplatz von Lac de la Seigneurie","isPartOf":{"@id":"https:\/\/camping-lac-seigneurie.com\/de\/#website"},"datePublished":"2022-06-20T08:37:40+00:00","dateModified":"2022-07-04T10:20:44+00:00","breadcrumb":{"@id":"https:\/\/camping-lac-seigneurie.com\/de\/legale-erwahnungen\/#breadcrumb"},"inLanguage":"de","potentialAction":[{"@type":"ReadAction","target":["https:\/\/camping-lac-seigneurie.com\/de\/legale-erwahnungen\/"]}]},{"@type":"BreadcrumbList","@id":"https:\/\/camping-lac-seigneurie.com\/de\/legale-erwahnungen\/#breadcrumb","itemListElement":[{"@type":"ListItem","position":1,"name":"Camping Franche-Comt\u00e9","item":"https:\/\/camping-lac-seigneurie.com\/de\/"},{"@type":"ListItem","position":2,"name":"Rechtliche Hinweise"}]},{"@type":"WebSite","@id":"https:\/\/camping-lac-seigneurie.com\/de\/#website","url":"https:\/\/camping-lac-seigneurie.com\/de\/","name":"Camping du Lac de la Seigneurie","description":"","publisher":{"@id":"https:\/\/camping-lac-seigneurie.com\/de\/#organization"},"potentialAction":[{"@type":"SearchAction","target":{"@type":"EntryPoint","urlTemplate":"https:\/\/camping-lac-seigneurie.com\/de\/?s={search_term_string}"},"query-input":{"@type":"PropertyValueSpecification","valueRequired":true,"valueName":"search_term_string"}}],"inLanguage":"de"},{"@type":"Organization","@id":"https:\/\/camping-lac-seigneurie.com\/de\/#organization","name":"Camping Lac de la Seigneurie","url":"https:\/\/camping-lac-seigneurie.com\/de\/","logo":{"@type":"ImageObject","inLanguage":"de","@id":"https:\/\/camping-lac-seigneurie.com\/de\/#\/schema\/logo\/image\/","url":"https:\/\/camping-lac-seigneurie.com\/wp-content\/uploads\/2022\/07\/lac-de-la-seigneurie-logo-fond-blanc.jpg","contentUrl":"https:\/\/camping-lac-seigneurie.com\/wp-content\/uploads\/2022\/07\/lac-de-la-seigneurie-logo-fond-blanc.jpg","width":800,"height":325,"caption":"Camping Lac de la Seigneurie"},"image":{"@id":"https:\/\/camping-lac-seigneurie.com\/de\/#\/schema\/logo\/image\/"}}]}},"_links":{"self":[{"href":"https:\/\/camping-lac-seigneurie.com\/de\/wp-json\/wp\/v2\/pages\/3381","targetHints":{"allow":["GET"]}}],"collection":[{"href":"https:\/\/camping-lac-seigneurie.com\/de\/wp-json\/wp\/v2\/pages"}],"about":[{"href":"https:\/\/camping-lac-seigneurie.com\/de\/wp-json\/wp\/v2\/types\/page"}],"author":[{"embeddable":true,"href":"https:\/\/camping-lac-seigneurie.com\/de\/wp-json\/wp\/v2\/users\/1"}],"replies":[{"embeddable":true,"href":"https:\/\/camping-lac-seigneurie.com\/de\/wp-json\/wp\/v2\/comments?post=3381"}],"version-history":[{"count":4,"href":"https:\/\/camping-lac-seigneurie.com\/de\/wp-json\/wp\/v2\/pages\/3381\/revisions"}],"predecessor-version":[{"id":4222,"href":"https:\/\/camping-lac-seigneurie.com\/de\/wp-json\/wp\/v2\/pages\/3381\/revisions\/4222"}],"wp:attachment":[{"href":"https:\/\/camping-lac-seigneurie.com\/de\/wp-json\/wp\/v2\/media?parent=3381"}],"wp:term":[{"taxonomy":"sujet","embeddable":true,"href":"https:\/\/camping-lac-seigneurie.com\/de\/wp-json\/wp\/v2\/sujet?post=3381"}],"curies":[{"name":"wp","href":"https:\/\/api.w.org\/{rel}","templated":true}]}}