{"id":3426,"date":"2022-04-13T14:33:08","date_gmt":"2022-04-13T12:33:08","guid":{"rendered":"https:\/\/camping-lac-seigneurie.com\/politique-de-confidentialite\/"},"modified":"2022-07-04T16:50:10","modified_gmt":"2022-07-04T14:50:10","slug":"datenschutzrichtlinie","status":"publish","type":"page","link":"https:\/\/camping-lac-seigneurie.com\/de\/datenschutzrichtlinie\/","title":{"rendered":"Politique de confidentialit\u00e9"},"content":{"rendered":"<section id=\"ls-section-block_614c51e2f162c\" class=\"ls-section \" >\n        <div class=\"container container--wide\">\n        \n\n<h1 class=\"ls__heading has-text-align-center ls__heading-undefined has-color-1-color has-text-color wp-block-heading\">Datenschutzrichtlinie<\/h1>\n\n\n\n<p class=\"ls-paragraph ls__paragraph\">Diese Datenschutzrichtlinie beschreibt die personenbezogenen Daten, die gesammelt oder erzeugt (verarbeitet) werden, wenn Sie die Website nutzen. Diese Datenschutzrichtlinie beschreibt die Arten von personenbezogenen Daten, die gesammelt werden, wenn Sie unsere Website nutzen, und wie Ihre personenbezogenen Daten verwendet, weitergegeben und gesch\u00fctzt werden. Sie erkl\u00e4rt auch, welche Wahlm\u00f6glichkeiten Sie in Bezug auf Ihre personenbezogenen Daten haben und wie Sie mit uns in Kontakt treten k\u00f6nnen.<\/p>\n\n\n\n<h2 class=\"ls__heading ls__heading-undefined has-color-1-color has-text-color wp-block-heading\">Inhaltsverzeichnis<\/h2>\n\n\n\n<ul class=\"ls-list ls-list-undefined ls__list-undefined wp-block-list\"><li><a href=\"#gdpr-1\">Wer sind wir?<\/a><\/li><li><a href=\"#gdpr-2\">Verwendung der gesammelten pers\u00f6nlichen Daten<\/a><\/li><li><a href=\"#gdpr-3\">Kommentare<\/a><\/li><li><a href=\"#gdpr-4\">Medien<\/a><\/li><li><a href=\"#gdpr-5\">Kontaktformulare<\/a><\/li><li><a href=\"#gdpr-6\">Verwendung von Cookies<\/a><\/li><li><a href=\"#gdpr-7\">Statistiken und Messung des Publikums<\/a><\/li><li><a href=\"#gdpr-8\">Speicherfristen f\u00fcr Ihre Daten<\/a><\/li><li><a href=\"#gdpr-9\">Die Rechte, die Sie \u00fcber Ihre Daten haben<\/a><\/li><li><a href=\"#gdpr-10\">\u00dcbermittlung Ihrer pers\u00f6nlichen Daten<\/a><\/li><li><a href=\"#gdpr-11\">Wie wir Ihre Daten sch\u00fctzen<\/a><\/li><li><a href=\"#gdpr-12\">Kontaktinformationen<\/a><\/li><\/ul>\n\n\n\n<h2 class=\"ls__heading ls__heading-undefined has-color-1-color has-text-color wp-block-heading\" id=\"gdpr-1\">Wer sind wir?<\/h2>\n\n\n\n<p class=\"ls-paragraph ls__paragraph\">Entdecken Sie alle unsere Informationen auf der <a href=\"\/de\/legale-erwahnungen\/\">rechtliche Hinweise<\/a>.<\/p>\n\n\n\n<h2 class=\"ls__heading ls__heading-undefined has-color-1-color has-text-color wp-block-heading\" id=\"gdpr-2\">Verwendung der gesammelten pers\u00f6nlichen Daten<\/h2>\n\n\n\n<p class=\"ls-paragraph ls__paragraph\">Wir sammeln automatisch und direkt keine Daten \u00fcber Sie.<\/p>\n\n\n\n<p class=\"ls-paragraph ls__paragraph\">Dessen ungeachtet k\u00f6nnen wir Informationen, einschlie\u00dflich personenbezogener Informationen, von Dritten sammeln (siehe Abschnitt <a href=\"#gdpr-5\">Cookies<\/a>).<\/p>\n\n\n\n<h2 class=\"ls__heading ls__heading-undefined has-color-1-color has-text-color wp-block-heading\" id=\"gdpr-3\">Kommentare<\/h2>\n\n\n\n<p class=\"ls-paragraph ls__paragraph\">Wenn Sie einen Kommentar auf unserer Website hinterlassen, werden die im Kommentarformular eingetragenen Daten, aber auch Ihre IP-Adresse und der User Agent Ihres Browsers gesammelt, um uns bei der Erkennung unerw\u00fcnschter Kommentare zu helfen.<\/p>\n\n\n\n<p class=\"ls-paragraph ls__paragraph\">Eine aus Ihrer E-Mail-Adresse erstellte anonymisierte Zeichenfolge (auch Hash genannt) kann an den Gravatar-Dienst gesendet werden, um zu \u00fcberpr\u00fcfen, ob Sie den Dienst nutzen. Die Datenschutzbestimmungen des Gravatar-Dienstes finden Sie unter https:\/\/automattic.com\/privacy\/. Nachdem Sie Ihren Kommentar freigeschaltet haben, wird Ihr Profilbild neben Ihrem Kommentar \u00f6ffentlich sichtbar sein.<\/p>\n\n\n\n<h2 class=\"ls__heading ls__heading-undefined has-color-1-color has-text-color wp-block-heading\" id=\"gdpr-4\">Medien<\/h2>\n\n\n\n<p class=\"ls-paragraph ls__paragraph\">Wenn Sie ein registrierter Nutzer oder eine registrierte Nutzerin sind und Bilder auf die Website hochladen, empfehlen wir Ihnen, keine Bilder hochzuladen, die EXIF-Daten von GPS-Koordinaten enthalten. Die Besucher Ihrer Website k\u00f6nnen aus diesen Bildern Standortdaten herunterladen und extrahieren.<\/p>\n\n\n\n<h2 class=\"ls__heading ls__heading-undefined has-color-1-color has-text-color wp-block-heading\" id=\"gdpr-5\">Kontaktformulare<\/h2>\n\n\n\n<p class=\"ls-paragraph ls__paragraph\">Sie k\u00f6nnen uns beim Ausf\u00fcllen eines Formulars Informationen zur Verf\u00fcgung stellen. Diese Informationen werden uns per E-Mail \u00fcbermittelt und nicht anders als in unserem E-Mail-Service gespeichert. Wenn Ihre Informationen zu kommerziellen Zwecken verwendet werden, wird dies am Ende des Formulars angegeben. Wir werden immer Ihre Zustimmung einholen, wenn wir Informationen \u00fcber ein Formular sammeln.<\/p>\n\n\n\n<h2 class=\"ls__heading ls__heading-undefined has-color-1-color has-text-color wp-block-heading\" id=\"gdpr-6\">Verwendung von Cookies<\/h2>\n\n\n\n<p class=\"ls-paragraph ls__paragraph\"><strong>Was ist ein Cookie?<\/strong><br>Ein Cookie ist eine kleine Datendatei, die auf Ihr Ger\u00e4t \u00fcbertragen und dort gespeichert wird. Konkret erm\u00f6glicht uns ein Cookie zum Beispiel, Ihren Browser oder Ihre Sprache zu erkennen oder Ihre Einstellungen zu speichern.<br>Auf unserer Website werden zwei Arten von Cookies verwendet: &#8222;Sitzungscookies&#8220; und &#8222;dauerhafte Cookies&#8220;. Sitzungscookies verfallen, wenn Sie Ihren Browser schlie\u00dfen, w\u00e4hrend dauerhafte Cookies auf Ihrem Ger\u00e4t verbleiben, nachdem Sie Ihren Browser geschlossen haben, und bei Ihrem n\u00e4chsten Besuch auf unserer Website erneut verwendet werden k\u00f6nnen.<\/p>\n\n\n\n<p class=\"ls-paragraph ls__paragraph\">Weitere Informationen \u00fcber <a href=\"https:\/\/www.allaboutcookies.org\/fr\/\" rel=\"noreferrer noopener\" target=\"_blank\">allaboutcookies.org<\/a>.<\/p>\n\n\n\n<p class=\"ls-paragraph ls__paragraph\"><strong>Nos Kekse<\/strong><\/p>\n\n\n\n<p class=\"ls-paragraph ls__paragraph\">Wenn Sie einen Kommentar auf unserer Website abgeben, wird Ihnen angeboten, Ihren Namen, Ihre E-Mail-Adresse und Ihre Website in Cookies zu speichern. Dies dient lediglich Ihrer Bequemlichkeit, damit Sie diese Informationen nicht eingeben m\u00fcssen, wenn Sie sp\u00e4ter einen weiteren Kommentar abgeben. Diese Cookies laufen nach einem Jahr ab.<\/p>\n\n\n\n<p class=\"ls-paragraph ls__paragraph\">Wenn Sie ein Konto haben und sich auf dieser Website anmelden, wird ein tempor\u00e4res Cookie erstellt, um festzustellen, ob Ihr Browser Cookies akzeptiert. Es enth\u00e4lt keine personenbezogenen Daten und wird automatisch gel\u00f6scht, wenn Sie Ihren Browser schlie\u00dfen.<\/p>\n\n\n\n<p class=\"ls-paragraph ls__paragraph\">Wenn Sie sich anmelden, setzen wir eine Reihe von Cookies, um Ihre Anmeldeinformationen und Bildschirmeinstellungen zu speichern. Die Lebensdauer eines Anmelde-Cookies betr\u00e4gt zwei Tage, die eines Cookies f\u00fcr die Bildschirmeinstellungen ein Jahr. Wenn Sie &#8222;An mich erinnern&#8220; ankreuzen, wird Ihr Anmelde-Cookie zwei Wochen lang gespeichert. Wenn Sie sich von Ihrem Konto abmelden, wird das Anmelde-Cookie gel\u00f6scht.<\/p>\n\n\n\n<p class=\"ls-paragraph ls__paragraph\">Wenn Sie einen Artikel bearbeiten oder ver\u00f6ffentlichen, wird ein zus\u00e4tzliches Cookie in Ihrem Browser gespeichert. Dieses Cookie enth\u00e4lt keine pers\u00f6nlichen Daten. Es zeigt lediglich die Kennung des Artikels an, den Sie gerade bearbeitet haben. Es l\u00e4uft nach einem Tag ab.<\/p>\n\n\n\n<p class=\"ls-paragraph ls__paragraph\"><strong>Die Kekse<\/strong><\/p>\n\n\n\n<p class=\"ls-paragraph ls__paragraph\">Die Artikel auf dieser Website k\u00f6nnen eingebettete Inhalte enthalten (z. B. Videos, Bilder, Artikel &#8230;). Von anderen Websites eingebettete Inhalte verhalten sich genauso, als w\u00fcrde der Besucher diese andere Website besuchen.<\/p>\n\n\n\n<p class=\"ls-paragraph ls__paragraph\">Diese Websites k\u00f6nnten Daten \u00fcber Sie sammeln, Cookies verwenden, Tracking-Tools von Drittanbietern einbetten, Ihre Interaktionen mit diesen eingebetteten Inhalten verfolgen, wenn Sie ein eingeloggtes Konto auf ihrer Website haben.<\/p>\n\n\n\n<p class=\"ls-paragraph ls__paragraph\">Wir k\u00f6nnen bestimmten Gesch\u00e4ftspartnern gestatten, Technologien auf unserer Website zu installieren. Diese Partner setzen diese Technologien ein, um uns bei der Analyse der Art und Weise zu helfen, wie Sie die Website nutzen, z. B. indem sie die Dienste Dritter, \u00fcber die Sie auf die Plattform gelangt sind, bewerten, unsere Dienste auf unserer Website und auf den Websites Dritter vermarkten und bewerben, uns bei der Aufdeckung und Verhinderung von Betrug oder der Durchf\u00fchrung von Risikobewertungen helfen oder Informationen \u00fcber Ihre Aktivit\u00e4ten auf der Website sammeln.<\/p>\n\n\n\n<p class=\"ls-paragraph ls__paragraph\">Unsere Website kann Social Plugins verwenden, die von Drittunternehmen bereitgestellt und betrieben werden, wie z. B. die &#8222;Gef\u00e4llt mir&#8220;-Schaltfl\u00e4che von Facebook. Dementsprechend k\u00f6nnen Sie dem Dritten Informationen senden, die Sie in einem bestimmten Bereich unserer Website ansehen. Wenn Sie nicht in Ihr bei der Drittpartei er\u00f6ffnetes Konto eingeloggt sind, kann die Drittpartei Ihre Identit\u00e4t nicht erfahren. Wenn Sie in Ihr Konto bei der Drittpartei eingeloggt sind, kann die Drittpartei Informationen oder Aktionen, die sich auf Ihre Interaktionen mit unserer Website beziehen, mit dem Konto, das Sie bei der Drittpartei haben, verkn\u00fcpfen. Bitte lesen Sie die Datenschutzrichtlinien der Drittpartei, um mehr \u00fcber deren Datenpraktiken zu erfahren.<\/p>\n\n\n\n<p class=\"ls-paragraph ls__paragraph\">Eine Liste der auf dieser Seite verwendeten Cookies von Drittanbietern finden Sie vom <a href=\"\/#moove_gdpr_cookie_modal\">Cookie-Management-Panel<\/a>.<\/p>\n\n\n\n<h2 class=\"ls__heading ls__heading-undefined has-color-1-color has-text-color wp-block-heading\" id=\"gdpr-7\">Statistiken und Messung des Publikums<\/h2>\n\n\n\n<p class=\"ls-paragraph ls__paragraph\">Im Bereich der Analyse arbeiten wir mit Google Analytics, um Informationen \u00fcber die Nutzung unserer Website zu erhalten und diese zu verbessern. Diese Funktion kann \u00fcber das <a href=\"\/#moove_gdpr_cookie_modal\">Cookie-Management-Panel<\/a>.<\/p>\n\n\n\n<p class=\"ls-paragraph ls__paragraph\">Um zu verhindern, dass Google Analytics Ihre Informationen zu Analysezwecken verwendet, k\u00f6nnen Sie auch das Browser-Add-on zur Deaktivierung von Google Analytics installieren, indem Sie auf <a href=\"https:\/\/tools.google.com\/dlpage\/gaoptout\" rel=\"noreferrer noopener\" target=\"_blank\">hier<\/a>. Beachten Sie, dass wir keine Kontrolle \u00fcber diesen Deaktivierungslink haben und nicht f\u00fcr die Verf\u00fcgbarkeit oder Richtigkeit dieses Mechanismus verantwortlich sind. Besuchen Sie <a href=\"https:\/\/support.google.com\/analytics\/answer\/6004245\" rel=\"noreferrer noopener\" target=\"_blank\">diese Dokumentation<\/a> f\u00fcr weitere Informationen.<\/p>\n\n\n\n<h2 class=\"ls__heading ls__heading-undefined has-color-1-color has-text-color wp-block-heading\" id=\"gdpr-8\">Speicherfristen f\u00fcr Ihre Daten<\/h2>\n\n\n\n<p class=\"ls-paragraph ls__paragraph\">Wenn Sie einen Kommentar hinterlassen, werden der Kommentar und seine Metadaten auf unbestimmte Zeit gespeichert. Dadurch werden nachfolgende Kommentare automatisch erkannt und genehmigt, anstatt sie in der Moderationswarteschlange zu belassen.<\/p>\n\n\n\n<p class=\"ls-paragraph ls__paragraph\">F\u00fcr Nutzerinnen und Nutzer, die sich auf unserer Website registrieren (sofern dies m\u00f6glich ist), speichern wir auch die in ihrem Profil angegebenen pers\u00f6nlichen Daten. Alle Nutzerinnen und Nutzer k\u00f6nnen ihre pers\u00f6nlichen Informationen (mit Ausnahme ihres Benutzernamens) jederzeit einsehen, \u00e4ndern oder l\u00f6schen. Auch die Verwalter der Website k\u00f6nnen diese Informationen einsehen und \u00e4ndern.<\/p>\n\n\n\n<h2 class=\"ls__heading ls__heading-undefined has-color-1-color has-text-color wp-block-heading\" id=\"gdpr-9\">Die Rechte, die Sie \u00fcber Ihre Daten haben<\/h2>\n\n\n\n<p class=\"ls-paragraph ls__paragraph\">Wenn Sie ein Benutzerkonto haben oder Kommentare auf der Website hinterlassen haben, k\u00f6nnen Sie eine Datei anfordern, die alle personenbezogenen Daten enth\u00e4lt, die wir \u00fcber Sie gespeichert haben, einschlie\u00dflich der Daten, die Sie uns zur Verf\u00fcgung gestellt haben. Sie k\u00f6nnen auch verlangen, dass die personenbezogenen Daten \u00fcber Sie gel\u00f6scht werden. Dies gilt nicht f\u00fcr Daten, die zu administrativen, rechtlichen oder Sicherheitszwecken gespeichert werden.<\/p>\n\n\n\n<h2 class=\"ls__heading ls__heading-undefined has-color-1-color has-text-color wp-block-heading\" id=\"gdpr-10\">\u00dcbermittlung Ihrer pers\u00f6nlichen Daten<\/h2>\n\n\n\n<p class=\"ls-paragraph ls__paragraph\">Besucher-Kommentare k\u00f6nnen mithilfe eines automatisierten Dienstes zur Erkennung unerw\u00fcnschter Kommentare \u00fcberpr\u00fcft werden.<br>Alle personenbezogenen Daten, die wir verarbeiten, werden im Herzen der Europ\u00e4ischen Union verarbeitet.<\/p>\n\n\n\n<h2 class=\"ls__heading ls__heading-undefined has-color-1-color has-text-color wp-block-heading\" id=\"gdpr-11\">Wie wir Ihre Daten sch\u00fctzen<\/h2>\n\n\n\n<p class=\"ls-paragraph ls__paragraph\">Wir implementieren und aktualisieren st\u00e4ndig die <strong>Sicherheit<\/strong> der Website, um Ihre Daten vor unbefugtem Zugriff, Verlust, Zerst\u00f6rung oder Ver\u00e4nderung zu sch\u00fctzen. Wir arbeiten also daran, Ihre Daten so unangreifbar wie m\u00f6glich zu machen. Da das Internet keine 100%ig sichere Umgebung ist, k\u00f6nnen wir die Sicherheit der \u00dcbertragung oder Speicherung Ihrer Daten nicht vollst\u00e4ndig garantieren.<\/p>\n\n\n\n<h2 class=\"ls__heading ls__heading-undefined has-color-1-color has-text-color wp-block-heading\" id=\"gdpr-12\">Kontaktinformationen<\/h2>\n\n\n\n<p class=\"ls-paragraph ls__paragraph\">Wenn Sie Anfragen oder Fragen zu Ihren pers\u00f6nlichen Daten haben, kontaktieren Sie uns bitte unter rgpd@geek-tonic.com, weitere Kontaktinformationen finden Sie auf unseren <a href=\"\/legale-erwahnungen\/\">rechtliche Hinweise<\/a>. Bitte beachten Sie, dass wir Sie m\u00f6glicherweise bitten, Ihre Identit\u00e4t zu \u00fcberpr\u00fcfen, bevor wir weitere Schritte bez\u00fcglich Ihrer Anfrage unternehmen.<\/p>\n\n\n    <\/div>\n<\/section>","protected":false},"excerpt":{"rendered":"","protected":false},"author":1,"featured_media":0,"parent":0,"menu_order":0,"comment_status":"closed","ping_status":"open","template":"","meta":{"_acf_changed":false,"footnotes":""},"sujet":[],"class_list":["post-3426","page","type-page","status-publish","hentry"],"acf":[],"yoast_head":"<!-- This site is optimized with the Yoast SEO plugin v25.3 - https:\/\/yoast.com\/wordpress\/plugins\/seo\/ -->\n<title>Datenschutzerkl\u00e4rung | Campingplatz von Lac de la Seigneurie<\/title>\n<meta name=\"robots\" content=\"noindex, nofollow\" \/>\n<meta property=\"og:locale\" content=\"de_DE\" \/>\n<meta property=\"og:type\" content=\"article\" \/>\n<meta property=\"og:title\" content=\"Datenschutzerkl\u00e4rung | Campingplatz von Lac de la Seigneurie\" \/>\n<meta property=\"og:url\" content=\"https:\/\/camping-lac-seigneurie.com\/de\/datenschutzrichtlinie\/\" \/>\n<meta property=\"og:site_name\" content=\"Camping du Lac de la Seigneurie\" \/>\n<meta property=\"article:modified_time\" content=\"2022-07-04T14:50:10+00:00\" \/>\n<meta name=\"twitter:card\" content=\"summary_large_image\" \/>\n<meta name=\"twitter:label1\" content=\"Gesch\u00e4tzte Lesezeit\" \/>\n\t<meta name=\"twitter:data1\" content=\"7\u00a0Minuten\" \/>\n<script type=\"application\/ld+json\" class=\"yoast-schema-graph\">{\"@context\":\"https:\/\/schema.org\",\"@graph\":[{\"@type\":\"WebPage\",\"@id\":\"https:\/\/camping-lac-seigneurie.com\/de\/datenschutzrichtlinie\/\",\"url\":\"https:\/\/camping-lac-seigneurie.com\/de\/datenschutzrichtlinie\/\",\"name\":\"Datenschutzerkl\u00e4rung | Campingplatz von Lac de la Seigneurie\",\"isPartOf\":{\"@id\":\"https:\/\/camping-lac-seigneurie.com\/de\/#website\"},\"datePublished\":\"2022-04-13T12:33:08+00:00\",\"dateModified\":\"2022-07-04T14:50:10+00:00\",\"breadcrumb\":{\"@id\":\"https:\/\/camping-lac-seigneurie.com\/de\/datenschutzrichtlinie\/#breadcrumb\"},\"inLanguage\":\"de\",\"potentialAction\":[{\"@type\":\"ReadAction\",\"target\":[\"https:\/\/camping-lac-seigneurie.com\/de\/datenschutzrichtlinie\/\"]}]},{\"@type\":\"BreadcrumbList\",\"@id\":\"https:\/\/camping-lac-seigneurie.com\/de\/datenschutzrichtlinie\/#breadcrumb\",\"itemListElement\":[{\"@type\":\"ListItem\",\"position\":1,\"name\":\"Camping Franche-Comt\u00e9\",\"item\":\"https:\/\/camping-lac-seigneurie.com\/de\/\"},{\"@type\":\"ListItem\",\"position\":2,\"name\":\"Datenschutzrichtlinie\"}]},{\"@type\":\"WebSite\",\"@id\":\"https:\/\/camping-lac-seigneurie.com\/de\/#website\",\"url\":\"https:\/\/camping-lac-seigneurie.com\/de\/\",\"name\":\"Camping du Lac de la Seigneurie\",\"description\":\"\",\"publisher\":{\"@id\":\"https:\/\/camping-lac-seigneurie.com\/de\/#organization\"},\"potentialAction\":[{\"@type\":\"SearchAction\",\"target\":{\"@type\":\"EntryPoint\",\"urlTemplate\":\"https:\/\/camping-lac-seigneurie.com\/de\/?s={search_term_string}\"},\"query-input\":{\"@type\":\"PropertyValueSpecification\",\"valueRequired\":true,\"valueName\":\"search_term_string\"}}],\"inLanguage\":\"de\"},{\"@type\":\"Organization\",\"@id\":\"https:\/\/camping-lac-seigneurie.com\/de\/#organization\",\"name\":\"Camping Lac de la Seigneurie\",\"url\":\"https:\/\/camping-lac-seigneurie.com\/de\/\",\"logo\":{\"@type\":\"ImageObject\",\"inLanguage\":\"de\",\"@id\":\"https:\/\/camping-lac-seigneurie.com\/de\/#\/schema\/logo\/image\/\",\"url\":\"https:\/\/camping-lac-seigneurie.com\/wp-content\/uploads\/2022\/07\/lac-de-la-seigneurie-logo-fond-blanc.jpg\",\"contentUrl\":\"https:\/\/camping-lac-seigneurie.com\/wp-content\/uploads\/2022\/07\/lac-de-la-seigneurie-logo-fond-blanc.jpg\",\"width\":800,\"height\":325,\"caption\":\"Camping Lac de la Seigneurie\"},\"image\":{\"@id\":\"https:\/\/camping-lac-seigneurie.com\/de\/#\/schema\/logo\/image\/\"}}]}<\/script>\n<!-- \/ Yoast SEO plugin. -->","yoast_head_json":{"title":"Datenschutzerkl\u00e4rung | Campingplatz von Lac de la Seigneurie","robots":{"index":"noindex","follow":"nofollow"},"og_locale":"de_DE","og_type":"article","og_title":"Datenschutzerkl\u00e4rung | Campingplatz von Lac de la Seigneurie","og_url":"https:\/\/camping-lac-seigneurie.com\/de\/datenschutzrichtlinie\/","og_site_name":"Camping du Lac de la Seigneurie","article_modified_time":"2022-07-04T14:50:10+00:00","twitter_card":"summary_large_image","twitter_misc":{"Gesch\u00e4tzte Lesezeit":"7\u00a0Minuten"},"schema":{"@context":"https:\/\/schema.org","@graph":[{"@type":"WebPage","@id":"https:\/\/camping-lac-seigneurie.com\/de\/datenschutzrichtlinie\/","url":"https:\/\/camping-lac-seigneurie.com\/de\/datenschutzrichtlinie\/","name":"Datenschutzerkl\u00e4rung | Campingplatz von Lac de la Seigneurie","isPartOf":{"@id":"https:\/\/camping-lac-seigneurie.com\/de\/#website"},"datePublished":"2022-04-13T12:33:08+00:00","dateModified":"2022-07-04T14:50:10+00:00","breadcrumb":{"@id":"https:\/\/camping-lac-seigneurie.com\/de\/datenschutzrichtlinie\/#breadcrumb"},"inLanguage":"de","potentialAction":[{"@type":"ReadAction","target":["https:\/\/camping-lac-seigneurie.com\/de\/datenschutzrichtlinie\/"]}]},{"@type":"BreadcrumbList","@id":"https:\/\/camping-lac-seigneurie.com\/de\/datenschutzrichtlinie\/#breadcrumb","itemListElement":[{"@type":"ListItem","position":1,"name":"Camping Franche-Comt\u00e9","item":"https:\/\/camping-lac-seigneurie.com\/de\/"},{"@type":"ListItem","position":2,"name":"Datenschutzrichtlinie"}]},{"@type":"WebSite","@id":"https:\/\/camping-lac-seigneurie.com\/de\/#website","url":"https:\/\/camping-lac-seigneurie.com\/de\/","name":"Camping du Lac de la Seigneurie","description":"","publisher":{"@id":"https:\/\/camping-lac-seigneurie.com\/de\/#organization"},"potentialAction":[{"@type":"SearchAction","target":{"@type":"EntryPoint","urlTemplate":"https:\/\/camping-lac-seigneurie.com\/de\/?s={search_term_string}"},"query-input":{"@type":"PropertyValueSpecification","valueRequired":true,"valueName":"search_term_string"}}],"inLanguage":"de"},{"@type":"Organization","@id":"https:\/\/camping-lac-seigneurie.com\/de\/#organization","name":"Camping Lac de la Seigneurie","url":"https:\/\/camping-lac-seigneurie.com\/de\/","logo":{"@type":"ImageObject","inLanguage":"de","@id":"https:\/\/camping-lac-seigneurie.com\/de\/#\/schema\/logo\/image\/","url":"https:\/\/camping-lac-seigneurie.com\/wp-content\/uploads\/2022\/07\/lac-de-la-seigneurie-logo-fond-blanc.jpg","contentUrl":"https:\/\/camping-lac-seigneurie.com\/wp-content\/uploads\/2022\/07\/lac-de-la-seigneurie-logo-fond-blanc.jpg","width":800,"height":325,"caption":"Camping Lac de la Seigneurie"},"image":{"@id":"https:\/\/camping-lac-seigneurie.com\/de\/#\/schema\/logo\/image\/"}}]}},"_links":{"self":[{"href":"https:\/\/camping-lac-seigneurie.com\/de\/wp-json\/wp\/v2\/pages\/3426","targetHints":{"allow":["GET"]}}],"collection":[{"href":"https:\/\/camping-lac-seigneurie.com\/de\/wp-json\/wp\/v2\/pages"}],"about":[{"href":"https:\/\/camping-lac-seigneurie.com\/de\/wp-json\/wp\/v2\/types\/page"}],"author":[{"embeddable":true,"href":"https:\/\/camping-lac-seigneurie.com\/de\/wp-json\/wp\/v2\/users\/1"}],"replies":[{"embeddable":true,"href":"https:\/\/camping-lac-seigneurie.com\/de\/wp-json\/wp\/v2\/comments?post=3426"}],"version-history":[{"count":3,"href":"https:\/\/camping-lac-seigneurie.com\/de\/wp-json\/wp\/v2\/pages\/3426\/revisions"}],"predecessor-version":[{"id":4287,"href":"https:\/\/camping-lac-seigneurie.com\/de\/wp-json\/wp\/v2\/pages\/3426\/revisions\/4287"}],"wp:attachment":[{"href":"https:\/\/camping-lac-seigneurie.com\/de\/wp-json\/wp\/v2\/media?parent=3426"}],"wp:term":[{"taxonomy":"sujet","embeddable":true,"href":"https:\/\/camping-lac-seigneurie.com\/de\/wp-json\/wp\/v2\/sujet?post=3426"}],"curies":[{"name":"wp","href":"https:\/\/api.w.org\/{rel}","templated":true}]}}