{"id":3462,"date":"2022-05-10T16:00:58","date_gmt":"2022-05-10T14:00:58","guid":{"rendered":"https:\/\/camping-lac-seigneurie.com\/camping-territoire-belfort\/"},"modified":"2022-06-24T14:00:13","modified_gmt":"2022-06-24T12:00:13","slug":"campingplatz-gebiet-belfort","status":"publish","type":"page","link":"https:\/\/camping-lac-seigneurie.com\/de\/campingplatz-gebiet-belfort\/","title":{"rendered":"Territoire de Belfort"},"content":{"rendered":"<section id=\"ls-section-block_626020254a858\" class=\"ls-section  page-one has-p-t p-t-8 has-p-b p-b-14\" >\n        <div class=\"container container--wide\">\n        \n\n<div class=\"wp-block-columns is-layout-flex wp-container-core-columns-is-layout-9d6595d7 wp-block-columns-is-layout-flex\">\n<div class=\"wp-block-column is-vertically-aligned-top animated fadeInLeft delay-200ms is-layout-flow wp-block-column-is-layout-flow\">\n<figure class=\"wp-block-image size-full\"><a href=\"https:\/\/camping-lac-seigneurie.com\/wp-content\/uploads\/2022\/05\/citadelle-lion-de-belfort-tourisme.jpg\"><img loading=\"lazy\" decoding=\"async\" width=\"800\" height=\"560\" src=\"https:\/\/camping-lac-seigneurie.com\/wp-content\/uploads\/2022\/05\/citadelle-lion-de-belfort-tourisme.jpg\" alt=\"citadelle lion de belfort tourisme\" class=\"wp-image-1726\" srcset=\"https:\/\/camping-lac-seigneurie.com\/wp-content\/uploads\/2022\/05\/citadelle-lion-de-belfort-tourisme.jpg 800w, https:\/\/camping-lac-seigneurie.com\/wp-content\/uploads\/2022\/05\/citadelle-lion-de-belfort-tourisme-300x210.jpg 300w, https:\/\/camping-lac-seigneurie.com\/wp-content\/uploads\/2022\/05\/citadelle-lion-de-belfort-tourisme-768x538.jpg 768w\" sizes=\"auto, (max-width: 800px) 100vw, 800px\" \/><\/a><\/figure>\n\n\n\n<figure class=\"wp-block-image size-full\"><a href=\"https:\/\/camping-lac-seigneurie.com\/wp-content\/uploads\/2022\/05\/festival-rock-eurockeennes-belfort.jpg\"><img loading=\"lazy\" decoding=\"async\" width=\"800\" height=\"560\" src=\"https:\/\/camping-lac-seigneurie.com\/wp-content\/uploads\/2022\/05\/festival-rock-eurockeennes-belfort.jpg\" alt=\"festival rock eurockeennes belfort\" class=\"wp-image-1731\" srcset=\"https:\/\/camping-lac-seigneurie.com\/wp-content\/uploads\/2022\/05\/festival-rock-eurockeennes-belfort.jpg 800w, https:\/\/camping-lac-seigneurie.com\/wp-content\/uploads\/2022\/05\/festival-rock-eurockeennes-belfort-300x210.jpg 300w, https:\/\/camping-lac-seigneurie.com\/wp-content\/uploads\/2022\/05\/festival-rock-eurockeennes-belfort-768x538.jpg 768w\" sizes=\"auto, (max-width: 800px) 100vw, 800px\" \/><\/a><\/figure>\n<\/div>\n\n\n\n<div class=\"wp-block-column is-vertically-aligned-center is-layout-flow wp-block-column-is-layout-flow\">\n<h1 class=\"ls-heading wp-block-heading\">Entdecken Sie den Campingplatz Lac de Seigneurie im Gebiet von Belfort<\/h1>\n\n\n\n<h2 class=\"ls-heading wp-block-heading\">Was kann man w\u00e4hrend seines Aufenthalts in Belfort besichtigen?<\/h2>\n\n\n\n<p class=\"ls-paragraph\">Entdecken Sie vom Campingplatz Lac de la Seigneurie aus das Territoire de Belfort und die Stadt Belfort (15 km entfernt), ein Land der Kontraste mit zahlreichen Reicht\u00fcmern des Kulturerbes. Hier k\u00f6nnen Sie alle Geheimnisse der uneinnehmbaren Zitadelle von Belfort, dem Meisterwerk von Vauban, entdecken. Geschichtsbegeisterte oder einfach nur Neugierige k\u00f6nnen die gesamte Festung sowie die Stadt und ihre Umgebung von der Aussichtsterrasse oder mit dem kleinen Touristenzug von Belfort bewundern. Am Fu\u00dfe der Zitadelle thront der ber\u00fchmte Bartholdi-L\u00f6we, der 1880 von Fr\u00e9d\u00e9ric Auguste Bartholdi geschaffen wurde. Er ist ein Symbol f\u00fcr die Freiheit und den Widerstand der Belforter Truppen gegen die preu\u00dfische Armee. Heute ist er das Wahrzeichen der Stadt Belfort und z\u00e4hlt zu den beliebtesten Sehensw\u00fcrdigkeiten der Franzosen.<\/p>\n\n\n\n<p class=\"ls-paragraph\">In der Altstadt finden Sie einige interessante und ansprechende Geb\u00e4ude, aber auch gro\u00dfe \u00f6ffentliche Pl\u00e4tze mit Caf\u00e9s, Bars und Restaurants, in denen Sie die Frankfurter K\u00fcche probieren k\u00f6nnen.&nbsp;<\/p>\n\n\n\n<p class=\"ls-paragraph\">Das ganze Jahr \u00fcber gibt es Veranstaltungen, die Sie nicht verpassen sollten, darunter :<\/p>\n\n\n\n<ul class=\"ls-list wp-block-list\"><li>die Eurock\u00e9ennes de Belfort im Juli, eines der bekanntesten Rockfestivals in Frankreich<\/li><li>das FIMU &#8222;Festival International de Musique Universitaire&#8220; (Internationales Festival der Universit\u00e4tsmusik)<\/li><li>der &#8222;gefrostete Monat&#8220; im Dezember, Animationen rund um Weihnachten.<\/li><\/ul>\n\n\n\n<p class=\"ls-paragraph\">In der N\u00e4he :<\/p>\n\n\n\n<p class=\"ls-paragraph\">Das Freizeitzentrum auf der Halbinsel Malsaucy: seine Str\u00e4nde, beaufsichtigtes Baden, Wassersportaktivit\u00e4ten, Schwimmen, Angeln.<\/p>\n<\/div>\n<\/div>\n\n\n    <\/div>\n<\/section>\n\n<section id=\"ls-section-block_6261422f8a71c\" class=\"ls-section  page-three has-background has-color-6-background-color has-p-t p-t-14 has-p-b p-b-14\" >\n        <div class=\"container container--wide\">\n        \n\n<div class=\"wp-block-columns is-layout-flex wp-container-core-columns-is-layout-9d6595d7 wp-block-columns-is-layout-flex\">\n<div class=\"wp-block-column animated fadeInUp delay-200ms is-layout-flow wp-block-column-is-layout-flow\">\n<figure class=\"wp-block-image size-full\"><a href=\"https:\/\/camping-lac-seigneurie.com\/wp-content\/uploads\/2022\/05\/montbeliard-chateau-des-ducs-de-wurtemberg-tourisme-territoire-de-belfort.jpg\"><img loading=\"lazy\" decoding=\"async\" width=\"800\" height=\"560\" src=\"https:\/\/camping-lac-seigneurie.com\/wp-content\/uploads\/2022\/05\/montbeliard-chateau-des-ducs-de-wurtemberg-tourisme-territoire-de-belfort.jpg\" alt=\"montbeliard chateau des ducs de wurtemberg tourisme territoire de belfort\" class=\"wp-image-1737\" srcset=\"https:\/\/camping-lac-seigneurie.com\/wp-content\/uploads\/2022\/05\/montbeliard-chateau-des-ducs-de-wurtemberg-tourisme-territoire-de-belfort.jpg 800w, https:\/\/camping-lac-seigneurie.com\/wp-content\/uploads\/2022\/05\/montbeliard-chateau-des-ducs-de-wurtemberg-tourisme-territoire-de-belfort-300x210.jpg 300w, https:\/\/camping-lac-seigneurie.com\/wp-content\/uploads\/2022\/05\/montbeliard-chateau-des-ducs-de-wurtemberg-tourisme-territoire-de-belfort-768x538.jpg 768w\" sizes=\"auto, (max-width: 800px) 100vw, 800px\" \/><\/a><\/figure>\n\n\n\n<h2 class=\"ls__heading has-text-align-center wp-block-heading\">Besuchen Sie Montbeliard<\/h2>\n\n\n\n<p class=\"ls-paragraph\">Machen Sie einen Abstecher nach Montb\u00e9liard und entdecken Sie sein kulturelles Erbe, seine Museen und seine Natursch\u00e4tze.<\/p>\n\n\n\n<p class=\"ls-paragraph\">Nicht zu verpassen: das Museum im Schloss der Herz\u00f6ge von W\u00fcrttemberg, die ber\u00fchmten Weihnachtslichter. <strong>Das Werk PSA Peugeot-Citro\u00ebn<\/strong> im Herzen des Ballungsraums Sochaux-Montb\u00e9liard, eine der modernsten Automobilfabriken Europas. Als erster Industriestandort Frankreichs befindet sich hier auch das Mus\u00e9e de l&#8217;Aventure Peugeot (Museum des Peugeot-Abenteuers).&nbsp;<\/p>\n<\/div>\n\n\n\n<div class=\"wp-block-column animated fadeInUp delay-200ms is-layout-flow wp-block-column-is-layout-flow\">\n<figure class=\"wp-block-image size-full\"><a href=\"https:\/\/camping-lac-seigneurie.com\/wp-content\/uploads\/2022\/05\/citadelle-de-besancon-vauban-franche-comte.jpg\"><img loading=\"lazy\" decoding=\"async\" width=\"800\" height=\"560\" src=\"https:\/\/camping-lac-seigneurie.com\/wp-content\/uploads\/2022\/05\/citadelle-de-besancon-vauban-franche-comte.jpg\" alt=\"citadelle de besancon vauban franche comte\" class=\"wp-image-1803\" srcset=\"https:\/\/camping-lac-seigneurie.com\/wp-content\/uploads\/2022\/05\/citadelle-de-besancon-vauban-franche-comte.jpg 800w, https:\/\/camping-lac-seigneurie.com\/wp-content\/uploads\/2022\/05\/citadelle-de-besancon-vauban-franche-comte-300x210.jpg 300w, https:\/\/camping-lac-seigneurie.com\/wp-content\/uploads\/2022\/05\/citadelle-de-besancon-vauban-franche-comte-768x538.jpg 768w\" sizes=\"auto, (max-width: 800px) 100vw, 800px\" \/><\/a><\/figure>\n\n\n\n<h2 class=\"ls__heading has-text-align-center wp-block-heading\">Entdecken Sie Besan\u00e7on<\/h2>\n\n\n\n<p class=\"ls-paragraph\">Lassen Sie sich von &#8222;Besac&#8220; (etwas mehr als eine Autostunde vom Campingplatz entfernt) verzaubern!&nbsp;<\/p>\n\n\n\n<p class=\"ls-paragraph\">Die Hauptstadt der Franche-Comt\u00e9 geh\u00f6rt seit 2008 zum UNESCO-Weltkulturerbe wegen ihrer wundersch\u00f6nen Zitadelle, die von dem genialen Vauban befestigt wurde, der hier eines seiner sch\u00f6nsten und vollendetsten Werke schuf.<\/p>\n\n\n\n<p class=\"ls-paragraph\">Sehenswert: die Zitadelle, das Museum f\u00fcr Sch\u00f6ne K\u00fcnste und Arch\u00e4ologie, die Altstadt mit ihren Renaissancefassaden und Stadth\u00e4usern.<\/p>\n<\/div>\n<\/div>\n\n\n    <\/div>\n<\/section>\n\n<section id=\"ls-section-block_626146cd8a721\" class=\"ls-section  has-p-b p-b-14\" >\n        <div class=\"container container--wide\">\n        \n\n<div id=\"ls-heading ls-titre-div-block_626146de8a722\" class=\"ls-titre-div aligncenter h2-like\" >\n    Entdecken Sie die Franche-Comt\u00e9, das Elsass und die Stadt Mulhouse<\/div>\n\n\n<div id=\"ls-maillage-block_626147008a723\" class=\"ls-maillage cta-style-normal\" data-rows=\"3\">\n    <div class=\"wp-block-columns\"><div class=\"wp-block-column\">\n\n<a href=\"https:\/\/camping-lac-seigneurie.com\/de\/campingplatz-alsace\/\" target=\"\" rel=\"noopener\" class=\"ls-cta__link\">\n\n\t<div class=\"ls-cta__image\"><img decoding=\"async\" src=\"https:\/\/camping-lac-seigneurie.com\/wp-content\/uploads\/2022\/06\/tourisme-alsace-vacances-camping.jpg\" alt=\"tourisme alsace vacances camping\"><\/div>\n\t<div class=\"ls-cta__title animated fadeIn slow delay-400ms\">\n\t\tAlsace\t<\/div>\n\n\t\t\n<\/a><\/div><div class=\"wp-block-column\">\n\n<a href=\"https:\/\/camping-lac-seigneurie.com\/de\/campingplatz-mulhouse\/\" target=\"\" rel=\"noopener\" class=\"ls-cta__link\">\n\n\t<div class=\"ls-cta__image\"><img decoding=\"async\" src=\"https:\/\/camping-lac-seigneurie.com\/wp-content\/uploads\/2022\/06\/tourisme-a-mulhouse.jpg\" alt=\"tourisme a mulhouse\"><\/div>\n\t<div class=\"ls-cta__title animated fadeIn slow delay-400ms\">\n\t\tMulhouse\t<\/div>\n\n\t\t\n<\/a><\/div><div class=\"wp-block-column\">\n\n<a href=\"https:\/\/camping-lac-seigneurie.com\/de\/tourismus-burgund-franche-comte\/\" target=\"\" rel=\"noopener\" class=\"ls-cta__link\">\n\n\t<div class=\"ls-cta__image\"><img decoding=\"async\" src=\"https:\/\/camping-lac-seigneurie.com\/wp-content\/uploads\/2022\/06\/vignoble-bourgogne-visites.jpg\" alt=\"vignoble bourgogne visites\"><\/div>\n\t<div class=\"ls-cta__title animated fadeIn slow delay-400ms\">\n\t\tBurgund Franche Comt\u00e9\t<\/div>\n\n\t\t\n<\/a><\/div><\/div><\/div>\n\n    <\/div>\n<\/section>","protected":false},"excerpt":{"rendered":"","protected":false},"author":1,"featured_media":1721,"parent":0,"menu_order":0,"comment_status":"closed","ping_status":"closed","template":"","meta":{"_acf_changed":false,"footnotes":""},"sujet":[],"class_list":["post-3462","page","type-page","status-publish","has-post-thumbnail","hentry"],"acf":[],"yoast_head":"<!-- This site is optimized with the Yoast SEO plugin v25.3 - https:\/\/yoast.com\/wordpress\/plugins\/seo\/ -->\n<title>Campingplatz Belfort-Territorium | Campingplatz Lac de Seigneurie<\/title>\n<meta name=\"description\" content=\"Haben Sie Lust, Ihren Urlaub im Gebiet von Belfort zu verbringen? Mieten Sie ein Mobilheim mit allem Komfort auf dem Campingplatz La Rivi\u00e8re im Gebiet von Belfort.\" \/>\n<meta name=\"robots\" content=\"index, follow, max-snippet:-1, max-image-preview:large, max-video-preview:-1\" \/>\n<link rel=\"canonical\" href=\"https:\/\/camping-lac-seigneurie.com\/de\/campingplatz-gebiet-belfort\/\" \/>\n<meta property=\"og:locale\" content=\"de_DE\" \/>\n<meta property=\"og:type\" content=\"article\" \/>\n<meta property=\"og:title\" content=\"Campingplatz Belfort-Territorium | Campingplatz Lac de Seigneurie\" \/>\n<meta property=\"og:description\" content=\"Haben Sie Lust, Ihren Urlaub im Gebiet von Belfort zu verbringen? Mieten Sie ein Mobilheim mit allem Komfort auf dem Campingplatz La Rivi\u00e8re im Gebiet von Belfort.\" \/>\n<meta property=\"og:url\" content=\"https:\/\/camping-lac-seigneurie.com\/de\/campingplatz-gebiet-belfort\/\" \/>\n<meta property=\"og:site_name\" content=\"Camping du Lac de la Seigneurie\" \/>\n<meta property=\"article:modified_time\" content=\"2022-06-24T12:00:13+00:00\" \/>\n<meta property=\"og:image\" content=\"https:\/\/camping-lac-seigneurie.com\/wp-content\/uploads\/2022\/05\/lion-de-belfort-tourisme-territoire-de-belfort.jpg\" \/>\n\t<meta property=\"og:image:width\" content=\"1903\" \/>\n\t<meta property=\"og:image:height\" content=\"650\" \/>\n\t<meta property=\"og:image:type\" content=\"image\/jpeg\" \/>\n<meta name=\"twitter:card\" content=\"summary_large_image\" \/>\n<meta name=\"twitter:label1\" content=\"Gesch\u00e4tzte Lesezeit\" \/>\n\t<meta name=\"twitter:data1\" content=\"3\u00a0Minuten\" \/>\n<script type=\"application\/ld+json\" class=\"yoast-schema-graph\">{\"@context\":\"https:\/\/schema.org\",\"@graph\":[{\"@type\":\"WebPage\",\"@id\":\"https:\/\/camping-lac-seigneurie.com\/de\/campingplatz-gebiet-belfort\/\",\"url\":\"https:\/\/camping-lac-seigneurie.com\/de\/campingplatz-gebiet-belfort\/\",\"name\":\"Campingplatz Belfort-Territorium | Campingplatz Lac de Seigneurie\",\"isPartOf\":{\"@id\":\"https:\/\/camping-lac-seigneurie.com\/de\/#website\"},\"primaryImageOfPage\":{\"@id\":\"https:\/\/camping-lac-seigneurie.com\/de\/campingplatz-gebiet-belfort\/#primaryimage\"},\"image\":{\"@id\":\"https:\/\/camping-lac-seigneurie.com\/de\/campingplatz-gebiet-belfort\/#primaryimage\"},\"thumbnailUrl\":\"https:\/\/camping-lac-seigneurie.com\/wp-content\/uploads\/2022\/05\/lion-de-belfort-tourisme-territoire-de-belfort.jpg\",\"datePublished\":\"2022-05-10T14:00:58+00:00\",\"dateModified\":\"2022-06-24T12:00:13+00:00\",\"description\":\"Haben Sie Lust, Ihren Urlaub im Gebiet von Belfort zu verbringen? Mieten Sie ein Mobilheim mit allem Komfort auf dem Campingplatz La Rivi\u00e8re im Gebiet von Belfort.\",\"breadcrumb\":{\"@id\":\"https:\/\/camping-lac-seigneurie.com\/de\/campingplatz-gebiet-belfort\/#breadcrumb\"},\"inLanguage\":\"de\",\"potentialAction\":[{\"@type\":\"ReadAction\",\"target\":[\"https:\/\/camping-lac-seigneurie.com\/de\/campingplatz-gebiet-belfort\/\"]}]},{\"@type\":\"ImageObject\",\"inLanguage\":\"de\",\"@id\":\"https:\/\/camping-lac-seigneurie.com\/de\/campingplatz-gebiet-belfort\/#primaryimage\",\"url\":\"https:\/\/camping-lac-seigneurie.com\/wp-content\/uploads\/2022\/05\/lion-de-belfort-tourisme-territoire-de-belfort.jpg\",\"contentUrl\":\"https:\/\/camping-lac-seigneurie.com\/wp-content\/uploads\/2022\/05\/lion-de-belfort-tourisme-territoire-de-belfort.jpg\",\"width\":1903,\"height\":650,\"caption\":\"lion de belfort tourisme territoire de belfort\"},{\"@type\":\"BreadcrumbList\",\"@id\":\"https:\/\/camping-lac-seigneurie.com\/de\/campingplatz-gebiet-belfort\/#breadcrumb\",\"itemListElement\":[{\"@type\":\"ListItem\",\"position\":1,\"name\":\"Camping Franche-Comt\u00e9\",\"item\":\"https:\/\/camping-lac-seigneurie.com\/de\/\"},{\"@type\":\"ListItem\",\"position\":2,\"name\":\"Tourismus und Camping im Territoire de Belfort\"}]},{\"@type\":\"WebSite\",\"@id\":\"https:\/\/camping-lac-seigneurie.com\/de\/#website\",\"url\":\"https:\/\/camping-lac-seigneurie.com\/de\/\",\"name\":\"Camping du Lac de la Seigneurie\",\"description\":\"\",\"publisher\":{\"@id\":\"https:\/\/camping-lac-seigneurie.com\/de\/#organization\"},\"potentialAction\":[{\"@type\":\"SearchAction\",\"target\":{\"@type\":\"EntryPoint\",\"urlTemplate\":\"https:\/\/camping-lac-seigneurie.com\/de\/?s={search_term_string}\"},\"query-input\":{\"@type\":\"PropertyValueSpecification\",\"valueRequired\":true,\"valueName\":\"search_term_string\"}}],\"inLanguage\":\"de\"},{\"@type\":\"Organization\",\"@id\":\"https:\/\/camping-lac-seigneurie.com\/de\/#organization\",\"name\":\"Camping Lac de la Seigneurie\",\"url\":\"https:\/\/camping-lac-seigneurie.com\/de\/\",\"logo\":{\"@type\":\"ImageObject\",\"inLanguage\":\"de\",\"@id\":\"https:\/\/camping-lac-seigneurie.com\/de\/#\/schema\/logo\/image\/\",\"url\":\"https:\/\/camping-lac-seigneurie.com\/wp-content\/uploads\/2022\/07\/lac-de-la-seigneurie-logo-fond-blanc.jpg\",\"contentUrl\":\"https:\/\/camping-lac-seigneurie.com\/wp-content\/uploads\/2022\/07\/lac-de-la-seigneurie-logo-fond-blanc.jpg\",\"width\":800,\"height\":325,\"caption\":\"Camping Lac de la Seigneurie\"},\"image\":{\"@id\":\"https:\/\/camping-lac-seigneurie.com\/de\/#\/schema\/logo\/image\/\"}}]}<\/script>\n<!-- \/ Yoast SEO plugin. -->","yoast_head_json":{"title":"Campingplatz Belfort-Territorium | Campingplatz Lac de Seigneurie","description":"Haben Sie Lust, Ihren Urlaub im Gebiet von Belfort zu verbringen? Mieten Sie ein Mobilheim mit allem Komfort auf dem Campingplatz La Rivi\u00e8re im Gebiet von Belfort.","robots":{"index":"index","follow":"follow","max-snippet":"max-snippet:-1","max-image-preview":"max-image-preview:large","max-video-preview":"max-video-preview:-1"},"canonical":"https:\/\/camping-lac-seigneurie.com\/de\/campingplatz-gebiet-belfort\/","og_locale":"de_DE","og_type":"article","og_title":"Campingplatz Belfort-Territorium | Campingplatz Lac de Seigneurie","og_description":"Haben Sie Lust, Ihren Urlaub im Gebiet von Belfort zu verbringen? Mieten Sie ein Mobilheim mit allem Komfort auf dem Campingplatz La Rivi\u00e8re im Gebiet von Belfort.","og_url":"https:\/\/camping-lac-seigneurie.com\/de\/campingplatz-gebiet-belfort\/","og_site_name":"Camping du Lac de la Seigneurie","article_modified_time":"2022-06-24T12:00:13+00:00","og_image":[{"width":1903,"height":650,"url":"https:\/\/camping-lac-seigneurie.com\/wp-content\/uploads\/2022\/05\/lion-de-belfort-tourisme-territoire-de-belfort.jpg","type":"image\/jpeg"}],"twitter_card":"summary_large_image","twitter_misc":{"Gesch\u00e4tzte Lesezeit":"3\u00a0Minuten"},"schema":{"@context":"https:\/\/schema.org","@graph":[{"@type":"WebPage","@id":"https:\/\/camping-lac-seigneurie.com\/de\/campingplatz-gebiet-belfort\/","url":"https:\/\/camping-lac-seigneurie.com\/de\/campingplatz-gebiet-belfort\/","name":"Campingplatz Belfort-Territorium | Campingplatz Lac de Seigneurie","isPartOf":{"@id":"https:\/\/camping-lac-seigneurie.com\/de\/#website"},"primaryImageOfPage":{"@id":"https:\/\/camping-lac-seigneurie.com\/de\/campingplatz-gebiet-belfort\/#primaryimage"},"image":{"@id":"https:\/\/camping-lac-seigneurie.com\/de\/campingplatz-gebiet-belfort\/#primaryimage"},"thumbnailUrl":"https:\/\/camping-lac-seigneurie.com\/wp-content\/uploads\/2022\/05\/lion-de-belfort-tourisme-territoire-de-belfort.jpg","datePublished":"2022-05-10T14:00:58+00:00","dateModified":"2022-06-24T12:00:13+00:00","description":"Haben Sie Lust, Ihren Urlaub im Gebiet von Belfort zu verbringen? Mieten Sie ein Mobilheim mit allem Komfort auf dem Campingplatz La Rivi\u00e8re im Gebiet von Belfort.","breadcrumb":{"@id":"https:\/\/camping-lac-seigneurie.com\/de\/campingplatz-gebiet-belfort\/#breadcrumb"},"inLanguage":"de","potentialAction":[{"@type":"ReadAction","target":["https:\/\/camping-lac-seigneurie.com\/de\/campingplatz-gebiet-belfort\/"]}]},{"@type":"ImageObject","inLanguage":"de","@id":"https:\/\/camping-lac-seigneurie.com\/de\/campingplatz-gebiet-belfort\/#primaryimage","url":"https:\/\/camping-lac-seigneurie.com\/wp-content\/uploads\/2022\/05\/lion-de-belfort-tourisme-territoire-de-belfort.jpg","contentUrl":"https:\/\/camping-lac-seigneurie.com\/wp-content\/uploads\/2022\/05\/lion-de-belfort-tourisme-territoire-de-belfort.jpg","width":1903,"height":650,"caption":"lion de belfort tourisme territoire de belfort"},{"@type":"BreadcrumbList","@id":"https:\/\/camping-lac-seigneurie.com\/de\/campingplatz-gebiet-belfort\/#breadcrumb","itemListElement":[{"@type":"ListItem","position":1,"name":"Camping Franche-Comt\u00e9","item":"https:\/\/camping-lac-seigneurie.com\/de\/"},{"@type":"ListItem","position":2,"name":"Tourismus und Camping im Territoire de Belfort"}]},{"@type":"WebSite","@id":"https:\/\/camping-lac-seigneurie.com\/de\/#website","url":"https:\/\/camping-lac-seigneurie.com\/de\/","name":"Camping du Lac de la Seigneurie","description":"","publisher":{"@id":"https:\/\/camping-lac-seigneurie.com\/de\/#organization"},"potentialAction":[{"@type":"SearchAction","target":{"@type":"EntryPoint","urlTemplate":"https:\/\/camping-lac-seigneurie.com\/de\/?s={search_term_string}"},"query-input":{"@type":"PropertyValueSpecification","valueRequired":true,"valueName":"search_term_string"}}],"inLanguage":"de"},{"@type":"Organization","@id":"https:\/\/camping-lac-seigneurie.com\/de\/#organization","name":"Camping Lac de la Seigneurie","url":"https:\/\/camping-lac-seigneurie.com\/de\/","logo":{"@type":"ImageObject","inLanguage":"de","@id":"https:\/\/camping-lac-seigneurie.com\/de\/#\/schema\/logo\/image\/","url":"https:\/\/camping-lac-seigneurie.com\/wp-content\/uploads\/2022\/07\/lac-de-la-seigneurie-logo-fond-blanc.jpg","contentUrl":"https:\/\/camping-lac-seigneurie.com\/wp-content\/uploads\/2022\/07\/lac-de-la-seigneurie-logo-fond-blanc.jpg","width":800,"height":325,"caption":"Camping Lac de la Seigneurie"},"image":{"@id":"https:\/\/camping-lac-seigneurie.com\/de\/#\/schema\/logo\/image\/"}}]}},"_links":{"self":[{"href":"https:\/\/camping-lac-seigneurie.com\/de\/wp-json\/wp\/v2\/pages\/3462","targetHints":{"allow":["GET"]}}],"collection":[{"href":"https:\/\/camping-lac-seigneurie.com\/de\/wp-json\/wp\/v2\/pages"}],"about":[{"href":"https:\/\/camping-lac-seigneurie.com\/de\/wp-json\/wp\/v2\/types\/page"}],"author":[{"embeddable":true,"href":"https:\/\/camping-lac-seigneurie.com\/de\/wp-json\/wp\/v2\/users\/1"}],"replies":[{"embeddable":true,"href":"https:\/\/camping-lac-seigneurie.com\/de\/wp-json\/wp\/v2\/comments?post=3462"}],"version-history":[{"count":5,"href":"https:\/\/camping-lac-seigneurie.com\/de\/wp-json\/wp\/v2\/pages\/3462\/revisions"}],"predecessor-version":[{"id":3986,"href":"https:\/\/camping-lac-seigneurie.com\/de\/wp-json\/wp\/v2\/pages\/3462\/revisions\/3986"}],"wp:featuredmedia":[{"embeddable":true,"href":"https:\/\/camping-lac-seigneurie.com\/de\/wp-json\/wp\/v2\/media\/1721"}],"wp:attachment":[{"href":"https:\/\/camping-lac-seigneurie.com\/de\/wp-json\/wp\/v2\/media?parent=3462"}],"wp:term":[{"taxonomy":"sujet","embeddable":true,"href":"https:\/\/camping-lac-seigneurie.com\/de\/wp-json\/wp\/v2\/sujet?post=3462"}],"curies":[{"name":"wp","href":"https:\/\/api.w.org\/{rel}","templated":true}]}}