{"id":8415,"date":"2023-05-17T10:09:37","date_gmt":"2023-05-17T08:09:37","guid":{"rendered":"https:\/\/camping-lac-seigneurie.com\/?page_id=8415"},"modified":"2024-06-06T09:21:58","modified_gmt":"2024-06-06T07:21:58","slug":"nuetzliche-informationen","status":"publish","type":"page","link":"https:\/\/camping-lac-seigneurie.com\/de\/nuetzliche-informationen\/","title":{"rendered":"N\u00fctzliche Informationen"},"content":{"rendered":"<section id=\"ls-section-block_2953814b01ae7638ef8f96fb96b521f9\" class=\"ls-section  has-m-t m-t-0 has-m-b m-b-0 has-m-l m-l-0 has-m-r m-r-0 has-p-t p-t-0 has-p-b p-b-0 has-p-l p-l-0 has-p-r p-r-0\" >\n        <div class=\"container \">\n        \n\n<h1 class=\"ls__heading wp-block-heading has-text-align-center\">N\u00fctzliche Informationen f\u00fcr Ihren Aufenthalt auf dem Campingplatz<\/h1>\n\n\n    <\/div>\n<\/section>\n\n<section id=\"ls-section-block_2953814b01ae7638ef8f96fb96b521f9\" class=\"ls-section  has-m-t m-t-0 has-m-b m-b-0 has-m-l m-l-0 has-m-r m-r-0 has-p-t p-t-0 has-p-b p-b-0 has-p-l p-l-0 has-p-r p-r-0\" >\n        <div class=\"container \">\n        \n\n<p class=\"ls-paragraph has-text-align-center\">Entdecken Sie alle wichtigen Informationen zum Leben auf dem Campingplatz in unserem neuen, frisch aktualisierten Willkommensheft.<\/p>\n\n\n    <\/div>\n<\/section>\n\n<section id=\"ls-section-block_2953814b01ae7638ef8f96fb96b521f9\" class=\"ls-section  has-m-t m-t-0 has-m-b m-b-0 has-m-l m-l-0 has-m-r m-r-0 has-p-t p-t-0 has-p-b p-b-0 has-p-l p-l-0 has-p-r p-r-0\" >\n        <div class=\"container \">\n        \n\n<div class=\"wp-block-columns is-layout-flex wp-container-core-columns-is-layout-9d6595d7 wp-block-columns-is-layout-flex\">\n<div class=\"wp-block-column is-layout-flow wp-block-column-is-layout-flow\" style=\"flex-basis:25%\"><\/div>\n\n\n\n<div class=\"wp-block-column is-layout-flow wp-block-column-is-layout-flow\" style=\"flex-basis:50%\">\n<a href=\"https:\/\/camping-lac-seigneurie.com\/wp-content\/uploads\/2022\/04\/Willkommensbroschure-Blumencampingplatz-du-Lac-de-la-Seigneurie.pdf\" id=\"ls-button-block_1e537515342ef54ea7d54c5bc9e86afc\" target=\"_blank\" rel=\"noopener\" class=\"ls-button aligncenter\" ><span>Auf Deutsch<\/span> <i class='icon-arrow-right'><\/i><\/a>\n<\/div>\n\n\n\n<div class=\"wp-block-column is-layout-flow wp-block-column-is-layout-flow\" style=\"flex-basis:25%\"><\/div>\n<\/div>\n\n\n    <\/div>\n<\/section>\n\n<section id=\"ls-section-block_2953814b01ae7638ef8f96fb96b521f9\" class=\"ls-section  has-m-t m-t-0 has-m-b m-b-0 has-m-l m-l-0 has-m-r m-r-0 has-p-t p-t-0 has-p-b p-b-0 has-p-l p-l-0 has-p-r p-r-0\" >\n        <div class=\"container \">\n        \n\n<div class=\"wp-block-columns is-layout-flex wp-container-core-columns-is-layout-9d6595d7 wp-block-columns-is-layout-flex\">\n<div class=\"wp-block-column is-vertically-aligned-center is-layout-flow wp-block-column-is-layout-flow\">\n<figure class=\"wp-block-image size-full\"><img loading=\"lazy\" decoding=\"async\" width=\"926\" height=\"926\" src=\"https:\/\/camping-lac-seigneurie.com\/wp-content\/uploads\/2023\/05\/Equipe-4-edited.jpg\" alt=\"\" class=\"wp-image-6506\" srcset=\"https:\/\/camping-lac-seigneurie.com\/wp-content\/uploads\/2023\/05\/Equipe-4-edited.jpg 926w, https:\/\/camping-lac-seigneurie.com\/wp-content\/uploads\/2023\/05\/Equipe-4-edited-300x300.jpg 300w, https:\/\/camping-lac-seigneurie.com\/wp-content\/uploads\/2023\/05\/Equipe-4-edited-150x150.jpg 150w, https:\/\/camping-lac-seigneurie.com\/wp-content\/uploads\/2023\/05\/Equipe-4-edited-768x768.jpg 768w\" sizes=\"auto, (max-width: 926px) 100vw, 926px\" \/><\/figure>\n<\/div>\n\n\n\n<div class=\"wp-block-column is-layout-flow wp-block-column-is-layout-flow\">\n<h2 class=\"ls__heading wp-block-heading\">UNSER TEAM W\u00c4HREND DIESER SAISON<\/h2>\n\n\n\n<p class=\"ls-paragraph\">Willkommen im Flower Camping du Lac de la Seigneurie! Unser Team freut sich, Sie auf unserem herrlichen Campingplatz im Herzen des Waldes begr\u00fc\u00dfen zu d\u00fcrfen. Ob Sie auf der Suche nach Momenten der Entspannung, Outdoor-Abenteuern oder einfachen Momenten der Ruhe mit Familie oder Freunden sind \u2026 unser Campingplatz bietet ein unvergessliches Erlebnis f\u00fcr alle Naturliebhaber. Profitieren Sie von unseren ger\u00e4umigen und schattigen Stellpl\u00e4tzen, unserer hochwertigen Unterkunft und Ausstattung sowie unserer freundlichen Atmosph\u00e4re. Wir freuen uns darauf, die Sch\u00f6nheit unserer gesch\u00fctzten Umwelt mit Ihnen zu teilen und Ihnen einen unvergesslichen Aufenthalt im Flower Camping du Lac de la Seigneurie zu bieten.<\/p>\n<\/div>\n<\/div>\n\n\n    <\/div>\n<\/section>\n\n<section id=\"ls-section-block_2953814b01ae7638ef8f96fb96b521f9\" class=\"ls-section  has-m-t m-t-0 has-m-b m-b-0 has-m-l m-l-0 has-m-r m-r-0 has-p-t p-t-0 has-p-b p-b-0 has-p-l p-l-0 has-p-r p-r-0\" >\n        <div class=\"container \">\n        \n\n<div class=\"wp-block-columns is-layout-flex wp-container-core-columns-is-layout-9d6595d7 wp-block-columns-is-layout-flex\">\n<div class=\"wp-block-column is-vertically-aligned-center is-layout-flow wp-block-column-is-layout-flow\">\n<h2 class=\"ls__heading wp-block-heading\">Laden Sie die Flower-Camping-App herunter<\/h2>\n\n\n\n<p class=\"ls-paragraph\">M\u00f6chten Sie Ihr Erlebnis auf Flower Camping maximieren? Suchen Sie nicht mehr! <a href=\"https:\/\/de.flowercampings.com\">Laden Sie jetzt die Flower Camping-App herunter<\/a> und entdecken Sie eine praktische und effiziente M\u00f6glichkeit, Ihren Aufenthalt bei uns zu verbessern. Mit dieser Anwendung k\u00f6nnen Sie auf eine Vielzahl exklusiver Funktionen zugreifen: Sie k\u00f6nnen Echtzeitinformationen \u00fcber den Campingplatz abrufen, die angebotenen Aktivit\u00e4ten entdecken, Ihren Platz f\u00fcr unsere Abende online reservieren und sogar Benachrichtigungen erhalten, damit Sie nichts verpassen Unterhaltung oder besondere Veranstaltung. Dar\u00fcber hinaus profitieren Sie \u00fcber unsere Anwendung von Werbeaktionen und Sonderangeboten, die den Benutzern vorbehalten sind. Lassen Sie sich diese einmalige Gelegenheit nicht entgehen, Ihr Campingerlebnis zu optimieren. Laden Sie jetzt die Flower Camping-App herunter und machen Sie sich bereit f\u00fcr einen unvergesslichen Urlaub, ganz in Ihrer N\u00e4he!<\/p>\n<\/div>\n\n\n\n<div class=\"wp-block-column is-vertically-aligned-center is-layout-flow wp-block-column-is-layout-flow\"><div class=\"wp-block-image\">\n<figure class=\"aligncenter size-large\"><img loading=\"lazy\" decoding=\"async\" width=\"1024\" height=\"512\" src=\"https:\/\/camping-lac-seigneurie.com\/wp-content\/uploads\/2023\/05\/app-flower-1-3-1024x512.jpeg\" alt=\"\" class=\"wp-image-6457\" srcset=\"https:\/\/camping-lac-seigneurie.com\/wp-content\/uploads\/2023\/05\/app-flower-1-3-1024x512.jpeg 1024w, https:\/\/camping-lac-seigneurie.com\/wp-content\/uploads\/2023\/05\/app-flower-1-3-300x150.jpeg 300w, https:\/\/camping-lac-seigneurie.com\/wp-content\/uploads\/2023\/05\/app-flower-1-3-768x384.jpeg 768w, https:\/\/camping-lac-seigneurie.com\/wp-content\/uploads\/2023\/05\/app-flower-1-3.jpeg 1280w\" sizes=\"auto, (max-width: 1024px) 100vw, 1024px\" \/><\/figure>\n<\/div><\/div>\n<\/div>\n\n\n    <\/div>\n<\/section>\n\n<section id=\"ls-section-block_2953814b01ae7638ef8f96fb96b521f9\" class=\"ls-section  has-m-t m-t-0 has-m-b m-b-0 has-m-l m-l-0 has-m-r m-r-0 has-p-t p-t-0 has-p-b p-b-0 has-p-l p-l-0 has-p-r p-r-0\" >\n        <div class=\"container \">\n        \n\n<div class=\"wp-block-columns is-layout-flex wp-container-core-columns-is-layout-9d6595d7 wp-block-columns-is-layout-flex\">\n<div class=\"wp-block-column is-layout-flow wp-block-column-is-layout-flow\">\n<div class=\"wpcf7 no-js\" id=\"wpcf7-f3331-o1\" lang=\"fr-FR\" dir=\"ltr\" data-wpcf7-id=\"3331\">\n<div class=\"screen-reader-response\"><p role=\"status\" aria-live=\"polite\" aria-atomic=\"true\"><\/p> <ul><\/ul><\/div>\n<form action=\"\/de\/wp-json\/wp\/v2\/pages\/8415#wpcf7-f3331-o1\" method=\"post\" class=\"wpcf7-form init\" aria-label=\"Formulaire de contact\" novalidate=\"novalidate\" data-status=\"init\">\n<fieldset class=\"hidden-fields-container\"><input type=\"hidden\" name=\"_wpcf7\" value=\"3331\" \/><input type=\"hidden\" name=\"_wpcf7_version\" value=\"6.1.5\" \/><input type=\"hidden\" name=\"_wpcf7_locale\" value=\"fr_FR\" \/><input type=\"hidden\" name=\"_wpcf7_unit_tag\" value=\"wpcf7-f3331-o1\" \/><input type=\"hidden\" name=\"_wpcf7_container_post\" value=\"0\" \/><input type=\"hidden\" name=\"_wpcf7_posted_data_hash\" value=\"\" \/><input type=\"hidden\" name=\"_wpcf7_recaptcha_response\" value=\"\" \/>\n<\/fieldset>\n<p><label> Ihr Name<br \/>\n<span class=\"wpcf7-form-control-wrap\" data-name=\"your-name\"><input size=\"40\" maxlength=\"400\" class=\"wpcf7-form-control wpcf7-text wpcf7-validates-as-required\" aria-required=\"true\" aria-invalid=\"false\" value=\"\" type=\"text\" name=\"your-name\" \/><\/span> <\/label>\n<\/p>\n<p><label> Ihre E-Mail<br \/>\n<span class=\"wpcf7-form-control-wrap\" data-name=\"your-email\"><input size=\"40\" maxlength=\"400\" class=\"wpcf7-form-control wpcf7-email wpcf7-validates-as-required wpcf7-text wpcf7-validates-as-email\" aria-required=\"true\" aria-invalid=\"false\" value=\"\" type=\"email\" name=\"your-email\" \/><\/span> <\/label>\n<\/p>\n<p><label> Objekt<br \/>\n<span class=\"wpcf7-form-control-wrap\" data-name=\"your-subject\"><input size=\"40\" maxlength=\"400\" class=\"wpcf7-form-control wpcf7-text wpcf7-validates-as-required\" aria-required=\"true\" aria-invalid=\"false\" value=\"\" type=\"text\" name=\"your-subject\" \/><\/span> <\/label>\n<\/p>\n<p><label> Ihre Nachricht (optional)<br \/>\n<span class=\"wpcf7-form-control-wrap\" data-name=\"your-message\"><textarea cols=\"40\" rows=\"10\" maxlength=\"2000\" class=\"wpcf7-form-control wpcf7-textarea\" aria-invalid=\"false\" name=\"your-message\"><\/textarea><\/span> <\/label><br \/>\n<span class=\"wpcf7-form-control-wrap\" data-name=\"acceptance-553\"><span class=\"wpcf7-form-control wpcf7-acceptance\"><span class=\"wpcf7-list-item\"><label><input type=\"checkbox\" name=\"acceptance-553\" value=\"1\" aria-invalid=\"false\" \/><span class=\"wpcf7-list-item-label\">Durch Ankreuzen dieses K\u00e4stchens erkl\u00e4re ich mich mit die <a href=\"\/de\/datenschutzrichtlinie\/\" rel=\"nofollow\" target=\"_blank\">Datenschutzbestimmungen<\/a> dieser Website.<\/span><\/label><\/span><\/span><\/span><br \/>\n<input class=\"wpcf7-form-control wpcf7-submit has-spinner\" type=\"submit\" value=\"Senden Sie\" \/>\n<\/p><div class=\"wpcf7-response-output\" aria-hidden=\"true\"><\/div>\n<\/form>\n<\/div>\n\n<\/div>\n\n\n\n<div class=\"wp-block-column is-vertically-aligned-center is-layout-flow wp-block-column-is-layout-flow\">\n<h2 class=\"ls__heading wp-block-heading\">Kontaktieren Sie den Campingplatz<\/h2>\n\n\n\n<p class=\"ls-paragraph\">Telefon: 03 84 23 00 13<br>E-Mail: <a href=\"mailto:contact@camping-lac-seigneurie.com\">contact@camping-lac-seigneurie.com<\/a><\/p>\n<\/div>\n<\/div>\n\n\n    <\/div>\n<\/section>\n\n<section id=\"ls-section-block_2953814b01ae7638ef8f96fb96b521f9\" class=\"ls-section  has-m-t m-t-0 has-m-b m-b-0 has-m-l m-l-0 has-m-r m-r-0 has-p-t p-t-0 has-p-b p-b-0 has-p-l p-l-0 has-p-r p-r-0\" >\n        <div class=\"container \">\n        \n\n<h2 class=\"ls__heading wp-block-heading has-text-align-center\">Ihr Campingplatz wird von camping2bej belohnt<\/h2>\n\n\n\n<p class=\"ls-paragraph has-text-align-center\">Der Flower Camping du Lac de la Seigneurie (***), ein Naturjuwel im Herzen einer malerischen Region\u2026 freut sich, bekannt geben zu k\u00f6nnen, <strong>dass er zum zweiten Mal in Folge mit dem prestigetr\u00e4chtigen Preis Camping2be 2023 ausgezeichnet wurde<\/strong>. ! Camping2be belohnt die von den Campern selbst am besten bewerteten Campingpl\u00e4tze. Diese Auszeichnung ist eine Anerkennung unseres unersch\u00fctterlichen Engagements f\u00fcr Spitzenleistungen und unserer Leidenschaft, unseren Besuchern ein au\u00dfergew\u00f6hnliches Campingerlebnis zu bieten.<\/p>\n\n\n\n<p class=\"ls-paragraph has-text-align-center\">Unser Campingplatz liegt in einer gesch\u00fctzten Umgebung und genie\u00dft eine privilegierte Lage unweit eines sch\u00f6nen Sees, umgeben von gr\u00fcner und beruhigender Natur. Camper sind sofort begeistert von der nat\u00fcrlichen Sch\u00f6nheit und Ruhe, die dort herrscht.<\/p>\n\n\n\n<p class=\"ls-paragraph has-text-align-center\">Wir sind stolz darauf, eine umfassende Palette an Annehmlichkeiten und Dienstleistungen anbieten zu k\u00f6nnen, um den Bed\u00fcrfnissen unserer Besucher gerecht zu werden. Ob Sie am Wasser entspannen, im Sommer unser erfrischendes (und beheiztes) Schwimmbad genie\u00dfen, sich sportlich bet\u00e4tigen oder einfach nur in der umliegenden Natur spazieren gehen m\u00f6chten, wir haben alles geplant, um Ihren Aufenthalt <strong>unvergesslich zu machen<\/strong>.<\/p>\n\n\n\n<p class=\"ls-paragraph has-text-align-center\">Aber was Flower Camping du Lac de la Seigneurie wirklich auszeichnet, ist <strong>unser herzliches und aufmerksames Team<\/strong>. Unser engagiertes Personal k\u00fcmmert sich st\u00e4ndig um unsere Camper, ist bereit, auf ihre <strong>Bed\u00fcrfnisse einzugehen<\/strong> und ihnen ein individuelles Erlebnis zu bieten. Wir schaffen ein familienfreundliches Umfeld, in dem sich jeder willkommen und gesch\u00e4tzt f\u00fchlt.<\/p>\n\n\n\n<p class=\"ls-paragraph has-text-align-center\">Als Gewinner von Camping2be 2023 sind wir weiterhin bestrebt, <strong>h\u00f6chste Qualit\u00e4ts- und Servicestandards aufrechtzuerhalten<\/strong>. Unser Ziel ist es, jeden Aufenthalt bei uns zu einem unvergesslichen Erlebnis voller Gl\u00fccks-, Entspannungs- und Entdeckungsmomente zu machen.<\/p>\n\n\n\n<p class=\"ls-paragraph has-text-align-center\">Besuchen Sie uns auf dem Flower Camping du Lac de la Seigneurie und finden Sie selbst heraus, warum wir laut Camping2be zu einem der besten Campingpl\u00e4tze gew\u00e4hlt wurden!<\/p>\n\n\n    <\/div>\n<\/section>","protected":false},"excerpt":{"rendered":"","protected":false},"author":3,"featured_media":0,"parent":0,"menu_order":0,"comment_status":"closed","ping_status":"closed","template":"","meta":{"_acf_changed":false,"footnotes":""},"sujet":[],"class_list":["post-8415","page","type-page","status-publish","hentry"],"acf":[],"yoast_head":"<!-- This site is optimized with the Yoast SEO plugin v25.3 - https:\/\/yoast.com\/wordpress\/plugins\/seo\/ -->\n<title>N\u00fctzliche Informationen - Camping du Lac de la Seigneurie<\/title>\n<meta name=\"robots\" content=\"index, follow, max-snippet:-1, max-image-preview:large, max-video-preview:-1\" \/>\n<link rel=\"canonical\" href=\"https:\/\/camping-lac-seigneurie.com\/de\/nuetzliche-informationen\/\" \/>\n<meta property=\"og:locale\" content=\"de_DE\" \/>\n<meta property=\"og:type\" content=\"article\" \/>\n<meta property=\"og:title\" content=\"N\u00fctzliche Informationen - Camping du Lac de la Seigneurie\" \/>\n<meta property=\"og:url\" content=\"https:\/\/camping-lac-seigneurie.com\/de\/nuetzliche-informationen\/\" \/>\n<meta property=\"og:site_name\" content=\"Camping du Lac de la Seigneurie\" \/>\n<meta property=\"article:modified_time\" content=\"2024-06-06T07:21:58+00:00\" \/>\n<meta property=\"og:image\" content=\"https:\/\/camping-lac-seigneurie.com\/wp-content\/uploads\/2023\/05\/Equipe-4-edited.jpg\" \/>\n<meta name=\"twitter:card\" content=\"summary_large_image\" \/>\n<meta name=\"twitter:label1\" content=\"Gesch\u00e4tzte Lesezeit\" \/>\n\t<meta name=\"twitter:data1\" content=\"4\u00a0Minuten\" \/>\n<script type=\"application\/ld+json\" class=\"yoast-schema-graph\">{\"@context\":\"https:\/\/schema.org\",\"@graph\":[{\"@type\":\"WebPage\",\"@id\":\"https:\/\/camping-lac-seigneurie.com\/de\/nuetzliche-informationen\/\",\"url\":\"https:\/\/camping-lac-seigneurie.com\/de\/nuetzliche-informationen\/\",\"name\":\"N\u00fctzliche Informationen - Camping du Lac de la Seigneurie\",\"isPartOf\":{\"@id\":\"https:\/\/camping-lac-seigneurie.com\/de\/#website\"},\"primaryImageOfPage\":{\"@id\":\"https:\/\/camping-lac-seigneurie.com\/de\/nuetzliche-informationen\/#primaryimage\"},\"image\":{\"@id\":\"https:\/\/camping-lac-seigneurie.com\/de\/nuetzliche-informationen\/#primaryimage\"},\"thumbnailUrl\":\"https:\/\/camping-lac-seigneurie.com\/wp-content\/uploads\/2023\/05\/Equipe-4-edited.jpg\",\"datePublished\":\"2023-05-17T08:09:37+00:00\",\"dateModified\":\"2024-06-06T07:21:58+00:00\",\"breadcrumb\":{\"@id\":\"https:\/\/camping-lac-seigneurie.com\/de\/nuetzliche-informationen\/#breadcrumb\"},\"inLanguage\":\"de\",\"potentialAction\":[{\"@type\":\"ReadAction\",\"target\":[\"https:\/\/camping-lac-seigneurie.com\/de\/nuetzliche-informationen\/\"]}]},{\"@type\":\"ImageObject\",\"inLanguage\":\"de\",\"@id\":\"https:\/\/camping-lac-seigneurie.com\/de\/nuetzliche-informationen\/#primaryimage\",\"url\":\"https:\/\/camping-lac-seigneurie.com\/wp-content\/uploads\/2023\/05\/Equipe-4-edited.jpg\",\"contentUrl\":\"https:\/\/camping-lac-seigneurie.com\/wp-content\/uploads\/2023\/05\/Equipe-4-edited.jpg\"},{\"@type\":\"BreadcrumbList\",\"@id\":\"https:\/\/camping-lac-seigneurie.com\/de\/nuetzliche-informationen\/#breadcrumb\",\"itemListElement\":[{\"@type\":\"ListItem\",\"position\":1,\"name\":\"Camping Franche-Comt\u00e9\",\"item\":\"https:\/\/camping-lac-seigneurie.com\/de\/\"},{\"@type\":\"ListItem\",\"position\":2,\"name\":\"N\u00fctzliche Informationen\"}]},{\"@type\":\"WebSite\",\"@id\":\"https:\/\/camping-lac-seigneurie.com\/de\/#website\",\"url\":\"https:\/\/camping-lac-seigneurie.com\/de\/\",\"name\":\"Camping du Lac de la Seigneurie\",\"description\":\"\",\"publisher\":{\"@id\":\"https:\/\/camping-lac-seigneurie.com\/de\/#organization\"},\"potentialAction\":[{\"@type\":\"SearchAction\",\"target\":{\"@type\":\"EntryPoint\",\"urlTemplate\":\"https:\/\/camping-lac-seigneurie.com\/de\/?s={search_term_string}\"},\"query-input\":{\"@type\":\"PropertyValueSpecification\",\"valueRequired\":true,\"valueName\":\"search_term_string\"}}],\"inLanguage\":\"de\"},{\"@type\":\"Organization\",\"@id\":\"https:\/\/camping-lac-seigneurie.com\/de\/#organization\",\"name\":\"Camping Lac de la Seigneurie\",\"url\":\"https:\/\/camping-lac-seigneurie.com\/de\/\",\"logo\":{\"@type\":\"ImageObject\",\"inLanguage\":\"de\",\"@id\":\"https:\/\/camping-lac-seigneurie.com\/de\/#\/schema\/logo\/image\/\",\"url\":\"https:\/\/camping-lac-seigneurie.com\/wp-content\/uploads\/2022\/07\/lac-de-la-seigneurie-logo-fond-blanc.jpg\",\"contentUrl\":\"https:\/\/camping-lac-seigneurie.com\/wp-content\/uploads\/2022\/07\/lac-de-la-seigneurie-logo-fond-blanc.jpg\",\"width\":800,\"height\":325,\"caption\":\"Camping Lac de la Seigneurie\"},\"image\":{\"@id\":\"https:\/\/camping-lac-seigneurie.com\/de\/#\/schema\/logo\/image\/\"}}]}<\/script>\n<!-- \/ Yoast SEO plugin. -->","yoast_head_json":{"title":"N\u00fctzliche Informationen - Camping du Lac de la Seigneurie","robots":{"index":"index","follow":"follow","max-snippet":"max-snippet:-1","max-image-preview":"max-image-preview:large","max-video-preview":"max-video-preview:-1"},"canonical":"https:\/\/camping-lac-seigneurie.com\/de\/nuetzliche-informationen\/","og_locale":"de_DE","og_type":"article","og_title":"N\u00fctzliche Informationen - Camping du Lac de la Seigneurie","og_url":"https:\/\/camping-lac-seigneurie.com\/de\/nuetzliche-informationen\/","og_site_name":"Camping du Lac de la Seigneurie","article_modified_time":"2024-06-06T07:21:58+00:00","og_image":[{"url":"https:\/\/camping-lac-seigneurie.com\/wp-content\/uploads\/2023\/05\/Equipe-4-edited.jpg","type":"","width":"","height":""}],"twitter_card":"summary_large_image","twitter_misc":{"Gesch\u00e4tzte Lesezeit":"4\u00a0Minuten"},"schema":{"@context":"https:\/\/schema.org","@graph":[{"@type":"WebPage","@id":"https:\/\/camping-lac-seigneurie.com\/de\/nuetzliche-informationen\/","url":"https:\/\/camping-lac-seigneurie.com\/de\/nuetzliche-informationen\/","name":"N\u00fctzliche Informationen - Camping du Lac de la Seigneurie","isPartOf":{"@id":"https:\/\/camping-lac-seigneurie.com\/de\/#website"},"primaryImageOfPage":{"@id":"https:\/\/camping-lac-seigneurie.com\/de\/nuetzliche-informationen\/#primaryimage"},"image":{"@id":"https:\/\/camping-lac-seigneurie.com\/de\/nuetzliche-informationen\/#primaryimage"},"thumbnailUrl":"https:\/\/camping-lac-seigneurie.com\/wp-content\/uploads\/2023\/05\/Equipe-4-edited.jpg","datePublished":"2023-05-17T08:09:37+00:00","dateModified":"2024-06-06T07:21:58+00:00","breadcrumb":{"@id":"https:\/\/camping-lac-seigneurie.com\/de\/nuetzliche-informationen\/#breadcrumb"},"inLanguage":"de","potentialAction":[{"@type":"ReadAction","target":["https:\/\/camping-lac-seigneurie.com\/de\/nuetzliche-informationen\/"]}]},{"@type":"ImageObject","inLanguage":"de","@id":"https:\/\/camping-lac-seigneurie.com\/de\/nuetzliche-informationen\/#primaryimage","url":"https:\/\/camping-lac-seigneurie.com\/wp-content\/uploads\/2023\/05\/Equipe-4-edited.jpg","contentUrl":"https:\/\/camping-lac-seigneurie.com\/wp-content\/uploads\/2023\/05\/Equipe-4-edited.jpg"},{"@type":"BreadcrumbList","@id":"https:\/\/camping-lac-seigneurie.com\/de\/nuetzliche-informationen\/#breadcrumb","itemListElement":[{"@type":"ListItem","position":1,"name":"Camping Franche-Comt\u00e9","item":"https:\/\/camping-lac-seigneurie.com\/de\/"},{"@type":"ListItem","position":2,"name":"N\u00fctzliche Informationen"}]},{"@type":"WebSite","@id":"https:\/\/camping-lac-seigneurie.com\/de\/#website","url":"https:\/\/camping-lac-seigneurie.com\/de\/","name":"Camping du Lac de la Seigneurie","description":"","publisher":{"@id":"https:\/\/camping-lac-seigneurie.com\/de\/#organization"},"potentialAction":[{"@type":"SearchAction","target":{"@type":"EntryPoint","urlTemplate":"https:\/\/camping-lac-seigneurie.com\/de\/?s={search_term_string}"},"query-input":{"@type":"PropertyValueSpecification","valueRequired":true,"valueName":"search_term_string"}}],"inLanguage":"de"},{"@type":"Organization","@id":"https:\/\/camping-lac-seigneurie.com\/de\/#organization","name":"Camping Lac de la Seigneurie","url":"https:\/\/camping-lac-seigneurie.com\/de\/","logo":{"@type":"ImageObject","inLanguage":"de","@id":"https:\/\/camping-lac-seigneurie.com\/de\/#\/schema\/logo\/image\/","url":"https:\/\/camping-lac-seigneurie.com\/wp-content\/uploads\/2022\/07\/lac-de-la-seigneurie-logo-fond-blanc.jpg","contentUrl":"https:\/\/camping-lac-seigneurie.com\/wp-content\/uploads\/2022\/07\/lac-de-la-seigneurie-logo-fond-blanc.jpg","width":800,"height":325,"caption":"Camping Lac de la Seigneurie"},"image":{"@id":"https:\/\/camping-lac-seigneurie.com\/de\/#\/schema\/logo\/image\/"}}]}},"_links":{"self":[{"href":"https:\/\/camping-lac-seigneurie.com\/de\/wp-json\/wp\/v2\/pages\/8415","targetHints":{"allow":["GET"]}}],"collection":[{"href":"https:\/\/camping-lac-seigneurie.com\/de\/wp-json\/wp\/v2\/pages"}],"about":[{"href":"https:\/\/camping-lac-seigneurie.com\/de\/wp-json\/wp\/v2\/types\/page"}],"author":[{"embeddable":true,"href":"https:\/\/camping-lac-seigneurie.com\/de\/wp-json\/wp\/v2\/users\/3"}],"replies":[{"embeddable":true,"href":"https:\/\/camping-lac-seigneurie.com\/de\/wp-json\/wp\/v2\/comments?post=8415"}],"version-history":[{"count":16,"href":"https:\/\/camping-lac-seigneurie.com\/de\/wp-json\/wp\/v2\/pages\/8415\/revisions"}],"predecessor-version":[{"id":8477,"href":"https:\/\/camping-lac-seigneurie.com\/de\/wp-json\/wp\/v2\/pages\/8415\/revisions\/8477"}],"wp:attachment":[{"href":"https:\/\/camping-lac-seigneurie.com\/de\/wp-json\/wp\/v2\/media?parent=8415"}],"wp:term":[{"taxonomy":"sujet","embeddable":true,"href":"https:\/\/camping-lac-seigneurie.com\/de\/wp-json\/wp\/v2\/sujet?post=8415"}],"curies":[{"name":"wp","href":"https:\/\/api.w.org\/{rel}","templated":true}]}}