{"id":3252,"date":"2022-05-09T09:29:44","date_gmt":"2022-05-09T07:29:44","guid":{"rendered":"https:\/\/camping-lac-seigneurie.com\/camping-bar-snack-vosges\/"},"modified":"2023-09-02T11:55:27","modified_gmt":"2023-09-02T09:55:27","slug":"campsite-snackbar-vosges","status":"publish","type":"page","link":"https:\/\/camping-lac-seigneurie.com\/en\/campsite-snackbar-vosges\/","title":{"rendered":"Bar snack"},"content":{"rendered":"<section id=\"ls-section-block_f856754310ba880d68064c8829b4e9bf\" class=\"ls-section  page-one has-p-t p-t-8 has-p-b p-b-14\" >\n        <div class=\"container container--wide\">\n        \n\n<div class=\"wp-block-columns is-layout-flex wp-container-core-columns-is-layout-9d6595d7 wp-block-columns-is-layout-flex\">\n<div class=\"wp-block-column is-vertically-aligned-top animated fadeInLeft delay-200ms is-layout-flow wp-block-column-is-layout-flow\">\n<figure class=\"wp-block-image size-large\"><a href=\"https:\/\/camping-lac-seigneurie.com\/wp-content\/uploads\/2023\/09\/groupe2-1024x768.jpg\"><img loading=\"lazy\" decoding=\"async\" width=\"1024\" height=\"768\" src=\"https:\/\/camping-lac-seigneurie.com\/wp-content\/uploads\/2023\/09\/groupe2-1024x768.jpg\" alt=\"\" class=\"wp-image-6868\" srcset=\"https:\/\/camping-lac-seigneurie.com\/wp-content\/uploads\/2023\/09\/groupe2-1024x768.jpg 1024w, https:\/\/camping-lac-seigneurie.com\/wp-content\/uploads\/2023\/09\/groupe2-300x225.jpg 300w, https:\/\/camping-lac-seigneurie.com\/wp-content\/uploads\/2023\/09\/groupe2-768x576.jpg 768w, https:\/\/camping-lac-seigneurie.com\/wp-content\/uploads\/2023\/09\/groupe2.jpg 1440w\" sizes=\"auto, (max-width: 1024px) 100vw, 1024px\" \/><\/a><\/figure>\n\n\n\n<figure class=\"wp-block-image size-large\"><a href=\"https:\/\/camping-lac-seigneurie.com\/wp-content\/uploads\/2023\/09\/flam-1024x768.jpg\"><img loading=\"lazy\" decoding=\"async\" width=\"1024\" height=\"768\" src=\"https:\/\/camping-lac-seigneurie.com\/wp-content\/uploads\/2023\/09\/flam-1024x768.jpg\" alt=\"\" class=\"wp-image-6874\" srcset=\"https:\/\/camping-lac-seigneurie.com\/wp-content\/uploads\/2023\/09\/flam-1024x768.jpg 1024w, https:\/\/camping-lac-seigneurie.com\/wp-content\/uploads\/2023\/09\/flam-300x225.jpg 300w, https:\/\/camping-lac-seigneurie.com\/wp-content\/uploads\/2023\/09\/flam-768x576.jpg 768w, https:\/\/camping-lac-seigneurie.com\/wp-content\/uploads\/2023\/09\/flam.jpg 1440w\" sizes=\"auto, (max-width: 1024px) 100vw, 1024px\" \/><\/a><\/figure>\n<\/div>\n\n\n\n<div class=\"wp-block-column is-vertically-aligned-center is-layout-flow wp-block-column-is-layout-flow\">\n<h1 class=\"ls__heading wp-block-heading\">Discover the snack bar in your 3 star campsite<\/h1>\n\n\n\n<h2 class=\"ls__heading wp-block-heading\">A place of relaxation and conviviality in the Territoire de Belfort<\/h2>\n\n\n\n<p class=\"ls-paragraph\">Take advantage of your <a href=\"\/en\/\">campsite holidays in Franche-Comt\u00e9<\/a> to meet up with your loved ones, family or friends over a good glass of Alsatian wine, an aperitif, a cocktail, a dish of the day, a pastry or an ice cream. A real place of conviviality, our bar\/snack bar is a bit like the village square where everyone meets during the day or in the evening to chat, get to know each other and have fun, especially during the entertainment offered in the summer (dances, games, etc.). Come and discover our menu of drinks and cocktails, snacks and ice creams.<\/p>\n\n\n\n<p class=\"ls-paragraph\">If you wish to stay in your accommodation, you can take advantage of the &#8220;take-away&#8221; service and out of season, you can even take advantage of our &#8220;room service&#8221; to have it delivered to your rental (without extra charge) in may\/june\/september.<\/p>\n\n\n\n<p class=\"ls-paragraph\">On the savoury side, we offer: butcher-style minced meat, Alsatian knacks, oven-baked chips, cheeseburger, and our &#8220;local&#8221; specialities: Kessler\/fries, Munster Burger (hamburger with Munster cheese), &#8220;homemade&#8221; Munstiflette (tartiflette with Munster cheese), Franc-Comtois baguettes, etc\u2026<\/p>\n\n\n\n<p class=\"ls-paragraph\">On the sweet side, you can try our home-made ice creams and pastries.<\/p>\n<\/div>\n<\/div>\n\n\n    <\/div>\n<\/section>\n\n<section id=\"ls-section-block_ab26e786eaf03d81a491ec6c45b5b88c\" class=\"ls-section  page-two has-background-image has-parallax has-background has-color-black-background-color has-p-t p-t-14 has-p-b p-b-14\" >\n    <div class=\"ls-section__background-image opacity-50\"><img decoding=\"async\" src=\"https:\/\/camping-lac-seigneurie.com\/wp-content\/uploads\/2022\/05\/pain-frais-baguette-tous-les-jours-camping-de-la-seigneurie.jpg\" alt=\"pain frais baguette tous les jours camping de la seigneurie\"><\/div>    <div class=\"container \">\n        \n\n<h2 class=\"ls__heading wp-block-heading has-text-align-center\">Fresh bread every day and breakfasts<\/h2>\n\n\n\n<p class=\"ls-paragraph has-text-align-center animated fadeInDown delay-200ms\">Every day during the high season and on weekends and Mondays in May, June and September you can buy fresh bread and pastries for your breakfast. If ordered the day before, they will be available from 8.30 am to 10am the next day at the snack bar or delivered to the rental during the low season (between 8.30 and 10am).<\/p>\n\n\n    <\/div>\n<\/section>\n\n<section id=\"ls-section-block_5703983c7d311d932fd46cda071b61f1\" class=\"ls-section  page-three has-p-t p-t-14 has-p-b p-b-14\" >\n        <div class=\"container container--wide\">\n        \n\n<div class=\"wp-block-columns is-layout-flex wp-container-core-columns-is-layout-9d6595d7 wp-block-columns-is-layout-flex\">\n<div class=\"wp-block-column animated fadeInUp delay-200ms is-layout-flow wp-block-column-is-layout-flow\">\n<figure class=\"wp-block-image size-large\"><a href=\"https:\/\/camping-lac-seigneurie.com\/wp-content\/uploads\/2023\/09\/famille-2-1024x587.jpg\"><img loading=\"lazy\" decoding=\"async\" width=\"1024\" height=\"587\" src=\"https:\/\/camping-lac-seigneurie.com\/wp-content\/uploads\/2023\/09\/famille-2-1024x587.jpg\" alt=\"\" class=\"wp-image-6879\" srcset=\"https:\/\/camping-lac-seigneurie.com\/wp-content\/uploads\/2023\/09\/famille-2-1024x587.jpg 1024w, https:\/\/camping-lac-seigneurie.com\/wp-content\/uploads\/2023\/09\/famille-2-300x172.jpg 300w, https:\/\/camping-lac-seigneurie.com\/wp-content\/uploads\/2023\/09\/famille-2-768x440.jpg 768w, https:\/\/camping-lac-seigneurie.com\/wp-content\/uploads\/2023\/09\/famille-2-1536x880.jpg 1536w, https:\/\/camping-lac-seigneurie.com\/wp-content\/uploads\/2023\/09\/famille-2.jpg 1573w\" sizes=\"auto, (max-width: 1024px) 100vw, 1024px\" \/><\/a><\/figure>\n\n\n\n<p class=\"ls-paragraph\">We also offer a savoury or sweet <strong>breakfast service at the bar<\/strong>, by reservation the day before.<\/p>\n\n\n\n<ul class=\"ls-list wp-block-list\"><li>Sweet breakfast (6.50 \u20ac) with: a hot drink, a fruit juice, 1\/2 a baguette, a pastry, butter and jam.<\/li><\/ul>\n\n\n\n<ul class=\"ls-list wp-block-list\"><li>Savoury breakfast (8.00) with: hot drink, fruit juice, plate of cold meats and cheeses, butter.<\/li><\/ul>\n<\/div>\n\n\n\n<div class=\"wp-block-column animated fadeInUp delay-200ms is-layout-flow wp-block-column-is-layout-flow\">\n<figure class=\"wp-block-image size-large\"><a href=\"https:\/\/camping-lac-seigneurie.com\/wp-content\/uploads\/2023\/09\/petit-dej-edited-1024x461.jpg\"><img loading=\"lazy\" decoding=\"async\" width=\"1024\" height=\"461\" src=\"https:\/\/camping-lac-seigneurie.com\/wp-content\/uploads\/2023\/09\/petit-dej-edited-1024x461.jpg\" alt=\"\" class=\"wp-image-6890\" srcset=\"https:\/\/camping-lac-seigneurie.com\/wp-content\/uploads\/2023\/09\/petit-dej-edited-1024x461.jpg 1024w, https:\/\/camping-lac-seigneurie.com\/wp-content\/uploads\/2023\/09\/petit-dej-edited-300x135.jpg 300w, https:\/\/camping-lac-seigneurie.com\/wp-content\/uploads\/2023\/09\/petit-dej-edited-768x346.jpg 768w, https:\/\/camping-lac-seigneurie.com\/wp-content\/uploads\/2023\/09\/petit-dej-edited-1536x692.jpg 1536w, https:\/\/camping-lac-seigneurie.com\/wp-content\/uploads\/2023\/09\/petit-dej-edited.jpg 2048w\" sizes=\"auto, (max-width: 1024px) 100vw, 1024px\" \/><\/a><\/figure>\n\n\n\n<p class=\"ls-paragraph\"><strong>In high season, breakfast is served at the bar from 8.30 am. Out of season, breakfasts are delivered to your rental between 8.30 am and 10am at your convenience.<\/strong><\/p>\n\n\n\n<p class=\"ls-paragraph\">Opening hours of the bar\/snack bar :<\/p>\n\n\n\n<ul class=\"ls-list wp-block-list\"><li><strong>July and August: from 8:00 to 21:00<\/strong><\/li><li>Off season (April, May, June, September) :<ul><li>Weekdays: from 11:30 to 13:30 and from 18:30 to 20:00 (closed on Thursday)<\/li><li>Weekend: 8am to 8.30pm<\/li><\/ul><\/li><\/ul>\n<\/div>\n<\/div>\n\n\n    <\/div>\n<\/section>\n\n<section id=\"ls-section-block_ca6ab4de5a09be67c2ae7ab780c1ae05\" class=\"ls-section  page-four has-p-t p-t-14 has-p-b p-b-14\" >\n        <div class=\"container container--wide\">\n        \n\n<div class=\"wp-block-columns is-layout-flex wp-container-core-columns-is-layout-9d6595d7 wp-block-columns-is-layout-flex\">\n<div class=\"wp-block-column is-layout-flow wp-block-column-is-layout-flow\" style=\"flex-basis:100%\">\n<div class=\"wp-block-columns is-layout-flex wp-container-core-columns-is-layout-9d6595d7 wp-block-columns-is-layout-flex\">\n<div class=\"wp-block-column is-vertically-aligned-center is-layout-flow wp-block-column-is-layout-flow\" style=\"flex-basis:30%\">\n<h2 class=\"ls__heading wp-block-heading\">Your picnic basket<\/h2>\n\n\n\n<p class=\"ls-paragraph\">We prepare your picnic for your day out to order. Very practical for your day&#8217;s hike or visit, the picnic basket saves you time in queues!<\/p>\n\n\n\n<p class=\"ls-paragraph\">It consists of a sandwich (\u00bd fresh baguette, with cheese, ham, chicken, or p\u00e2t\u00e9 according to stock\u2026), a packet of chips, a compote and a small bottle of water.<\/p>\n\n\n\n<p class=\"ls-paragraph\">To be collected from the snack bar from 8.30 in the morning. (in summer season &#8211; off season please contact us)<\/p>\n\n\n\n<p class=\"ls-paragraph\">By reservation only.<\/p>\n<\/div>\n\n\n\n<div class=\"wp-block-column animated fadeInRight delay-200ms is-layout-flow wp-block-column-is-layout-flow\" style=\"flex-basis:70%\"><div class=\"wp-block-image\">\n<figure class=\"alignright size-full\"><a href=\"https:\/\/camping-lac-seigneurie.com\/wp-content\/uploads\/2022\/05\/sandwich-pique-nique.jpg\"><img loading=\"lazy\" decoding=\"async\" width=\"800\" height=\"550\" src=\"https:\/\/camping-lac-seigneurie.com\/wp-content\/uploads\/2022\/05\/sandwich-pique-nique.jpg\" alt=\"sandwich pique nique\" class=\"wp-image-1284\" srcset=\"https:\/\/camping-lac-seigneurie.com\/wp-content\/uploads\/2022\/05\/sandwich-pique-nique.jpg 800w, https:\/\/camping-lac-seigneurie.com\/wp-content\/uploads\/2022\/05\/sandwich-pique-nique-300x206.jpg 300w, https:\/\/camping-lac-seigneurie.com\/wp-content\/uploads\/2022\/05\/sandwich-pique-nique-768x528.jpg 768w\" sizes=\"auto, (max-width: 800px) 100vw, 800px\" \/><\/a><\/figure>\n<\/div><\/div>\n<\/div>\n<\/div>\n<\/div>\n\n\n    <\/div>\n<\/section>\n\n<section id=\"ls-section-block_11a7849e7d3c49628abcbe45e5f74bc4\" class=\"ls-section  page-avis has-p-t p-t-14 has-p-b p-b-14\" >\n        <div class=\"container \">\n        \n\n<div id=\"ls-heading ls-titre-div-block_31528dc6d36f86b54ea7539d2e0aa894\" class=\"ls-titre-div aligncenter h1-like\" >\n    Campers&#8217; opinions on our Snack Bar<\/div>\n\n\n<div class=\"avis-container-pages\"><div class=\"avis\"><div class=\"avis-contenu\"><p>Le dernier camping avant le retour \u00e0 la maison s&#8217;est av\u00e9r\u00e9 un des plus sympa du voyage. Excellent accueil, camping tr\u00e8s propre, bien entretenu, snack bien meilleur que la plupart des restaurations rapides, certains produits fait maison, et tr\u00e8s bon. Bref \u00e0 faire<\/p>\n<\/div><div class=\"avis-user\"><div class=\"avis-user__box-two\"><div class=\"avis-name\">Patrick L. <\/div><div class=\"avis-note\">\n                        <span><i class=\"seigneurie-etoile\"><\/i><\/span><span><i class=\"seigneurie-etoile\"><\/i><\/span><span><i class=\"seigneurie-etoile\"><\/i><\/span><span><i class=\"seigneurie-etoile\"><\/i><\/span><span><i class=\"seigneurie-etoile\"><\/i><\/span>\n                    <\/div><\/div><\/div><\/div><div class=\"avis\"><div class=\"avis-contenu\"><p>Excellent accueil. De grands emplacements. Tranquillit\u00e9 respect\u00e9e. Randonn\u00e9es \u00e0 faire. Espace snack tr\u00e8s agr\u00e9able.<\/p>\n<\/div><div class=\"avis-user\"><div class=\"avis-user__box-two\"><div class=\"avis-name\">Marielle R.<\/div><div class=\"avis-note\">\n                        <span><i class=\"seigneurie-etoile\"><\/i><\/span><span><i class=\"seigneurie-etoile\"><\/i><\/span><span><i class=\"seigneurie-etoile\"><\/i><\/span><span><i class=\"seigneurie-etoile\"><\/i><\/span><span><i class=\"seigneurie-etoile\"><\/i><\/span>\n                    <\/div><\/div><\/div><\/div><div class=\"avis\"><div class=\"avis-contenu\"><p>15 jours au camping du Lac de la Seigneurie, un pur bonheur, le snack bar est au top, \u00e0 refaire tr\u00e8s vite ! Merci pour ce bon moment<\/p>\n<\/div><div class=\"avis-user\"><div class=\"avis-user__box-two\"><div class=\"avis-name\">Ghislain B.<\/div><div class=\"avis-note\">\n                        <span><i class=\"seigneurie-etoile\"><\/i><\/span><span><i class=\"seigneurie-etoile\"><\/i><\/span><span><i class=\"seigneurie-etoile\"><\/i><\/span><span><i class=\"seigneurie-etoile\"><\/i><\/span><span><i class=\"seigneurie-etoile\"><\/i><\/span>\n                    <\/div><\/div><\/div><\/div><\/div>\n\n\n    <\/div>\n<\/section>\n\n<section id=\"ls-section-block_d08255b8d753ab3b124c2c8fa3a7c6ca\" class=\"ls-section  has-p-b p-b-14\" >\n        <div class=\"container container--wide\">\n        \n\n<div id=\"ls-heading ls-titre-div-block_5162622c1c6818278aa38ce59d6466ec\" class=\"ls-titre-div aligncenter h2-like\" >\n    Discover the reception, the swimming pool and the services of the campsite<\/div>\n\n\n<div id=\"ls-maillage-block_e24e35cac253923bf343c84dc2e07ef0\" class=\"ls-maillage cta-style-normal\" data-rows=\"3\">\n    <div class=\"wp-block-columns\"><div class=\"wp-block-column\">\n\n<a href=\"https:\/\/camping-lac-seigneurie.com\/en\/campsite-entertainment-vosges\/\" target=\"\" rel=\"noopener\" class=\"ls-cta__link\">\n\n\t<div class=\"ls-cta__image\"><img decoding=\"async\" src=\"https:\/\/camping-lac-seigneurie.com\/wp-content\/uploads\/2025\/08\/Camping-lac-seigneurie-2025-ese-014r-768x468.jpg\" alt=\"\"><\/div>\n\t<div class=\"ls-cta__title animated fadeIn slow delay-400ms\">\n\t\tEntertainment\t<\/div>\n\n\t\t\n<\/a><\/div><div class=\"wp-block-column\">\n\n<a href=\"https:\/\/camping-lac-seigneurie.com\/en\/campsite-pool-vosges\/\" target=\"\" rel=\"noopener\" class=\"ls-cta__link\">\n\n\t<div class=\"ls-cta__image\"><img decoding=\"async\" src=\"https:\/\/camping-lac-seigneurie.com\/wp-content\/uploads\/2022\/06\/camping-piscine-vacances.jpg\" alt=\"camping piscine vacances\"><\/div>\n\t<div class=\"ls-cta__title animated fadeIn slow delay-400ms\">\n\t\tSwimming pool\t<\/div>\n\n\t\t\n<\/a><\/div><div class=\"wp-block-column\">\n\n<a href=\"https:\/\/camping-lac-seigneurie.com\/en\/cheap-campsite-franche-comte\/\" target=\"\" rel=\"noopener\" class=\"ls-cta__link\">\n\n\t<div class=\"ls-cta__image\"><img decoding=\"async\" src=\"https:\/\/camping-lac-seigneurie.com\/wp-content\/uploads\/2026\/03\/LAC-SEIGNEURIE-2025-ESE-074-768x512.jpg\" alt=\"\"><\/div>\n\t<div class=\"ls-cta__title animated fadeIn slow delay-400ms\">\n\t\tOur rates\t<\/div>\n\n\t\t\n<\/a><\/div><\/div><\/div>\n\n    <\/div>\n<\/section>","protected":false},"excerpt":{"rendered":"","protected":false},"author":1,"featured_media":9686,"parent":0,"menu_order":0,"comment_status":"closed","ping_status":"closed","template":"","meta":{"_acf_changed":false,"footnotes":""},"sujet":[],"class_list":["post-3252","page","type-page","status-publish","has-post-thumbnail","hentry"],"acf":[],"yoast_head":"<!-- This site is optimized with the Yoast SEO plugin v25.3 - https:\/\/yoast.com\/wordpress\/plugins\/seo\/ -->\n<title>Campsite with snack bar in the Vosges | Camping Lac de Seigneurie<\/title>\n<meta name=\"robots\" content=\"index, follow, max-snippet:-1, max-image-preview:large, max-video-preview:-1\" \/>\n<link rel=\"canonical\" href=\"https:\/\/camping-lac-seigneurie.com\/en\/campsite-snackbar-vosges\/\" \/>\n<meta property=\"og:locale\" content=\"en_US\" \/>\n<meta property=\"og:type\" content=\"article\" \/>\n<meta property=\"og:title\" content=\"Campsite with snack bar in the Vosges | Camping Lac de Seigneurie\" \/>\n<meta property=\"og:url\" content=\"https:\/\/camping-lac-seigneurie.com\/en\/campsite-snackbar-vosges\/\" \/>\n<meta property=\"og:site_name\" content=\"Camping du Lac de la Seigneurie\" \/>\n<meta property=\"article:modified_time\" content=\"2023-09-02T09:55:27+00:00\" \/>\n<meta property=\"og:image\" content=\"https:\/\/camping-lac-seigneurie.com\/wp-content\/uploads\/2022\/05\/bar-snack-terrasse-camping-lac-de-le-seigneurie-franche-comte.jpg\" \/>\n\t<meta property=\"og:image:width\" content=\"1903\" \/>\n\t<meta property=\"og:image:height\" content=\"650\" \/>\n\t<meta property=\"og:image:type\" content=\"image\/jpeg\" \/>\n<meta name=\"twitter:card\" content=\"summary_large_image\" \/>\n<meta name=\"twitter:label1\" content=\"Est. reading time\" \/>\n\t<meta name=\"twitter:data1\" content=\"4 minutes\" \/>\n<script type=\"application\/ld+json\" class=\"yoast-schema-graph\">{\"@context\":\"https:\/\/schema.org\",\"@graph\":[{\"@type\":\"WebPage\",\"@id\":\"https:\/\/camping-lac-seigneurie.com\/en\/campsite-snackbar-vosges\/\",\"url\":\"https:\/\/camping-lac-seigneurie.com\/en\/campsite-snackbar-vosges\/\",\"name\":\"Campsite with snack bar in the Vosges | Camping Lac de Seigneurie\",\"isPartOf\":{\"@id\":\"https:\/\/camping-lac-seigneurie.com\/en\/#website\"},\"primaryImageOfPage\":{\"@id\":\"https:\/\/camping-lac-seigneurie.com\/en\/campsite-snackbar-vosges\/#primaryimage\"},\"image\":{\"@id\":\"https:\/\/camping-lac-seigneurie.com\/en\/campsite-snackbar-vosges\/#primaryimage\"},\"thumbnailUrl\":\"https:\/\/camping-lac-seigneurie.com\/wp-content\/uploads\/2025\/08\/Camping-lac-seigneurie-2025-ese-039r.jpg\",\"datePublished\":\"2022-05-09T07:29:44+00:00\",\"dateModified\":\"2023-09-02T09:55:27+00:00\",\"breadcrumb\":{\"@id\":\"https:\/\/camping-lac-seigneurie.com\/en\/campsite-snackbar-vosges\/#breadcrumb\"},\"inLanguage\":\"en-US\",\"potentialAction\":[{\"@type\":\"ReadAction\",\"target\":[\"https:\/\/camping-lac-seigneurie.com\/en\/campsite-snackbar-vosges\/\"]}]},{\"@type\":\"ImageObject\",\"inLanguage\":\"en-US\",\"@id\":\"https:\/\/camping-lac-seigneurie.com\/en\/campsite-snackbar-vosges\/#primaryimage\",\"url\":\"https:\/\/camping-lac-seigneurie.com\/wp-content\/uploads\/2025\/08\/Camping-lac-seigneurie-2025-ese-039r.jpg\",\"contentUrl\":\"https:\/\/camping-lac-seigneurie.com\/wp-content\/uploads\/2025\/08\/Camping-lac-seigneurie-2025-ese-039r.jpg\",\"width\":2560,\"height\":1439},{\"@type\":\"BreadcrumbList\",\"@id\":\"https:\/\/camping-lac-seigneurie.com\/en\/campsite-snackbar-vosges\/#breadcrumb\",\"itemListElement\":[{\"@type\":\"ListItem\",\"position\":1,\"name\":\"Camping Franche-Comt\u00e9\",\"item\":\"https:\/\/camping-lac-seigneurie.com\/en\/\"},{\"@type\":\"ListItem\",\"position\":2,\"name\":\"Campsite with snack bar in the Vosges\"}]},{\"@type\":\"WebSite\",\"@id\":\"https:\/\/camping-lac-seigneurie.com\/en\/#website\",\"url\":\"https:\/\/camping-lac-seigneurie.com\/en\/\",\"name\":\"Camping du Lac de la Seigneurie\",\"description\":\"\",\"publisher\":{\"@id\":\"https:\/\/camping-lac-seigneurie.com\/en\/#organization\"},\"potentialAction\":[{\"@type\":\"SearchAction\",\"target\":{\"@type\":\"EntryPoint\",\"urlTemplate\":\"https:\/\/camping-lac-seigneurie.com\/en\/?s={search_term_string}\"},\"query-input\":{\"@type\":\"PropertyValueSpecification\",\"valueRequired\":true,\"valueName\":\"search_term_string\"}}],\"inLanguage\":\"en-US\"},{\"@type\":\"Organization\",\"@id\":\"https:\/\/camping-lac-seigneurie.com\/en\/#organization\",\"name\":\"Camping Lac de la Seigneurie\",\"url\":\"https:\/\/camping-lac-seigneurie.com\/en\/\",\"logo\":{\"@type\":\"ImageObject\",\"inLanguage\":\"en-US\",\"@id\":\"https:\/\/camping-lac-seigneurie.com\/en\/#\/schema\/logo\/image\/\",\"url\":\"https:\/\/camping-lac-seigneurie.com\/wp-content\/uploads\/2022\/07\/lac-de-la-seigneurie-logo-fond-blanc.jpg\",\"contentUrl\":\"https:\/\/camping-lac-seigneurie.com\/wp-content\/uploads\/2022\/07\/lac-de-la-seigneurie-logo-fond-blanc.jpg\",\"width\":800,\"height\":325,\"caption\":\"Camping Lac de la Seigneurie\"},\"image\":{\"@id\":\"https:\/\/camping-lac-seigneurie.com\/en\/#\/schema\/logo\/image\/\"}}]}<\/script>\n<!-- \/ Yoast SEO plugin. -->","yoast_head_json":{"title":"Campsite with snack bar in the Vosges | Camping Lac de Seigneurie","robots":{"index":"index","follow":"follow","max-snippet":"max-snippet:-1","max-image-preview":"max-image-preview:large","max-video-preview":"max-video-preview:-1"},"canonical":"https:\/\/camping-lac-seigneurie.com\/en\/campsite-snackbar-vosges\/","og_locale":"en_US","og_type":"article","og_title":"Campsite with snack bar in the Vosges | Camping Lac de Seigneurie","og_url":"https:\/\/camping-lac-seigneurie.com\/en\/campsite-snackbar-vosges\/","og_site_name":"Camping du Lac de la Seigneurie","article_modified_time":"2023-09-02T09:55:27+00:00","og_image":[{"width":1903,"height":650,"url":"https:\/\/camping-lac-seigneurie.com\/wp-content\/uploads\/2022\/05\/bar-snack-terrasse-camping-lac-de-le-seigneurie-franche-comte.jpg","type":"image\/jpeg"}],"twitter_card":"summary_large_image","twitter_misc":{"Est. reading time":"4 minutes"},"schema":{"@context":"https:\/\/schema.org","@graph":[{"@type":"WebPage","@id":"https:\/\/camping-lac-seigneurie.com\/en\/campsite-snackbar-vosges\/","url":"https:\/\/camping-lac-seigneurie.com\/en\/campsite-snackbar-vosges\/","name":"Campsite with snack bar in the Vosges | Camping Lac de Seigneurie","isPartOf":{"@id":"https:\/\/camping-lac-seigneurie.com\/en\/#website"},"primaryImageOfPage":{"@id":"https:\/\/camping-lac-seigneurie.com\/en\/campsite-snackbar-vosges\/#primaryimage"},"image":{"@id":"https:\/\/camping-lac-seigneurie.com\/en\/campsite-snackbar-vosges\/#primaryimage"},"thumbnailUrl":"https:\/\/camping-lac-seigneurie.com\/wp-content\/uploads\/2025\/08\/Camping-lac-seigneurie-2025-ese-039r.jpg","datePublished":"2022-05-09T07:29:44+00:00","dateModified":"2023-09-02T09:55:27+00:00","breadcrumb":{"@id":"https:\/\/camping-lac-seigneurie.com\/en\/campsite-snackbar-vosges\/#breadcrumb"},"inLanguage":"en-US","potentialAction":[{"@type":"ReadAction","target":["https:\/\/camping-lac-seigneurie.com\/en\/campsite-snackbar-vosges\/"]}]},{"@type":"ImageObject","inLanguage":"en-US","@id":"https:\/\/camping-lac-seigneurie.com\/en\/campsite-snackbar-vosges\/#primaryimage","url":"https:\/\/camping-lac-seigneurie.com\/wp-content\/uploads\/2025\/08\/Camping-lac-seigneurie-2025-ese-039r.jpg","contentUrl":"https:\/\/camping-lac-seigneurie.com\/wp-content\/uploads\/2025\/08\/Camping-lac-seigneurie-2025-ese-039r.jpg","width":2560,"height":1439},{"@type":"BreadcrumbList","@id":"https:\/\/camping-lac-seigneurie.com\/en\/campsite-snackbar-vosges\/#breadcrumb","itemListElement":[{"@type":"ListItem","position":1,"name":"Camping Franche-Comt\u00e9","item":"https:\/\/camping-lac-seigneurie.com\/en\/"},{"@type":"ListItem","position":2,"name":"Campsite with snack bar in the Vosges"}]},{"@type":"WebSite","@id":"https:\/\/camping-lac-seigneurie.com\/en\/#website","url":"https:\/\/camping-lac-seigneurie.com\/en\/","name":"Camping du Lac de la Seigneurie","description":"","publisher":{"@id":"https:\/\/camping-lac-seigneurie.com\/en\/#organization"},"potentialAction":[{"@type":"SearchAction","target":{"@type":"EntryPoint","urlTemplate":"https:\/\/camping-lac-seigneurie.com\/en\/?s={search_term_string}"},"query-input":{"@type":"PropertyValueSpecification","valueRequired":true,"valueName":"search_term_string"}}],"inLanguage":"en-US"},{"@type":"Organization","@id":"https:\/\/camping-lac-seigneurie.com\/en\/#organization","name":"Camping Lac de la Seigneurie","url":"https:\/\/camping-lac-seigneurie.com\/en\/","logo":{"@type":"ImageObject","inLanguage":"en-US","@id":"https:\/\/camping-lac-seigneurie.com\/en\/#\/schema\/logo\/image\/","url":"https:\/\/camping-lac-seigneurie.com\/wp-content\/uploads\/2022\/07\/lac-de-la-seigneurie-logo-fond-blanc.jpg","contentUrl":"https:\/\/camping-lac-seigneurie.com\/wp-content\/uploads\/2022\/07\/lac-de-la-seigneurie-logo-fond-blanc.jpg","width":800,"height":325,"caption":"Camping Lac de la Seigneurie"},"image":{"@id":"https:\/\/camping-lac-seigneurie.com\/en\/#\/schema\/logo\/image\/"}}]}},"_links":{"self":[{"href":"https:\/\/camping-lac-seigneurie.com\/en\/wp-json\/wp\/v2\/pages\/3252","targetHints":{"allow":["GET"]}}],"collection":[{"href":"https:\/\/camping-lac-seigneurie.com\/en\/wp-json\/wp\/v2\/pages"}],"about":[{"href":"https:\/\/camping-lac-seigneurie.com\/en\/wp-json\/wp\/v2\/types\/page"}],"author":[{"embeddable":true,"href":"https:\/\/camping-lac-seigneurie.com\/en\/wp-json\/wp\/v2\/users\/1"}],"replies":[{"embeddable":true,"href":"https:\/\/camping-lac-seigneurie.com\/en\/wp-json\/wp\/v2\/comments?post=3252"}],"version-history":[{"count":14,"href":"https:\/\/camping-lac-seigneurie.com\/en\/wp-json\/wp\/v2\/pages\/3252\/revisions"}],"predecessor-version":[{"id":6895,"href":"https:\/\/camping-lac-seigneurie.com\/en\/wp-json\/wp\/v2\/pages\/3252\/revisions\/6895"}],"wp:featuredmedia":[{"embeddable":true,"href":"https:\/\/camping-lac-seigneurie.com\/en\/wp-json\/wp\/v2\/media\/9686"}],"wp:attachment":[{"href":"https:\/\/camping-lac-seigneurie.com\/en\/wp-json\/wp\/v2\/media?parent=3252"}],"wp:term":[{"taxonomy":"sujet","embeddable":true,"href":"https:\/\/camping-lac-seigneurie.com\/en\/wp-json\/wp\/v2\/sujet?post=3252"}],"curies":[{"name":"wp","href":"https:\/\/api.w.org\/{rel}","templated":true}]}}