{"id":3070,"date":"2022-04-14T14:52:32","date_gmt":"2022-04-14T12:52:32","guid":{"rendered":"https:\/\/camping-lac-seigneurie.com\/camping-ouvert-annee\/"},"modified":"2022-07-04T11:07:57","modified_gmt":"2022-07-04T09:07:57","slug":"camping-abierto-ano","status":"publish","type":"page","link":"https:\/\/camping-lac-seigneurie.com\/es\/camping-abierto-ano\/","title":{"rendered":"4 saisons"},"content":{"rendered":"<section id=\"ls-section-block_626020254a858\" class=\"ls-section  page-one has-p-t p-t-8 has-p-b p-b-14\" >\n        <div class=\"container container--wide\">\n        \n\n<div class=\"wp-block-columns is-layout-flex wp-container-core-columns-is-layout-9d6595d7 wp-block-columns-is-layout-flex\">\n<div class=\"wp-block-column is-vertically-aligned-center animated fadeInLeft delay-200ms is-layout-flow wp-block-column-is-layout-flow\">\n<figure class=\"wp-block-image size-full\"><a href=\"https:\/\/camping-lac-seigneurie.com\/wp-content\/uploads\/2022\/05\/camping-lac-de-la-seigneurie-franche-comte-en-ete.jpg\"><img loading=\"lazy\" decoding=\"async\" width=\"800\" height=\"560\" src=\"https:\/\/camping-lac-seigneurie.com\/wp-content\/uploads\/2022\/05\/camping-lac-de-la-seigneurie-franche-comte-en-ete.jpg\" alt=\"camping lac de la seigneurie en ete\" class=\"wp-image-1664\" srcset=\"https:\/\/camping-lac-seigneurie.com\/wp-content\/uploads\/2022\/05\/camping-lac-de-la-seigneurie-franche-comte-en-ete.jpg 800w, https:\/\/camping-lac-seigneurie.com\/wp-content\/uploads\/2022\/05\/camping-lac-de-la-seigneurie-franche-comte-en-ete-300x210.jpg 300w, https:\/\/camping-lac-seigneurie.com\/wp-content\/uploads\/2022\/05\/camping-lac-de-la-seigneurie-franche-comte-en-ete-768x538.jpg 768w\" sizes=\"auto, (max-width: 800px) 100vw, 800px\" \/><\/a><\/figure>\n\n\n\n<figure class=\"wp-block-image size-full\"><a href=\"https:\/\/camping-lac-seigneurie.com\/wp-content\/uploads\/2022\/05\/randonnee-dans-la-neige-en-hiver-massif-des-vosges.jpg\"><img loading=\"lazy\" decoding=\"async\" width=\"800\" height=\"560\" src=\"https:\/\/camping-lac-seigneurie.com\/wp-content\/uploads\/2022\/05\/randonnee-dans-la-neige-en-hiver-massif-des-vosges.jpg\" alt=\"randonnee dans la neige en hiver massif des vosges\" class=\"wp-image-1615\" srcset=\"https:\/\/camping-lac-seigneurie.com\/wp-content\/uploads\/2022\/05\/randonnee-dans-la-neige-en-hiver-massif-des-vosges.jpg 800w, https:\/\/camping-lac-seigneurie.com\/wp-content\/uploads\/2022\/05\/randonnee-dans-la-neige-en-hiver-massif-des-vosges-300x210.jpg 300w, https:\/\/camping-lac-seigneurie.com\/wp-content\/uploads\/2022\/05\/randonnee-dans-la-neige-en-hiver-massif-des-vosges-768x538.jpg 768w\" sizes=\"auto, (max-width: 800px) 100vw, 800px\" \/><\/a><\/figure>\n<\/div>\n\n\n\n<div class=\"wp-block-column is-vertically-aligned-center is-layout-flow wp-block-column-is-layout-flow\">\n<h1 class=\"ls-heading wp-block-heading\">Camping abierto todo el a\u00f1o<\/h1>\n\n\n\n<p class=\"ls-paragraph\">El Flower Camping du Lac de la Seigneurie est\u00e1 <strong>abierto la mayor parte del a\u00f1o.<\/strong><\/p>\n\n\n\n<ul class=\"ls-list wp-block-list\"><li>En los lugares :<ul><li>Durante las vacaciones de Navidad y de invierno, en febrero, s\u00f3lo para caravanas con autoservicio (WC y duchas no disponibles).<\/li><li>Del 15 de abril al 15 de octubre.<\/li><\/ul><\/li><\/ul>\n\n\n\n<ul class=\"ls-list wp-block-list\"><li>En alquileres :<ul><li>Casas m\u00f3viles: del 15 de abril al 15 de octubre.<\/li><li>Chalets: vacaciones de Navidad, vacaciones de invierno en febrero y del 15 de abril al 15 de octubre.<\/li><\/ul><\/li><\/ul>\n\n\n\n<p class=\"ls-paragraph\">Descubra la regi\u00f3n y el camping en todas las estaciones del a\u00f1o: el despertar de la naturaleza en primavera, la suavidad del verano, los flamantes colores del oto\u00f1o, los copos de nieve del invierno.<\/p>\n\n\n\n<h2 class=\"ls-heading wp-block-heading\">Acampar en todas las estaciones del a\u00f1o en el Franco Condado de Borgo\u00f1a<\/h2>\n\n\n\n<p class=\"ls-paragraph\">La regi\u00f3n de Borgo\u00f1a-Franco Condado ofrece <strong>dos verdaderas estaciones, verano e invierno.<\/strong> Los paisajes naturales y el patrimonio cultural est\u00e1n en armon\u00eda y le invitan a descubrir una regi\u00f3n con un fuerte car\u00e1cter.<br>La <strong>Borgo\u00f1a<\/strong> se reparte entre la severa belleza de los altiplanos, las cascadas, los r\u00edos y los bosques (\u00a1es la regi\u00f3n que m\u00e1s tiene!). Como regi\u00f3n monta\u00f1osa, <strong>Borgo\u00f1a-Franco Condado<\/strong> es un destino de elecci\u00f3n para los amantes de los espacios verdes, el senderismo en verano o los deportes de nieve en invierno. En cualquier \u00e9poca del a\u00f1o, podr\u00e1 respirar profundamente el aire fresco del Macizo de los Vosgos a las puertas del camping.<\/p>\n<\/div>\n<\/div>\n\n\n    <\/div>\n<\/section>\n\n<section id=\"ls-section-block_626142038a71b\" class=\"ls-section  page-two has-background-image has-parallax has-background has-color-black-background-color has-p-t p-t-14 has-p-b p-b-14\" >\n    <div class=\"ls-section__background-image opacity-50\"><img decoding=\"async\" src=\"https:\/\/camping-lac-seigneurie.com\/wp-content\/uploads\/2022\/07\/balade-au-bord-de-l-eau-proche-camping-lac-de-la-seigneurie.jpg\" alt=\"lac proche camping seigneurie\"><\/div>    <div class=\"container \">\n        \n\n<p class=\"ls-paragraph has-text-align-center\">Cuando hace buen tiempo, aproveche la red fluvial de la regi\u00f3n para disfrutar de <strong>paseos junto al agua.<\/strong><br>Si el verde predomina en el <strong>Franco Condado<\/strong>, el azul no se queda atr\u00e1s, con 5.350 km de v\u00edas navegables, m\u00e1s de 80 lagos y varios miles de estanques.<br>El Franco Condado es una regi\u00f3n interesante para visitar en cualquier \u00e9poca del a\u00f1o.<\/p>\n\n\n    <\/div>\n<\/section>\n\n<section id=\"ls-section-block_6261422f8a71c\" class=\"ls-section  page-three has-p-t p-t-14 has-p-b p-b-14\" >\n        <div class=\"container container--wide\">\n        \n\n<div class=\"wp-block-columns is-layout-flex wp-container-core-columns-is-layout-9d6595d7 wp-block-columns-is-layout-flex\">\n<div class=\"wp-block-column animated fadeInUp delay-200ms is-layout-flow wp-block-column-is-layout-flow\">\n<figure class=\"wp-block-image size-full\"><a href=\"https:\/\/camping-lac-seigneurie.com\/wp-content\/uploads\/2022\/05\/piscine-du-camping-lac-de-la-seigneurie-franche-comte.jpg\"><img loading=\"lazy\" decoding=\"async\" width=\"800\" height=\"560\" src=\"https:\/\/camping-lac-seigneurie.com\/wp-content\/uploads\/2022\/05\/piscine-du-camping-lac-de-la-seigneurie-franche-comte.jpg\" alt=\"piscine du camping lac de la seigneurie franche comte\" class=\"wp-image-1658\" srcset=\"https:\/\/camping-lac-seigneurie.com\/wp-content\/uploads\/2022\/05\/piscine-du-camping-lac-de-la-seigneurie-franche-comte.jpg 800w, https:\/\/camping-lac-seigneurie.com\/wp-content\/uploads\/2022\/05\/piscine-du-camping-lac-de-la-seigneurie-franche-comte-300x210.jpg 300w, https:\/\/camping-lac-seigneurie.com\/wp-content\/uploads\/2022\/05\/piscine-du-camping-lac-de-la-seigneurie-franche-comte-768x538.jpg 768w\" sizes=\"auto, (max-width: 800px) 100vw, 800px\" \/><\/a><\/figure>\n\n\n\n<h2 class=\"ls__heading has-text-align-center wp-block-heading\">En verano<\/h2>\n\n\n\n<p class=\"ls-paragraph\">La temporada de verano es un buen momento para realizar muchas actividades al aire libre.<\/p>\n\n\n\n<p class=\"ls-paragraph\">El <a href=\"\/es\/\">camping en Franche-Comt\u00e9<\/a> ofrece una piscina para refrescarse, una zona de fitness al aire libre (nueva en 2022) y rutas de senderismo para caminar, correr o montar en bicicleta. Numerosas rutas de<strong> senderismo y ciclismo<\/strong> le esperan para una estancia \u00abslow\u00bb. Aprovecha tu estancia para cuidarte.<\/p>\n\n\n\n<p class=\"ls-paragraph\">Los pescadores estar\u00e1n encantados con los <strong>numerosos estanques de pesca<\/strong> que hay en los alrededores del camping (la pesca en el lago de la Seigneurie est\u00e1 cerca &#8211; informaci\u00f3n en el restaurante).<\/p>\n\n\n\n<p class=\"ls-paragraph\">En el <strong>lago de Malsaucy<\/strong> se puede nadar y practicar todas las actividades acu\u00e1ticas (pirag\u00fcismo, hidropedales).<\/p>\n\n\n\n<p class=\"ls-paragraph\">Los numerosos eventos estivales propuestos por<strong> Turismo de Belfort<\/strong> (Territorio de Belfort) y la Oficina de Turismo de Masevaux (Valle del Doller y Alsacia) le permitir\u00e1n pasar unas vacaciones divertidas y ex\u00f3ticas.<\/p>\n<\/div>\n\n\n\n<div class=\"wp-block-column animated fadeInUp delay-200ms is-layout-flow wp-block-column-is-layout-flow\">\n<figure class=\"wp-block-image size-full\"><a href=\"https:\/\/camping-lac-seigneurie.com\/wp-content\/uploads\/2022\/05\/marche-de-noel-en-alsace.jpg\"><img loading=\"lazy\" decoding=\"async\" width=\"800\" height=\"560\" src=\"https:\/\/camping-lac-seigneurie.com\/wp-content\/uploads\/2022\/05\/marche-de-noel-en-alsace.jpg\" alt=\"marche de noel en alsace\" class=\"wp-image-1621\" srcset=\"https:\/\/camping-lac-seigneurie.com\/wp-content\/uploads\/2022\/05\/marche-de-noel-en-alsace.jpg 800w, https:\/\/camping-lac-seigneurie.com\/wp-content\/uploads\/2022\/05\/marche-de-noel-en-alsace-300x210.jpg 300w, https:\/\/camping-lac-seigneurie.com\/wp-content\/uploads\/2022\/05\/marche-de-noel-en-alsace-768x538.jpg 768w\" sizes=\"auto, (max-width: 800px) 100vw, 800px\" \/><\/a><\/figure>\n\n\n\n<h2 class=\"ls__heading has-text-align-center wp-block-heading\">En invierno<\/h2>\n\n\n\n<p class=\"ls-paragraph\">El periodo invernal es muy popular en <strong>Belfort<\/strong>. La belleza y diversidad del paisaje cubierto por el suave manto blanco ofrece unas vistas impresionantes. Las monta\u00f1as con sus generosas pendientes que rodean la ciudad de Belfort son ideales para esquiar con total serenidad. J\u00f3venes y mayores pueden probar y disfrutar de todo <strong>tipo de deportes de nieve.&nbsp;<\/strong><\/p>\n\n\n\n<p class=\"ls-paragraph\">Los magn\u00edficos <strong>mercados navide\u00f1os de Alsacia<\/strong> le transportar\u00e1n a un mundo de cuento para sus compras navide\u00f1as.&nbsp;<br>Complete su estancia con una visita gastron\u00f3mica. El invierno es la estaci\u00f3n de los momentos c\u00e1lidos y gourmet con los amigos y la familia.<\/p>\n<\/div>\n<\/div>\n\n\n    <\/div>\n<\/section>\n\n<section id=\"ls-section-block_626144428a71d\" class=\"ls-section  page-four has-p-t p-t-14 has-p-b p-b-14\" >\n        <div class=\"container container--wide\">\n        \n\n<div class=\"wp-block-columns is-layout-flex wp-container-core-columns-is-layout-9d6595d7 wp-block-columns-is-layout-flex\">\n<div class=\"wp-block-column is-layout-flow wp-block-column-is-layout-flow\" style=\"flex-basis:100%\">\n<div class=\"wp-block-columns is-layout-flex wp-container-core-columns-is-layout-9d6595d7 wp-block-columns-is-layout-flex\">\n<div class=\"wp-block-column is-vertically-aligned-center is-layout-flow wp-block-column-is-layout-flow\" style=\"flex-basis:30%\">\n<h2 class=\"ls-heading wp-block-heading\">En primavera<\/h2>\n\n\n\n<p class=\"ls-paragraph\">La primavera es la hermosa <strong>estaci\u00f3n de las flores y el verdor<\/strong>. La belleza de la naturaleza y la pureza del aire le ofrecen un espect\u00e1culo que inspira relajaci\u00f3n y tranquilidad. Es el momento ideal para visitar el camping Lac de la Seigneurie en Belfort. La suave brisa de la ma\u00f1ana y el alegre canto de los p\u00e1jaros le invitar\u00e1n a dar un paseo y a reconectar con esta saludable naturaleza.<\/p>\n\n\n\n<p class=\"ls-paragraph\">Recorrer\u00e1 valles y monta\u00f1as para ver lo mejor de la <strong>flora de Belfort<\/strong>. Si tiene suerte, podr\u00e1 tener un fabuloso encuentro con los animales del bosque de Belfort, como ciervos, liebres o diferentes especies de aves. Tambi\u00e9n puede disfrutar de una excursi\u00f3n de pesca en familia en el <strong>Lago de la Seigneurie<\/strong>, cerca del camping, o en otros lugares cercanos.<\/p>\n<\/div>\n\n\n\n<div class=\"wp-block-column animated fadeInRight delay-200ms is-layout-flow wp-block-column-is-layout-flow\" style=\"flex-basis:70%\"><div class=\"wp-block-image\">\n<figure class=\"alignright size-full\"><a href=\"https:\/\/camping-lac-seigneurie.com\/wp-content\/uploads\/2022\/05\/bourgeons-de-printemps.jpg\"><img loading=\"lazy\" decoding=\"async\" width=\"800\" height=\"560\" src=\"https:\/\/camping-lac-seigneurie.com\/wp-content\/uploads\/2022\/05\/bourgeons-de-printemps.jpg\" alt=\"bourgeons de printemps\" class=\"wp-image-1640\" srcset=\"https:\/\/camping-lac-seigneurie.com\/wp-content\/uploads\/2022\/05\/bourgeons-de-printemps.jpg 800w, https:\/\/camping-lac-seigneurie.com\/wp-content\/uploads\/2022\/05\/bourgeons-de-printemps-300x210.jpg 300w, https:\/\/camping-lac-seigneurie.com\/wp-content\/uploads\/2022\/05\/bourgeons-de-printemps-768x538.jpg 768w\" sizes=\"auto, (max-width: 800px) 100vw, 800px\" \/><\/a><\/figure>\n<\/div><\/div>\n<\/div>\n<\/div>\n<\/div>\n\n\n    <\/div>\n<\/section>\n\n<section id=\"ls-section-block_626144728a71e\" class=\"ls-section  page-five has-p-t p-t-14 has-p-b p-b-14\" >\n        <div class=\"container container--wide\">\n        \n\n<div class=\"wp-block-columns is-layout-flex wp-container-core-columns-is-layout-9d6595d7 wp-block-columns-is-layout-flex\">\n<div class=\"wp-block-column animated fadeInLeft delay-200ms is-layout-flow wp-block-column-is-layout-flow\" style=\"flex-basis:70%\">\n<figure class=\"wp-block-image size-full\"><a href=\"https:\/\/camping-lac-seigneurie.com\/wp-content\/uploads\/2022\/05\/automne-champignon-camping-du-lac-de-la-seigneurie.jpg\"><img loading=\"lazy\" decoding=\"async\" width=\"800\" height=\"560\" src=\"https:\/\/camping-lac-seigneurie.com\/wp-content\/uploads\/2022\/05\/automne-champignon-camping-du-lac-de-la-seigneurie.jpg\" alt=\"automne champignon camping du lac de la seigneurie\" class=\"wp-image-1603\" srcset=\"https:\/\/camping-lac-seigneurie.com\/wp-content\/uploads\/2022\/05\/automne-champignon-camping-du-lac-de-la-seigneurie.jpg 800w, https:\/\/camping-lac-seigneurie.com\/wp-content\/uploads\/2022\/05\/automne-champignon-camping-du-lac-de-la-seigneurie-300x210.jpg 300w, https:\/\/camping-lac-seigneurie.com\/wp-content\/uploads\/2022\/05\/automne-champignon-camping-du-lac-de-la-seigneurie-768x538.jpg 768w\" sizes=\"auto, (max-width: 800px) 100vw, 800px\" \/><\/a><\/figure>\n<\/div>\n\n\n\n<div class=\"wp-block-column is-vertically-aligned-center is-layout-flow wp-block-column-is-layout-flow\" style=\"flex-basis:30%\">\n<h2 class=\"ls-heading wp-block-heading\">En oto\u00f1o<\/h2>\n\n\n\n<p class=\"ls-paragraph\">Le sorprender\u00e1n los colores brillantes y flam\u00edgeros del oto\u00f1o en Belfort, Borgo\u00f1a-Franco Condado o Alsacia.&nbsp;<\/p>\n\n\n\n<p class=\"ls-paragraph\">Aproveche esta temporada y la suavidad del verano indio para <strong>recoger las setas<\/strong> que crecen en abundancia en esta \u00e9poca del a\u00f1o y reg\u00e1lese unas buenas cortezas de setas Franc-Comtois, tartas u otras tortillas.<\/p>\n\n\n\n<p class=\"ls-paragraph\">El oto\u00f1o es tambi\u00e9n la \u00e9poca de la cosecha. Una oportunidad para saborear (con moderaci\u00f3n) los buenos vinos de Alsacia y Borgo\u00f1a.<\/p>\n<\/div>\n<\/div>\n\n\n    <\/div>\n<\/section>\n\n<section id=\"ls-section-block_626146cd8a721\" class=\"ls-section  has-p-b p-b-14\" >\n        <div class=\"container container--wide\">\n        \n\n<div id=\"ls-heading ls-titre-div-block_626146de8a722\" class=\"ls-titre-div aligncenter h2-like\" >\n    Descubra el bar, la piscina y las actividades de nuestro camping<\/div>\n\n\n<div id=\"ls-maillage-block_626147008a723\" class=\"ls-maillage cta-style-normal\" data-rows=\"3\">\n    <div class=\"wp-block-columns\"><div class=\"wp-block-column\">\n\n<a href=\"https:\/\/camping-lac-seigneurie.com\/es\/camping-animacion-vosges\/\" target=\"\" rel=\"noopener\" class=\"ls-cta__link\">\n\n\t<div class=\"ls-cta__image\"><img decoding=\"async\" src=\"https:\/\/camping-lac-seigneurie.com\/wp-content\/uploads\/2025\/08\/Camping-lac-seigneurie-2025-ese-014r-768x468.jpg\" alt=\"\"><\/div>\n\t<div class=\"ls-cta__title animated fadeIn slow delay-400ms\">\n\t\tAnimaciones\t<\/div>\n\n\t\t\n<\/a><\/div><div class=\"wp-block-column\">\n\n<a href=\"https:\/\/camping-lac-seigneurie.com\/es\/camping-snackbar-vosges\/\" target=\"\" rel=\"noopener\" class=\"ls-cta__link\">\n\n\t<div class=\"ls-cta__image\"><img decoding=\"async\" src=\"https:\/\/camping-lac-seigneurie.com\/wp-content\/uploads\/2025\/08\/Camping-lac-seigneurie-2025-ese-039r-768x432.jpg\" alt=\"\"><\/div>\n\t<div class=\"ls-cta__title animated fadeIn slow delay-400ms\">\n\t\tCafeter\u00eda\t<\/div>\n\n\t\t\n<\/a><\/div><div class=\"wp-block-column\">\n\n<a href=\"https:\/\/camping-lac-seigneurie.com\/es\/camping-piscina-vosges\/\" target=\"\" rel=\"noopener\" class=\"ls-cta__link\">\n\n\t<div class=\"ls-cta__image\"><img decoding=\"async\" src=\"https:\/\/camping-lac-seigneurie.com\/wp-content\/uploads\/2022\/06\/camping-piscine-vacances.jpg\" alt=\"camping piscine vacances\"><\/div>\n\t<div class=\"ls-cta__title animated fadeIn slow delay-400ms\">\n\t\tPiscina\t<\/div>\n\n\t\t\n<\/a><\/div><\/div><\/div>\n\n    <\/div>\n<\/section>","protected":false},"excerpt":{"rendered":"","protected":false},"author":1,"featured_media":1610,"parent":0,"menu_order":0,"comment_status":"closed","ping_status":"closed","template":"","meta":{"_acf_changed":false,"footnotes":""},"sujet":[],"class_list":["post-3070","page","type-page","status-publish","has-post-thumbnail","hentry"],"acf":[],"yoast_head":"<!-- This site is optimized with the Yoast SEO plugin v25.3 - https:\/\/yoast.com\/wordpress\/plugins\/seo\/ -->\n<title>Camping abierto todo el a\u00f1o en los Vosgos<\/title>\n<meta name=\"robots\" content=\"index, follow, max-snippet:-1, max-image-preview:large, max-video-preview:-1\" \/>\n<link rel=\"canonical\" href=\"https:\/\/camping-lac-seigneurie.com\/es\/camping-abierto-ano\/\" \/>\n<meta property=\"og:locale\" content=\"es_ES\" \/>\n<meta property=\"og:type\" content=\"article\" \/>\n<meta property=\"og:title\" content=\"Camping abierto todo el a\u00f1o en los Vosgos\" \/>\n<meta property=\"og:url\" content=\"https:\/\/camping-lac-seigneurie.com\/es\/camping-abierto-ano\/\" \/>\n<meta property=\"og:site_name\" content=\"Camping du Lac de la Seigneurie\" \/>\n<meta property=\"article:modified_time\" content=\"2022-07-04T09:07:57+00:00\" \/>\n<meta property=\"og:image\" content=\"https:\/\/camping-lac-seigneurie.com\/wp-content\/uploads\/2022\/05\/camping-du-lac-de-la-seigneurie-sous-la-neige-en-hiver.jpg\" \/>\n\t<meta property=\"og:image:width\" content=\"1903\" \/>\n\t<meta property=\"og:image:height\" content=\"650\" \/>\n\t<meta property=\"og:image:type\" content=\"image\/jpeg\" \/>\n<meta name=\"twitter:card\" content=\"summary_large_image\" \/>\n<meta name=\"twitter:label1\" content=\"Tiempo de lectura\" \/>\n\t<meta name=\"twitter:data1\" content=\"6 minutos\" \/>\n<script type=\"application\/ld+json\" class=\"yoast-schema-graph\">{\"@context\":\"https:\/\/schema.org\",\"@graph\":[{\"@type\":\"WebPage\",\"@id\":\"https:\/\/camping-lac-seigneurie.com\/es\/camping-abierto-ano\/\",\"url\":\"https:\/\/camping-lac-seigneurie.com\/es\/camping-abierto-ano\/\",\"name\":\"Camping abierto todo el a\u00f1o en los Vosgos\",\"isPartOf\":{\"@id\":\"https:\/\/camping-lac-seigneurie.com\/es\/#website\"},\"primaryImageOfPage\":{\"@id\":\"https:\/\/camping-lac-seigneurie.com\/es\/camping-abierto-ano\/#primaryimage\"},\"image\":{\"@id\":\"https:\/\/camping-lac-seigneurie.com\/es\/camping-abierto-ano\/#primaryimage\"},\"thumbnailUrl\":\"https:\/\/camping-lac-seigneurie.com\/wp-content\/uploads\/2022\/05\/camping-du-lac-de-la-seigneurie-sous-la-neige-en-hiver.jpg\",\"datePublished\":\"2022-04-14T12:52:32+00:00\",\"dateModified\":\"2022-07-04T09:07:57+00:00\",\"breadcrumb\":{\"@id\":\"https:\/\/camping-lac-seigneurie.com\/es\/camping-abierto-ano\/#breadcrumb\"},\"inLanguage\":\"es\",\"potentialAction\":[{\"@type\":\"ReadAction\",\"target\":[\"https:\/\/camping-lac-seigneurie.com\/es\/camping-abierto-ano\/\"]}]},{\"@type\":\"ImageObject\",\"inLanguage\":\"es\",\"@id\":\"https:\/\/camping-lac-seigneurie.com\/es\/camping-abierto-ano\/#primaryimage\",\"url\":\"https:\/\/camping-lac-seigneurie.com\/wp-content\/uploads\/2022\/05\/camping-du-lac-de-la-seigneurie-sous-la-neige-en-hiver.jpg\",\"contentUrl\":\"https:\/\/camping-lac-seigneurie.com\/wp-content\/uploads\/2022\/05\/camping-du-lac-de-la-seigneurie-sous-la-neige-en-hiver.jpg\",\"width\":1903,\"height\":650,\"caption\":\"camping du lac de la seigneurie sous la neige en hiver\"},{\"@type\":\"BreadcrumbList\",\"@id\":\"https:\/\/camping-lac-seigneurie.com\/es\/camping-abierto-ano\/#breadcrumb\",\"itemListElement\":[{\"@type\":\"ListItem\",\"position\":1,\"name\":\"Camping Franche-Comt\u00e9\",\"item\":\"https:\/\/camping-lac-seigneurie.com\/es\/\"},{\"@type\":\"ListItem\",\"position\":2,\"name\":\"Camping abierto todo el a\u00f1o \/ 4 estaciones en el camping\"}]},{\"@type\":\"WebSite\",\"@id\":\"https:\/\/camping-lac-seigneurie.com\/es\/#website\",\"url\":\"https:\/\/camping-lac-seigneurie.com\/es\/\",\"name\":\"Camping du Lac de la Seigneurie\",\"description\":\"\",\"publisher\":{\"@id\":\"https:\/\/camping-lac-seigneurie.com\/es\/#organization\"},\"potentialAction\":[{\"@type\":\"SearchAction\",\"target\":{\"@type\":\"EntryPoint\",\"urlTemplate\":\"https:\/\/camping-lac-seigneurie.com\/es\/?s={search_term_string}\"},\"query-input\":{\"@type\":\"PropertyValueSpecification\",\"valueRequired\":true,\"valueName\":\"search_term_string\"}}],\"inLanguage\":\"es\"},{\"@type\":\"Organization\",\"@id\":\"https:\/\/camping-lac-seigneurie.com\/es\/#organization\",\"name\":\"Camping Lac de la Seigneurie\",\"url\":\"https:\/\/camping-lac-seigneurie.com\/es\/\",\"logo\":{\"@type\":\"ImageObject\",\"inLanguage\":\"es\",\"@id\":\"https:\/\/camping-lac-seigneurie.com\/es\/#\/schema\/logo\/image\/\",\"url\":\"https:\/\/camping-lac-seigneurie.com\/wp-content\/uploads\/2022\/07\/lac-de-la-seigneurie-logo-fond-blanc.jpg\",\"contentUrl\":\"https:\/\/camping-lac-seigneurie.com\/wp-content\/uploads\/2022\/07\/lac-de-la-seigneurie-logo-fond-blanc.jpg\",\"width\":800,\"height\":325,\"caption\":\"Camping Lac de la Seigneurie\"},\"image\":{\"@id\":\"https:\/\/camping-lac-seigneurie.com\/es\/#\/schema\/logo\/image\/\"}}]}<\/script>\n<!-- \/ Yoast SEO plugin. -->","yoast_head_json":{"title":"Camping abierto todo el a\u00f1o en los Vosgos","robots":{"index":"index","follow":"follow","max-snippet":"max-snippet:-1","max-image-preview":"max-image-preview:large","max-video-preview":"max-video-preview:-1"},"canonical":"https:\/\/camping-lac-seigneurie.com\/es\/camping-abierto-ano\/","og_locale":"es_ES","og_type":"article","og_title":"Camping abierto todo el a\u00f1o en los Vosgos","og_url":"https:\/\/camping-lac-seigneurie.com\/es\/camping-abierto-ano\/","og_site_name":"Camping du Lac de la Seigneurie","article_modified_time":"2022-07-04T09:07:57+00:00","og_image":[{"width":1903,"height":650,"url":"https:\/\/camping-lac-seigneurie.com\/wp-content\/uploads\/2022\/05\/camping-du-lac-de-la-seigneurie-sous-la-neige-en-hiver.jpg","type":"image\/jpeg"}],"twitter_card":"summary_large_image","twitter_misc":{"Tiempo de lectura":"6 minutos"},"schema":{"@context":"https:\/\/schema.org","@graph":[{"@type":"WebPage","@id":"https:\/\/camping-lac-seigneurie.com\/es\/camping-abierto-ano\/","url":"https:\/\/camping-lac-seigneurie.com\/es\/camping-abierto-ano\/","name":"Camping abierto todo el a\u00f1o en los Vosgos","isPartOf":{"@id":"https:\/\/camping-lac-seigneurie.com\/es\/#website"},"primaryImageOfPage":{"@id":"https:\/\/camping-lac-seigneurie.com\/es\/camping-abierto-ano\/#primaryimage"},"image":{"@id":"https:\/\/camping-lac-seigneurie.com\/es\/camping-abierto-ano\/#primaryimage"},"thumbnailUrl":"https:\/\/camping-lac-seigneurie.com\/wp-content\/uploads\/2022\/05\/camping-du-lac-de-la-seigneurie-sous-la-neige-en-hiver.jpg","datePublished":"2022-04-14T12:52:32+00:00","dateModified":"2022-07-04T09:07:57+00:00","breadcrumb":{"@id":"https:\/\/camping-lac-seigneurie.com\/es\/camping-abierto-ano\/#breadcrumb"},"inLanguage":"es","potentialAction":[{"@type":"ReadAction","target":["https:\/\/camping-lac-seigneurie.com\/es\/camping-abierto-ano\/"]}]},{"@type":"ImageObject","inLanguage":"es","@id":"https:\/\/camping-lac-seigneurie.com\/es\/camping-abierto-ano\/#primaryimage","url":"https:\/\/camping-lac-seigneurie.com\/wp-content\/uploads\/2022\/05\/camping-du-lac-de-la-seigneurie-sous-la-neige-en-hiver.jpg","contentUrl":"https:\/\/camping-lac-seigneurie.com\/wp-content\/uploads\/2022\/05\/camping-du-lac-de-la-seigneurie-sous-la-neige-en-hiver.jpg","width":1903,"height":650,"caption":"camping du lac de la seigneurie sous la neige en hiver"},{"@type":"BreadcrumbList","@id":"https:\/\/camping-lac-seigneurie.com\/es\/camping-abierto-ano\/#breadcrumb","itemListElement":[{"@type":"ListItem","position":1,"name":"Camping Franche-Comt\u00e9","item":"https:\/\/camping-lac-seigneurie.com\/es\/"},{"@type":"ListItem","position":2,"name":"Camping abierto todo el a\u00f1o \/ 4 estaciones en el camping"}]},{"@type":"WebSite","@id":"https:\/\/camping-lac-seigneurie.com\/es\/#website","url":"https:\/\/camping-lac-seigneurie.com\/es\/","name":"Camping du Lac de la Seigneurie","description":"","publisher":{"@id":"https:\/\/camping-lac-seigneurie.com\/es\/#organization"},"potentialAction":[{"@type":"SearchAction","target":{"@type":"EntryPoint","urlTemplate":"https:\/\/camping-lac-seigneurie.com\/es\/?s={search_term_string}"},"query-input":{"@type":"PropertyValueSpecification","valueRequired":true,"valueName":"search_term_string"}}],"inLanguage":"es"},{"@type":"Organization","@id":"https:\/\/camping-lac-seigneurie.com\/es\/#organization","name":"Camping Lac de la Seigneurie","url":"https:\/\/camping-lac-seigneurie.com\/es\/","logo":{"@type":"ImageObject","inLanguage":"es","@id":"https:\/\/camping-lac-seigneurie.com\/es\/#\/schema\/logo\/image\/","url":"https:\/\/camping-lac-seigneurie.com\/wp-content\/uploads\/2022\/07\/lac-de-la-seigneurie-logo-fond-blanc.jpg","contentUrl":"https:\/\/camping-lac-seigneurie.com\/wp-content\/uploads\/2022\/07\/lac-de-la-seigneurie-logo-fond-blanc.jpg","width":800,"height":325,"caption":"Camping Lac de la Seigneurie"},"image":{"@id":"https:\/\/camping-lac-seigneurie.com\/es\/#\/schema\/logo\/image\/"}}]}},"_links":{"self":[{"href":"https:\/\/camping-lac-seigneurie.com\/es\/wp-json\/wp\/v2\/pages\/3070","targetHints":{"allow":["GET"]}}],"collection":[{"href":"https:\/\/camping-lac-seigneurie.com\/es\/wp-json\/wp\/v2\/pages"}],"about":[{"href":"https:\/\/camping-lac-seigneurie.com\/es\/wp-json\/wp\/v2\/types\/page"}],"author":[{"embeddable":true,"href":"https:\/\/camping-lac-seigneurie.com\/es\/wp-json\/wp\/v2\/users\/1"}],"replies":[{"embeddable":true,"href":"https:\/\/camping-lac-seigneurie.com\/es\/wp-json\/wp\/v2\/comments?post=3070"}],"version-history":[{"count":7,"href":"https:\/\/camping-lac-seigneurie.com\/es\/wp-json\/wp\/v2\/pages\/3070\/revisions"}],"predecessor-version":[{"id":4194,"href":"https:\/\/camping-lac-seigneurie.com\/es\/wp-json\/wp\/v2\/pages\/3070\/revisions\/4194"}],"wp:featuredmedia":[{"embeddable":true,"href":"https:\/\/camping-lac-seigneurie.com\/es\/wp-json\/wp\/v2\/media\/1610"}],"wp:attachment":[{"href":"https:\/\/camping-lac-seigneurie.com\/es\/wp-json\/wp\/v2\/media?parent=3070"}],"wp:term":[{"taxonomy":"sujet","embeddable":true,"href":"https:\/\/camping-lac-seigneurie.com\/es\/wp-json\/wp\/v2\/sujet?post=3070"}],"curies":[{"name":"wp","href":"https:\/\/api.w.org\/{rel}","templated":true}]}}