{"id":3176,"date":"2022-05-11T11:15:40","date_gmt":"2022-05-11T09:15:40","guid":{"rendered":"https:\/\/camping-lac-seigneurie.com\/camping-proche-allemagne\/"},"modified":"2022-06-20T12:26:41","modified_gmt":"2022-06-20T10:26:41","slug":"camping-cerrar-alemania","status":"publish","type":"page","link":"https:\/\/camping-lac-seigneurie.com\/es\/camping-cerrar-alemania\/","title":{"rendered":"Allemagne"},"content":{"rendered":"<section id=\"ls-section-block_626020254a858\" class=\"ls-section  page-one has-p-t p-t-8 has-p-b p-b-14\" >\n        <div class=\"container container--wide\">\n        \n\n<div class=\"wp-block-columns is-layout-flex wp-container-core-columns-is-layout-9d6595d7 wp-block-columns-is-layout-flex\">\n<div class=\"wp-block-column is-vertically-aligned-top animated fadeInLeft delay-200ms is-layout-flow wp-block-column-is-layout-flow\">\n<figure class=\"wp-block-image size-full\"><a href=\"https:\/\/camping-lac-seigneurie.com\/wp-content\/uploads\/2022\/06\/tourisme-therrmes-badenweiler.jpg\"><img loading=\"lazy\" decoding=\"async\" width=\"700\" height=\"466\" src=\"https:\/\/camping-lac-seigneurie.com\/wp-content\/uploads\/2022\/06\/tourisme-therrmes-badenweiler.jpg\" alt=\"tourisme therrmes badenweiler\" class=\"wp-image-2303\" srcset=\"https:\/\/camping-lac-seigneurie.com\/wp-content\/uploads\/2022\/06\/tourisme-therrmes-badenweiler.jpg 700w, https:\/\/camping-lac-seigneurie.com\/wp-content\/uploads\/2022\/06\/tourisme-therrmes-badenweiler-300x200.jpg 300w\" sizes=\"auto, (max-width: 700px) 100vw, 700px\" \/><\/a><\/figure>\n\n\n\n<figure class=\"wp-block-image size-full\"><a href=\"https:\/\/camping-lac-seigneurie.com\/wp-content\/uploads\/2022\/06\/tourisme-thermes-bad-krozingen.jpg\"><img loading=\"lazy\" decoding=\"async\" width=\"700\" height=\"466\" src=\"https:\/\/camping-lac-seigneurie.com\/wp-content\/uploads\/2022\/06\/tourisme-thermes-bad-krozingen.jpg\" alt=\"tourisme thermes bad krozingen\" class=\"wp-image-2299\" srcset=\"https:\/\/camping-lac-seigneurie.com\/wp-content\/uploads\/2022\/06\/tourisme-thermes-bad-krozingen.jpg 700w, https:\/\/camping-lac-seigneurie.com\/wp-content\/uploads\/2022\/06\/tourisme-thermes-bad-krozingen-300x200.jpg 300w\" sizes=\"auto, (max-width: 700px) 100vw, 700px\" \/><\/a><\/figure>\n<\/div>\n\n\n\n<div class=\"wp-block-column is-vertically-aligned-center is-layout-flow wp-block-column-is-layout-flow\">\n<h1 class=\"ls-heading wp-block-heading\">Pase sus vacaciones en un camping de 3 estrellas en la frontera alemana<\/h1>\n\n\n\n<h2 class=\"ls-heading wp-block-heading\"><strong>Nuestros consejos para visitar este camping cerca de Alemania<\/strong><\/h2>\n\n\n\n<p class=\"ls-paragraph\">Cerca de su <a href=\"\/es\/\">camping en Franche Comte<\/a>, encontrar\u00e1 los famosos balnearios alemanes para un momento de bienestar y relajaci\u00f3n, y en particular :<\/p>\n\n\n\n<ul class=\"ls-list wp-block-list\"><li>las <strong>termas de Cassiopeia en Badenweiler<\/strong> con sus piscinas termales de 12\u00b0 a 30\u00b0 (a menos de una hora de Flower camping lac de la seigneurie);<\/li><li>los <strong>ba\u00f1os termales Vita Classica de Bad Krozingen<\/strong>, donde tendr\u00e1 la extra\u00f1a pero agradable impresi\u00f3n de ba\u00f1arse en agua espumosa debido al alt\u00edsimo contenido de di\u00f3xido de carbono del agua;<\/li><li>El<strong> balneario de Caracalla, en Baden Baden,<\/strong> con temperaturas del agua de entre 18 y 38 grados y una decoraci\u00f3n que recuerda a los tiempos antiguos.<\/li><\/ul>\n<\/div>\n<\/div>\n\n\n    <\/div>\n<\/section>\n\n<section id=\"ls-section-block_626142038a71b\" class=\"ls-section  page-two has-background-image has-parallax has-background has-color-black-background-color has-p-t p-t-14 has-p-b p-b-14\" >\n    <div class=\"ls-section__background-image opacity-50\"><img decoding=\"async\" src=\"https:\/\/camping-lac-seigneurie.com\/wp-content\/uploads\/2022\/06\/europapark-vacances-allemagne.jpg\" alt=\"europapark vacances allemagne\"><\/div>    <div class=\"container \">\n        \n\n<div id=\"ls-heading ls-titre-div-block_62ac87b07cb8e\" class=\"ls-titre-div aligncenter h1-like\" >\n    Europapark cerca del camping<\/div>\n\n\n    <\/div>\n<\/section>\n\n<section id=\"ls-section-block_6261422f8a71c\" class=\"ls-section  page-three has-p-t p-t-14 has-p-b p-b-14\" >\n        <div class=\"container container--wide\">\n        \n\n<div class=\"wp-block-columns is-layout-flex wp-container-core-columns-is-layout-9d6595d7 wp-block-columns-is-layout-flex\">\n<div class=\"wp-block-column animated fadeInUp delay-200ms is-layout-flow wp-block-column-is-layout-flow\">\n<figure class=\"wp-block-image size-full\"><a href=\"https:\/\/camping-lac-seigneurie.com\/wp-content\/uploads\/2022\/06\/europapark-pres-du-camping.jpg\"><img loading=\"lazy\" decoding=\"async\" width=\"700\" height=\"466\" src=\"https:\/\/camping-lac-seigneurie.com\/wp-content\/uploads\/2022\/06\/europapark-pres-du-camping.jpg\" alt=\"europapark pres du camping\" class=\"wp-image-2315\" srcset=\"https:\/\/camping-lac-seigneurie.com\/wp-content\/uploads\/2022\/06\/europapark-pres-du-camping.jpg 700w, https:\/\/camping-lac-seigneurie.com\/wp-content\/uploads\/2022\/06\/europapark-pres-du-camping-300x200.jpg 300w\" sizes=\"auto, (max-width: 700px) 100vw, 700px\" \/><\/a><\/figure>\n\n\n\n<h2 class=\"ls__heading has-text-align-center wp-block-heading\"><strong>Parques de atracciones en Alemania cerca del camping\u00a0<\/strong><\/h2>\n\n\n\n<p class=\"ls-paragraph has-text-align-center\">\u00bfC\u00f3mo podemos hablar de Alemania sin mencionar el famoso Europapark y su inolvidable novedad Rulantica? A <strong>s\u00f3lo 1,5 horas de nuestro Flower Camping Lac de la Seigneurie en Leval<\/strong>, disfrute de un d\u00eda sensacional con la famosa familia Mack.<\/p>\n<\/div>\n\n\n\n<div class=\"wp-block-column animated fadeInUp delay-200ms is-layout-flow wp-block-column-is-layout-flow\">\n<figure class=\"wp-block-image size-full\"><a href=\"https:\/\/camping-lac-seigneurie.com\/wp-content\/uploads\/2022\/06\/parc-dattraction-en-famille-allemagne.jpg\"><img loading=\"lazy\" decoding=\"async\" width=\"700\" height=\"466\" src=\"https:\/\/camping-lac-seigneurie.com\/wp-content\/uploads\/2022\/06\/parc-dattraction-en-famille-allemagne.jpg\" alt=\"parc dattraction en famille allemagne\" class=\"wp-image-2319\" srcset=\"https:\/\/camping-lac-seigneurie.com\/wp-content\/uploads\/2022\/06\/parc-dattraction-en-famille-allemagne.jpg 700w, https:\/\/camping-lac-seigneurie.com\/wp-content\/uploads\/2022\/06\/parc-dattraction-en-famille-allemagne-300x200.jpg 300w\" sizes=\"auto, (max-width: 700px) 100vw, 700px\" \/><\/a><\/figure>\n\n\n\n<p class=\"ls-paragraph has-text-align-center\">Actividades de aventura, actividades familiares, espect\u00e1culos, cine, voletarium, hay para todos los gustos. Elegido <strong>mejor parque de atracciones del mundo<\/strong>, el parque Europa le seducir\u00e1 con sus 13 monta\u00f1as rusas, sus 5 actividades acu\u00e1ticas y sus nada menos que 15 barrios tem\u00e1ticos. \u00a1Sin olvidar Rulantica, una extensi\u00f3n del mejor parque de atracciones abierto desde 2019, donde esta vez la familia Mack se reunir\u00e1 en el agua! Numerosos toboganes, un bar acu\u00e1tico, aventuras para los ni\u00f1os y una zona al aire libre llena de emociones te esperan en Rust, Alemania.<\/p>\n<\/div>\n<\/div>\n\n\n    <\/div>\n<\/section>\n\n<section id=\"ls-section-block_626146cd8a721\" class=\"ls-section  has-p-b p-b-14\" >\n        <div class=\"container container--wide\">\n        \n\n<div id=\"ls-heading ls-titre-div-block_626146de8a722\" class=\"ls-titre-div aligncenter h2-like\" >\n    Descubra las actividades que puede realizar en Alsacia y Suiza<\/div>\n\n\n<div id=\"ls-maillage-block_626147008a723\" class=\"ls-maillage cta-style-normal\" data-rows=\"3\">\n    <div class=\"wp-block-columns\"><div class=\"wp-block-column\">\n\n<a href=\"https:\/\/camping-lac-seigneurie.com\/es\/camping-en-alsace\/\" target=\"\" rel=\"noopener\" class=\"ls-cta__link\">\n\n\t<div class=\"ls-cta__image\"><img decoding=\"async\" src=\"https:\/\/camping-lac-seigneurie.com\/wp-content\/uploads\/2022\/06\/tourisme-alsace-vacances-camping.jpg\" alt=\"tourisme alsace vacances camping\"><\/div>\n\t<div class=\"ls-cta__title animated fadeIn slow delay-400ms\">\n\t\tAlsace\t<\/div>\n\n\t\t\n<\/a><\/div><div class=\"wp-block-column\">\n\n<a href=\"https:\/\/camping-lac-seigneurie.com\/es\/camping-animacion-vosges\/\" target=\"\" rel=\"noopener\" class=\"ls-cta__link\">\n\n\t<div class=\"ls-cta__image\"><img decoding=\"async\" src=\"https:\/\/camping-lac-seigneurie.com\/wp-content\/uploads\/2025\/08\/Camping-lac-seigneurie-2025-ese-014r-768x468.jpg\" alt=\"\"><\/div>\n\t<div class=\"ls-cta__title animated fadeIn slow delay-400ms\">\n\t\tAnimaciones\t<\/div>\n\n\t\t\n<\/a><\/div><div class=\"wp-block-column\">\n\n<a href=\"https:\/\/camping-lac-seigneurie.com\/es\/camping-suiza\/\" target=\"\" rel=\"noopener\" class=\"ls-cta__link\">\n\n\t<div class=\"ls-cta__image\"><img decoding=\"async\" src=\"https:\/\/camping-lac-seigneurie.com\/wp-content\/uploads\/2022\/06\/vacances-proche-suisse.jpg\" alt=\"vacances proche suisse\"><\/div>\n\t<div class=\"ls-cta__title animated fadeIn slow delay-400ms\">\n\t\tSuiza\t<\/div>\n\n\t\t\n<\/a><\/div><\/div><\/div>\n\n    <\/div>\n<\/section>","protected":false},"excerpt":{"rendered":"","protected":false},"author":1,"featured_media":2334,"parent":0,"menu_order":0,"comment_status":"closed","ping_status":"closed","template":"","meta":{"_acf_changed":false,"footnotes":""},"sujet":[],"class_list":["post-3176","page","type-page","status-publish","has-post-thumbnail","hentry"],"acf":[],"yoast_head":"<!-- This site is optimized with the Yoast SEO plugin v25.3 - https:\/\/yoast.com\/wordpress\/plugins\/seo\/ -->\n<title>Camping en la frontera alemana | Camping en Franche Comt\u00e9<\/title>\n<meta name=\"description\" content=\"\u00bfLe gustar\u00eda pasar sus vacaciones cerca de Alemania? Alquile una c\u00f3moda casa m\u00f3vil en el camping La Rivi\u00e8re, situado a 1 hora de Alemania.\" \/>\n<meta name=\"robots\" content=\"index, follow, max-snippet:-1, max-image-preview:large, max-video-preview:-1\" \/>\n<link rel=\"canonical\" href=\"https:\/\/camping-lac-seigneurie.com\/es\/camping-cerrar-alemania\/\" \/>\n<meta property=\"og:locale\" content=\"es_ES\" \/>\n<meta property=\"og:type\" content=\"article\" \/>\n<meta property=\"og:title\" content=\"Camping en la frontera alemana | Camping en Franche Comt\u00e9\" \/>\n<meta property=\"og:description\" content=\"\u00bfLe gustar\u00eda pasar sus vacaciones cerca de Alemania? Alquile una c\u00f3moda casa m\u00f3vil en el camping La Rivi\u00e8re, situado a 1 hora de Alemania.\" \/>\n<meta property=\"og:url\" content=\"https:\/\/camping-lac-seigneurie.com\/es\/camping-cerrar-alemania\/\" \/>\n<meta property=\"og:site_name\" content=\"Camping du Lac de la Seigneurie\" \/>\n<meta property=\"article:modified_time\" content=\"2022-06-20T10:26:41+00:00\" \/>\n<meta property=\"og:image\" content=\"https:\/\/camping-lac-seigneurie.com\/wp-content\/uploads\/2022\/06\/camping-proche-allemagne.jpg\" \/>\n\t<meta property=\"og:image:width\" content=\"1900\" \/>\n\t<meta property=\"og:image:height\" content=\"710\" \/>\n\t<meta property=\"og:image:type\" content=\"image\/jpeg\" \/>\n<meta name=\"twitter:card\" content=\"summary_large_image\" \/>\n<meta name=\"twitter:label1\" content=\"Tiempo de lectura\" \/>\n\t<meta name=\"twitter:data1\" content=\"3 minutos\" \/>\n<script type=\"application\/ld+json\" class=\"yoast-schema-graph\">{\"@context\":\"https:\/\/schema.org\",\"@graph\":[{\"@type\":\"WebPage\",\"@id\":\"https:\/\/camping-lac-seigneurie.com\/es\/camping-cerrar-alemania\/\",\"url\":\"https:\/\/camping-lac-seigneurie.com\/es\/camping-cerrar-alemania\/\",\"name\":\"Camping en la frontera alemana | Camping en Franche Comt\u00e9\",\"isPartOf\":{\"@id\":\"https:\/\/camping-lac-seigneurie.com\/es\/#website\"},\"primaryImageOfPage\":{\"@id\":\"https:\/\/camping-lac-seigneurie.com\/es\/camping-cerrar-alemania\/#primaryimage\"},\"image\":{\"@id\":\"https:\/\/camping-lac-seigneurie.com\/es\/camping-cerrar-alemania\/#primaryimage\"},\"thumbnailUrl\":\"https:\/\/camping-lac-seigneurie.com\/wp-content\/uploads\/2022\/06\/camping-proche-allemagne.jpg\",\"datePublished\":\"2022-05-11T09:15:40+00:00\",\"dateModified\":\"2022-06-20T10:26:41+00:00\",\"description\":\"\u00bfLe gustar\u00eda pasar sus vacaciones cerca de Alemania? Alquile una c\u00f3moda casa m\u00f3vil en el camping La Rivi\u00e8re, situado a 1 hora de Alemania.\",\"breadcrumb\":{\"@id\":\"https:\/\/camping-lac-seigneurie.com\/es\/camping-cerrar-alemania\/#breadcrumb\"},\"inLanguage\":\"es\",\"potentialAction\":[{\"@type\":\"ReadAction\",\"target\":[\"https:\/\/camping-lac-seigneurie.com\/es\/camping-cerrar-alemania\/\"]}]},{\"@type\":\"ImageObject\",\"inLanguage\":\"es\",\"@id\":\"https:\/\/camping-lac-seigneurie.com\/es\/camping-cerrar-alemania\/#primaryimage\",\"url\":\"https:\/\/camping-lac-seigneurie.com\/wp-content\/uploads\/2022\/06\/camping-proche-allemagne.jpg\",\"contentUrl\":\"https:\/\/camping-lac-seigneurie.com\/wp-content\/uploads\/2022\/06\/camping-proche-allemagne.jpg\",\"width\":1900,\"height\":710,\"caption\":\"camping proche allemagne\"},{\"@type\":\"BreadcrumbList\",\"@id\":\"https:\/\/camping-lac-seigneurie.com\/es\/camping-cerrar-alemania\/#breadcrumb\",\"itemListElement\":[{\"@type\":\"ListItem\",\"position\":1,\"name\":\"Camping Franche-Comt\u00e9\",\"item\":\"https:\/\/camping-lac-seigneurie.com\/es\/\"},{\"@type\":\"ListItem\",\"position\":2,\"name\":\"Turismo y camping cerca de Alemania\"}]},{\"@type\":\"WebSite\",\"@id\":\"https:\/\/camping-lac-seigneurie.com\/es\/#website\",\"url\":\"https:\/\/camping-lac-seigneurie.com\/es\/\",\"name\":\"Camping du Lac de la Seigneurie\",\"description\":\"\",\"publisher\":{\"@id\":\"https:\/\/camping-lac-seigneurie.com\/es\/#organization\"},\"potentialAction\":[{\"@type\":\"SearchAction\",\"target\":{\"@type\":\"EntryPoint\",\"urlTemplate\":\"https:\/\/camping-lac-seigneurie.com\/es\/?s={search_term_string}\"},\"query-input\":{\"@type\":\"PropertyValueSpecification\",\"valueRequired\":true,\"valueName\":\"search_term_string\"}}],\"inLanguage\":\"es\"},{\"@type\":\"Organization\",\"@id\":\"https:\/\/camping-lac-seigneurie.com\/es\/#organization\",\"name\":\"Camping Lac de la Seigneurie\",\"url\":\"https:\/\/camping-lac-seigneurie.com\/es\/\",\"logo\":{\"@type\":\"ImageObject\",\"inLanguage\":\"es\",\"@id\":\"https:\/\/camping-lac-seigneurie.com\/es\/#\/schema\/logo\/image\/\",\"url\":\"https:\/\/camping-lac-seigneurie.com\/wp-content\/uploads\/2022\/07\/lac-de-la-seigneurie-logo-fond-blanc.jpg\",\"contentUrl\":\"https:\/\/camping-lac-seigneurie.com\/wp-content\/uploads\/2022\/07\/lac-de-la-seigneurie-logo-fond-blanc.jpg\",\"width\":800,\"height\":325,\"caption\":\"Camping Lac de la Seigneurie\"},\"image\":{\"@id\":\"https:\/\/camping-lac-seigneurie.com\/es\/#\/schema\/logo\/image\/\"}}]}<\/script>\n<!-- \/ Yoast SEO plugin. -->","yoast_head_json":{"title":"Camping en la frontera alemana | Camping en Franche Comt\u00e9","description":"\u00bfLe gustar\u00eda pasar sus vacaciones cerca de Alemania? Alquile una c\u00f3moda casa m\u00f3vil en el camping La Rivi\u00e8re, situado a 1 hora de Alemania.","robots":{"index":"index","follow":"follow","max-snippet":"max-snippet:-1","max-image-preview":"max-image-preview:large","max-video-preview":"max-video-preview:-1"},"canonical":"https:\/\/camping-lac-seigneurie.com\/es\/camping-cerrar-alemania\/","og_locale":"es_ES","og_type":"article","og_title":"Camping en la frontera alemana | Camping en Franche Comt\u00e9","og_description":"\u00bfLe gustar\u00eda pasar sus vacaciones cerca de Alemania? Alquile una c\u00f3moda casa m\u00f3vil en el camping La Rivi\u00e8re, situado a 1 hora de Alemania.","og_url":"https:\/\/camping-lac-seigneurie.com\/es\/camping-cerrar-alemania\/","og_site_name":"Camping du Lac de la Seigneurie","article_modified_time":"2022-06-20T10:26:41+00:00","og_image":[{"width":1900,"height":710,"url":"https:\/\/camping-lac-seigneurie.com\/wp-content\/uploads\/2022\/06\/camping-proche-allemagne.jpg","type":"image\/jpeg"}],"twitter_card":"summary_large_image","twitter_misc":{"Tiempo de lectura":"3 minutos"},"schema":{"@context":"https:\/\/schema.org","@graph":[{"@type":"WebPage","@id":"https:\/\/camping-lac-seigneurie.com\/es\/camping-cerrar-alemania\/","url":"https:\/\/camping-lac-seigneurie.com\/es\/camping-cerrar-alemania\/","name":"Camping en la frontera alemana | Camping en Franche Comt\u00e9","isPartOf":{"@id":"https:\/\/camping-lac-seigneurie.com\/es\/#website"},"primaryImageOfPage":{"@id":"https:\/\/camping-lac-seigneurie.com\/es\/camping-cerrar-alemania\/#primaryimage"},"image":{"@id":"https:\/\/camping-lac-seigneurie.com\/es\/camping-cerrar-alemania\/#primaryimage"},"thumbnailUrl":"https:\/\/camping-lac-seigneurie.com\/wp-content\/uploads\/2022\/06\/camping-proche-allemagne.jpg","datePublished":"2022-05-11T09:15:40+00:00","dateModified":"2022-06-20T10:26:41+00:00","description":"\u00bfLe gustar\u00eda pasar sus vacaciones cerca de Alemania? Alquile una c\u00f3moda casa m\u00f3vil en el camping La Rivi\u00e8re, situado a 1 hora de Alemania.","breadcrumb":{"@id":"https:\/\/camping-lac-seigneurie.com\/es\/camping-cerrar-alemania\/#breadcrumb"},"inLanguage":"es","potentialAction":[{"@type":"ReadAction","target":["https:\/\/camping-lac-seigneurie.com\/es\/camping-cerrar-alemania\/"]}]},{"@type":"ImageObject","inLanguage":"es","@id":"https:\/\/camping-lac-seigneurie.com\/es\/camping-cerrar-alemania\/#primaryimage","url":"https:\/\/camping-lac-seigneurie.com\/wp-content\/uploads\/2022\/06\/camping-proche-allemagne.jpg","contentUrl":"https:\/\/camping-lac-seigneurie.com\/wp-content\/uploads\/2022\/06\/camping-proche-allemagne.jpg","width":1900,"height":710,"caption":"camping proche allemagne"},{"@type":"BreadcrumbList","@id":"https:\/\/camping-lac-seigneurie.com\/es\/camping-cerrar-alemania\/#breadcrumb","itemListElement":[{"@type":"ListItem","position":1,"name":"Camping Franche-Comt\u00e9","item":"https:\/\/camping-lac-seigneurie.com\/es\/"},{"@type":"ListItem","position":2,"name":"Turismo y camping cerca de Alemania"}]},{"@type":"WebSite","@id":"https:\/\/camping-lac-seigneurie.com\/es\/#website","url":"https:\/\/camping-lac-seigneurie.com\/es\/","name":"Camping du Lac de la Seigneurie","description":"","publisher":{"@id":"https:\/\/camping-lac-seigneurie.com\/es\/#organization"},"potentialAction":[{"@type":"SearchAction","target":{"@type":"EntryPoint","urlTemplate":"https:\/\/camping-lac-seigneurie.com\/es\/?s={search_term_string}"},"query-input":{"@type":"PropertyValueSpecification","valueRequired":true,"valueName":"search_term_string"}}],"inLanguage":"es"},{"@type":"Organization","@id":"https:\/\/camping-lac-seigneurie.com\/es\/#organization","name":"Camping Lac de la Seigneurie","url":"https:\/\/camping-lac-seigneurie.com\/es\/","logo":{"@type":"ImageObject","inLanguage":"es","@id":"https:\/\/camping-lac-seigneurie.com\/es\/#\/schema\/logo\/image\/","url":"https:\/\/camping-lac-seigneurie.com\/wp-content\/uploads\/2022\/07\/lac-de-la-seigneurie-logo-fond-blanc.jpg","contentUrl":"https:\/\/camping-lac-seigneurie.com\/wp-content\/uploads\/2022\/07\/lac-de-la-seigneurie-logo-fond-blanc.jpg","width":800,"height":325,"caption":"Camping Lac de la Seigneurie"},"image":{"@id":"https:\/\/camping-lac-seigneurie.com\/es\/#\/schema\/logo\/image\/"}}]}},"_links":{"self":[{"href":"https:\/\/camping-lac-seigneurie.com\/es\/wp-json\/wp\/v2\/pages\/3176","targetHints":{"allow":["GET"]}}],"collection":[{"href":"https:\/\/camping-lac-seigneurie.com\/es\/wp-json\/wp\/v2\/pages"}],"about":[{"href":"https:\/\/camping-lac-seigneurie.com\/es\/wp-json\/wp\/v2\/types\/page"}],"author":[{"embeddable":true,"href":"https:\/\/camping-lac-seigneurie.com\/es\/wp-json\/wp\/v2\/users\/1"}],"replies":[{"embeddable":true,"href":"https:\/\/camping-lac-seigneurie.com\/es\/wp-json\/wp\/v2\/comments?post=3176"}],"version-history":[{"count":2,"href":"https:\/\/camping-lac-seigneurie.com\/es\/wp-json\/wp\/v2\/pages\/3176\/revisions"}],"predecessor-version":[{"id":3188,"href":"https:\/\/camping-lac-seigneurie.com\/es\/wp-json\/wp\/v2\/pages\/3176\/revisions\/3188"}],"wp:featuredmedia":[{"embeddable":true,"href":"https:\/\/camping-lac-seigneurie.com\/es\/wp-json\/wp\/v2\/media\/2334"}],"wp:attachment":[{"href":"https:\/\/camping-lac-seigneurie.com\/es\/wp-json\/wp\/v2\/media?parent=3176"}],"wp:term":[{"taxonomy":"sujet","embeddable":true,"href":"https:\/\/camping-lac-seigneurie.com\/es\/wp-json\/wp\/v2\/sujet?post=3176"}],"curies":[{"name":"wp","href":"https:\/\/api.w.org\/{rel}","templated":true}]}}