{"id":3204,"date":"2022-05-11T10:55:26","date_gmt":"2022-05-11T08:55:26","guid":{"rendered":"https:\/\/camping-lac-seigneurie.com\/camping-alsace\/"},"modified":"2022-06-24T12:39:39","modified_gmt":"2022-06-24T10:39:39","slug":"camping-en-alsace","status":"publish","type":"page","link":"https:\/\/camping-lac-seigneurie.com\/es\/camping-en-alsace\/","title":{"rendered":"Alsace"},"content":{"rendered":"<section id=\"ls-section-block_626020254a858\" class=\"ls-section  page-one has-p-t p-t-8 has-p-b p-b-14\" >\n        <div class=\"container container--wide\">\n        \n\n<div class=\"wp-block-columns is-layout-flex wp-container-core-columns-is-layout-9d6595d7 wp-block-columns-is-layout-flex\">\n<div class=\"wp-block-column is-vertically-aligned-top animated fadeInLeft delay-200ms is-layout-flow wp-block-column-is-layout-flow\">\n<figure class=\"wp-block-image size-full\"><a href=\"https:\/\/camping-lac-seigneurie.com\/wp-content\/uploads\/2022\/06\/vins-dalsace-tourisme.jpg\"><img loading=\"lazy\" decoding=\"async\" width=\"700\" height=\"466\" src=\"https:\/\/camping-lac-seigneurie.com\/wp-content\/uploads\/2022\/06\/vins-dalsace-tourisme.jpg\" alt=\"vins dalsace tourisme\" class=\"wp-image-2745\" srcset=\"https:\/\/camping-lac-seigneurie.com\/wp-content\/uploads\/2022\/06\/vins-dalsace-tourisme.jpg 700w, https:\/\/camping-lac-seigneurie.com\/wp-content\/uploads\/2022\/06\/vins-dalsace-tourisme-300x200.jpg 300w\" sizes=\"auto, (max-width: 700px) 100vw, 700px\" \/><\/a><\/figure>\n\n\n\n<figure class=\"wp-block-image size-full\"><a href=\"https:\/\/camping-lac-seigneurie.com\/wp-content\/uploads\/2022\/06\/tourisme-en-alsace.jpg\"><img loading=\"lazy\" decoding=\"async\" width=\"700\" height=\"466\" src=\"https:\/\/camping-lac-seigneurie.com\/wp-content\/uploads\/2022\/06\/tourisme-en-alsace.jpg\" alt=\"tourisme en alsace\" class=\"wp-image-2741\" srcset=\"https:\/\/camping-lac-seigneurie.com\/wp-content\/uploads\/2022\/06\/tourisme-en-alsace.jpg 700w, https:\/\/camping-lac-seigneurie.com\/wp-content\/uploads\/2022\/06\/tourisme-en-alsace-300x200.jpg 300w\" sizes=\"auto, (max-width: 700px) 100vw, 700px\" \/><\/a><\/figure>\n<\/div>\n\n\n\n<div class=\"wp-block-column is-vertically-aligned-center is-layout-flow wp-block-column-is-layout-flow\">\n<h1 class=\"ls-heading wp-block-heading\">Pase sus vacaciones en un camping de 3 estrellas a las puertas de Alsacia<\/h1>\n\n\n\n<p class=\"ls-paragraph\">\u00bfY una estancia en Alsacia? Es una regi\u00f3n preciosa con muchas ciudades excepcionales. Es el lugar ideal para pasar un buen rato con la familia y los amigos. Le damos la bienvenida a nuestro camping de 3 estrellas en un entorno natural y arbolado. Venga a respirar profundamente el aire fresco. Su bienestar es nuestra principal preocupaci\u00f3n.<\/p>\n\n\n\n<h2 class=\"ls-heading wp-block-heading\"><strong>UBICACI\u00d3N DEL CAMPING EN ALSACE<\/strong><\/h2>\n\n\n\n<p class=\"ls-paragraph\">El camping goza de una ubicaci\u00f3n favorable muy cerca del Lago de la Seigneurie en Leval, en la regi\u00f3n de Belfort. Se encuentra en el extremo suroeste de Alsacia, a 6 km de Masevaux y a 30 km de Mulhouse. Le encantar\u00e1 el magn\u00edfico paisaje que rodea al camping: el bosque y el lago a pocos metros. Si quiere relajarse en un entorno natural, el <a href=\"\/es\/\">camping Lac de la Seigneurie<\/a> es el destino ideal.<\/p>\n<\/div>\n<\/div>\n\n\n    <\/div>\n<\/section>\n\n<section id=\"ls-section-block_6261422f8a71c\" class=\"ls-section  page-three has-p-t p-t-14 has-p-b p-b-14\" >\n        <div class=\"container container--wide\">\n        \n\n<div class=\"wp-block-columns is-layout-flex wp-container-core-columns-is-layout-9d6595d7 wp-block-columns-is-layout-flex\">\n<div class=\"wp-block-column animated fadeInUp delay-200ms is-layout-flow wp-block-column-is-layout-flow\">\n<figure class=\"wp-block-image size-full\"><a href=\"https:\/\/camping-lac-seigneurie.com\/wp-content\/uploads\/2022\/06\/paysage-alsace-tourisme-vacances.jpg\"><img loading=\"lazy\" decoding=\"async\" width=\"700\" height=\"466\" src=\"https:\/\/camping-lac-seigneurie.com\/wp-content\/uploads\/2022\/06\/paysage-alsace-tourisme-vacances.jpg\" alt=\"paysage alsace tourisme vacances\" class=\"wp-image-2754\" srcset=\"https:\/\/camping-lac-seigneurie.com\/wp-content\/uploads\/2022\/06\/paysage-alsace-tourisme-vacances.jpg 700w, https:\/\/camping-lac-seigneurie.com\/wp-content\/uploads\/2022\/06\/paysage-alsace-tourisme-vacances-300x200.jpg 300w\" sizes=\"auto, (max-width: 700px) 100vw, 700px\" \/><\/a><\/figure>\n\n\n\n<h2 class=\"ls__heading has-text-align-center wp-block-heading\">ALQUILERES DE VACACIONES EN CAMPINGS ALSACIANOS<\/h2>\n\n\n\n<p class=\"ls-paragraph has-text-align-center\">Durante sus vacaciones de camping en Alsacia, le ofrecemos alojamiento en nuestro camping de 3 estrellas: chal\u00e9s y casas m\u00f3viles y amplias parcelas para instalar su tienda, caravana o autocaravana. Nuestros chalets en Alsacia tienen una arquitectura bien dise\u00f1ada para su comodidad. Los chalets del camping Lac de la Seigneurie est\u00e1n totalmente equipados con todo lo que necesitar\u00e1 durante su estancia en Alsacia. Si desea preparar sus propias comidas, la cocina est\u00e1 totalmente equipada. Nuestros chalets pueden alojar de 2 a 6 personas. Para sus vacaciones en pareja, ofrecemos ofertas especiales para una estancia rom\u00e1ntica. Nuestros chalets y casas m\u00f3viles en Alsacia son muy confortables.<\/p>\n<\/div>\n\n\n\n<div class=\"wp-block-column animated fadeInUp delay-200ms is-layout-flow wp-block-column-is-layout-flow\">\n<figure class=\"wp-block-image size-full\"><a href=\"https:\/\/camping-lac-seigneurie.com\/wp-content\/uploads\/2022\/06\/alsace-vacances.jpg\"><img loading=\"lazy\" decoding=\"async\" width=\"700\" height=\"466\" src=\"https:\/\/camping-lac-seigneurie.com\/wp-content\/uploads\/2022\/06\/alsace-vacances.jpg\" alt=\"alsace vacances\" class=\"wp-image-2750\" srcset=\"https:\/\/camping-lac-seigneurie.com\/wp-content\/uploads\/2022\/06\/alsace-vacances.jpg 700w, https:\/\/camping-lac-seigneurie.com\/wp-content\/uploads\/2022\/06\/alsace-vacances-300x200.jpg 300w\" sizes=\"auto, (max-width: 700px) 100vw, 700px\" \/><\/a><\/figure>\n\n\n\n<h2 class=\"ls__heading has-text-align-center wp-block-heading\">PARA VISITAR DESDE EL CAMPING EN ALSACE<\/h2>\n\n\n\n<p class=\"ls-paragraph\">Desde el camping tiene la oportunidad de visitar Alsacia y Franche Comt\u00e9, ya que estamos situados a las puertas de estas dos regiones. Alsacia es una regi\u00f3n con varias ciudades atractivas:&nbsp;Masevaux, Mulhouse, Colmar, Belfort y otros que le seducir\u00e1n.&nbsp; En invierno se puede esquiar en los Vosgos y en el Jura, cerca del camping. En verano, puede ir de excursi\u00f3n por el bosque con su familia o amigos en Alsacia, un para\u00edso del senderismo. Adem\u00e1s, Alsacia cuenta con un patrimonio hist\u00f3rico excepcional. Durante sus vacaciones, tendr\u00e1 la oportunidad de revivir la historia y descubrir los fabulosos lugares hist\u00f3ricos clasificados como patrimonio mundial por la UNESCO. No pierda la oportunidad de descubrir las diferentes culturas de esta regi\u00f3n en Mulhouse, que es la capital creativa de Alsacia y est\u00e1 a s\u00f3lo 30 minutos del camping Lac de la Seigneurie.<\/p>\n<\/div>\n<\/div>\n\n\n    <\/div>\n<\/section>\n\n<section id=\"ls-section-block_626146cd8a721\" class=\"ls-section  has-p-b p-b-14\" >\n        <div class=\"container container--wide\">\n        \n\n<div id=\"ls-heading ls-titre-div-block_626146de8a722\" class=\"ls-titre-div aligncenter h2-like\" >\n    Descubrir el Ballon d&#8217;Alsace y Mulhouse<\/div>\n\n\n<div id=\"ls-maillage-block_626147008a723\" class=\"ls-maillage cta-style-normal\" data-rows=\"3\">\n    <div class=\"wp-block-columns\"><div class=\"wp-block-column\">\n\n<a href=\"https:\/\/camping-lac-seigneurie.com\/es\/camping-en-el-ballon-alsace\/\" target=\"\" rel=\"noopener\" class=\"ls-cta__link\">\n\n\t<div class=\"ls-cta__image\"><img decoding=\"async\" src=\"https:\/\/camping-lac-seigneurie.com\/wp-content\/uploads\/2022\/06\/vacances-ballon-dalsace.jpg\" alt=\"vacances ballon dalsace\"><\/div>\n\t<div class=\"ls-cta__title animated fadeIn slow delay-400ms\">\n\t\tBallon d&#8217;Alsace\t<\/div>\n\n\t\t\n<\/a><\/div><div class=\"wp-block-column\">\n\n<a href=\"https:\/\/camping-lac-seigneurie.com\/es\/turismo-borgona-franche-comte\/\" target=\"\" rel=\"noopener\" class=\"ls-cta__link\">\n\n\t<div class=\"ls-cta__image\"><img decoding=\"async\" src=\"https:\/\/camping-lac-seigneurie.com\/wp-content\/uploads\/2022\/06\/vignoble-bourgogne-visites.jpg\" alt=\"vignoble bourgogne visites\"><\/div>\n\t<div class=\"ls-cta__title animated fadeIn slow delay-400ms\">\n\t\tBorgo\u00f1a Franche Comt\u00e9\t<\/div>\n\n\t\t\n<\/a><\/div><div class=\"wp-block-column\">\n\n<a href=\"https:\/\/camping-lac-seigneurie.com\/es\/camping-de-mulhouse\/\" target=\"\" rel=\"noopener\" class=\"ls-cta__link\">\n\n\t<div class=\"ls-cta__image\"><img decoding=\"async\" src=\"https:\/\/camping-lac-seigneurie.com\/wp-content\/uploads\/2022\/06\/tourisme-a-mulhouse.jpg\" alt=\"tourisme a mulhouse\"><\/div>\n\t<div class=\"ls-cta__title animated fadeIn slow delay-400ms\">\n\t\tMulhouse\t<\/div>\n\n\t\t\n<\/a><\/div><\/div><\/div>\n\n    <\/div>\n<\/section>","protected":false},"excerpt":{"rendered":"","protected":false},"author":1,"featured_media":2759,"parent":0,"menu_order":0,"comment_status":"closed","ping_status":"closed","template":"","meta":{"_acf_changed":false,"footnotes":""},"sujet":[],"class_list":["post-3204","page","type-page","status-publish","has-post-thumbnail","hentry"],"acf":[],"yoast_head":"<!-- This site is optimized with the Yoast SEO plugin v25.3 - https:\/\/yoast.com\/wordpress\/plugins\/seo\/ -->\n<title>Camping en Alsacia | Alquiler de casas m\u00f3viles en Alsacia en los Vosgos<\/title>\n<meta name=\"description\" content=\"\u00bfQuiere pasar sus vacaciones en Alsacia? Alquile una c\u00f3moda casa m\u00f3vil en el camping La Rivi\u00e8re, a las puertas de Alsacia.\" \/>\n<meta name=\"robots\" content=\"index, follow, max-snippet:-1, max-image-preview:large, max-video-preview:-1\" \/>\n<link rel=\"canonical\" href=\"https:\/\/camping-lac-seigneurie.com\/es\/camping-en-alsace\/\" \/>\n<meta property=\"og:locale\" content=\"es_ES\" \/>\n<meta property=\"og:type\" content=\"article\" \/>\n<meta property=\"og:title\" content=\"Camping en Alsacia | Alquiler de casas m\u00f3viles en Alsacia en los Vosgos\" \/>\n<meta property=\"og:description\" content=\"\u00bfQuiere pasar sus vacaciones en Alsacia? Alquile una c\u00f3moda casa m\u00f3vil en el camping La Rivi\u00e8re, a las puertas de Alsacia.\" \/>\n<meta property=\"og:url\" content=\"https:\/\/camping-lac-seigneurie.com\/es\/camping-en-alsace\/\" \/>\n<meta property=\"og:site_name\" content=\"Camping du Lac de la Seigneurie\" \/>\n<meta property=\"article:modified_time\" content=\"2022-06-24T10:39:39+00:00\" \/>\n<meta property=\"og:image\" content=\"https:\/\/camping-lac-seigneurie.com\/wp-content\/uploads\/2022\/06\/camping-alsace-vacances.jpg\" \/>\n\t<meta property=\"og:image:width\" content=\"1903\" \/>\n\t<meta property=\"og:image:height\" content=\"650\" \/>\n\t<meta property=\"og:image:type\" content=\"image\/jpeg\" \/>\n<meta name=\"twitter:card\" content=\"summary_large_image\" \/>\n<meta name=\"twitter:label1\" content=\"Tiempo de lectura\" \/>\n\t<meta name=\"twitter:data1\" content=\"3 minutos\" \/>\n<script type=\"application\/ld+json\" class=\"yoast-schema-graph\">{\"@context\":\"https:\/\/schema.org\",\"@graph\":[{\"@type\":\"WebPage\",\"@id\":\"https:\/\/camping-lac-seigneurie.com\/es\/camping-en-alsace\/\",\"url\":\"https:\/\/camping-lac-seigneurie.com\/es\/camping-en-alsace\/\",\"name\":\"Camping en Alsacia | Alquiler de casas m\u00f3viles en Alsacia en los Vosgos\",\"isPartOf\":{\"@id\":\"https:\/\/camping-lac-seigneurie.com\/es\/#website\"},\"primaryImageOfPage\":{\"@id\":\"https:\/\/camping-lac-seigneurie.com\/es\/camping-en-alsace\/#primaryimage\"},\"image\":{\"@id\":\"https:\/\/camping-lac-seigneurie.com\/es\/camping-en-alsace\/#primaryimage\"},\"thumbnailUrl\":\"https:\/\/camping-lac-seigneurie.com\/wp-content\/uploads\/2022\/06\/camping-alsace-vacances.jpg\",\"datePublished\":\"2022-05-11T08:55:26+00:00\",\"dateModified\":\"2022-06-24T10:39:39+00:00\",\"description\":\"\u00bfQuiere pasar sus vacaciones en Alsacia? Alquile una c\u00f3moda casa m\u00f3vil en el camping La Rivi\u00e8re, a las puertas de Alsacia.\",\"breadcrumb\":{\"@id\":\"https:\/\/camping-lac-seigneurie.com\/es\/camping-en-alsace\/#breadcrumb\"},\"inLanguage\":\"es\",\"potentialAction\":[{\"@type\":\"ReadAction\",\"target\":[\"https:\/\/camping-lac-seigneurie.com\/es\/camping-en-alsace\/\"]}]},{\"@type\":\"ImageObject\",\"inLanguage\":\"es\",\"@id\":\"https:\/\/camping-lac-seigneurie.com\/es\/camping-en-alsace\/#primaryimage\",\"url\":\"https:\/\/camping-lac-seigneurie.com\/wp-content\/uploads\/2022\/06\/camping-alsace-vacances.jpg\",\"contentUrl\":\"https:\/\/camping-lac-seigneurie.com\/wp-content\/uploads\/2022\/06\/camping-alsace-vacances.jpg\",\"width\":1903,\"height\":650,\"caption\":\"camping alsace vacances\"},{\"@type\":\"BreadcrumbList\",\"@id\":\"https:\/\/camping-lac-seigneurie.com\/es\/camping-en-alsace\/#breadcrumb\",\"itemListElement\":[{\"@type\":\"ListItem\",\"position\":1,\"name\":\"Camping Franche-Comt\u00e9\",\"item\":\"https:\/\/camping-lac-seigneurie.com\/es\/\"},{\"@type\":\"ListItem\",\"position\":2,\"name\":\"Turismo y camping en Alsacia\"}]},{\"@type\":\"WebSite\",\"@id\":\"https:\/\/camping-lac-seigneurie.com\/es\/#website\",\"url\":\"https:\/\/camping-lac-seigneurie.com\/es\/\",\"name\":\"Camping du Lac de la Seigneurie\",\"description\":\"\",\"publisher\":{\"@id\":\"https:\/\/camping-lac-seigneurie.com\/es\/#organization\"},\"potentialAction\":[{\"@type\":\"SearchAction\",\"target\":{\"@type\":\"EntryPoint\",\"urlTemplate\":\"https:\/\/camping-lac-seigneurie.com\/es\/?s={search_term_string}\"},\"query-input\":{\"@type\":\"PropertyValueSpecification\",\"valueRequired\":true,\"valueName\":\"search_term_string\"}}],\"inLanguage\":\"es\"},{\"@type\":\"Organization\",\"@id\":\"https:\/\/camping-lac-seigneurie.com\/es\/#organization\",\"name\":\"Camping Lac de la Seigneurie\",\"url\":\"https:\/\/camping-lac-seigneurie.com\/es\/\",\"logo\":{\"@type\":\"ImageObject\",\"inLanguage\":\"es\",\"@id\":\"https:\/\/camping-lac-seigneurie.com\/es\/#\/schema\/logo\/image\/\",\"url\":\"https:\/\/camping-lac-seigneurie.com\/wp-content\/uploads\/2022\/07\/lac-de-la-seigneurie-logo-fond-blanc.jpg\",\"contentUrl\":\"https:\/\/camping-lac-seigneurie.com\/wp-content\/uploads\/2022\/07\/lac-de-la-seigneurie-logo-fond-blanc.jpg\",\"width\":800,\"height\":325,\"caption\":\"Camping Lac de la Seigneurie\"},\"image\":{\"@id\":\"https:\/\/camping-lac-seigneurie.com\/es\/#\/schema\/logo\/image\/\"}}]}<\/script>\n<!-- \/ Yoast SEO plugin. -->","yoast_head_json":{"title":"Camping en Alsacia | Alquiler de casas m\u00f3viles en Alsacia en los Vosgos","description":"\u00bfQuiere pasar sus vacaciones en Alsacia? Alquile una c\u00f3moda casa m\u00f3vil en el camping La Rivi\u00e8re, a las puertas de Alsacia.","robots":{"index":"index","follow":"follow","max-snippet":"max-snippet:-1","max-image-preview":"max-image-preview:large","max-video-preview":"max-video-preview:-1"},"canonical":"https:\/\/camping-lac-seigneurie.com\/es\/camping-en-alsace\/","og_locale":"es_ES","og_type":"article","og_title":"Camping en Alsacia | Alquiler de casas m\u00f3viles en Alsacia en los Vosgos","og_description":"\u00bfQuiere pasar sus vacaciones en Alsacia? Alquile una c\u00f3moda casa m\u00f3vil en el camping La Rivi\u00e8re, a las puertas de Alsacia.","og_url":"https:\/\/camping-lac-seigneurie.com\/es\/camping-en-alsace\/","og_site_name":"Camping du Lac de la Seigneurie","article_modified_time":"2022-06-24T10:39:39+00:00","og_image":[{"width":1903,"height":650,"url":"https:\/\/camping-lac-seigneurie.com\/wp-content\/uploads\/2022\/06\/camping-alsace-vacances.jpg","type":"image\/jpeg"}],"twitter_card":"summary_large_image","twitter_misc":{"Tiempo de lectura":"3 minutos"},"schema":{"@context":"https:\/\/schema.org","@graph":[{"@type":"WebPage","@id":"https:\/\/camping-lac-seigneurie.com\/es\/camping-en-alsace\/","url":"https:\/\/camping-lac-seigneurie.com\/es\/camping-en-alsace\/","name":"Camping en Alsacia | Alquiler de casas m\u00f3viles en Alsacia en los Vosgos","isPartOf":{"@id":"https:\/\/camping-lac-seigneurie.com\/es\/#website"},"primaryImageOfPage":{"@id":"https:\/\/camping-lac-seigneurie.com\/es\/camping-en-alsace\/#primaryimage"},"image":{"@id":"https:\/\/camping-lac-seigneurie.com\/es\/camping-en-alsace\/#primaryimage"},"thumbnailUrl":"https:\/\/camping-lac-seigneurie.com\/wp-content\/uploads\/2022\/06\/camping-alsace-vacances.jpg","datePublished":"2022-05-11T08:55:26+00:00","dateModified":"2022-06-24T10:39:39+00:00","description":"\u00bfQuiere pasar sus vacaciones en Alsacia? Alquile una c\u00f3moda casa m\u00f3vil en el camping La Rivi\u00e8re, a las puertas de Alsacia.","breadcrumb":{"@id":"https:\/\/camping-lac-seigneurie.com\/es\/camping-en-alsace\/#breadcrumb"},"inLanguage":"es","potentialAction":[{"@type":"ReadAction","target":["https:\/\/camping-lac-seigneurie.com\/es\/camping-en-alsace\/"]}]},{"@type":"ImageObject","inLanguage":"es","@id":"https:\/\/camping-lac-seigneurie.com\/es\/camping-en-alsace\/#primaryimage","url":"https:\/\/camping-lac-seigneurie.com\/wp-content\/uploads\/2022\/06\/camping-alsace-vacances.jpg","contentUrl":"https:\/\/camping-lac-seigneurie.com\/wp-content\/uploads\/2022\/06\/camping-alsace-vacances.jpg","width":1903,"height":650,"caption":"camping alsace vacances"},{"@type":"BreadcrumbList","@id":"https:\/\/camping-lac-seigneurie.com\/es\/camping-en-alsace\/#breadcrumb","itemListElement":[{"@type":"ListItem","position":1,"name":"Camping Franche-Comt\u00e9","item":"https:\/\/camping-lac-seigneurie.com\/es\/"},{"@type":"ListItem","position":2,"name":"Turismo y camping en Alsacia"}]},{"@type":"WebSite","@id":"https:\/\/camping-lac-seigneurie.com\/es\/#website","url":"https:\/\/camping-lac-seigneurie.com\/es\/","name":"Camping du Lac de la Seigneurie","description":"","publisher":{"@id":"https:\/\/camping-lac-seigneurie.com\/es\/#organization"},"potentialAction":[{"@type":"SearchAction","target":{"@type":"EntryPoint","urlTemplate":"https:\/\/camping-lac-seigneurie.com\/es\/?s={search_term_string}"},"query-input":{"@type":"PropertyValueSpecification","valueRequired":true,"valueName":"search_term_string"}}],"inLanguage":"es"},{"@type":"Organization","@id":"https:\/\/camping-lac-seigneurie.com\/es\/#organization","name":"Camping Lac de la Seigneurie","url":"https:\/\/camping-lac-seigneurie.com\/es\/","logo":{"@type":"ImageObject","inLanguage":"es","@id":"https:\/\/camping-lac-seigneurie.com\/es\/#\/schema\/logo\/image\/","url":"https:\/\/camping-lac-seigneurie.com\/wp-content\/uploads\/2022\/07\/lac-de-la-seigneurie-logo-fond-blanc.jpg","contentUrl":"https:\/\/camping-lac-seigneurie.com\/wp-content\/uploads\/2022\/07\/lac-de-la-seigneurie-logo-fond-blanc.jpg","width":800,"height":325,"caption":"Camping Lac de la Seigneurie"},"image":{"@id":"https:\/\/camping-lac-seigneurie.com\/es\/#\/schema\/logo\/image\/"}}]}},"_links":{"self":[{"href":"https:\/\/camping-lac-seigneurie.com\/es\/wp-json\/wp\/v2\/pages\/3204","targetHints":{"allow":["GET"]}}],"collection":[{"href":"https:\/\/camping-lac-seigneurie.com\/es\/wp-json\/wp\/v2\/pages"}],"about":[{"href":"https:\/\/camping-lac-seigneurie.com\/es\/wp-json\/wp\/v2\/types\/page"}],"author":[{"embeddable":true,"href":"https:\/\/camping-lac-seigneurie.com\/es\/wp-json\/wp\/v2\/users\/1"}],"replies":[{"embeddable":true,"href":"https:\/\/camping-lac-seigneurie.com\/es\/wp-json\/wp\/v2\/comments?post=3204"}],"version-history":[{"count":3,"href":"https:\/\/camping-lac-seigneurie.com\/es\/wp-json\/wp\/v2\/pages\/3204\/revisions"}],"predecessor-version":[{"id":3960,"href":"https:\/\/camping-lac-seigneurie.com\/es\/wp-json\/wp\/v2\/pages\/3204\/revisions\/3960"}],"wp:featuredmedia":[{"embeddable":true,"href":"https:\/\/camping-lac-seigneurie.com\/es\/wp-json\/wp\/v2\/media\/2759"}],"wp:attachment":[{"href":"https:\/\/camping-lac-seigneurie.com\/es\/wp-json\/wp\/v2\/media?parent=3204"}],"wp:term":[{"taxonomy":"sujet","embeddable":true,"href":"https:\/\/camping-lac-seigneurie.com\/es\/wp-json\/wp\/v2\/sujet?post=3204"}],"curies":[{"name":"wp","href":"https:\/\/api.w.org\/{rel}","templated":true}]}}