{"id":3254,"date":"2022-05-09T09:29:44","date_gmt":"2022-05-09T07:29:44","guid":{"rendered":"https:\/\/camping-lac-seigneurie.com\/camping-bar-snack-vosges\/"},"modified":"2023-09-02T12:04:23","modified_gmt":"2023-09-02T10:04:23","slug":"camping-snackbar-vosges","status":"publish","type":"page","link":"https:\/\/camping-lac-seigneurie.com\/es\/camping-snackbar-vosges\/","title":{"rendered":"Bar snack"},"content":{"rendered":"<section id=\"ls-section-block_a72d84b367ebeca00d9dbf10731a2368\" class=\"ls-section  page-one has-p-t p-t-8 has-p-b p-b-14\" >\n        <div class=\"container container--wide\">\n        \n\n<div class=\"wp-block-columns is-layout-flex wp-container-core-columns-is-layout-9d6595d7 wp-block-columns-is-layout-flex\">\n<div class=\"wp-block-column is-vertically-aligned-top animated fadeInLeft delay-200ms is-layout-flow wp-block-column-is-layout-flow\">\n<figure class=\"wp-block-image size-large\"><a href=\"https:\/\/camping-lac-seigneurie.com\/wp-content\/uploads\/2023\/09\/groupe2-1024x768.jpg\"><img loading=\"lazy\" decoding=\"async\" width=\"1024\" height=\"768\" src=\"https:\/\/camping-lac-seigneurie.com\/wp-content\/uploads\/2023\/09\/groupe2-1024x768.jpg\" alt=\"\" class=\"wp-image-6870\" srcset=\"https:\/\/camping-lac-seigneurie.com\/wp-content\/uploads\/2023\/09\/groupe2-1024x768.jpg 1024w, https:\/\/camping-lac-seigneurie.com\/wp-content\/uploads\/2023\/09\/groupe2-300x225.jpg 300w, https:\/\/camping-lac-seigneurie.com\/wp-content\/uploads\/2023\/09\/groupe2-768x576.jpg 768w, https:\/\/camping-lac-seigneurie.com\/wp-content\/uploads\/2023\/09\/groupe2.jpg 1440w\" sizes=\"auto, (max-width: 1024px) 100vw, 1024px\" \/><\/a><\/figure>\n\n\n\n<figure class=\"wp-block-image size-large\"><a href=\"https:\/\/camping-lac-seigneurie.com\/wp-content\/uploads\/2023\/09\/flam-1024x768.jpg\"><img loading=\"lazy\" decoding=\"async\" width=\"1024\" height=\"768\" src=\"https:\/\/camping-lac-seigneurie.com\/wp-content\/uploads\/2023\/09\/flam-1024x768.jpg\" alt=\"\" class=\"wp-image-6876\" srcset=\"https:\/\/camping-lac-seigneurie.com\/wp-content\/uploads\/2023\/09\/flam-1024x768.jpg 1024w, https:\/\/camping-lac-seigneurie.com\/wp-content\/uploads\/2023\/09\/flam-300x225.jpg 300w, https:\/\/camping-lac-seigneurie.com\/wp-content\/uploads\/2023\/09\/flam-768x576.jpg 768w, https:\/\/camping-lac-seigneurie.com\/wp-content\/uploads\/2023\/09\/flam.jpg 1440w\" sizes=\"auto, (max-width: 1024px) 100vw, 1024px\" \/><\/a><\/figure>\n<\/div>\n\n\n\n<div class=\"wp-block-column is-vertically-aligned-center is-layout-flow wp-block-column-is-layout-flow\">\n<h1 class=\"ls__heading wp-block-heading\">Descubra el snack bar de su camping de 3 estrellas<\/h1>\n\n\n\n<h2 class=\"ls__heading wp-block-heading\">Un lugar de descanso y convivencia en el Territorio de Belfort<\/h2>\n\n\n\n<p class=\"ls-paragraph\">Aproveche sus vacaciones en el <a href=\"\/es\/\">camping de Franco Condado<\/a> para reunirse con sus seres queridos, su familia o sus amigos en torno a una buena copa de vino alsaciano, un aperitivo, un c\u00f3ctel, un plato del d\u00eda, un pastel o un helado. Nuestro bar\/merendero, verdadero lugar de convivencia, es un poco como la plaza del pueblo donde todo el mundo se re\u00fane durante el d\u00eda o la noche para charlar, conocerse y divertirse, especialmente durante las animaciones que se ofrecen en verano (bailes, juegos, etc.). Venga a descubrir nuestra carta de bebidas y c\u00f3cteles, aperitivos y helados.<\/p>\n\n\n\n<p class=\"ls-paragraph\">Si desea quedarse en su alojamiento, puede aprovechar el servicio de \u00abcomida para llevar\u00bb y, fuera de temporada, incluso puede aprovechar nuestro \u00abservicio de habitaciones\u00bb para que se lo lleven (sin cargo adicional) a su alojamiento (mayo\/junio\/septiembre). .<\/p>\n\n\n\n<p class=\"ls-paragraph\">En cuanto a lo salado, le ofrecemos: carne picada al estilo carnicero, chucher\u00edas alsacianas, patatas fritas al horno, hamburguesa con queso, , y nuestras especialidades \u00ablocales\u00bb: Kessler\/patatas fritas, Munster Burger (hamburguesa con queso de Munster), Munstiflette (tartiflette con queso de Munster) \u00abde la casa\u00bb, baguettes Franc-Comtois, etc.<\/p>\n\n\n\n<p class=\"ls-paragraph\">En el lado dulce, puede probar nuestros helados y pasteles caseros.<\/p>\n<\/div>\n<\/div>\n\n\n    <\/div>\n<\/section>\n\n<section id=\"ls-section-block_3547168e81801329d7482f7aeaa264bc\" class=\"ls-section  page-two has-background-image has-parallax has-background has-color-black-background-color has-p-t p-t-14 has-p-b p-b-14\" >\n    <div class=\"ls-section__background-image opacity-50\"><img decoding=\"async\" src=\"https:\/\/camping-lac-seigneurie.com\/wp-content\/uploads\/2022\/05\/pain-frais-baguette-tous-les-jours-camping-de-la-seigneurie.jpg\" alt=\"pain frais baguette tous les jours camping de la seigneurie\"><\/div>    <div class=\"container \">\n        \n\n<h2 class=\"ls__heading wp-block-heading has-text-align-center\">Pan fresco todos los d\u00edas y desayunos<\/h2>\n\n\n\n<p class=\"ls-paragraph has-text-align-center animated fadeInDown delay-200ms\">Todos los d\u00edas durante la temporada alta y los fines de semana y los lunes de abril, mayo, junio y septiembre se puede comprar pan fresco y boller\u00eda para el desayuno. Si se piden el d\u00eda anterior, estar\u00e1n disponibles de 8.30 a 10 de la ma\u00f1ana del d\u00eda siguiente en el bar o se entregar\u00e1n en la propiedad de alquiler durante la temporada baja.<\/p>\n\n\n    <\/div>\n<\/section>\n\n<section id=\"ls-section-block_627b5f321e2d6387cf10d520e9efe7a5\" class=\"ls-section  page-three has-p-t p-t-14 has-p-b p-b-14\" >\n        <div class=\"container container--wide\">\n        \n\n<div class=\"wp-block-columns is-layout-flex wp-container-core-columns-is-layout-9d6595d7 wp-block-columns-is-layout-flex\">\n<div class=\"wp-block-column animated fadeInUp delay-200ms is-layout-flow wp-block-column-is-layout-flow\">\n<figure class=\"wp-block-image size-large\"><a href=\"https:\/\/camping-lac-seigneurie.com\/wp-content\/uploads\/2023\/09\/famille-2-1024x587.jpg\"><img loading=\"lazy\" decoding=\"async\" width=\"1024\" height=\"587\" src=\"https:\/\/camping-lac-seigneurie.com\/wp-content\/uploads\/2023\/09\/famille-2-1024x587.jpg\" alt=\"\" class=\"wp-image-6881\" srcset=\"https:\/\/camping-lac-seigneurie.com\/wp-content\/uploads\/2023\/09\/famille-2-1024x587.jpg 1024w, https:\/\/camping-lac-seigneurie.com\/wp-content\/uploads\/2023\/09\/famille-2-300x172.jpg 300w, https:\/\/camping-lac-seigneurie.com\/wp-content\/uploads\/2023\/09\/famille-2-768x440.jpg 768w, https:\/\/camping-lac-seigneurie.com\/wp-content\/uploads\/2023\/09\/famille-2-1536x880.jpg 1536w, https:\/\/camping-lac-seigneurie.com\/wp-content\/uploads\/2023\/09\/famille-2.jpg 1573w\" sizes=\"auto, (max-width: 1024px) 100vw, 1024px\" \/><\/a><\/figure>\n\n\n\n<p class=\"ls-paragraph\">Tambi\u00e9n ofrecemos un servicio de<strong> desayuno salado<\/strong> o dulce en el bar, previa reserva el d\u00eda anterior.<\/p>\n\n\n\n<ul class=\"ls-list wp-block-list\">\n<li>Desayuno dulce (9\u20ac) con: bebida caliente, zumo de frutas, 1\/2 baguette, boller\u00eda, mantequilla y mermelada.<\/li>\n<\/ul>\n\n\n\n<ul class=\"ls-list wp-block-list\">\n<li>Desayuno salado (12\u20ac) con: bebida caliente, zumo de frutas, plato de embutidos y quesos, mantequilla.<\/li>\n<\/ul>\n<\/div>\n\n\n\n<div class=\"wp-block-column animated fadeInUp delay-200ms is-layout-flow wp-block-column-is-layout-flow\">\n<figure class=\"wp-block-image size-large\"><a href=\"https:\/\/camping-lac-seigneurie.com\/wp-content\/uploads\/2023\/09\/petit-dej-edited-1024x461.jpg\"><img loading=\"lazy\" decoding=\"async\" width=\"1024\" height=\"461\" src=\"https:\/\/camping-lac-seigneurie.com\/wp-content\/uploads\/2023\/09\/petit-dej-edited-1024x461.jpg\" alt=\"\" class=\"wp-image-6892\" srcset=\"https:\/\/camping-lac-seigneurie.com\/wp-content\/uploads\/2023\/09\/petit-dej-edited-1024x461.jpg 1024w, https:\/\/camping-lac-seigneurie.com\/wp-content\/uploads\/2023\/09\/petit-dej-edited-300x135.jpg 300w, https:\/\/camping-lac-seigneurie.com\/wp-content\/uploads\/2023\/09\/petit-dej-edited-768x346.jpg 768w, https:\/\/camping-lac-seigneurie.com\/wp-content\/uploads\/2023\/09\/petit-dej-edited-1536x692.jpg 1536w, https:\/\/camping-lac-seigneurie.com\/wp-content\/uploads\/2023\/09\/petit-dej-edited.jpg 2048w\" sizes=\"auto, (max-width: 1024px) 100vw, 1024px\" \/><\/a><\/figure>\n\n\n\n<p class=\"ls-paragraph\"><strong>En temporada alta, el desayuno se sirve en el bar a partir de las 8.30 de la ma\u00f1ana. Fuera de temporada, los desayunos se entregan en su alojamiento entre las 8.30 y las 10 de la ma\u00f1ana, seg\u00fan su conveniencia.<\/strong><\/p>\n\n\n\n<p class=\"ls-paragraph\">Horario de apertura del bar\/snack bar :<\/p>\n\n\n\n<ul class=\"ls-list wp-block-list\"><li><strong>Julio y agosto: de 8:00 a 21:00 horas<\/strong><\/li><li>Fuera de temporada (abril, mayo, junio, septiembre) :<ul><li>D\u00edas laborables: de 11:30 a 13:30 y de 18:30 a 20:00 (jueves cerrado)<\/li><li>Fin de semana: de 8:00 a 20:30<\/li><\/ul><\/li><\/ul>\n<\/div>\n<\/div>\n\n\n    <\/div>\n<\/section>\n\n<section id=\"ls-section-block_24e28a32026711a6f5fc7e3e13b18250\" class=\"ls-section  page-four has-p-t p-t-14 has-p-b p-b-14\" >\n        <div class=\"container container--wide\">\n        \n\n<div class=\"wp-block-columns is-layout-flex wp-container-core-columns-is-layout-9d6595d7 wp-block-columns-is-layout-flex\">\n<div class=\"wp-block-column is-layout-flow wp-block-column-is-layout-flow\" style=\"flex-basis:100%\">\n<div class=\"wp-block-columns is-layout-flex wp-container-core-columns-is-layout-9d6595d7 wp-block-columns-is-layout-flex\">\n<div class=\"wp-block-column is-vertically-aligned-center is-layout-flow wp-block-column-is-layout-flow\" style=\"flex-basis:30%\">\n<h2 class=\"ls__heading wp-block-heading\">Su cesta de picnic<\/h2>\n\n\n\n<p class=\"ls-paragraph\">Preparamos su picnic para su d\u00eda de fiesta por encargo. Muy pr\u00e1ctico para su d\u00eda de excursi\u00f3n o visita, \u00a1la cesta de picnic le ahorra tiempo en las colas!<\/p>\n\n\n\n<p class=\"ls-paragraph\">Consiste en un s\u00e1ndwich (\u00bd baguette fresca, con queso, jam\u00f3n, pollo, o pat\u00e9 seg\u00fan las existencias\u2026), un paquete de patatas fritas, una compota y una peque\u00f1a botella de agua.<\/p>\n\n\n\n<p class=\"ls-paragraph\">Se recoger\u00e1 en el bar a partir de las 8.30 de la ma\u00f1ana.(en verano &#8211; fuera de temporada consultarnos)<\/p>\n\n\n\n<p class=\"ls-paragraph\">Es necesario reservar.<\/p>\n<\/div>\n\n\n\n<div class=\"wp-block-column animated fadeInRight delay-200ms is-layout-flow wp-block-column-is-layout-flow\" style=\"flex-basis:70%\"><div class=\"wp-block-image\">\n<figure class=\"alignright size-full\"><a href=\"https:\/\/camping-lac-seigneurie.com\/wp-content\/uploads\/2022\/05\/sandwich-pique-nique.jpg\"><img loading=\"lazy\" decoding=\"async\" width=\"800\" height=\"550\" src=\"https:\/\/camping-lac-seigneurie.com\/wp-content\/uploads\/2022\/05\/sandwich-pique-nique.jpg\" alt=\"sandwich pique nique\" class=\"wp-image-1286\" srcset=\"https:\/\/camping-lac-seigneurie.com\/wp-content\/uploads\/2022\/05\/sandwich-pique-nique.jpg 800w, https:\/\/camping-lac-seigneurie.com\/wp-content\/uploads\/2022\/05\/sandwich-pique-nique-300x206.jpg 300w, https:\/\/camping-lac-seigneurie.com\/wp-content\/uploads\/2022\/05\/sandwich-pique-nique-768x528.jpg 768w\" sizes=\"auto, (max-width: 800px) 100vw, 800px\" \/><\/a><\/figure>\n<\/div><\/div>\n<\/div>\n<\/div>\n<\/div>\n\n\n    <\/div>\n<\/section>\n\n<section id=\"ls-section-block_ce2a93f140478d0aadc3db6f6efc4bd0\" class=\"ls-section  page-avis has-p-t p-t-14 has-p-b p-b-14\" >\n        <div class=\"container \">\n        \n\n<div id=\"ls-heading ls-titre-div-block_231a03995ddbf75bf792ef7cbd1b9321\" class=\"ls-titre-div aligncenter h1-like\" >\n    Lo que dicen los campistas sobre nuestro Snack Bar<\/div>\n\n\n<div class=\"avis-container-pages\"><div class=\"avis\"><div class=\"avis-contenu\"><p>Le dernier camping avant le retour \u00e0 la maison s&#8217;est av\u00e9r\u00e9 un des plus sympa du voyage. Excellent accueil, camping tr\u00e8s propre, bien entretenu, snack bien meilleur que la plupart des restaurations rapides, certains produits fait maison, et tr\u00e8s bon. Bref \u00e0 faire<\/p>\n<\/div><div class=\"avis-user\"><div class=\"avis-user__box-two\"><div class=\"avis-name\">Patrick L. <\/div><div class=\"avis-note\">\n                        <span><i class=\"seigneurie-etoile\"><\/i><\/span><span><i class=\"seigneurie-etoile\"><\/i><\/span><span><i class=\"seigneurie-etoile\"><\/i><\/span><span><i class=\"seigneurie-etoile\"><\/i><\/span><span><i class=\"seigneurie-etoile\"><\/i><\/span>\n                    <\/div><\/div><\/div><\/div><div class=\"avis\"><div class=\"avis-contenu\"><p>Excellent accueil. De grands emplacements. Tranquillit\u00e9 respect\u00e9e. Randonn\u00e9es \u00e0 faire. Espace snack tr\u00e8s agr\u00e9able.<\/p>\n<\/div><div class=\"avis-user\"><div class=\"avis-user__box-two\"><div class=\"avis-name\">Marielle R.<\/div><div class=\"avis-note\">\n                        <span><i class=\"seigneurie-etoile\"><\/i><\/span><span><i class=\"seigneurie-etoile\"><\/i><\/span><span><i class=\"seigneurie-etoile\"><\/i><\/span><span><i class=\"seigneurie-etoile\"><\/i><\/span><span><i class=\"seigneurie-etoile\"><\/i><\/span>\n                    <\/div><\/div><\/div><\/div><div class=\"avis\"><div class=\"avis-contenu\"><p>15 jours au camping du Lac de la Seigneurie, un pur bonheur, le snack bar est au top, \u00e0 refaire tr\u00e8s vite ! Merci pour ce bon moment<\/p>\n<\/div><div class=\"avis-user\"><div class=\"avis-user__box-two\"><div class=\"avis-name\">Ghislain B.<\/div><div class=\"avis-note\">\n                        <span><i class=\"seigneurie-etoile\"><\/i><\/span><span><i class=\"seigneurie-etoile\"><\/i><\/span><span><i class=\"seigneurie-etoile\"><\/i><\/span><span><i class=\"seigneurie-etoile\"><\/i><\/span><span><i class=\"seigneurie-etoile\"><\/i><\/span>\n                    <\/div><\/div><\/div><\/div><\/div>\n\n\n    <\/div>\n<\/section>\n\n<section id=\"ls-section-block_cddda59ea859a3c2deb22383e1655b10\" class=\"ls-section  has-p-b p-b-14\" >\n        <div class=\"container container--wide\">\n        \n\n<div id=\"ls-heading ls-titre-div-block_c64226d3be5616dc6a2ae8f28f9af2dd\" class=\"ls-titre-div aligncenter h2-like\" >\n    Descubra la recepci\u00f3n, la piscina y los servicios del camping<\/div>\n\n\n<div id=\"ls-maillage-block_59475b8c16fcd0e2d111428da4e725bd\" class=\"ls-maillage cta-style-normal\" data-rows=\"3\">\n    <div class=\"wp-block-columns\"><div class=\"wp-block-column\">\n\n<a href=\"https:\/\/camping-lac-seigneurie.com\/es\/camping-animacion-vosges\/\" target=\"\" rel=\"noopener\" class=\"ls-cta__link\">\n\n\t<div class=\"ls-cta__image\"><img decoding=\"async\" src=\"https:\/\/camping-lac-seigneurie.com\/wp-content\/uploads\/2025\/08\/Camping-lac-seigneurie-2025-ese-014r-768x468.jpg\" alt=\"\"><\/div>\n\t<div class=\"ls-cta__title animated fadeIn slow delay-400ms\">\n\t\tAnimaciones\t<\/div>\n\n\t\t\n<\/a><\/div><div class=\"wp-block-column\">\n\n<a href=\"https:\/\/camping-lac-seigneurie.com\/es\/camping-piscina-vosges\/\" target=\"\" rel=\"noopener\" class=\"ls-cta__link\">\n\n\t<div class=\"ls-cta__image\"><img decoding=\"async\" src=\"https:\/\/camping-lac-seigneurie.com\/wp-content\/uploads\/2022\/06\/camping-piscine-vacances.jpg\" alt=\"camping piscine vacances\"><\/div>\n\t<div class=\"ls-cta__title animated fadeIn slow delay-400ms\">\n\t\tPiscina\t<\/div>\n\n\t\t\n<\/a><\/div><div class=\"wp-block-column\">\n\n<a href=\"https:\/\/camping-lac-seigneurie.com\/es\/camping-franche-comte-barato\/\" target=\"\" rel=\"noopener\" class=\"ls-cta__link\">\n\n\t<div class=\"ls-cta__image\"><img decoding=\"async\" src=\"https:\/\/camping-lac-seigneurie.com\/wp-content\/uploads\/2026\/03\/LAC-SEIGNEURIE-2025-ESE-074-768x512.jpg\" alt=\"\"><\/div>\n\t<div class=\"ls-cta__title animated fadeIn slow delay-400ms\">\n\t\tNuestras tarifas\t<\/div>\n\n\t\t\n<\/a><\/div><\/div><\/div>\n\n    <\/div>\n<\/section>","protected":false},"excerpt":{"rendered":"","protected":false},"author":1,"featured_media":9688,"parent":0,"menu_order":0,"comment_status":"closed","ping_status":"closed","template":"","meta":{"_acf_changed":false,"footnotes":""},"sujet":[],"class_list":["post-3254","page","type-page","status-publish","has-post-thumbnail","hentry"],"acf":[],"yoast_head":"<!-- This site is optimized with the Yoast SEO plugin v25.3 - https:\/\/yoast.com\/wordpress\/plugins\/seo\/ -->\n<title>Camping con bar en los Vosgos | Camping Lac de Seigneurie<\/title>\n<meta name=\"robots\" content=\"index, follow, max-snippet:-1, max-image-preview:large, max-video-preview:-1\" \/>\n<link rel=\"canonical\" href=\"https:\/\/camping-lac-seigneurie.com\/es\/camping-snackbar-vosges\/\" \/>\n<meta property=\"og:locale\" content=\"es_ES\" \/>\n<meta property=\"og:type\" content=\"article\" \/>\n<meta property=\"og:title\" content=\"Camping con bar en los Vosgos | Camping Lac de Seigneurie\" \/>\n<meta property=\"og:url\" content=\"https:\/\/camping-lac-seigneurie.com\/es\/camping-snackbar-vosges\/\" \/>\n<meta property=\"og:site_name\" content=\"Camping du Lac de la Seigneurie\" \/>\n<meta property=\"article:modified_time\" content=\"2023-09-02T10:04:23+00:00\" \/>\n<meta property=\"og:image\" content=\"https:\/\/camping-lac-seigneurie.com\/wp-content\/uploads\/2022\/05\/bar-snack-terrasse-camping-lac-de-le-seigneurie-franche-comte.jpg\" \/>\n\t<meta property=\"og:image:width\" content=\"1903\" \/>\n\t<meta property=\"og:image:height\" content=\"650\" \/>\n\t<meta property=\"og:image:type\" content=\"image\/jpeg\" \/>\n<meta name=\"twitter:card\" content=\"summary_large_image\" \/>\n<meta name=\"twitter:label1\" content=\"Tiempo de lectura\" \/>\n\t<meta name=\"twitter:data1\" content=\"4 minutos\" \/>\n<script type=\"application\/ld+json\" class=\"yoast-schema-graph\">{\"@context\":\"https:\/\/schema.org\",\"@graph\":[{\"@type\":\"WebPage\",\"@id\":\"https:\/\/camping-lac-seigneurie.com\/es\/camping-snackbar-vosges\/\",\"url\":\"https:\/\/camping-lac-seigneurie.com\/es\/camping-snackbar-vosges\/\",\"name\":\"Camping con bar en los Vosgos | Camping Lac de Seigneurie\",\"isPartOf\":{\"@id\":\"https:\/\/camping-lac-seigneurie.com\/es\/#website\"},\"primaryImageOfPage\":{\"@id\":\"https:\/\/camping-lac-seigneurie.com\/es\/camping-snackbar-vosges\/#primaryimage\"},\"image\":{\"@id\":\"https:\/\/camping-lac-seigneurie.com\/es\/camping-snackbar-vosges\/#primaryimage\"},\"thumbnailUrl\":\"https:\/\/camping-lac-seigneurie.com\/wp-content\/uploads\/2025\/08\/Camping-lac-seigneurie-2025-ese-039r.jpg\",\"datePublished\":\"2022-05-09T07:29:44+00:00\",\"dateModified\":\"2023-09-02T10:04:23+00:00\",\"breadcrumb\":{\"@id\":\"https:\/\/camping-lac-seigneurie.com\/es\/camping-snackbar-vosges\/#breadcrumb\"},\"inLanguage\":\"es\",\"potentialAction\":[{\"@type\":\"ReadAction\",\"target\":[\"https:\/\/camping-lac-seigneurie.com\/es\/camping-snackbar-vosges\/\"]}]},{\"@type\":\"ImageObject\",\"inLanguage\":\"es\",\"@id\":\"https:\/\/camping-lac-seigneurie.com\/es\/camping-snackbar-vosges\/#primaryimage\",\"url\":\"https:\/\/camping-lac-seigneurie.com\/wp-content\/uploads\/2025\/08\/Camping-lac-seigneurie-2025-ese-039r.jpg\",\"contentUrl\":\"https:\/\/camping-lac-seigneurie.com\/wp-content\/uploads\/2025\/08\/Camping-lac-seigneurie-2025-ese-039r.jpg\",\"width\":2560,\"height\":1439},{\"@type\":\"BreadcrumbList\",\"@id\":\"https:\/\/camping-lac-seigneurie.com\/es\/camping-snackbar-vosges\/#breadcrumb\",\"itemListElement\":[{\"@type\":\"ListItem\",\"position\":1,\"name\":\"Camping Franche-Comt\u00e9\",\"item\":\"https:\/\/camping-lac-seigneurie.com\/es\/\"},{\"@type\":\"ListItem\",\"position\":2,\"name\":\"Camping con bar en los Vosgos\"}]},{\"@type\":\"WebSite\",\"@id\":\"https:\/\/camping-lac-seigneurie.com\/es\/#website\",\"url\":\"https:\/\/camping-lac-seigneurie.com\/es\/\",\"name\":\"Camping du Lac de la Seigneurie\",\"description\":\"\",\"publisher\":{\"@id\":\"https:\/\/camping-lac-seigneurie.com\/es\/#organization\"},\"potentialAction\":[{\"@type\":\"SearchAction\",\"target\":{\"@type\":\"EntryPoint\",\"urlTemplate\":\"https:\/\/camping-lac-seigneurie.com\/es\/?s={search_term_string}\"},\"query-input\":{\"@type\":\"PropertyValueSpecification\",\"valueRequired\":true,\"valueName\":\"search_term_string\"}}],\"inLanguage\":\"es\"},{\"@type\":\"Organization\",\"@id\":\"https:\/\/camping-lac-seigneurie.com\/es\/#organization\",\"name\":\"Camping Lac de la Seigneurie\",\"url\":\"https:\/\/camping-lac-seigneurie.com\/es\/\",\"logo\":{\"@type\":\"ImageObject\",\"inLanguage\":\"es\",\"@id\":\"https:\/\/camping-lac-seigneurie.com\/es\/#\/schema\/logo\/image\/\",\"url\":\"https:\/\/camping-lac-seigneurie.com\/wp-content\/uploads\/2022\/07\/lac-de-la-seigneurie-logo-fond-blanc.jpg\",\"contentUrl\":\"https:\/\/camping-lac-seigneurie.com\/wp-content\/uploads\/2022\/07\/lac-de-la-seigneurie-logo-fond-blanc.jpg\",\"width\":800,\"height\":325,\"caption\":\"Camping Lac de la Seigneurie\"},\"image\":{\"@id\":\"https:\/\/camping-lac-seigneurie.com\/es\/#\/schema\/logo\/image\/\"}}]}<\/script>\n<!-- \/ Yoast SEO plugin. -->","yoast_head_json":{"title":"Camping con bar en los Vosgos | Camping Lac de Seigneurie","robots":{"index":"index","follow":"follow","max-snippet":"max-snippet:-1","max-image-preview":"max-image-preview:large","max-video-preview":"max-video-preview:-1"},"canonical":"https:\/\/camping-lac-seigneurie.com\/es\/camping-snackbar-vosges\/","og_locale":"es_ES","og_type":"article","og_title":"Camping con bar en los Vosgos | Camping Lac de Seigneurie","og_url":"https:\/\/camping-lac-seigneurie.com\/es\/camping-snackbar-vosges\/","og_site_name":"Camping du Lac de la Seigneurie","article_modified_time":"2023-09-02T10:04:23+00:00","og_image":[{"width":1903,"height":650,"url":"https:\/\/camping-lac-seigneurie.com\/wp-content\/uploads\/2022\/05\/bar-snack-terrasse-camping-lac-de-le-seigneurie-franche-comte.jpg","type":"image\/jpeg"}],"twitter_card":"summary_large_image","twitter_misc":{"Tiempo de lectura":"4 minutos"},"schema":{"@context":"https:\/\/schema.org","@graph":[{"@type":"WebPage","@id":"https:\/\/camping-lac-seigneurie.com\/es\/camping-snackbar-vosges\/","url":"https:\/\/camping-lac-seigneurie.com\/es\/camping-snackbar-vosges\/","name":"Camping con bar en los Vosgos | Camping Lac de Seigneurie","isPartOf":{"@id":"https:\/\/camping-lac-seigneurie.com\/es\/#website"},"primaryImageOfPage":{"@id":"https:\/\/camping-lac-seigneurie.com\/es\/camping-snackbar-vosges\/#primaryimage"},"image":{"@id":"https:\/\/camping-lac-seigneurie.com\/es\/camping-snackbar-vosges\/#primaryimage"},"thumbnailUrl":"https:\/\/camping-lac-seigneurie.com\/wp-content\/uploads\/2025\/08\/Camping-lac-seigneurie-2025-ese-039r.jpg","datePublished":"2022-05-09T07:29:44+00:00","dateModified":"2023-09-02T10:04:23+00:00","breadcrumb":{"@id":"https:\/\/camping-lac-seigneurie.com\/es\/camping-snackbar-vosges\/#breadcrumb"},"inLanguage":"es","potentialAction":[{"@type":"ReadAction","target":["https:\/\/camping-lac-seigneurie.com\/es\/camping-snackbar-vosges\/"]}]},{"@type":"ImageObject","inLanguage":"es","@id":"https:\/\/camping-lac-seigneurie.com\/es\/camping-snackbar-vosges\/#primaryimage","url":"https:\/\/camping-lac-seigneurie.com\/wp-content\/uploads\/2025\/08\/Camping-lac-seigneurie-2025-ese-039r.jpg","contentUrl":"https:\/\/camping-lac-seigneurie.com\/wp-content\/uploads\/2025\/08\/Camping-lac-seigneurie-2025-ese-039r.jpg","width":2560,"height":1439},{"@type":"BreadcrumbList","@id":"https:\/\/camping-lac-seigneurie.com\/es\/camping-snackbar-vosges\/#breadcrumb","itemListElement":[{"@type":"ListItem","position":1,"name":"Camping Franche-Comt\u00e9","item":"https:\/\/camping-lac-seigneurie.com\/es\/"},{"@type":"ListItem","position":2,"name":"Camping con bar en los Vosgos"}]},{"@type":"WebSite","@id":"https:\/\/camping-lac-seigneurie.com\/es\/#website","url":"https:\/\/camping-lac-seigneurie.com\/es\/","name":"Camping du Lac de la Seigneurie","description":"","publisher":{"@id":"https:\/\/camping-lac-seigneurie.com\/es\/#organization"},"potentialAction":[{"@type":"SearchAction","target":{"@type":"EntryPoint","urlTemplate":"https:\/\/camping-lac-seigneurie.com\/es\/?s={search_term_string}"},"query-input":{"@type":"PropertyValueSpecification","valueRequired":true,"valueName":"search_term_string"}}],"inLanguage":"es"},{"@type":"Organization","@id":"https:\/\/camping-lac-seigneurie.com\/es\/#organization","name":"Camping Lac de la Seigneurie","url":"https:\/\/camping-lac-seigneurie.com\/es\/","logo":{"@type":"ImageObject","inLanguage":"es","@id":"https:\/\/camping-lac-seigneurie.com\/es\/#\/schema\/logo\/image\/","url":"https:\/\/camping-lac-seigneurie.com\/wp-content\/uploads\/2022\/07\/lac-de-la-seigneurie-logo-fond-blanc.jpg","contentUrl":"https:\/\/camping-lac-seigneurie.com\/wp-content\/uploads\/2022\/07\/lac-de-la-seigneurie-logo-fond-blanc.jpg","width":800,"height":325,"caption":"Camping Lac de la Seigneurie"},"image":{"@id":"https:\/\/camping-lac-seigneurie.com\/es\/#\/schema\/logo\/image\/"}}]}},"_links":{"self":[{"href":"https:\/\/camping-lac-seigneurie.com\/es\/wp-json\/wp\/v2\/pages\/3254","targetHints":{"allow":["GET"]}}],"collection":[{"href":"https:\/\/camping-lac-seigneurie.com\/es\/wp-json\/wp\/v2\/pages"}],"about":[{"href":"https:\/\/camping-lac-seigneurie.com\/es\/wp-json\/wp\/v2\/types\/page"}],"author":[{"embeddable":true,"href":"https:\/\/camping-lac-seigneurie.com\/es\/wp-json\/wp\/v2\/users\/1"}],"replies":[{"embeddable":true,"href":"https:\/\/camping-lac-seigneurie.com\/es\/wp-json\/wp\/v2\/comments?post=3254"}],"version-history":[{"count":16,"href":"https:\/\/camping-lac-seigneurie.com\/es\/wp-json\/wp\/v2\/pages\/3254\/revisions"}],"predecessor-version":[{"id":6906,"href":"https:\/\/camping-lac-seigneurie.com\/es\/wp-json\/wp\/v2\/pages\/3254\/revisions\/6906"}],"wp:featuredmedia":[{"embeddable":true,"href":"https:\/\/camping-lac-seigneurie.com\/es\/wp-json\/wp\/v2\/media\/9688"}],"wp:attachment":[{"href":"https:\/\/camping-lac-seigneurie.com\/es\/wp-json\/wp\/v2\/media?parent=3254"}],"wp:term":[{"taxonomy":"sujet","embeddable":true,"href":"https:\/\/camping-lac-seigneurie.com\/es\/wp-json\/wp\/v2\/sujet?post=3254"}],"curies":[{"name":"wp","href":"https:\/\/api.w.org\/{rel}","templated":true}]}}