{"id":3271,"date":"2022-06-17T15:25:12","date_gmt":"2022-06-17T13:25:12","guid":{"rendered":"https:\/\/camping-lac-seigneurie.com\/camping-belfort\/"},"modified":"2025-11-06T09:51:17","modified_gmt":"2025-11-06T08:51:17","slug":"camping-en-belfort","status":"publish","type":"page","link":"https:\/\/camping-lac-seigneurie.com\/es\/camping-en-belfort\/","title":{"rendered":"Belfort"},"content":{"rendered":"<section id=\"ls-section-block_626020254a858\" class=\"ls-section  page-one has-p-t p-t-8 has-p-b p-b-14\" >\n        <div class=\"container container--wide\">\n        \n\n<div class=\"wp-block-columns is-layout-flex wp-container-core-columns-is-layout-9d6595d7 wp-block-columns-is-layout-flex\">\n<div class=\"wp-block-column is-vertically-aligned-top animated fadeInLeft delay-200ms is-layout-flow wp-block-column-is-layout-flow\">\n<figure class=\"wp-block-image size-full\"><a href=\"https:\/\/camping-lac-seigneurie.com\/wp-content\/uploads\/2022\/06\/belfort-vacances-visite.jpg\"><img loading=\"lazy\" decoding=\"async\" width=\"700\" height=\"466\" src=\"https:\/\/camping-lac-seigneurie.com\/wp-content\/uploads\/2022\/06\/belfort-vacances-visite.jpg\" alt=\"belfort vacances visite\" class=\"wp-image-2959\" srcset=\"https:\/\/camping-lac-seigneurie.com\/wp-content\/uploads\/2022\/06\/belfort-vacances-visite.jpg 700w, https:\/\/camping-lac-seigneurie.com\/wp-content\/uploads\/2022\/06\/belfort-vacances-visite-300x200.jpg 300w\" sizes=\"auto, (max-width: 700px) 100vw, 700px\" \/><\/a><\/figure>\n\n\n\n<figure class=\"wp-block-image size-full\"><a href=\"https:\/\/camping-lac-seigneurie.com\/wp-content\/uploads\/2022\/06\/tourisme-a-belfort.jpg\"><img loading=\"lazy\" decoding=\"async\" width=\"700\" height=\"466\" src=\"https:\/\/camping-lac-seigneurie.com\/wp-content\/uploads\/2022\/06\/tourisme-a-belfort.jpg\" alt=\"tourisme a belfort\" class=\"wp-image-2967\" srcset=\"https:\/\/camping-lac-seigneurie.com\/wp-content\/uploads\/2022\/06\/tourisme-a-belfort.jpg 700w, https:\/\/camping-lac-seigneurie.com\/wp-content\/uploads\/2022\/06\/tourisme-a-belfort-300x200.jpg 300w\" sizes=\"auto, (max-width: 700px) 100vw, 700px\" \/><\/a><\/figure>\n<\/div>\n\n\n\n<div class=\"wp-block-column is-vertically-aligned-center is-layout-flow wp-block-column-is-layout-flow\">\n<h1 class=\"ls-heading wp-block-heading\">Descubra el camping a 30 minutos de Belfort<\/h1>\n\n\n\n<p class=\"ls-paragraph\">A los pies de los Vosgos, a las puertas de las regiones de Alsacia y Franco Condado, el camping Belfort de la Seigneurie ofrece un paisaje de gran calidad: una regi\u00f3n boscosa, salpicada de numerosos estanques donde predominan los espacios naturales.<\/p>\n\n\n\n<p class=\"ls-paragraph\">Encontrar\u00e1 un <a href=\"\/es\/\">camping de 3 estrellas<\/a> enclavado en un magn\u00edfico y apacible entorno para pasar sus vacaciones en familia, con los enamorados o con los amigos. Flower Campings, el camping del lago de la Seigneurie le ofrece el aire puro y tonificante de la naturaleza en Belfort, donde podr\u00e1 disfrutar de los placeres de la naturaleza con total tranquilidad.<\/p>\n\n\n\n<p class=\"ls-paragraph\">La paz y la tranquilidad reinan en esta finca familiar a los pies de los Vosgos. Un punto de partida ideal para actividades al aire libre, pero tambi\u00e9n para visitas culturales y gastron\u00f3micas. D\u00e9jese guiar por los sitios de Borgo\u00f1a, Franco Condado y Alsacia, haga un viaje por el Rin, descubra Belfort, su ciudadela y su casco antiguo.<\/p>\n<\/div>\n<\/div>\n\n\n    <\/div>\n<\/section>\n\n<section id=\"ls-section-block_6261422f8a71c\" class=\"ls-section  page-three has-background has-color-6-background-color has-p-t p-t-14 has-p-b p-b-14\" >\n        <div class=\"container container--wide\">\n        \n\n<div class=\"wp-block-columns is-layout-flex wp-container-core-columns-is-layout-9d6595d7 wp-block-columns-is-layout-flex\">\n<div class=\"wp-block-column animated fadeInUp delay-200ms is-layout-flow wp-block-column-is-layout-flow\">\n<figure class=\"wp-block-image size-full\"><a href=\"https:\/\/camping-lac-seigneurie.com\/wp-content\/uploads\/2022\/06\/belfort-camping-tourisme.jpg\"><img loading=\"lazy\" decoding=\"async\" width=\"700\" height=\"466\" src=\"https:\/\/camping-lac-seigneurie.com\/wp-content\/uploads\/2022\/06\/belfort-camping-tourisme.jpg\" alt=\"belfort camping tourisme\" class=\"wp-image-2955\" srcset=\"https:\/\/camping-lac-seigneurie.com\/wp-content\/uploads\/2022\/06\/belfort-camping-tourisme.jpg 700w, https:\/\/camping-lac-seigneurie.com\/wp-content\/uploads\/2022\/06\/belfort-camping-tourisme-300x200.jpg 300w\" sizes=\"auto, (max-width: 700px) 100vw, 700px\" \/><\/a><\/figure>\n\n\n\n<h2 class=\"ls__heading has-text-align-center wp-block-heading\">C\u00d3MO LLEGAR A BELFORT DESDE EL CAMPING<\/h2>\n\n\n\n<p class=\"ls-paragraph\">El camping Franche Comte del Lago de la Seigneurie, clasificado 3 estrellas, le acoge en el departamento del Territorio de Belfort.<\/p>\n\n\n\n<p class=\"ls-paragraph\">La distancia entre el camping y Belfort se estima en 15 kil\u00f3metros, es decir, unos 19 minutos en coche. Si va en bicicleta, la distancia se estima en 18,12 kil\u00f3metros.<\/p>\n<\/div>\n\n\n\n<div class=\"wp-block-column animated fadeInUp delay-200ms is-layout-flow wp-block-column-is-layout-flow\">\n<figure class=\"wp-block-image size-full\"><a href=\"https:\/\/camping-lac-seigneurie.com\/wp-content\/uploads\/2022\/06\/grand-hotel-de-belfort.jpg\"><img loading=\"lazy\" decoding=\"async\" width=\"700\" height=\"466\" src=\"https:\/\/camping-lac-seigneurie.com\/wp-content\/uploads\/2022\/06\/grand-hotel-de-belfort.jpg\" alt=\"grand hotel de belfort\" class=\"wp-image-2963\" srcset=\"https:\/\/camping-lac-seigneurie.com\/wp-content\/uploads\/2022\/06\/grand-hotel-de-belfort.jpg 700w, https:\/\/camping-lac-seigneurie.com\/wp-content\/uploads\/2022\/06\/grand-hotel-de-belfort-300x200.jpg 300w\" sizes=\"auto, (max-width: 700px) 100vw, 700px\" \/><\/a><\/figure>\n\n\n\n<h2 class=\"ls__heading has-text-align-center wp-block-heading\">ALQUILERES DE VACACIONES EN EL CAMPING BELFORT<\/h2>\n\n\n\n<p class=\"ls-paragraph\">Para sus vacaciones de camping en el departamento de Territoire de Belfort, en la regi\u00f3n de Franc-Comtoise, descubra este camping de 3 estrellas, entre Belfort y Mulhouse, cerca de Masevaux, que ofrece parcelas de camping y caravanas y tambi\u00e9n alquileres de vacaciones en Belfort. En el camping Belfort du Lac Seigneurie, podr\u00e1 disfrutar de sus vacaciones como desee: alquiler de casas m\u00f3viles, autocaravanas y chal\u00e9s. Puede alquilar un chalet totalmente equipado, una casa m\u00f3vil que combina el concepto de camping con la comodidad y la calidad.<\/p>\n<\/div>\n<\/div>\n\n\n    <\/div>\n<\/section>\n\n<section id=\"ls-section-block_626144428a71d\" class=\"ls-section  page-four has-p-t p-t-14 has-p-b p-b-14\" >\n        <div class=\"container container--wide\">\n        \n\n<div class=\"wp-block-columns is-layout-flex wp-container-core-columns-is-layout-9d6595d7 wp-block-columns-is-layout-flex\">\n<div class=\"wp-block-column is-layout-flow wp-block-column-is-layout-flow\" style=\"flex-basis:100%\">\n<div class=\"wp-block-columns is-layout-flex wp-container-core-columns-is-layout-9d6595d7 wp-block-columns-is-layout-flex\">\n<div class=\"wp-block-column is-vertically-aligned-center is-layout-flow wp-block-column-is-layout-flow\" style=\"flex-basis:30%\">\n<h2 class=\"ls-heading wp-block-heading\"><strong>\u00bfQU\u00c9 VISITAR DURANTE SU ESTANCIA EN BELFORT?<\/strong><\/h2>\n\n\n\n<p class=\"ls-paragraph\">Belfort es una ciudad situada en una meseta entre las monta\u00f1as del Jura al sur y los Vosgos al norte, en la regi\u00f3n del Franco Condado. Como capital del departamento de Territoire de Belfort, la ciudad est\u00e1 llena de cosas interesantes que ver, sobre todo en torno al centro hist\u00f3rico. El monumento m\u00e1s notable, que domina la ciudad, es la ciudadela de Belfort. Tanto si es un aficionado a la historia como si es un simple curioso, venga a descubrir todos los secretos de esta ciudadela y admire toda la fortaleza, as\u00ed como la ciudad y sus alrededores, desde la terraza panor\u00e1mica. A los pies de la ciudadela se encuentra el famoso Le\u00f3n de Bartholdi. Creado por Fr\u00e9d\u00e9ric Auguste Bartholdi en 1880, es el s\u00edmbolo de la libertad y de la resistencia de las tropas de Belfort contra el ej\u00e9rcito prusiano. Hoy es el emblema de la ciudad de Belfort. En el casco antiguo tambi\u00e9n encontrar\u00e1 algunos edificios interesantes y atractivos, a menudo pintados con colores decorativos, pero tambi\u00e9n grandes plazas p\u00fablicas con caf\u00e9s y bares, y una buena selecci\u00f3n de tiendas. Permanezca frente a los edificios y otros monumentos que marcan la historia de Belfort, como la puerta de Brisach, la plaza de los burgueses, las fortificaciones de Vauban, etc. La ciudad de Belfort tambi\u00e9n cuenta con una buena selecci\u00f3n de museos, especialmente relacionados con la historia local y las artes. El Museo de Arte Moderno expone obras de pintores modernos tan notables como Picasso, Braque y L\u00e9ger. Por \u00faltimo, reg\u00e1lese una pausa gastron\u00f3mica en uno de los numerosos restaurantes y pruebe la cocina del Franco Condado.<\/p>\n<\/div>\n\n\n\n<div class=\"wp-block-column animated fadeInRight delay-200ms is-layout-flow wp-block-column-is-layout-flow\" style=\"flex-basis:70%\"><div class=\"wp-block-image\">\n<figure class=\"alignright size-full\"><a href=\"https:\/\/camping-lac-seigneurie.com\/wp-content\/uploads\/2022\/06\/camping-belfort-tourisme.jpg\"><img loading=\"lazy\" decoding=\"async\" width=\"800\" height=\"560\" src=\"https:\/\/camping-lac-seigneurie.com\/wp-content\/uploads\/2022\/06\/camping-belfort-tourisme.jpg\" alt=\"camping belfort tourisme\" class=\"wp-image-3017\" srcset=\"https:\/\/camping-lac-seigneurie.com\/wp-content\/uploads\/2022\/06\/camping-belfort-tourisme.jpg 800w, https:\/\/camping-lac-seigneurie.com\/wp-content\/uploads\/2022\/06\/camping-belfort-tourisme-300x210.jpg 300w, https:\/\/camping-lac-seigneurie.com\/wp-content\/uploads\/2022\/06\/camping-belfort-tourisme-768x538.jpg 768w\" sizes=\"auto, (max-width: 800px) 100vw, 800px\" \/><\/a><\/figure>\n<\/div>\n\n<div class=\"wp-block-image\">\n<figure class=\"alignright size-full\"><img loading=\"lazy\" decoding=\"async\" width=\"800\" height=\"560\" src=\"https:\/\/camping-lac-seigneurie.com\/wp-content\/uploads\/2022\/06\/belfort-centre-ville-visites-1.jpg\" alt=\"belfort centre ville visites\" class=\"wp-image-3025\" srcset=\"https:\/\/camping-lac-seigneurie.com\/wp-content\/uploads\/2022\/06\/belfort-centre-ville-visites-1.jpg 800w, https:\/\/camping-lac-seigneurie.com\/wp-content\/uploads\/2022\/06\/belfort-centre-ville-visites-1-300x210.jpg 300w, https:\/\/camping-lac-seigneurie.com\/wp-content\/uploads\/2022\/06\/belfort-centre-ville-visites-1-768x538.jpg 768w\" sizes=\"auto, (max-width: 800px) 100vw, 800px\" \/><\/figure>\n<\/div><\/div>\n<\/div>\n<\/div>\n<\/div>\n\n\n    <\/div>\n<\/section>\n\n<section id=\"ls-section-block_626146cd8a721\" class=\"ls-section  has-p-b p-b-14\" >\n        <div class=\"container container--wide\">\n        \n\n<div id=\"ls-heading ls-titre-div-block_626146de8a722\" class=\"ls-titre-div aligncenter h2-like\" >\n    Descubrir el Franco Condado, Alsacia y la ciudad de Mulhouse<\/div>\n\n\n<div id=\"ls-maillage-block_626147008a723\" class=\"ls-maillage cta-style-normal\" data-rows=\"3\">\n    <div class=\"wp-block-columns\"><div class=\"wp-block-column\">\n\n<a href=\"https:\/\/camping-lac-seigneurie.com\/es\/camping-en-alsace\/\" target=\"\" rel=\"noopener\" class=\"ls-cta__link\">\n\n\t<div class=\"ls-cta__image\"><img decoding=\"async\" src=\"https:\/\/camping-lac-seigneurie.com\/wp-content\/uploads\/2022\/06\/tourisme-alsace-vacances-camping.jpg\" alt=\"tourisme alsace vacances camping\"><\/div>\n\t<div class=\"ls-cta__title animated fadeIn slow delay-400ms\">\n\t\tAlsace\t<\/div>\n\n\t\t\n<\/a><\/div><div class=\"wp-block-column\">\n\n<a href=\"https:\/\/camping-lac-seigneurie.com\/es\/camping-de-mulhouse\/\" target=\"\" rel=\"noopener\" class=\"ls-cta__link\">\n\n\t<div class=\"ls-cta__image\"><img decoding=\"async\" src=\"https:\/\/camping-lac-seigneurie.com\/wp-content\/uploads\/2022\/06\/tourisme-a-mulhouse.jpg\" alt=\"tourisme a mulhouse\"><\/div>\n\t<div class=\"ls-cta__title animated fadeIn slow delay-400ms\">\n\t\tMulhouse\t<\/div>\n\n\t\t\n<\/a><\/div><div class=\"wp-block-column\">\n\n<a href=\"https:\/\/camping-lac-seigneurie.com\/es\/camping-territorio-belfort\/\" target=\"\" rel=\"noopener\" class=\"ls-cta__link\">\n\n\t<div class=\"ls-cta__image\"><img decoding=\"async\" src=\"https:\/\/camping-lac-seigneurie.com\/wp-content\/uploads\/2022\/05\/lion-de-belfort-territoire-de-belfort.jpg\" alt=\"lion de belfort territoire de belfort\"><\/div>\n\t<div class=\"ls-cta__title animated fadeIn slow delay-400ms\">\n\t\tTerritorio de Belfort \t<\/div>\n\n\t\t\n<\/a><\/div><\/div><\/div>\n\n    <\/div>\n<\/section>","protected":false},"excerpt":{"rendered":"","protected":false},"author":1,"featured_media":2951,"parent":0,"menu_order":0,"comment_status":"closed","ping_status":"closed","template":"","meta":{"_acf_changed":false,"footnotes":""},"sujet":[],"class_list":["post-3271","page","type-page","status-publish","has-post-thumbnail","hentry"],"acf":[],"yoast_head":"<!-- This site is optimized with the Yoast SEO plugin v25.3 - https:\/\/yoast.com\/wordpress\/plugins\/seo\/ -->\n<title>Camping Belfort | Camping Lago de la Seigneurie en Franco Condado<\/title>\n<meta name=\"description\" content=\"\u00bfQuiere pasar sus vacaciones en los Vosgos? Alquile una c\u00f3moda casa m\u00f3vil en el camping La Rivi\u00e8re, situado a 30 minutos de Belfort.\" \/>\n<meta name=\"robots\" content=\"index, follow, max-snippet:-1, max-image-preview:large, max-video-preview:-1\" \/>\n<link rel=\"canonical\" href=\"https:\/\/camping-lac-seigneurie.com\/es\/camping-en-belfort\/\" \/>\n<meta property=\"og:locale\" content=\"es_ES\" \/>\n<meta property=\"og:type\" content=\"article\" \/>\n<meta property=\"og:title\" content=\"Camping Belfort | Camping Lago de la Seigneurie en Franco Condado\" \/>\n<meta property=\"og:description\" content=\"\u00bfQuiere pasar sus vacaciones en los Vosgos? Alquile una c\u00f3moda casa m\u00f3vil en el camping La Rivi\u00e8re, situado a 30 minutos de Belfort.\" \/>\n<meta property=\"og:url\" content=\"https:\/\/camping-lac-seigneurie.com\/es\/camping-en-belfort\/\" \/>\n<meta property=\"og:site_name\" content=\"Camping du Lac de la Seigneurie\" \/>\n<meta property=\"article:modified_time\" content=\"2025-11-06T08:51:17+00:00\" \/>\n<meta property=\"og:image\" content=\"https:\/\/camping-lac-seigneurie.com\/wp-content\/uploads\/2022\/06\/ville-de-belfort-tourisme.jpg\" \/>\n\t<meta property=\"og:image:width\" content=\"1903\" \/>\n\t<meta property=\"og:image:height\" content=\"650\" \/>\n\t<meta property=\"og:image:type\" content=\"image\/jpeg\" \/>\n<meta name=\"twitter:card\" content=\"summary_large_image\" \/>\n<meta name=\"twitter:label1\" content=\"Tiempo de lectura\" \/>\n\t<meta name=\"twitter:data1\" content=\"5 minutos\" \/>\n<script type=\"application\/ld+json\" class=\"yoast-schema-graph\">{\"@context\":\"https:\/\/schema.org\",\"@graph\":[{\"@type\":\"WebPage\",\"@id\":\"https:\/\/camping-lac-seigneurie.com\/es\/camping-en-belfort\/\",\"url\":\"https:\/\/camping-lac-seigneurie.com\/es\/camping-en-belfort\/\",\"name\":\"Camping Belfort | Camping Lago de la Seigneurie en Franco Condado\",\"isPartOf\":{\"@id\":\"https:\/\/camping-lac-seigneurie.com\/es\/#website\"},\"primaryImageOfPage\":{\"@id\":\"https:\/\/camping-lac-seigneurie.com\/es\/camping-en-belfort\/#primaryimage\"},\"image\":{\"@id\":\"https:\/\/camping-lac-seigneurie.com\/es\/camping-en-belfort\/#primaryimage\"},\"thumbnailUrl\":\"https:\/\/camping-lac-seigneurie.com\/wp-content\/uploads\/2022\/06\/ville-de-belfort-tourisme.jpg\",\"datePublished\":\"2022-06-17T13:25:12+00:00\",\"dateModified\":\"2025-11-06T08:51:17+00:00\",\"description\":\"\u00bfQuiere pasar sus vacaciones en los Vosgos? Alquile una c\u00f3moda casa m\u00f3vil en el camping La Rivi\u00e8re, situado a 30 minutos de Belfort.\",\"breadcrumb\":{\"@id\":\"https:\/\/camping-lac-seigneurie.com\/es\/camping-en-belfort\/#breadcrumb\"},\"inLanguage\":\"es\",\"potentialAction\":[{\"@type\":\"ReadAction\",\"target\":[\"https:\/\/camping-lac-seigneurie.com\/es\/camping-en-belfort\/\"]}]},{\"@type\":\"ImageObject\",\"inLanguage\":\"es\",\"@id\":\"https:\/\/camping-lac-seigneurie.com\/es\/camping-en-belfort\/#primaryimage\",\"url\":\"https:\/\/camping-lac-seigneurie.com\/wp-content\/uploads\/2022\/06\/ville-de-belfort-tourisme.jpg\",\"contentUrl\":\"https:\/\/camping-lac-seigneurie.com\/wp-content\/uploads\/2022\/06\/ville-de-belfort-tourisme.jpg\",\"width\":1903,\"height\":650,\"caption\":\"ville de belfort tourisme\"},{\"@type\":\"BreadcrumbList\",\"@id\":\"https:\/\/camping-lac-seigneurie.com\/es\/camping-en-belfort\/#breadcrumb\",\"itemListElement\":[{\"@type\":\"ListItem\",\"position\":1,\"name\":\"Camping Franche-Comt\u00e9\",\"item\":\"https:\/\/camping-lac-seigneurie.com\/es\/\"},{\"@type\":\"ListItem\",\"position\":2,\"name\":\"Turismo y camping en Belfort\"}]},{\"@type\":\"WebSite\",\"@id\":\"https:\/\/camping-lac-seigneurie.com\/es\/#website\",\"url\":\"https:\/\/camping-lac-seigneurie.com\/es\/\",\"name\":\"Camping du Lac de la Seigneurie\",\"description\":\"\",\"publisher\":{\"@id\":\"https:\/\/camping-lac-seigneurie.com\/es\/#organization\"},\"potentialAction\":[{\"@type\":\"SearchAction\",\"target\":{\"@type\":\"EntryPoint\",\"urlTemplate\":\"https:\/\/camping-lac-seigneurie.com\/es\/?s={search_term_string}\"},\"query-input\":{\"@type\":\"PropertyValueSpecification\",\"valueRequired\":true,\"valueName\":\"search_term_string\"}}],\"inLanguage\":\"es\"},{\"@type\":\"Organization\",\"@id\":\"https:\/\/camping-lac-seigneurie.com\/es\/#organization\",\"name\":\"Camping Lac de la Seigneurie\",\"url\":\"https:\/\/camping-lac-seigneurie.com\/es\/\",\"logo\":{\"@type\":\"ImageObject\",\"inLanguage\":\"es\",\"@id\":\"https:\/\/camping-lac-seigneurie.com\/es\/#\/schema\/logo\/image\/\",\"url\":\"https:\/\/camping-lac-seigneurie.com\/wp-content\/uploads\/2022\/07\/lac-de-la-seigneurie-logo-fond-blanc.jpg\",\"contentUrl\":\"https:\/\/camping-lac-seigneurie.com\/wp-content\/uploads\/2022\/07\/lac-de-la-seigneurie-logo-fond-blanc.jpg\",\"width\":800,\"height\":325,\"caption\":\"Camping Lac de la Seigneurie\"},\"image\":{\"@id\":\"https:\/\/camping-lac-seigneurie.com\/es\/#\/schema\/logo\/image\/\"}}]}<\/script>\n<!-- \/ Yoast SEO plugin. -->","yoast_head_json":{"title":"Camping Belfort | Camping Lago de la Seigneurie en Franco Condado","description":"\u00bfQuiere pasar sus vacaciones en los Vosgos? Alquile una c\u00f3moda casa m\u00f3vil en el camping La Rivi\u00e8re, situado a 30 minutos de Belfort.","robots":{"index":"index","follow":"follow","max-snippet":"max-snippet:-1","max-image-preview":"max-image-preview:large","max-video-preview":"max-video-preview:-1"},"canonical":"https:\/\/camping-lac-seigneurie.com\/es\/camping-en-belfort\/","og_locale":"es_ES","og_type":"article","og_title":"Camping Belfort | Camping Lago de la Seigneurie en Franco Condado","og_description":"\u00bfQuiere pasar sus vacaciones en los Vosgos? Alquile una c\u00f3moda casa m\u00f3vil en el camping La Rivi\u00e8re, situado a 30 minutos de Belfort.","og_url":"https:\/\/camping-lac-seigneurie.com\/es\/camping-en-belfort\/","og_site_name":"Camping du Lac de la Seigneurie","article_modified_time":"2025-11-06T08:51:17+00:00","og_image":[{"width":1903,"height":650,"url":"https:\/\/camping-lac-seigneurie.com\/wp-content\/uploads\/2022\/06\/ville-de-belfort-tourisme.jpg","type":"image\/jpeg"}],"twitter_card":"summary_large_image","twitter_misc":{"Tiempo de lectura":"5 minutos"},"schema":{"@context":"https:\/\/schema.org","@graph":[{"@type":"WebPage","@id":"https:\/\/camping-lac-seigneurie.com\/es\/camping-en-belfort\/","url":"https:\/\/camping-lac-seigneurie.com\/es\/camping-en-belfort\/","name":"Camping Belfort | Camping Lago de la Seigneurie en Franco Condado","isPartOf":{"@id":"https:\/\/camping-lac-seigneurie.com\/es\/#website"},"primaryImageOfPage":{"@id":"https:\/\/camping-lac-seigneurie.com\/es\/camping-en-belfort\/#primaryimage"},"image":{"@id":"https:\/\/camping-lac-seigneurie.com\/es\/camping-en-belfort\/#primaryimage"},"thumbnailUrl":"https:\/\/camping-lac-seigneurie.com\/wp-content\/uploads\/2022\/06\/ville-de-belfort-tourisme.jpg","datePublished":"2022-06-17T13:25:12+00:00","dateModified":"2025-11-06T08:51:17+00:00","description":"\u00bfQuiere pasar sus vacaciones en los Vosgos? Alquile una c\u00f3moda casa m\u00f3vil en el camping La Rivi\u00e8re, situado a 30 minutos de Belfort.","breadcrumb":{"@id":"https:\/\/camping-lac-seigneurie.com\/es\/camping-en-belfort\/#breadcrumb"},"inLanguage":"es","potentialAction":[{"@type":"ReadAction","target":["https:\/\/camping-lac-seigneurie.com\/es\/camping-en-belfort\/"]}]},{"@type":"ImageObject","inLanguage":"es","@id":"https:\/\/camping-lac-seigneurie.com\/es\/camping-en-belfort\/#primaryimage","url":"https:\/\/camping-lac-seigneurie.com\/wp-content\/uploads\/2022\/06\/ville-de-belfort-tourisme.jpg","contentUrl":"https:\/\/camping-lac-seigneurie.com\/wp-content\/uploads\/2022\/06\/ville-de-belfort-tourisme.jpg","width":1903,"height":650,"caption":"ville de belfort tourisme"},{"@type":"BreadcrumbList","@id":"https:\/\/camping-lac-seigneurie.com\/es\/camping-en-belfort\/#breadcrumb","itemListElement":[{"@type":"ListItem","position":1,"name":"Camping Franche-Comt\u00e9","item":"https:\/\/camping-lac-seigneurie.com\/es\/"},{"@type":"ListItem","position":2,"name":"Turismo y camping en Belfort"}]},{"@type":"WebSite","@id":"https:\/\/camping-lac-seigneurie.com\/es\/#website","url":"https:\/\/camping-lac-seigneurie.com\/es\/","name":"Camping du Lac de la Seigneurie","description":"","publisher":{"@id":"https:\/\/camping-lac-seigneurie.com\/es\/#organization"},"potentialAction":[{"@type":"SearchAction","target":{"@type":"EntryPoint","urlTemplate":"https:\/\/camping-lac-seigneurie.com\/es\/?s={search_term_string}"},"query-input":{"@type":"PropertyValueSpecification","valueRequired":true,"valueName":"search_term_string"}}],"inLanguage":"es"},{"@type":"Organization","@id":"https:\/\/camping-lac-seigneurie.com\/es\/#organization","name":"Camping Lac de la Seigneurie","url":"https:\/\/camping-lac-seigneurie.com\/es\/","logo":{"@type":"ImageObject","inLanguage":"es","@id":"https:\/\/camping-lac-seigneurie.com\/es\/#\/schema\/logo\/image\/","url":"https:\/\/camping-lac-seigneurie.com\/wp-content\/uploads\/2022\/07\/lac-de-la-seigneurie-logo-fond-blanc.jpg","contentUrl":"https:\/\/camping-lac-seigneurie.com\/wp-content\/uploads\/2022\/07\/lac-de-la-seigneurie-logo-fond-blanc.jpg","width":800,"height":325,"caption":"Camping Lac de la Seigneurie"},"image":{"@id":"https:\/\/camping-lac-seigneurie.com\/es\/#\/schema\/logo\/image\/"}}]}},"_links":{"self":[{"href":"https:\/\/camping-lac-seigneurie.com\/es\/wp-json\/wp\/v2\/pages\/3271","targetHints":{"allow":["GET"]}}],"collection":[{"href":"https:\/\/camping-lac-seigneurie.com\/es\/wp-json\/wp\/v2\/pages"}],"about":[{"href":"https:\/\/camping-lac-seigneurie.com\/es\/wp-json\/wp\/v2\/types\/page"}],"author":[{"embeddable":true,"href":"https:\/\/camping-lac-seigneurie.com\/es\/wp-json\/wp\/v2\/users\/1"}],"replies":[{"embeddable":true,"href":"https:\/\/camping-lac-seigneurie.com\/es\/wp-json\/wp\/v2\/comments?post=3271"}],"version-history":[{"count":5,"href":"https:\/\/camping-lac-seigneurie.com\/es\/wp-json\/wp\/v2\/pages\/3271\/revisions"}],"predecessor-version":[{"id":3977,"href":"https:\/\/camping-lac-seigneurie.com\/es\/wp-json\/wp\/v2\/pages\/3271\/revisions\/3977"}],"wp:featuredmedia":[{"embeddable":true,"href":"https:\/\/camping-lac-seigneurie.com\/es\/wp-json\/wp\/v2\/media\/2951"}],"wp:attachment":[{"href":"https:\/\/camping-lac-seigneurie.com\/es\/wp-json\/wp\/v2\/media?parent=3271"}],"wp:term":[{"taxonomy":"sujet","embeddable":true,"href":"https:\/\/camping-lac-seigneurie.com\/es\/wp-json\/wp\/v2\/sujet?post=3271"}],"curies":[{"name":"wp","href":"https:\/\/api.w.org\/{rel}","templated":true}]}}