{"id":3292,"date":"2022-06-07T16:08:28","date_gmt":"2022-06-07T14:08:28","guid":{"rendered":"https:\/\/camping-lac-seigneurie.com\/tourisme-bourgogne-franche-comte\/"},"modified":"2022-06-20T15:44:20","modified_gmt":"2022-06-20T13:44:20","slug":"turismo-borgona-franche-comte","status":"publish","type":"page","link":"https:\/\/camping-lac-seigneurie.com\/es\/turismo-borgona-franche-comte\/","title":{"rendered":"Bourgogne Franche Comt\u00e9"},"content":{"rendered":"<section id=\"ls-section-block_626020254a858\" class=\"ls-section  page-one has-p-t p-t-8 has-p-b p-b-14\" >\n        <div class=\"container container--wide\">\n        \n\n<div class=\"wp-block-columns is-layout-flex wp-container-core-columns-is-layout-9d6595d7 wp-block-columns-is-layout-flex\">\n<div class=\"wp-block-column is-vertically-aligned-top animated fadeInLeft delay-200ms is-layout-flow wp-block-column-is-layout-flow\">\n<figure class=\"wp-block-image size-full\"><a href=\"https:\/\/camping-lac-seigneurie.com\/wp-content\/uploads\/2022\/06\/saucisse-de-morteau-specialite.jpg\"><img loading=\"lazy\" decoding=\"async\" width=\"700\" height=\"466\" src=\"https:\/\/camping-lac-seigneurie.com\/wp-content\/uploads\/2022\/06\/saucisse-de-morteau-specialite.jpg\" alt=\"saucisse de morteau specialite\" class=\"wp-image-2659\" srcset=\"https:\/\/camping-lac-seigneurie.com\/wp-content\/uploads\/2022\/06\/saucisse-de-morteau-specialite.jpg 700w, https:\/\/camping-lac-seigneurie.com\/wp-content\/uploads\/2022\/06\/saucisse-de-morteau-specialite-300x200.jpg 300w\" sizes=\"auto, (max-width: 700px) 100vw, 700px\" \/><\/a><\/figure>\n\n\n\n<figure class=\"wp-block-image size-full\"><a href=\"https:\/\/camping-lac-seigneurie.com\/wp-content\/uploads\/2022\/06\/comte-specialite.jpg\"><img loading=\"lazy\" decoding=\"async\" width=\"700\" height=\"466\" src=\"https:\/\/camping-lac-seigneurie.com\/wp-content\/uploads\/2022\/06\/comte-specialite.jpg\" alt=\"comte specialite\" class=\"wp-image-2653\" srcset=\"https:\/\/camping-lac-seigneurie.com\/wp-content\/uploads\/2022\/06\/comte-specialite.jpg 700w, https:\/\/camping-lac-seigneurie.com\/wp-content\/uploads\/2022\/06\/comte-specialite-300x200.jpg 300w\" sizes=\"auto, (max-width: 700px) 100vw, 700px\" \/><\/a><\/figure>\n<\/div>\n\n\n\n<div class=\"wp-block-column is-vertically-aligned-center is-layout-flow wp-block-column-is-layout-flow\">\n<h1 class=\"ls-heading wp-block-heading\">Descubra la regi\u00f3n de Borgo\u00f1a &#8211; Franco Condado<\/h1>\n\n\n\n<p class=\"ls-paragraph\">Descubra la magn\u00edfica regi\u00f3n de Borgo\u00f1a-Franco Condado y sus tesoros naturales, hist\u00f3ricos, patrimoniales, culturales y enogastron\u00f3micos. Gracias a la privilegiada situaci\u00f3n geogr\u00e1fica del camping en el Franco Condado, podr\u00e1 llegar f\u00e1cilmente a los lugares tur\u00edsticos que no se puede perder.<\/p>\n\n\n\n<h2 class=\"ls-heading wp-block-heading\"><strong><strong>\u00bfD\u00f3nde se encuentra el Franco Condado? \u00bfQu\u00e9 ver?\u00a0\u00a0<\/strong><\/strong><\/h2>\n\n\n\n<p class=\"ls-paragraph\">Descubra el Franco Condado, su entorno natural con su generosa vegetaci\u00f3n, sus numerosos bosques, sus pastos, sus interminables panoramas, sus pintorescos pueblos llenos de encanto. Marav\u00edllese con su patrimonio hist\u00f3rico y gastron\u00f3mico. Haga la sabrosa ruta del Comt\u00e9, la estrella de los quesos producidos en la regi\u00f3n, y disfrute de las especialidades: morbier, salchichas de Morteau y Montb\u00e9liard, cancoillotte, mont d&#8217;or, pastel de ar\u00e1ndanos, etc.<\/p>\n<\/div>\n<\/div>\n\n\n    <\/div>\n<\/section>\n\n<section id=\"ls-section-block_626142038a71b\" class=\"ls-section  page-two has-background-image has-parallax has-background has-color-black-background-color has-p-t p-t-14 has-p-b p-b-14\" >\n    <div class=\"ls-section__background-image opacity-50\"><img decoding=\"async\" src=\"https:\/\/camping-lac-seigneurie.com\/wp-content\/uploads\/2022\/06\/besancon-tourisme.jpg\" alt=\"besancon tourisme\"><\/div>    <div class=\"container \">\n        \n\n<div id=\"ls-heading ls-titre-div-block_62ac87b07cb8e\" class=\"ls-titre-div aligncenter h1-like\" >\n    Visitas en Borgo\u00f1a<\/div>\n\n\n    <\/div>\n<\/section>\n\n<section id=\"ls-section-block_6261422f8a71c\" class=\"ls-section  page-three has-p-t p-t-14 has-p-b p-b-14\" >\n        <div class=\"container container--wide\">\n        \n\n<div class=\"wp-block-columns is-layout-flex wp-container-core-columns-is-layout-9d6595d7 wp-block-columns-is-layout-flex\">\n<div class=\"wp-block-column animated fadeInUp delay-200ms is-layout-flow wp-block-column-is-layout-flow\">\n<figure class=\"wp-block-image size-full\"><a href=\"https:\/\/camping-lac-seigneurie.com\/wp-content\/uploads\/2022\/06\/citadelle-de-besancon-tourisme.jpg\"><img loading=\"lazy\" decoding=\"async\" width=\"700\" height=\"466\" src=\"https:\/\/camping-lac-seigneurie.com\/wp-content\/uploads\/2022\/06\/citadelle-de-besancon-tourisme.jpg\" alt=\"citadelle de besancon tourisme\" class=\"wp-image-2639\" srcset=\"https:\/\/camping-lac-seigneurie.com\/wp-content\/uploads\/2022\/06\/citadelle-de-besancon-tourisme.jpg 700w, https:\/\/camping-lac-seigneurie.com\/wp-content\/uploads\/2022\/06\/citadelle-de-besancon-tourisme-300x200.jpg 300w\" sizes=\"auto, (max-width: 700px) 100vw, 700px\" \/><\/a><\/figure>\n\n\n\n<h2 class=\"ls__heading has-text-align-center wp-block-heading\"><strong><strong>Nuestras 8 mejores visitas en Borgo\u00f1a &#8211; Franche Comt\u00e9\u00a0<\/strong><\/strong><\/h2>\n\n\n\n<ul class=\"ls-list wp-block-list\"><li>Descubra el monumento favorito de los franceses en 2020 y conozca el Le\u00f3n de Bartholdi y su ciudadela durante un paseo hist\u00f3rico. Disfrute de una vista de 360\u00b0 de la ciudad de Belfort y descubra tambi\u00e9n un museo de la historia de Belfort en el que se recorre la historia de la construcci\u00f3n del Le\u00f3n de Belfort.<\/li><li>Acuda al centro de deportes acu\u00e1ticos de Malsaucy, donde podr\u00e1 practicar la navegaci\u00f3n en catamar\u00e1n, el pirag\u00fcismo y el surf de remo. Rel\u00e1jese en la playa de Malsaucy o salga de fiesta durante 4 d\u00edas en las Eurock\u00e9ennes de Belfort.<\/li><li>Cita en los Vosgos Sa\u00f4noises para descubrir el Plateau des Milles \u00c9tangs (Mil Estanques) a lo largo de 220 km\u00b2 y un itinerario de 60 km que puede realizarse en coche en 1 o 2 d\u00edas. El paisaje merece la pena.<\/li><li>\u00a1Visite la ciudadela de Besan\u00e7on, una fortificaci\u00f3n catalogada como Patrimonio de la Humanidad por la UNESCO desde 2018, encuentre un jard\u00edn zool\u00f3gico, museos, acuario, vivarium, naturalium, noctarium y todo esto a 1h20 de su camping!<\/li><\/ul>\n<\/div>\n\n\n\n<div class=\"wp-block-column animated fadeInUp delay-200ms is-layout-flow wp-block-column-is-layout-flow\">\n<figure class=\"wp-block-image size-full\"><a href=\"https:\/\/camping-lac-seigneurie.com\/wp-content\/uploads\/2022\/06\/dinozoo-tourisme.jpg\"><img loading=\"lazy\" decoding=\"async\" width=\"700\" height=\"466\" src=\"https:\/\/camping-lac-seigneurie.com\/wp-content\/uploads\/2022\/06\/dinozoo-tourisme.jpg\" alt=\"dinozoo tourisme\" class=\"wp-image-2633\" srcset=\"https:\/\/camping-lac-seigneurie.com\/wp-content\/uploads\/2022\/06\/dinozoo-tourisme.jpg 700w, https:\/\/camping-lac-seigneurie.com\/wp-content\/uploads\/2022\/06\/dinozoo-tourisme-300x200.jpg 300w\" sizes=\"auto, (max-width: 700px) 100vw, 700px\" \/><\/a><\/figure>\n\n\n\n<ul class=\"ls-list wp-block-list\"><li>Avent\u00farese a realizar un crucero hacia el Saut du Doubs entre Borgo\u00f1a-Franco Condado y Suiza desde Villers-le-Lac. Disfrute de un viaje de ida y vuelta de una hora en barco, seguido de una parada de una hora en la que podr\u00e1 descubrir la sublime cascada de Saut du Doubs. \u00a1Un cambio de escenario garantizado!<\/li><li>Visite las Reales Salinas de Arc-et Senans, Patrimonio Mundial de la UNESCO desde 1982. Encontrar\u00e1 4 exposiciones permanentes, un museo Ledoux, una exposici\u00f3n sobre la \u00abhistoria de la sal\u00bb, 13 hect\u00e1reas de jardines dispuestos en forma de arco, una \u00abcasa\u00bb restaurante, un hotel de 3* con 31 habitaciones para disfrutar de los jardines al atardecer, un centro de conferencias y una librer\u00eda. La salina se construy\u00f3 a partir de una antigua f\u00e1brica de sal del siglo XVIII. Tambi\u00e9n se organiza aqu\u00ed un festival de jardiner\u00eda.<\/li><li>Encuentre algunos parques de atracciones para los m\u00e1s peque\u00f1os y su alma de ni\u00f1o en Bourgogne Franche Comt\u00e9. Para encontrarse con los dinosaurios, vaya al DinoZoo de Charbonni\u00e8res-les-Sapins, en el Doubs. \u00danase a la campi\u00f1a comtoise y a sus leyendas en el parque de Campaines en Accolans, tambi\u00e9n en el Doubs.<\/li><li>Para los ciclistas, recorrer una parte del Eurov\u00e9lo 6 inicialmente del Atl\u00e1ntico al Mar Negro, la etapa de Nevers a Basilea atraviesa Francia, Alemania y Suiza pasando no lejos de su camping Flower Lac de la Seigneurie por la Borgo\u00f1a Franche Comt\u00e9 y Alsacia.<\/li><\/ul>\n<\/div>\n<\/div>\n\n\n    <\/div>\n<\/section>\n\n<section id=\"ls-section-block_626146cd8a721\" class=\"ls-section  has-p-b p-b-14\" >\n        <div class=\"container container--wide\">\n        \n\n<div id=\"ls-heading ls-titre-div-block_626146de8a722\" class=\"ls-titre-div aligncenter h2-like\" >\n    Descubra qu\u00e9 hacer en Alemania y Suiza<\/div>\n\n\n<div id=\"ls-maillage-block_626147008a723\" class=\"ls-maillage cta-style-normal\" data-rows=\"3\">\n    <div class=\"wp-block-columns\"><div class=\"wp-block-column\">\n\n<a href=\"https:\/\/camping-lac-seigneurie.com\/es\/camping-cerrar-alemania\/\" target=\"\" rel=\"noopener\" class=\"ls-cta__link\">\n\n\t<div class=\"ls-cta__image\"><img decoding=\"async\" src=\"https:\/\/camping-lac-seigneurie.com\/wp-content\/uploads\/2022\/06\/tourisme-a-bad-krozingen.jpg\" alt=\"tourisme a bad krozingen\"><\/div>\n\t<div class=\"ls-cta__title animated fadeIn slow delay-400ms\">\n\t\tAlemania\t<\/div>\n\n\t\t\n<\/a><\/div><div class=\"wp-block-column\">\n\n<a href=\"https:\/\/camping-lac-seigneurie.com\/es\/camping-en-el-ballon-alsace\/\" target=\"\" rel=\"noopener\" class=\"ls-cta__link\">\n\n\t<div class=\"ls-cta__image\"><img decoding=\"async\" src=\"https:\/\/camping-lac-seigneurie.com\/wp-content\/uploads\/2022\/06\/vacances-ballon-dalsace.jpg\" alt=\"vacances ballon dalsace\"><\/div>\n\t<div class=\"ls-cta__title animated fadeIn slow delay-400ms\">\n\t\tBallon d&#8217;Alsace\t<\/div>\n\n\t\t\n<\/a><\/div><div class=\"wp-block-column\">\n\n<a href=\"https:\/\/camping-lac-seigneurie.com\/es\/camping-suiza\/\" target=\"\" rel=\"noopener\" class=\"ls-cta__link\">\n\n\t<div class=\"ls-cta__image\"><img decoding=\"async\" src=\"https:\/\/camping-lac-seigneurie.com\/wp-content\/uploads\/2022\/06\/vacances-proche-suisse.jpg\" alt=\"vacances proche suisse\"><\/div>\n\t<div class=\"ls-cta__title animated fadeIn slow delay-400ms\">\n\t\tSuiza\t<\/div>\n\n\t\t\n<\/a><\/div><\/div><\/div>\n\n    <\/div>\n<\/section>","protected":false},"excerpt":{"rendered":"","protected":false},"author":1,"featured_media":2669,"parent":0,"menu_order":0,"comment_status":"closed","ping_status":"closed","template":"","meta":{"_acf_changed":false,"footnotes":""},"sujet":[],"class_list":["post-3292","page","type-page","status-publish","has-post-thumbnail","hentry"],"acf":[],"yoast_head":"<!-- This site is optimized with the Yoast SEO plugin v25.3 - https:\/\/yoast.com\/wordpress\/plugins\/seo\/ -->\n<title>La regi\u00f3n de Borgo\u00f1a - Franche Comt\u00e9<\/title>\n<meta name=\"robots\" content=\"index, follow, max-snippet:-1, max-image-preview:large, max-video-preview:-1\" \/>\n<link rel=\"canonical\" href=\"https:\/\/camping-lac-seigneurie.com\/es\/turismo-borgona-franche-comte\/\" \/>\n<meta property=\"og:locale\" content=\"es_ES\" \/>\n<meta property=\"og:type\" content=\"article\" \/>\n<meta property=\"og:title\" content=\"La regi\u00f3n de Borgo\u00f1a - Franche Comt\u00e9\" \/>\n<meta property=\"og:url\" content=\"https:\/\/camping-lac-seigneurie.com\/es\/turismo-borgona-franche-comte\/\" \/>\n<meta property=\"og:site_name\" content=\"Camping du Lac de la Seigneurie\" \/>\n<meta property=\"article:modified_time\" content=\"2022-06-20T13:44:20+00:00\" \/>\n<meta property=\"og:image\" content=\"https:\/\/camping-lac-seigneurie.com\/wp-content\/uploads\/2022\/06\/bourgogne-tourisme-vacances.jpg\" \/>\n\t<meta property=\"og:image:width\" content=\"1900\" \/>\n\t<meta property=\"og:image:height\" content=\"710\" \/>\n\t<meta property=\"og:image:type\" content=\"image\/jpeg\" \/>\n<meta name=\"twitter:card\" content=\"summary_large_image\" \/>\n<meta name=\"twitter:label1\" content=\"Tiempo de lectura\" \/>\n\t<meta name=\"twitter:data1\" content=\"4 minutos\" \/>\n<script type=\"application\/ld+json\" class=\"yoast-schema-graph\">{\"@context\":\"https:\/\/schema.org\",\"@graph\":[{\"@type\":\"WebPage\",\"@id\":\"https:\/\/camping-lac-seigneurie.com\/es\/turismo-borgona-franche-comte\/\",\"url\":\"https:\/\/camping-lac-seigneurie.com\/es\/turismo-borgona-franche-comte\/\",\"name\":\"La regi\u00f3n de Borgo\u00f1a - Franche Comt\u00e9\",\"isPartOf\":{\"@id\":\"https:\/\/camping-lac-seigneurie.com\/es\/#website\"},\"primaryImageOfPage\":{\"@id\":\"https:\/\/camping-lac-seigneurie.com\/es\/turismo-borgona-franche-comte\/#primaryimage\"},\"image\":{\"@id\":\"https:\/\/camping-lac-seigneurie.com\/es\/turismo-borgona-franche-comte\/#primaryimage\"},\"thumbnailUrl\":\"https:\/\/camping-lac-seigneurie.com\/wp-content\/uploads\/2022\/06\/bourgogne-tourisme-vacances.jpg\",\"datePublished\":\"2022-06-07T14:08:28+00:00\",\"dateModified\":\"2022-06-20T13:44:20+00:00\",\"breadcrumb\":{\"@id\":\"https:\/\/camping-lac-seigneurie.com\/es\/turismo-borgona-franche-comte\/#breadcrumb\"},\"inLanguage\":\"es\",\"potentialAction\":[{\"@type\":\"ReadAction\",\"target\":[\"https:\/\/camping-lac-seigneurie.com\/es\/turismo-borgona-franche-comte\/\"]}]},{\"@type\":\"ImageObject\",\"inLanguage\":\"es\",\"@id\":\"https:\/\/camping-lac-seigneurie.com\/es\/turismo-borgona-franche-comte\/#primaryimage\",\"url\":\"https:\/\/camping-lac-seigneurie.com\/wp-content\/uploads\/2022\/06\/bourgogne-tourisme-vacances.jpg\",\"contentUrl\":\"https:\/\/camping-lac-seigneurie.com\/wp-content\/uploads\/2022\/06\/bourgogne-tourisme-vacances.jpg\",\"width\":1900,\"height\":710,\"caption\":\"bourgogne tourisme vacances\"},{\"@type\":\"BreadcrumbList\",\"@id\":\"https:\/\/camping-lac-seigneurie.com\/es\/turismo-borgona-franche-comte\/#breadcrumb\",\"itemListElement\":[{\"@type\":\"ListItem\",\"position\":1,\"name\":\"Camping Franche-Comt\u00e9\",\"item\":\"https:\/\/camping-lac-seigneurie.com\/es\/\"},{\"@type\":\"ListItem\",\"position\":2,\"name\":\"Turismo Borgo\u00f1a Franche Comt\u00e9\"}]},{\"@type\":\"WebSite\",\"@id\":\"https:\/\/camping-lac-seigneurie.com\/es\/#website\",\"url\":\"https:\/\/camping-lac-seigneurie.com\/es\/\",\"name\":\"Camping du Lac de la Seigneurie\",\"description\":\"\",\"publisher\":{\"@id\":\"https:\/\/camping-lac-seigneurie.com\/es\/#organization\"},\"potentialAction\":[{\"@type\":\"SearchAction\",\"target\":{\"@type\":\"EntryPoint\",\"urlTemplate\":\"https:\/\/camping-lac-seigneurie.com\/es\/?s={search_term_string}\"},\"query-input\":{\"@type\":\"PropertyValueSpecification\",\"valueRequired\":true,\"valueName\":\"search_term_string\"}}],\"inLanguage\":\"es\"},{\"@type\":\"Organization\",\"@id\":\"https:\/\/camping-lac-seigneurie.com\/es\/#organization\",\"name\":\"Camping Lac de la Seigneurie\",\"url\":\"https:\/\/camping-lac-seigneurie.com\/es\/\",\"logo\":{\"@type\":\"ImageObject\",\"inLanguage\":\"es\",\"@id\":\"https:\/\/camping-lac-seigneurie.com\/es\/#\/schema\/logo\/image\/\",\"url\":\"https:\/\/camping-lac-seigneurie.com\/wp-content\/uploads\/2022\/07\/lac-de-la-seigneurie-logo-fond-blanc.jpg\",\"contentUrl\":\"https:\/\/camping-lac-seigneurie.com\/wp-content\/uploads\/2022\/07\/lac-de-la-seigneurie-logo-fond-blanc.jpg\",\"width\":800,\"height\":325,\"caption\":\"Camping Lac de la Seigneurie\"},\"image\":{\"@id\":\"https:\/\/camping-lac-seigneurie.com\/es\/#\/schema\/logo\/image\/\"}}]}<\/script>\n<!-- \/ Yoast SEO plugin. -->","yoast_head_json":{"title":"La regi\u00f3n de Borgo\u00f1a - Franche Comt\u00e9","robots":{"index":"index","follow":"follow","max-snippet":"max-snippet:-1","max-image-preview":"max-image-preview:large","max-video-preview":"max-video-preview:-1"},"canonical":"https:\/\/camping-lac-seigneurie.com\/es\/turismo-borgona-franche-comte\/","og_locale":"es_ES","og_type":"article","og_title":"La regi\u00f3n de Borgo\u00f1a - Franche Comt\u00e9","og_url":"https:\/\/camping-lac-seigneurie.com\/es\/turismo-borgona-franche-comte\/","og_site_name":"Camping du Lac de la Seigneurie","article_modified_time":"2022-06-20T13:44:20+00:00","og_image":[{"width":1900,"height":710,"url":"https:\/\/camping-lac-seigneurie.com\/wp-content\/uploads\/2022\/06\/bourgogne-tourisme-vacances.jpg","type":"image\/jpeg"}],"twitter_card":"summary_large_image","twitter_misc":{"Tiempo de lectura":"4 minutos"},"schema":{"@context":"https:\/\/schema.org","@graph":[{"@type":"WebPage","@id":"https:\/\/camping-lac-seigneurie.com\/es\/turismo-borgona-franche-comte\/","url":"https:\/\/camping-lac-seigneurie.com\/es\/turismo-borgona-franche-comte\/","name":"La regi\u00f3n de Borgo\u00f1a - Franche Comt\u00e9","isPartOf":{"@id":"https:\/\/camping-lac-seigneurie.com\/es\/#website"},"primaryImageOfPage":{"@id":"https:\/\/camping-lac-seigneurie.com\/es\/turismo-borgona-franche-comte\/#primaryimage"},"image":{"@id":"https:\/\/camping-lac-seigneurie.com\/es\/turismo-borgona-franche-comte\/#primaryimage"},"thumbnailUrl":"https:\/\/camping-lac-seigneurie.com\/wp-content\/uploads\/2022\/06\/bourgogne-tourisme-vacances.jpg","datePublished":"2022-06-07T14:08:28+00:00","dateModified":"2022-06-20T13:44:20+00:00","breadcrumb":{"@id":"https:\/\/camping-lac-seigneurie.com\/es\/turismo-borgona-franche-comte\/#breadcrumb"},"inLanguage":"es","potentialAction":[{"@type":"ReadAction","target":["https:\/\/camping-lac-seigneurie.com\/es\/turismo-borgona-franche-comte\/"]}]},{"@type":"ImageObject","inLanguage":"es","@id":"https:\/\/camping-lac-seigneurie.com\/es\/turismo-borgona-franche-comte\/#primaryimage","url":"https:\/\/camping-lac-seigneurie.com\/wp-content\/uploads\/2022\/06\/bourgogne-tourisme-vacances.jpg","contentUrl":"https:\/\/camping-lac-seigneurie.com\/wp-content\/uploads\/2022\/06\/bourgogne-tourisme-vacances.jpg","width":1900,"height":710,"caption":"bourgogne tourisme vacances"},{"@type":"BreadcrumbList","@id":"https:\/\/camping-lac-seigneurie.com\/es\/turismo-borgona-franche-comte\/#breadcrumb","itemListElement":[{"@type":"ListItem","position":1,"name":"Camping Franche-Comt\u00e9","item":"https:\/\/camping-lac-seigneurie.com\/es\/"},{"@type":"ListItem","position":2,"name":"Turismo Borgo\u00f1a Franche Comt\u00e9"}]},{"@type":"WebSite","@id":"https:\/\/camping-lac-seigneurie.com\/es\/#website","url":"https:\/\/camping-lac-seigneurie.com\/es\/","name":"Camping du Lac de la Seigneurie","description":"","publisher":{"@id":"https:\/\/camping-lac-seigneurie.com\/es\/#organization"},"potentialAction":[{"@type":"SearchAction","target":{"@type":"EntryPoint","urlTemplate":"https:\/\/camping-lac-seigneurie.com\/es\/?s={search_term_string}"},"query-input":{"@type":"PropertyValueSpecification","valueRequired":true,"valueName":"search_term_string"}}],"inLanguage":"es"},{"@type":"Organization","@id":"https:\/\/camping-lac-seigneurie.com\/es\/#organization","name":"Camping Lac de la Seigneurie","url":"https:\/\/camping-lac-seigneurie.com\/es\/","logo":{"@type":"ImageObject","inLanguage":"es","@id":"https:\/\/camping-lac-seigneurie.com\/es\/#\/schema\/logo\/image\/","url":"https:\/\/camping-lac-seigneurie.com\/wp-content\/uploads\/2022\/07\/lac-de-la-seigneurie-logo-fond-blanc.jpg","contentUrl":"https:\/\/camping-lac-seigneurie.com\/wp-content\/uploads\/2022\/07\/lac-de-la-seigneurie-logo-fond-blanc.jpg","width":800,"height":325,"caption":"Camping Lac de la Seigneurie"},"image":{"@id":"https:\/\/camping-lac-seigneurie.com\/es\/#\/schema\/logo\/image\/"}}]}},"_links":{"self":[{"href":"https:\/\/camping-lac-seigneurie.com\/es\/wp-json\/wp\/v2\/pages\/3292","targetHints":{"allow":["GET"]}}],"collection":[{"href":"https:\/\/camping-lac-seigneurie.com\/es\/wp-json\/wp\/v2\/pages"}],"about":[{"href":"https:\/\/camping-lac-seigneurie.com\/es\/wp-json\/wp\/v2\/types\/page"}],"author":[{"embeddable":true,"href":"https:\/\/camping-lac-seigneurie.com\/es\/wp-json\/wp\/v2\/users\/1"}],"replies":[{"embeddable":true,"href":"https:\/\/camping-lac-seigneurie.com\/es\/wp-json\/wp\/v2\/comments?post=3292"}],"version-history":[{"count":2,"href":"https:\/\/camping-lac-seigneurie.com\/es\/wp-json\/wp\/v2\/pages\/3292\/revisions"}],"predecessor-version":[{"id":3313,"href":"https:\/\/camping-lac-seigneurie.com\/es\/wp-json\/wp\/v2\/pages\/3292\/revisions\/3313"}],"wp:featuredmedia":[{"embeddable":true,"href":"https:\/\/camping-lac-seigneurie.com\/es\/wp-json\/wp\/v2\/media\/2669"}],"wp:attachment":[{"href":"https:\/\/camping-lac-seigneurie.com\/es\/wp-json\/wp\/v2\/media?parent=3292"}],"wp:term":[{"taxonomy":"sujet","embeddable":true,"href":"https:\/\/camping-lac-seigneurie.com\/es\/wp-json\/wp\/v2\/sujet?post=3292"}],"curies":[{"name":"wp","href":"https:\/\/api.w.org\/{rel}","templated":true}]}}