{"id":3341,"date":"2022-04-20T08:52:54","date_gmt":"2022-04-20T06:52:54","guid":{"rendered":"https:\/\/camping-lac-seigneurie.com\/emplacement-camping-vosges\/"},"modified":"2023-05-12T15:19:07","modified_gmt":"2023-05-12T13:19:07","slug":"ubicacion-camping-vosges","status":"publish","type":"page","link":"https:\/\/camping-lac-seigneurie.com\/es\/ubicacion-camping-vosges\/","title":{"rendered":"Emplacement"},"content":{"rendered":"<section id=\"ls-section-block_81663fde74bf6244abeaf230790f155b\" class=\"ls-section  has-p-t p-t-8 has-p-b p-b-14\" >\n        <div class=\"container container--wide\">\n        \n\n<h1 class=\"ls__heading wp-block-heading has-text-align-center\">Descubra los campamentos en un entorno verde y natural<\/h1>\n\n\n\n<p class=\"ls-paragraph has-text-align-center\">El camping de Franche Comt\u00e9 no s\u00f3lo ofrece chalets y casas m\u00f3viles de alquiler, tambi\u00e9n puede encontrarnos en los Vosgos directamente con su <strong>autocaravana, caravana o tienda de campa\u00f1a.<\/strong>&nbsp;<\/p>\n\n\n\n<div id=\"ls-hebergements-block_4996653a3257517b9be419dd34f51982\" class=\"ls-hebergements\" >\n    \n    <div class=\"ls-customizer\">\n\n    <div class=\"ls-customizer__filters\">\n        <div class=\"ls-customizer__filters__close\">\n            <i class=\"fas fa-times\"><\/i>\n        <\/div>\n\n        <div class=\"ls-customizer__filters__title\">\n            <b>Filtros<\/b>\n            <span class=\"ls-customizer__filters__clear\"><i class=\"fas fa-times\"><\/i> Borrar filtros<\/span>\n        <\/div>\n        <div class=\"filter__container\">\n                        \n            <!-- Filtres ACF fields -->\n            \n                                            <!-- Filtre nombre_de_personnes -->\n                                <div class=\"filter\" id=\"filter-nombre_de_personnes\">\n                    <div class=\"filter__title\">Capacidad m\u00e1xima<i class=\"fas fa-angle-down\"><\/i><\/div>\n                    <fieldset data-filter=\"nombre_de_personnes\" data-operator=\"<=\" class=\"input\">\n\n                        <div><input type=\"radio\" name=\"nombre_de_personnes\" id=\"nombre_de_personnes-all\"  class=\"checkbox\" \/><label for='nombre_de_personnes-all'>Tous<\/label><\/div><div><input type=\"radio\" name=\"nombre_de_personnes\" id=\"nombre_de_personnes-1\" value=\"1\" class=\"checkbox\"  \/><label for='nombre_de_personnes-1'>Hasta 1 personas<\/label><\/div><div><input type=\"radio\" name=\"nombre_de_personnes\" id=\"nombre_de_personnes-1-2\" value=\"1-2\" class=\"checkbox\"  \/><label for='nombre_de_personnes-1-2'>Hasta 1-2 personas<\/label><\/div><div><input type=\"radio\" name=\"nombre_de_personnes\" id=\"nombre_de_personnes-1-4\" value=\"1-4\" class=\"checkbox\"  \/><label for='nombre_de_personnes-1-4'>Hasta 1\/4 personas<\/label><\/div><div><input type=\"radio\" name=\"nombre_de_personnes\" id=\"nombre_de_personnes-2-4\" value=\"2-4\" class=\"checkbox\"  \/><label for='nombre_de_personnes-2-4'>Hasta 2\/4 personas<\/label><\/div><div><input type=\"radio\" name=\"nombre_de_personnes\" id=\"nombre_de_personnes-2-5\" value=\"2-5\" class=\"checkbox\"  \/><label for='nombre_de_personnes-2-5'>Hasta 2\/5 personas<\/label><\/div><div><input type=\"radio\" name=\"nombre_de_personnes\" id=\"nombre_de_personnes-2-6\" value=\"2-6\" class=\"checkbox\"  \/><label for='nombre_de_personnes-2-6'>Hasta 2\/6 personas<\/label><\/div><div><input type=\"radio\" name=\"nombre_de_personnes\" id=\"nombre_de_personnes-4\" value=\"4\" class=\"checkbox\"  \/><label for='nombre_de_personnes-4'>Hasta 4 personas<\/label><\/div><div><input type=\"radio\" name=\"nombre_de_personnes\" id=\"nombre_de_personnes-4-5\" value=\"4-5\" class=\"checkbox\"  \/><label for='nombre_de_personnes-4-5'>Hasta 4\/5 personas<\/label><\/div><div><input type=\"radio\" name=\"nombre_de_personnes\" id=\"nombre_de_personnes-4-6\" value=\"4-6\" class=\"checkbox\"  \/><label for='nombre_de_personnes-4-6'>Hasta 4\/6 personas<\/label><\/div><div><input type=\"radio\" name=\"nombre_de_personnes\" id=\"nombre_de_personnes-6\" value=\"6\" class=\"checkbox\"  \/><label for='nombre_de_personnes-6'>Hasta 6 personas<\/label><\/div>                    <\/fieldset>\n                <\/div>\n                                            <!-- Filtre nombre_de_chambres -->\n                                <div class=\"filter\" id=\"filter-nombre_de_chambres\">\n                    <div class=\"filter__title\">N\u00famero de habitaciones<i class=\"fas fa-angle-down\"><\/i><\/div>\n                    <fieldset data-filter=\"nombre_de_chambres\" data-operator=\"==\" class=\"input\">\n\n                        <div><input type=\"radio\" name=\"nombre_de_chambres\" id=\"nombre_de_chambres-all\"  class=\"checkbox\" \/><label for='nombre_de_chambres-all'>Tous<\/label><\/div><div><input type=\"radio\" name=\"nombre_de_chambres\" id=\"nombre_de_chambres-1\" value=\"1\" class=\"checkbox\"  \/><label for='nombre_de_chambres-1'>1<\/label><\/div><div><input type=\"radio\" name=\"nombre_de_chambres\" id=\"nombre_de_chambres-2\" value=\"2\" class=\"checkbox\"  \/><label for='nombre_de_chambres-2'>2<\/label><\/div><div><input type=\"radio\" name=\"nombre_de_chambres\" id=\"nombre_de_chambres-3\" value=\"3\" class=\"checkbox\"  \/><label for='nombre_de_chambres-3'>3<\/label><\/div>                    <\/fieldset>\n                <\/div>\n                            \n            <div id=\"validate-filters\" class=\"ls-button\">Valider la s\u00e9lection<\/div>\n\n                    <\/div>\n    <\/div>\n\n<\/div><div class=\"ls-hebergements__results\" data-row=\"3\" data-campings=\"false\" data-types=\"[21]\"><\/div><\/div>\n\n    <\/div>\n<\/section>\n\n<section id=\"ls-section-block_4aca768436f635fab91b5b435adad3f4\" class=\"ls-section  page-one\" >\n        <div class=\"container container--wide\">\n        \n\n<div class=\"wp-block-columns is-layout-flex wp-container-core-columns-is-layout-9d6595d7 wp-block-columns-is-layout-flex\">\n<div class=\"wp-block-column is-vertically-aligned-top animated fadeInLeft delay-200ms is-layout-flow wp-block-column-is-layout-flow\">\n<figure class=\"wp-block-image size-full\"><a href=\"https:\/\/camping-lac-seigneurie.com\/wp-content\/uploads\/2022\/05\/camping-emplacement-franche-comte.jpg\"><img loading=\"lazy\" decoding=\"async\" width=\"800\" height=\"560\" src=\"https:\/\/camping-lac-seigneurie.com\/wp-content\/uploads\/2022\/05\/camping-emplacement-franche-comte.jpg\" alt=\"camping emplacement franche comte\" class=\"wp-image-2206\" srcset=\"https:\/\/camping-lac-seigneurie.com\/wp-content\/uploads\/2022\/05\/camping-emplacement-franche-comte.jpg 800w, https:\/\/camping-lac-seigneurie.com\/wp-content\/uploads\/2022\/05\/camping-emplacement-franche-comte-300x210.jpg 300w, https:\/\/camping-lac-seigneurie.com\/wp-content\/uploads\/2022\/05\/camping-emplacement-franche-comte-768x538.jpg 768w\" sizes=\"auto, (max-width: 800px) 100vw, 800px\" \/><\/a><\/figure>\n\n\n\n<figure class=\"wp-block-image size-full\"><a href=\"https:\/\/camping-lac-seigneurie.com\/wp-content\/uploads\/2022\/05\/tente-camping-emplacement.jpg\"><img loading=\"lazy\" decoding=\"async\" width=\"800\" height=\"560\" src=\"https:\/\/camping-lac-seigneurie.com\/wp-content\/uploads\/2022\/05\/tente-camping-emplacement.jpg\" alt=\"tente camping emplacement\" class=\"wp-image-2225\" srcset=\"https:\/\/camping-lac-seigneurie.com\/wp-content\/uploads\/2022\/05\/tente-camping-emplacement.jpg 800w, https:\/\/camping-lac-seigneurie.com\/wp-content\/uploads\/2022\/05\/tente-camping-emplacement-300x210.jpg 300w, https:\/\/camping-lac-seigneurie.com\/wp-content\/uploads\/2022\/05\/tente-camping-emplacement-768x538.jpg 768w\" sizes=\"auto, (max-width: 800px) 100vw, 800px\" \/><\/a><\/figure>\n<\/div>\n\n\n\n<div class=\"wp-block-column is-vertically-aligned-center is-layout-flow wp-block-column-is-layout-flow\">\n<p class=\"ls-paragraph\">Los aficionados al camping encontrar\u00e1n paquetes adaptados a sus necesidades, incluyendo parcelas delimitadas de 80 a 150 m2 con o sin electricidad, a la sombra o al sol, con hierba o estabilizadas. La zona sanitaria se mantiene diariamente para garantizar el nivel de higiene que se espera de un establecimiento de 3 estrellas. Adem\u00e1s, est\u00e1 equipada con el nivel de confort necesario (cabinas de ducha equipadas, cabinas de lavabo individuales, guarder\u00eda para beb\u00e9s, cubos de lavado y de ropa). Las duchas calientes est\u00e1n incluidas.<\/p>\n\n\n\n<h2 class=\"ls__heading wp-block-heading\">Nuestras diferentes gamas de ubicaciones<\/h2>\n\n\n\n<p class=\"ls-paragraph\">En el camping del Franco Condado encontrar\u00e1 el paquete que se adapte a sus necesidades. Desde el paquete excursionista, para los viajeros a pie o en bicicleta, que podr\u00e1n montar su tienda a bajo precio, hasta el paquete naturaleza o confort, que le acoge en hermosas parcelas con o sin electricidad, pasando por el paquete privilegio, que le permite extenderse en 150 a 200 m2 y tomarse su tiempo. Elija su opci\u00f3n.<\/p>\n\n\n\n<p class=\"ls-paragraph\">Disponemos de un centenar de <strong>parcelas desnudas<\/strong>, algunas estabilizadas, otras no, con electricidad o no, \u00a1t\u00fa eliges!<\/p>\n\n\n\n<p class=\"ls-paragraph\">Ofrecemos 4 opciones de parcela:<\/p>\n\n\n\n<ul class=\"ls-list wp-block-list\"><li><strong>Paquete de naturaleza<\/strong> : f\u00f3rmula para 2 personas, una tienda de campa\u00f1a, autocaravana o caravana, sin electricidad.<\/li><li><strong>Paquete de confort<\/strong> : para 2 personas, una tienda de campa\u00f1a, autocaravana o caravana, con electricidad<\/li><li><strong>Paquete Privilegio<\/strong> : gran parcela de 150m\u00b2 para 2 personas, una tienda, autocaravana o caravana, con electricidad&nbsp;<\/li><li><strong>Paquete para excursionistas<\/strong> : f\u00f3rmula para 1 ciclista o 1 excursionista con tienda de campa\u00f1a y sin electricidad.<\/li><\/ul>\n<\/div>\n<\/div>\n\n\n    <\/div>\n<\/section>\n\n<section id=\"ls-section-block_3f973048f412e5037d63276c8d555939\" class=\"ls-section  page-two has-background-image has-parallax has-background has-color-black-background-color has-p-t p-t-14 has-p-b p-b-14\" >\n    <div class=\"ls-section__background-image opacity-50\"><img decoding=\"async\" src=\"https:\/\/camping-lac-seigneurie.com\/wp-content\/uploads\/2022\/05\/sanitaires-camping-franche-comte.jpg\" alt=\"sanitaires camping franche comte\"><\/div>    <div class=\"container \">\n        \n\n<div id=\"ls-heading ls-titre-div-block_e5b22cfc7091e30762f716663e552055\" class=\"ls-titre-div aligncenter h1-like\" >\n    Nuestras instalaciones sanitarias para las parcelas<\/div>\n\n\n\n<p class=\"ls-paragraph has-text-align-center\">Nuestras instalaciones sanitarias incluyen cabinas de ducha, cabinas de aseo individuales, una zona de guarder\u00eda para los m\u00e1s peque\u00f1os, instalaciones de lavander\u00eda y lavado y duchas de agua caliente.<\/p>\n\n\n    <\/div>\n<\/section>\n\n<section id=\"ls-section-block_4aca768436f635fab91b5b435adad3f4\" class=\"ls-section  page-one\" >\n        <div class=\"container container--wide\">\n        \n\n<div class=\"wp-block-columns is-layout-flex wp-container-core-columns-is-layout-9d6595d7 wp-block-columns-is-layout-flex\">\n<div class=\"wp-block-column is-vertically-aligned-center animated fadeInLeft delay-200ms is-layout-flow wp-block-column-is-layout-flow\">\n<h2 class=\"ls__heading wp-block-heading\">Amplias parcelas con \u00e1rboles en Alsacia&nbsp;<\/h2>\n\n\n\n<p class=\"ls-paragraph\">Acomode su tienda, caravana o autocaravana en nuestras amplias parcelas, en un entorno natural, con \u00e1rboles, a la sombra o al sol, con o sin l\u00edmites, junto a un arroyo o un estanque. Seguro que encuentra su propio rinc\u00f3n del para\u00edso.<\/p>\n\n\n\n<h2 class=\"ls__heading wp-block-heading\">Aproveche los servicios del camping<\/h2>\n\n\n\n<p class=\"ls-paragraph\">Cuando elija Lac de Seigneurie para sus pr\u00f3ximas vacaciones, disfrute de toda la comodidad de un camping de 3 estrellas con su piscina climatizada:&nbsp;<\/p>\n\n\n\n<ul class=\"ls-list wp-block-list\"><li>descubra la piscina climatizada&nbsp;<\/li><li>disfrutar de la barra de aperitivos con pan fresco y boller\u00eda<\/li><li>Divi\u00e9rtase con la animaci\u00f3n: club infantil, animaci\u00f3n nocturna, torneos de petanca, etc.<\/li><li>Descubra Alsacia, Franco Condado y los Vosgos desde la ubicaci\u00f3n ideal del camping&nbsp; &nbsp;<\/li><\/ul>\n<\/div>\n\n\n\n<div class=\"wp-block-column is-vertically-aligned-center is-layout-flow wp-block-column-is-layout-flow\">\n<figure class=\"wp-block-image size-full\"><img loading=\"lazy\" decoding=\"async\" width=\"800\" height=\"560\" src=\"https:\/\/camping-lac-seigneurie.com\/wp-content\/uploads\/2022\/05\/camping-franche-compte-emplacement.jpg\" alt=\"camping franche compte emplacement\" class=\"wp-image-2213\" srcset=\"https:\/\/camping-lac-seigneurie.com\/wp-content\/uploads\/2022\/05\/camping-franche-compte-emplacement.jpg 800w, https:\/\/camping-lac-seigneurie.com\/wp-content\/uploads\/2022\/05\/camping-franche-compte-emplacement-300x210.jpg 300w, https:\/\/camping-lac-seigneurie.com\/wp-content\/uploads\/2022\/05\/camping-franche-compte-emplacement-768x538.jpg 768w\" sizes=\"auto, (max-width: 800px) 100vw, 800px\" \/><\/figure>\n\n\n\n<figure class=\"wp-block-image size-full\"><img loading=\"lazy\" decoding=\"async\" width=\"800\" height=\"600\" src=\"https:\/\/camping-lac-seigneurie.com\/wp-content\/uploads\/2022\/06\/camping-car-emplacement-nature.jpg\" alt=\"camping car emplacement nature\" class=\"wp-image-4052\" srcset=\"https:\/\/camping-lac-seigneurie.com\/wp-content\/uploads\/2022\/06\/camping-car-emplacement-nature.jpg 800w, https:\/\/camping-lac-seigneurie.com\/wp-content\/uploads\/2022\/06\/camping-car-emplacement-nature-300x225.jpg 300w, https:\/\/camping-lac-seigneurie.com\/wp-content\/uploads\/2022\/06\/camping-car-emplacement-nature-768x576.jpg 768w\" sizes=\"auto, (max-width: 800px) 100vw, 800px\" \/><\/figure>\n<\/div>\n<\/div>\n\n\n    <\/div>\n<\/section>\n\n<section id=\"ls-section-block_437c6d8c6692717f7964e10a7b2fbcec\" class=\"ls-section  has-p-b p-b-14\" >\n        <div class=\"container container--wide\">\n        \n\n<div id=\"ls-heading ls-titre-div-block_97f7a95750265dd071d860c57a33e51d\" class=\"ls-titre-div aligncenter h2-like\" >\n    Descubra los chalets de alquiler y el bar del camping<\/div>\n\n\n<div id=\"ls-maillage-block_2a7008d5dc740633eb78ddf555b97d00\" class=\"ls-maillage cta-style-normal\" data-rows=\"3\">\n    <div class=\"wp-block-columns\"><div class=\"wp-block-column\">\n\n<a href=\"https:\/\/camping-lac-seigneurie.com\/es\/camping-snackbar-vosges\/\" target=\"\" rel=\"noopener\" class=\"ls-cta__link\">\n\n\t<div class=\"ls-cta__image\"><img decoding=\"async\" src=\"https:\/\/camping-lac-seigneurie.com\/wp-content\/uploads\/2025\/08\/Camping-lac-seigneurie-2025-ese-039r-768x432.jpg\" alt=\"\"><\/div>\n\t<div class=\"ls-cta__title animated fadeIn slow delay-400ms\">\n\t\tCafeter\u00eda\t<\/div>\n\n\t\t\n<\/a><\/div><div class=\"wp-block-column\">\n\n<a href=\"https:\/\/camping-lac-seigneurie.com\/es\/ubicacion-chalet-vosges\/\" target=\"\" rel=\"noopener\" class=\"ls-cta__link\">\n\n\t<div class=\"ls-cta__image\"><img decoding=\"async\" src=\"https:\/\/camping-lac-seigneurie.com\/wp-content\/uploads\/2022\/05\/location-chalet-au-camping-du-lac-de-la-seigneurie.jpg\" alt=\"location chalet au camping du lac de la seigneurie\"><\/div>\n\t<div class=\"ls-cta__title animated fadeIn slow delay-400ms\">\n\t\tChalet\t<\/div>\n\n\t\t\n<\/a><\/div><div class=\"wp-block-column\">\n\n<a href=\"https:\/\/camping-lac-seigneurie.com\/es\/ubicacion-casa-movil-vosges\/\" target=\"\" rel=\"noopener\" class=\"ls-cta__link\">\n\n\t<div class=\"ls-cta__image\"><img decoding=\"async\" src=\"https:\/\/camping-lac-seigneurie.com\/wp-content\/uploads\/2025\/08\/Camping-lac-seigneurie-2025-ese-022r-768x476.jpg\" alt=\"\"><\/div>\n\t<div class=\"ls-cta__title animated fadeIn slow delay-400ms\">\n\t\tCasa m\u00f3vil\t<\/div>\n\n\t\t\n<\/a><\/div><\/div><\/div>\n\n    <\/div>\n<\/section>","protected":false},"excerpt":{"rendered":"","protected":false},"author":1,"featured_media":9706,"parent":0,"menu_order":0,"comment_status":"closed","ping_status":"closed","template":"","meta":{"_acf_changed":false,"footnotes":""},"sujet":[],"class_list":["post-3341","page","type-page","status-publish","has-post-thumbnail","hentry"],"acf":[],"yoast_head":"<!-- This site is optimized with the Yoast SEO plugin v25.3 - https:\/\/yoast.com\/wordpress\/plugins\/seo\/ -->\n<title>Camping ubicaci\u00f3n Vosges | Camping Lac de Seigneurie<\/title>\n<meta name=\"description\" content=\"Para los amantes de la acampada: encuentre paquetes que se adapten a sus necesidades reservando una parcela en el Camping Lac Seigneurie, de 3 estrellas.\" \/>\n<meta name=\"robots\" content=\"index, follow, max-snippet:-1, max-image-preview:large, max-video-preview:-1\" \/>\n<link rel=\"canonical\" href=\"https:\/\/camping-lac-seigneurie.com\/es\/ubicacion-camping-vosges\/\" \/>\n<meta property=\"og:locale\" content=\"es_ES\" \/>\n<meta property=\"og:type\" content=\"article\" \/>\n<meta property=\"og:title\" content=\"Camping ubicaci\u00f3n Vosges | Camping Lac de Seigneurie\" \/>\n<meta property=\"og:description\" content=\"Para los amantes de la acampada: encuentre paquetes que se adapten a sus necesidades reservando una parcela en el Camping Lac Seigneurie, de 3 estrellas.\" \/>\n<meta property=\"og:url\" content=\"https:\/\/camping-lac-seigneurie.com\/es\/ubicacion-camping-vosges\/\" \/>\n<meta property=\"og:site_name\" content=\"Camping du Lac de la Seigneurie\" \/>\n<meta property=\"article:modified_time\" content=\"2023-05-12T13:19:07+00:00\" \/>\n<meta property=\"og:image\" content=\"https:\/\/camping-lac-seigneurie.com\/wp-content\/uploads\/2022\/05\/emplacements-camping-franche-comte.jpg\" \/>\n\t<meta property=\"og:image:width\" content=\"1900\" \/>\n\t<meta property=\"og:image:height\" content=\"650\" \/>\n\t<meta property=\"og:image:type\" content=\"image\/jpeg\" \/>\n<meta name=\"twitter:card\" content=\"summary_large_image\" \/>\n<meta name=\"twitter:label1\" content=\"Tiempo de lectura\" \/>\n\t<meta name=\"twitter:data1\" content=\"4 minutos\" \/>\n<script type=\"application\/ld+json\" class=\"yoast-schema-graph\">{\"@context\":\"https:\/\/schema.org\",\"@graph\":[{\"@type\":\"WebPage\",\"@id\":\"https:\/\/camping-lac-seigneurie.com\/es\/ubicacion-camping-vosges\/\",\"url\":\"https:\/\/camping-lac-seigneurie.com\/es\/ubicacion-camping-vosges\/\",\"name\":\"Camping ubicaci\u00f3n Vosges | Camping Lac de Seigneurie\",\"isPartOf\":{\"@id\":\"https:\/\/camping-lac-seigneurie.com\/es\/#website\"},\"primaryImageOfPage\":{\"@id\":\"https:\/\/camping-lac-seigneurie.com\/es\/ubicacion-camping-vosges\/#primaryimage\"},\"image\":{\"@id\":\"https:\/\/camping-lac-seigneurie.com\/es\/ubicacion-camping-vosges\/#primaryimage\"},\"thumbnailUrl\":\"https:\/\/camping-lac-seigneurie.com\/wp-content\/uploads\/2025\/08\/Camping-lac-seigneurie-2025-ese-028r2.jpg\",\"datePublished\":\"2022-04-20T06:52:54+00:00\",\"dateModified\":\"2023-05-12T13:19:07+00:00\",\"description\":\"Para los amantes de la acampada: encuentre paquetes que se adapten a sus necesidades reservando una parcela en el Camping Lac Seigneurie, de 3 estrellas.\",\"breadcrumb\":{\"@id\":\"https:\/\/camping-lac-seigneurie.com\/es\/ubicacion-camping-vosges\/#breadcrumb\"},\"inLanguage\":\"es\",\"potentialAction\":[{\"@type\":\"ReadAction\",\"target\":[\"https:\/\/camping-lac-seigneurie.com\/es\/ubicacion-camping-vosges\/\"]}]},{\"@type\":\"ImageObject\",\"inLanguage\":\"es\",\"@id\":\"https:\/\/camping-lac-seigneurie.com\/es\/ubicacion-camping-vosges\/#primaryimage\",\"url\":\"https:\/\/camping-lac-seigneurie.com\/wp-content\/uploads\/2025\/08\/Camping-lac-seigneurie-2025-ese-028r2.jpg\",\"contentUrl\":\"https:\/\/camping-lac-seigneurie.com\/wp-content\/uploads\/2025\/08\/Camping-lac-seigneurie-2025-ese-028r2.jpg\",\"width\":2560,\"height\":1429},{\"@type\":\"BreadcrumbList\",\"@id\":\"https:\/\/camping-lac-seigneurie.com\/es\/ubicacion-camping-vosges\/#breadcrumb\",\"itemListElement\":[{\"@type\":\"ListItem\",\"position\":1,\"name\":\"Camping Franche-Comt\u00e9\",\"item\":\"https:\/\/camping-lac-seigneurie.com\/es\/\"},{\"@type\":\"ListItem\",\"position\":2,\"name\":\"Parcelas en los Vosgos\"}]},{\"@type\":\"WebSite\",\"@id\":\"https:\/\/camping-lac-seigneurie.com\/es\/#website\",\"url\":\"https:\/\/camping-lac-seigneurie.com\/es\/\",\"name\":\"Camping du Lac de la Seigneurie\",\"description\":\"\",\"publisher\":{\"@id\":\"https:\/\/camping-lac-seigneurie.com\/es\/#organization\"},\"potentialAction\":[{\"@type\":\"SearchAction\",\"target\":{\"@type\":\"EntryPoint\",\"urlTemplate\":\"https:\/\/camping-lac-seigneurie.com\/es\/?s={search_term_string}\"},\"query-input\":{\"@type\":\"PropertyValueSpecification\",\"valueRequired\":true,\"valueName\":\"search_term_string\"}}],\"inLanguage\":\"es\"},{\"@type\":\"Organization\",\"@id\":\"https:\/\/camping-lac-seigneurie.com\/es\/#organization\",\"name\":\"Camping Lac de la Seigneurie\",\"url\":\"https:\/\/camping-lac-seigneurie.com\/es\/\",\"logo\":{\"@type\":\"ImageObject\",\"inLanguage\":\"es\",\"@id\":\"https:\/\/camping-lac-seigneurie.com\/es\/#\/schema\/logo\/image\/\",\"url\":\"https:\/\/camping-lac-seigneurie.com\/wp-content\/uploads\/2022\/07\/lac-de-la-seigneurie-logo-fond-blanc.jpg\",\"contentUrl\":\"https:\/\/camping-lac-seigneurie.com\/wp-content\/uploads\/2022\/07\/lac-de-la-seigneurie-logo-fond-blanc.jpg\",\"width\":800,\"height\":325,\"caption\":\"Camping Lac de la Seigneurie\"},\"image\":{\"@id\":\"https:\/\/camping-lac-seigneurie.com\/es\/#\/schema\/logo\/image\/\"}}]}<\/script>\n<!-- \/ Yoast SEO plugin. -->","yoast_head_json":{"title":"Camping ubicaci\u00f3n Vosges | Camping Lac de Seigneurie","description":"Para los amantes de la acampada: encuentre paquetes que se adapten a sus necesidades reservando una parcela en el Camping Lac Seigneurie, de 3 estrellas.","robots":{"index":"index","follow":"follow","max-snippet":"max-snippet:-1","max-image-preview":"max-image-preview:large","max-video-preview":"max-video-preview:-1"},"canonical":"https:\/\/camping-lac-seigneurie.com\/es\/ubicacion-camping-vosges\/","og_locale":"es_ES","og_type":"article","og_title":"Camping ubicaci\u00f3n Vosges | Camping Lac de Seigneurie","og_description":"Para los amantes de la acampada: encuentre paquetes que se adapten a sus necesidades reservando una parcela en el Camping Lac Seigneurie, de 3 estrellas.","og_url":"https:\/\/camping-lac-seigneurie.com\/es\/ubicacion-camping-vosges\/","og_site_name":"Camping du Lac de la Seigneurie","article_modified_time":"2023-05-12T13:19:07+00:00","og_image":[{"width":1900,"height":650,"url":"https:\/\/camping-lac-seigneurie.com\/wp-content\/uploads\/2022\/05\/emplacements-camping-franche-comte.jpg","type":"image\/jpeg"}],"twitter_card":"summary_large_image","twitter_misc":{"Tiempo de lectura":"4 minutos"},"schema":{"@context":"https:\/\/schema.org","@graph":[{"@type":"WebPage","@id":"https:\/\/camping-lac-seigneurie.com\/es\/ubicacion-camping-vosges\/","url":"https:\/\/camping-lac-seigneurie.com\/es\/ubicacion-camping-vosges\/","name":"Camping ubicaci\u00f3n Vosges | Camping Lac de Seigneurie","isPartOf":{"@id":"https:\/\/camping-lac-seigneurie.com\/es\/#website"},"primaryImageOfPage":{"@id":"https:\/\/camping-lac-seigneurie.com\/es\/ubicacion-camping-vosges\/#primaryimage"},"image":{"@id":"https:\/\/camping-lac-seigneurie.com\/es\/ubicacion-camping-vosges\/#primaryimage"},"thumbnailUrl":"https:\/\/camping-lac-seigneurie.com\/wp-content\/uploads\/2025\/08\/Camping-lac-seigneurie-2025-ese-028r2.jpg","datePublished":"2022-04-20T06:52:54+00:00","dateModified":"2023-05-12T13:19:07+00:00","description":"Para los amantes de la acampada: encuentre paquetes que se adapten a sus necesidades reservando una parcela en el Camping Lac Seigneurie, de 3 estrellas.","breadcrumb":{"@id":"https:\/\/camping-lac-seigneurie.com\/es\/ubicacion-camping-vosges\/#breadcrumb"},"inLanguage":"es","potentialAction":[{"@type":"ReadAction","target":["https:\/\/camping-lac-seigneurie.com\/es\/ubicacion-camping-vosges\/"]}]},{"@type":"ImageObject","inLanguage":"es","@id":"https:\/\/camping-lac-seigneurie.com\/es\/ubicacion-camping-vosges\/#primaryimage","url":"https:\/\/camping-lac-seigneurie.com\/wp-content\/uploads\/2025\/08\/Camping-lac-seigneurie-2025-ese-028r2.jpg","contentUrl":"https:\/\/camping-lac-seigneurie.com\/wp-content\/uploads\/2025\/08\/Camping-lac-seigneurie-2025-ese-028r2.jpg","width":2560,"height":1429},{"@type":"BreadcrumbList","@id":"https:\/\/camping-lac-seigneurie.com\/es\/ubicacion-camping-vosges\/#breadcrumb","itemListElement":[{"@type":"ListItem","position":1,"name":"Camping Franche-Comt\u00e9","item":"https:\/\/camping-lac-seigneurie.com\/es\/"},{"@type":"ListItem","position":2,"name":"Parcelas en los Vosgos"}]},{"@type":"WebSite","@id":"https:\/\/camping-lac-seigneurie.com\/es\/#website","url":"https:\/\/camping-lac-seigneurie.com\/es\/","name":"Camping du Lac de la Seigneurie","description":"","publisher":{"@id":"https:\/\/camping-lac-seigneurie.com\/es\/#organization"},"potentialAction":[{"@type":"SearchAction","target":{"@type":"EntryPoint","urlTemplate":"https:\/\/camping-lac-seigneurie.com\/es\/?s={search_term_string}"},"query-input":{"@type":"PropertyValueSpecification","valueRequired":true,"valueName":"search_term_string"}}],"inLanguage":"es"},{"@type":"Organization","@id":"https:\/\/camping-lac-seigneurie.com\/es\/#organization","name":"Camping Lac de la Seigneurie","url":"https:\/\/camping-lac-seigneurie.com\/es\/","logo":{"@type":"ImageObject","inLanguage":"es","@id":"https:\/\/camping-lac-seigneurie.com\/es\/#\/schema\/logo\/image\/","url":"https:\/\/camping-lac-seigneurie.com\/wp-content\/uploads\/2022\/07\/lac-de-la-seigneurie-logo-fond-blanc.jpg","contentUrl":"https:\/\/camping-lac-seigneurie.com\/wp-content\/uploads\/2022\/07\/lac-de-la-seigneurie-logo-fond-blanc.jpg","width":800,"height":325,"caption":"Camping Lac de la Seigneurie"},"image":{"@id":"https:\/\/camping-lac-seigneurie.com\/es\/#\/schema\/logo\/image\/"}}]}},"_links":{"self":[{"href":"https:\/\/camping-lac-seigneurie.com\/es\/wp-json\/wp\/v2\/pages\/3341","targetHints":{"allow":["GET"]}}],"collection":[{"href":"https:\/\/camping-lac-seigneurie.com\/es\/wp-json\/wp\/v2\/pages"}],"about":[{"href":"https:\/\/camping-lac-seigneurie.com\/es\/wp-json\/wp\/v2\/types\/page"}],"author":[{"embeddable":true,"href":"https:\/\/camping-lac-seigneurie.com\/es\/wp-json\/wp\/v2\/users\/1"}],"replies":[{"embeddable":true,"href":"https:\/\/camping-lac-seigneurie.com\/es\/wp-json\/wp\/v2\/comments?post=3341"}],"version-history":[{"count":8,"href":"https:\/\/camping-lac-seigneurie.com\/es\/wp-json\/wp\/v2\/pages\/3341\/revisions"}],"predecessor-version":[{"id":6332,"href":"https:\/\/camping-lac-seigneurie.com\/es\/wp-json\/wp\/v2\/pages\/3341\/revisions\/6332"}],"wp:featuredmedia":[{"embeddable":true,"href":"https:\/\/camping-lac-seigneurie.com\/es\/wp-json\/wp\/v2\/media\/9706"}],"wp:attachment":[{"href":"https:\/\/camping-lac-seigneurie.com\/es\/wp-json\/wp\/v2\/media?parent=3341"}],"wp:term":[{"taxonomy":"sujet","embeddable":true,"href":"https:\/\/camping-lac-seigneurie.com\/es\/wp-json\/wp\/v2\/sujet?post=3341"}],"curies":[{"name":"wp","href":"https:\/\/api.w.org\/{rel}","templated":true}]}}