{"id":3369,"date":"2022-05-11T11:13:25","date_gmt":"2022-05-11T09:13:25","guid":{"rendered":"https:\/\/camping-lac-seigneurie.com\/camping-vosges\/"},"modified":"2022-06-20T16:46:40","modified_gmt":"2022-06-20T14:46:40","slug":"camping-los-vosges","status":"publish","type":"page","link":"https:\/\/camping-lac-seigneurie.com\/es\/camping-los-vosges\/","title":{"rendered":"Massif des Vosges"},"content":{"rendered":"<section id=\"ls-section-block_626020254a858\" class=\"ls-section  page-one has-p-t p-t-8 has-p-b p-b-14\" >\n        <div class=\"container container--wide\">\n        \n\n<div class=\"wp-block-columns is-layout-flex wp-container-core-columns-is-layout-9d6595d7 wp-block-columns-is-layout-flex\">\n<div class=\"wp-block-column is-vertically-aligned-top animated fadeInLeft delay-200ms is-layout-flow wp-block-column-is-layout-flow\">\n<figure class=\"wp-block-image size-full\"><a href=\"https:\/\/camping-lac-seigneurie.com\/wp-content\/uploads\/2022\/06\/massif-des-vosges-vacances.jpg\"><img loading=\"lazy\" decoding=\"async\" width=\"700\" height=\"466\" src=\"https:\/\/camping-lac-seigneurie.com\/wp-content\/uploads\/2022\/06\/massif-des-vosges-vacances.jpg\" alt=\"massif des vosges vacances\" class=\"wp-image-2508\" srcset=\"https:\/\/camping-lac-seigneurie.com\/wp-content\/uploads\/2022\/06\/massif-des-vosges-vacances.jpg 700w, https:\/\/camping-lac-seigneurie.com\/wp-content\/uploads\/2022\/06\/massif-des-vosges-vacances-300x200.jpg 300w\" sizes=\"auto, (max-width: 700px) 100vw, 700px\" \/><\/a><\/figure>\n\n\n\n<figure class=\"wp-block-image size-full\"><a href=\"https:\/\/camping-lac-seigneurie.com\/wp-content\/uploads\/2022\/06\/vache-massif-des-vosges.jpg\"><img loading=\"lazy\" decoding=\"async\" width=\"700\" height=\"466\" src=\"https:\/\/camping-lac-seigneurie.com\/wp-content\/uploads\/2022\/06\/vache-massif-des-vosges.jpg\" alt=\"vache massif des vosges\" class=\"wp-image-2516\" srcset=\"https:\/\/camping-lac-seigneurie.com\/wp-content\/uploads\/2022\/06\/vache-massif-des-vosges.jpg 700w, https:\/\/camping-lac-seigneurie.com\/wp-content\/uploads\/2022\/06\/vache-massif-des-vosges-300x200.jpg 300w\" sizes=\"auto, (max-width: 700px) 100vw, 700px\" \/><\/a><\/figure>\n<\/div>\n\n\n\n<div class=\"wp-block-column is-vertically-aligned-center is-layout-flow wp-block-column-is-layout-flow\">\n<h1 class=\"ls-heading wp-block-heading\">Pase sus vacaciones en un camping de 3 estrellas a los pies de los Vosgos<\/h1>\n\n\n\n<p class=\"ls-paragraph\">Descubra nuestro camping idealmente situado en Franche Comt\u00e9, al pie de los Vosgos, y aproveche nuestros servicios, como la piscina climatizada, mientras descubre los Vosgos a trav\u00e9s de excursiones y lagos. Entre casas m\u00f3viles, chal\u00e9s y parcelas para autocaravanas, tiendas o caravanas, pase una estancia en la frontera entre Borgo\u00f1a-Franco Condado y Alsacia y si\u00e9ntase como en casa en su alojamiento.<\/p>\n\n\n\n<h2 class=\"ls-heading wp-block-heading\"><strong>Descubrir los Vosgos y el Parque Natural Regional de los Ballons des Vosges<\/strong><\/h2>\n\n\n\n<p class=\"ls-paragraph\"><strong>El macizo de los Vosgos del Sur, <\/strong>una monta\u00f1a de tama\u00f1o medio con un macizo muy boscoso, ofrece un notable patrimonio natural y cultural y paisajes emblem\u00e1ticos. Descubrir el<strong> Parque Natural Regional de los Ballons des Vosges <\/strong>es ir al encuentro de estos patrimonios y de las personas que los hacen vivir. Puede tener la suerte de ver especies protegidas como el b\u00faho real, el rebeco, el halc\u00f3n peregrino o el urogallo.<\/p>\n<\/div>\n<\/div>\n\n\n    <\/div>\n<\/section>\n\n<section id=\"ls-section-block_626142038a71b\" class=\"ls-section  page-two has-background-image has-parallax has-background has-color-black-background-color has-p-t p-t-14 has-p-b p-b-14\" >\n    <div class=\"ls-section__background-image opacity-50\"><img decoding=\"async\" src=\"https:\/\/camping-lac-seigneurie.com\/wp-content\/uploads\/2022\/06\/massif-des-vosges-randonnee.jpg\" alt=\"massif des vosges randonnee\"><\/div>    <div class=\"container \">\n        \n\n<div id=\"ls-heading ls-titre-div-block_62ac87b07cb8e\" class=\"ls-titre-div aligncenter h1-like\" >\n    Senderismo en los Vosgos<\/div>\n\n\n    <\/div>\n<\/section>\n\n<section id=\"ls-section-block_6261422f8a71c\" class=\"ls-section  page-three has-p-t p-t-14 has-p-b p-b-14\" >\n        <div class=\"container container--wide\">\n        \n\n<div class=\"wp-block-columns is-layout-flex wp-container-core-columns-is-layout-9d6595d7 wp-block-columns-is-layout-flex\">\n<div class=\"wp-block-column animated fadeInUp delay-200ms is-layout-flow wp-block-column-is-layout-flow\">\n<figure class=\"wp-block-image size-full\"><a href=\"https:\/\/camping-lac-seigneurie.com\/wp-content\/uploads\/2022\/06\/randonnee-massif-des-vosges.jpg\"><img loading=\"lazy\" decoding=\"async\" width=\"700\" height=\"466\" src=\"https:\/\/camping-lac-seigneurie.com\/wp-content\/uploads\/2022\/06\/randonnee-massif-des-vosges.jpg\" alt=\"randonnee massif des vosges\" class=\"wp-image-2512\" srcset=\"https:\/\/camping-lac-seigneurie.com\/wp-content\/uploads\/2022\/06\/randonnee-massif-des-vosges.jpg 700w, https:\/\/camping-lac-seigneurie.com\/wp-content\/uploads\/2022\/06\/randonnee-massif-des-vosges-300x200.jpg 300w\" sizes=\"auto, (max-width: 700px) 100vw, 700px\" \/><\/a><\/figure>\n\n\n\n<h2 class=\"ls__heading has-text-align-center wp-block-heading\"><strong>Lugares que ver en los Vosgos<\/strong><\/h2>\n\n\n\n<p class=\"ls-paragraph has-text-align-center\">T\u00f3mese un descanso y respire el aire fresco de los <strong>Vosgos del Sur<\/strong> y los <strong>Altos Vosgos<\/strong> a trav\u00e9s de varios lugares para hacer y ver. Siga la m\u00edtica ruta GR7 de los Vosgos a los Pirineos haciendo una parada en Belfort en su Flower Camping Lac de la Seigneurie, su camping de 3 estrellas donde nuestras parcelas para tiendas o mobil-homes y chalets est\u00e1n preparados para acogerle.<\/p>\n\n\n\n<p class=\"ls-paragraph has-text-align-center\">Descubra la famosa <strong>ruta de las Cr\u00eates<\/strong>, donde desde<strong> Cernay hasta Sainte-Marie-aux-Mines<\/strong>, pasando por el techo de los Vosgos, el Hohneck, se ver\u00e1 desorientado por estos inolvidables y notables paisajes.<\/p>\n<\/div>\n\n\n\n<div class=\"wp-block-column animated fadeInUp delay-200ms is-layout-flow wp-block-column-is-layout-flow\">\n<figure class=\"wp-block-image size-full\"><a href=\"https:\/\/camping-lac-seigneurie.com\/wp-content\/uploads\/2022\/06\/a-voir-dans-les-vosges.jpg\"><img loading=\"lazy\" decoding=\"async\" width=\"700\" height=\"466\" src=\"https:\/\/camping-lac-seigneurie.com\/wp-content\/uploads\/2022\/06\/a-voir-dans-les-vosges.jpg\" alt=\"a voir dans les vosges\" class=\"wp-image-2559\" srcset=\"https:\/\/camping-lac-seigneurie.com\/wp-content\/uploads\/2022\/06\/a-voir-dans-les-vosges.jpg 700w, https:\/\/camping-lac-seigneurie.com\/wp-content\/uploads\/2022\/06\/a-voir-dans-les-vosges-300x200.jpg 300w\" sizes=\"auto, (max-width: 700px) 100vw, 700px\" \/><\/a><\/figure>\n\n\n\n<p class=\"ls-paragraph has-text-align-center\">73 km de panoramas t\u00edpicos de los Vosgos a su propio ritmo. Al otro lado del globo de Alsacia se encuentra la Planche des Belles filles, una estaci\u00f3n de deportes de invierno, la \u00fanica de Haute-Sa\u00f4ne. Esta meseta es a menudo llamada a ser un punto de etapa para el Tour de Francia, \u00a1un punto esencial y un campo de juego para los ciclistas!<\/p>\n\n\n\n<p class=\"ls-paragraph has-text-align-center\">Y eso no es todo, pregunte en la recepci\u00f3n del camping por m\u00e1s informaci\u00f3n sobre <strong>Le Thillot, el paso de Bussang, el Grand Ballon, el Plateau des Milles Etangs,<\/strong> etc.<\/p>\n<\/div>\n<\/div>\n\n\n    <\/div>\n<\/section>\n\n<section id=\"ls-section-block_626144428a71d\" class=\"ls-section  page-four has-p-t p-t-14 has-p-b p-b-14\" >\n        <div class=\"container container--wide\">\n        \n\n<div class=\"wp-block-columns is-layout-flex wp-container-core-columns-is-layout-9d6595d7 wp-block-columns-is-layout-flex\">\n<div class=\"wp-block-column is-layout-flow wp-block-column-is-layout-flow\" style=\"flex-basis:100%\">\n<div class=\"wp-block-columns is-layout-flex wp-container-core-columns-is-layout-9d6595d7 wp-block-columns-is-layout-flex\">\n<div class=\"wp-block-column is-vertically-aligned-center is-layout-flow wp-block-column-is-layout-flow\" style=\"flex-basis:30%\">\n<h2 class=\"ls-heading wp-block-heading\"><strong>Cosas que hacer en los Vosgos<\/strong><\/h2>\n\n\n\n<p class=\"ls-paragraph\">Senderismo o ciclismo en el Macizo de los Vosgos: el Macizo de los Vosgos es una zona de aventura de ensue\u00f1o si lo que busca es alejarse de todo y hacer senderismo con tranquilidad. Sea cual sea su nivel, hay muchos sitios para elegir: desde paseos tranquilos para los principiantes hasta caminatas m\u00e1s t\u00e9cnicas con desnivel para los m\u00e1s experimentados. Hay algo para todos en los senderos perfectamente marcados por el Club Vosgien.<\/p>\n<\/div>\n\n\n\n<div class=\"wp-block-column animated fadeInRight delay-200ms is-layout-flow wp-block-column-is-layout-flow\" style=\"flex-basis:70%\"><div class=\"wp-block-image\">\n<figure class=\"alignright size-full\"><a href=\"https:\/\/camping-lac-seigneurie.com\/wp-content\/uploads\/2022\/06\/randonnee-velo-vosges.jpg\"><img loading=\"lazy\" decoding=\"async\" width=\"800\" height=\"550\" src=\"https:\/\/camping-lac-seigneurie.com\/wp-content\/uploads\/2022\/06\/randonnee-velo-vosges.jpg\" alt=\"randonnee velo vosges\" class=\"wp-image-2684\" srcset=\"https:\/\/camping-lac-seigneurie.com\/wp-content\/uploads\/2022\/06\/randonnee-velo-vosges.jpg 800w, https:\/\/camping-lac-seigneurie.com\/wp-content\/uploads\/2022\/06\/randonnee-velo-vosges-300x206.jpg 300w, https:\/\/camping-lac-seigneurie.com\/wp-content\/uploads\/2022\/06\/randonnee-velo-vosges-768x528.jpg 768w\" sizes=\"auto, (max-width: 800px) 100vw, 800px\" \/><\/a><\/figure>\n<\/div><\/div>\n<\/div>\n<\/div>\n<\/div>\n\n\n    <\/div>\n<\/section>\n\n<section id=\"ls-section-block_629f3de0f80bf\" class=\"ls-section  page-three has-p-t p-t-14 has-p-b p-b-14\" >\n        <div class=\"container container--wide\">\n        \n\n<div class=\"wp-block-columns is-layout-flex wp-container-core-columns-is-layout-9d6595d7 wp-block-columns-is-layout-flex\">\n<div class=\"wp-block-column animated fadeInUp delay-200ms is-layout-flow wp-block-column-is-layout-flow\">\n<figure class=\"wp-block-image size-full\"><a href=\"https:\/\/camping-lac-seigneurie.com\/wp-content\/uploads\/2022\/06\/chalets-vosges.jpg\"><img loading=\"lazy\" decoding=\"async\" width=\"700\" height=\"466\" src=\"https:\/\/camping-lac-seigneurie.com\/wp-content\/uploads\/2022\/06\/chalets-vosges.jpg\" alt=\"chalets vosges\" class=\"wp-image-2553\" srcset=\"https:\/\/camping-lac-seigneurie.com\/wp-content\/uploads\/2022\/06\/chalets-vosges.jpg 700w, https:\/\/camping-lac-seigneurie.com\/wp-content\/uploads\/2022\/06\/chalets-vosges-300x200.jpg 300w\" sizes=\"auto, (max-width: 700px) 100vw, 700px\" \/><\/a><\/figure>\n\n\n\n<h2 class=\"ls__heading has-text-align-center wp-block-heading\"><strong><strong>Descubra nuestros diferentes alojamientos de alquiler en el camping Lac de Seigneurie<\/strong><\/strong><\/h2>\n\n\n\n<p class=\"ls-paragraph has-text-align-center\">Entre <strong>los chalets, las casas m\u00f3viles y las parcelas<\/strong>, disfrute de hermosas noches estrelladas en los Vosgos en su terraza o desde su parcela en medio del bosque:\u00a0<\/p>\n\n\n\n<ul class=\"ls-list wp-block-list\"><li>Nuestras casas m\u00f3viles y chalets est\u00e1n totalmente equipados y disponen de terraza. Para todos nuestros campistas, nuestro Flower Camping dispone de una piscina climatizada a 28\u00b0, un bar-snack y un punto de recepci\u00f3n abierto hasta las 20 horas e incluso hasta las 21 horas en julio\/agosto.<\/li><\/ul>\n<\/div>\n\n\n\n<div class=\"wp-block-column animated fadeInUp delay-200ms is-layout-flow wp-block-column-is-layout-flow\">\n<figure class=\"wp-block-image size-full\"><a href=\"https:\/\/camping-lac-seigneurie.com\/wp-content\/uploads\/2022\/06\/emplacement-camping-vosges.jpg\"><img loading=\"lazy\" decoding=\"async\" width=\"700\" height=\"466\" src=\"https:\/\/camping-lac-seigneurie.com\/wp-content\/uploads\/2022\/06\/emplacement-camping-vosges.jpg\" alt=\"emplacement camping vosges\" class=\"wp-image-2570\" srcset=\"https:\/\/camping-lac-seigneurie.com\/wp-content\/uploads\/2022\/06\/emplacement-camping-vosges.jpg 700w, https:\/\/camping-lac-seigneurie.com\/wp-content\/uploads\/2022\/06\/emplacement-camping-vosges-300x200.jpg 300w\" sizes=\"auto, (max-width: 700px) 100vw, 700px\" \/><\/a><\/figure>\n\n\n\n<p class=\"ls-paragraph\">Nuestros chalets pueden alojar de 1 a 6 personas y algunos chalets pueden alojar a su mascota. Nuestros chalets confort o premium y nuestras casas m\u00f3viles confort est\u00e1n equipados con una cocina y un cuarto de ba\u00f1o, de 1 a 3 habitaciones separadas con un dormitorio en el entresuelo en los chalets Alpina para el placer de los m\u00e1s j\u00f3venes.<\/p>\n\n\n\n<ul class=\"ls-list wp-block-list\"><li>Nuestros campos ofrecen varios paquetes: desde el natural hasta el privilegiado, \u00a1elige la opci\u00f3n que m\u00e1s te convenga! Con o sin electricidad.<\/li><\/ul>\n<\/div>\n<\/div>\n\n\n    <\/div>\n<\/section>\n\n<section id=\"ls-section-block_6262c1ae985bd\" class=\"ls-section  page-two has-background-image has-parallax has-background has-color-black-background-color has-p-t p-t-14 has-p-b p-b-14\" >\n    <div class=\"ls-section__background-image opacity-50\"><img decoding=\"async\" src=\"https:\/\/camping-lac-seigneurie.com\/wp-content\/uploads\/2022\/06\/massif-des-vosges-lac.jpg\" alt=\"massif des vosges lac\"><\/div>    <div class=\"container \">\n        \n\n<div id=\"ls-heading ls-titre-div-block_62ac8c0d91820\" class=\"ls-titre-div aligncenter h1-like\" >\n    Vacaciones en Alsacia<\/div>\n\n\n    <\/div>\n<\/section>\n\n<section id=\"ls-section-block_626146cd8a721\" class=\"ls-section  has-p-b p-b-14\" >\n        <div class=\"container container--wide\">\n        \n\n<div id=\"ls-heading ls-titre-div-block_626146de8a722\" class=\"ls-titre-div aligncenter h2-like\" >\n    Descubra las actividades que puede realizar en el Ballon d&#8217;Alsace <\/div>\n\n\n<div id=\"ls-maillage-block_626147008a723\" class=\"ls-maillage cta-style-normal\" data-rows=\"3\">\n    <div class=\"wp-block-columns\"><div class=\"wp-block-column\">\n\n<a href=\"https:\/\/camping-lac-seigneurie.com\/es\/camping-cerrar-alemania\/\" target=\"\" rel=\"noopener\" class=\"ls-cta__link\">\n\n\t<div class=\"ls-cta__image\"><img decoding=\"async\" src=\"https:\/\/camping-lac-seigneurie.com\/wp-content\/uploads\/2022\/06\/tourisme-a-bad-krozingen.jpg\" alt=\"tourisme a bad krozingen\"><\/div>\n\t<div class=\"ls-cta__title animated fadeIn slow delay-400ms\">\n\t\tAlemania\t<\/div>\n\n\t\t\n<\/a><\/div><div class=\"wp-block-column\">\n\n<a href=\"https:\/\/camping-lac-seigneurie.com\/es\/camping-en-el-ballon-alsace\/\" target=\"\" rel=\"noopener\" class=\"ls-cta__link\">\n\n\t<div class=\"ls-cta__image\"><img decoding=\"async\" src=\"https:\/\/camping-lac-seigneurie.com\/wp-content\/uploads\/2022\/06\/vacances-ballon-dalsace.jpg\" alt=\"vacances ballon dalsace\"><\/div>\n\t<div class=\"ls-cta__title animated fadeIn slow delay-400ms\">\n\t\tBallon d&#8217;Alsace\t<\/div>\n\n\t\t\n<\/a><\/div><div class=\"wp-block-column\">\n\n<a href=\"https:\/\/camping-lac-seigneurie.com\/es\/ubicacion-casa-movil-vosges\/\" target=\"\" rel=\"noopener\" class=\"ls-cta__link\">\n\n\t<div class=\"ls-cta__image\"><img decoding=\"async\" src=\"https:\/\/camping-lac-seigneurie.com\/wp-content\/uploads\/2025\/08\/Camping-lac-seigneurie-2025-ese-022r-768x476.jpg\" alt=\"\"><\/div>\n\t<div class=\"ls-cta__title animated fadeIn slow delay-400ms\">\n\t\tCasa m\u00f3vil\t<\/div>\n\n\t\t\n<\/a><\/div><\/div><\/div>\n\n    <\/div>\n<\/section>","protected":false},"excerpt":{"rendered":"","protected":false},"author":1,"featured_media":2500,"parent":0,"menu_order":0,"comment_status":"closed","ping_status":"closed","template":"","meta":{"_acf_changed":false,"footnotes":""},"sujet":[],"class_list":["post-3369","page","type-page","status-publish","has-post-thumbnail","hentry"],"acf":[],"yoast_head":"<!-- This site is optimized with the Yoast SEO plugin v25.3 - https:\/\/yoast.com\/wordpress\/plugins\/seo\/ -->\n<title>Camping en los Vosgos<\/title>\n<meta name=\"description\" content=\"\u00bfQuiere pasar sus vacaciones en los Vosgos? Alquile una c\u00f3moda casa m\u00f3vil en el camping La Rivi\u00e8re, situado a los pies de los Vosgos.\" \/>\n<meta name=\"robots\" content=\"index, follow, max-snippet:-1, max-image-preview:large, max-video-preview:-1\" \/>\n<link rel=\"canonical\" href=\"https:\/\/camping-lac-seigneurie.com\/es\/camping-los-vosges\/\" \/>\n<meta property=\"og:locale\" content=\"es_ES\" \/>\n<meta property=\"og:type\" content=\"article\" \/>\n<meta property=\"og:title\" content=\"Camping en los Vosgos\" \/>\n<meta property=\"og:description\" content=\"\u00bfQuiere pasar sus vacaciones en los Vosgos? Alquile una c\u00f3moda casa m\u00f3vil en el camping La Rivi\u00e8re, situado a los pies de los Vosgos.\" \/>\n<meta property=\"og:url\" content=\"https:\/\/camping-lac-seigneurie.com\/es\/camping-los-vosges\/\" \/>\n<meta property=\"og:site_name\" content=\"Camping du Lac de la Seigneurie\" \/>\n<meta property=\"article:modified_time\" content=\"2022-06-20T14:46:40+00:00\" \/>\n<meta property=\"og:image\" content=\"https:\/\/camping-lac-seigneurie.com\/wp-content\/uploads\/2022\/06\/massif-des-vosges-montagnes.jpg\" \/>\n\t<meta property=\"og:image:width\" content=\"1900\" \/>\n\t<meta property=\"og:image:height\" content=\"710\" \/>\n\t<meta property=\"og:image:type\" content=\"image\/jpeg\" \/>\n<meta name=\"twitter:card\" content=\"summary_large_image\" \/>\n<meta name=\"twitter:label1\" content=\"Tiempo de lectura\" \/>\n\t<meta name=\"twitter:data1\" content=\"5 minutos\" \/>\n<script type=\"application\/ld+json\" class=\"yoast-schema-graph\">{\"@context\":\"https:\/\/schema.org\",\"@graph\":[{\"@type\":\"WebPage\",\"@id\":\"https:\/\/camping-lac-seigneurie.com\/es\/camping-los-vosges\/\",\"url\":\"https:\/\/camping-lac-seigneurie.com\/es\/camping-los-vosges\/\",\"name\":\"Camping en los Vosgos\",\"isPartOf\":{\"@id\":\"https:\/\/camping-lac-seigneurie.com\/es\/#website\"},\"primaryImageOfPage\":{\"@id\":\"https:\/\/camping-lac-seigneurie.com\/es\/camping-los-vosges\/#primaryimage\"},\"image\":{\"@id\":\"https:\/\/camping-lac-seigneurie.com\/es\/camping-los-vosges\/#primaryimage\"},\"thumbnailUrl\":\"https:\/\/camping-lac-seigneurie.com\/wp-content\/uploads\/2022\/06\/massif-des-vosges-montagnes.jpg\",\"datePublished\":\"2022-05-11T09:13:25+00:00\",\"dateModified\":\"2022-06-20T14:46:40+00:00\",\"description\":\"\u00bfQuiere pasar sus vacaciones en los Vosgos? Alquile una c\u00f3moda casa m\u00f3vil en el camping La Rivi\u00e8re, situado a los pies de los Vosgos.\",\"breadcrumb\":{\"@id\":\"https:\/\/camping-lac-seigneurie.com\/es\/camping-los-vosges\/#breadcrumb\"},\"inLanguage\":\"es\",\"potentialAction\":[{\"@type\":\"ReadAction\",\"target\":[\"https:\/\/camping-lac-seigneurie.com\/es\/camping-los-vosges\/\"]}]},{\"@type\":\"ImageObject\",\"inLanguage\":\"es\",\"@id\":\"https:\/\/camping-lac-seigneurie.com\/es\/camping-los-vosges\/#primaryimage\",\"url\":\"https:\/\/camping-lac-seigneurie.com\/wp-content\/uploads\/2022\/06\/massif-des-vosges-montagnes.jpg\",\"contentUrl\":\"https:\/\/camping-lac-seigneurie.com\/wp-content\/uploads\/2022\/06\/massif-des-vosges-montagnes.jpg\",\"width\":1900,\"height\":710,\"caption\":\"massif des vosges montagnes\"},{\"@type\":\"BreadcrumbList\",\"@id\":\"https:\/\/camping-lac-seigneurie.com\/es\/camping-los-vosges\/#breadcrumb\",\"itemListElement\":[{\"@type\":\"ListItem\",\"position\":1,\"name\":\"Camping Franche-Comt\u00e9\",\"item\":\"https:\/\/camping-lac-seigneurie.com\/es\/\"},{\"@type\":\"ListItem\",\"position\":2,\"name\":\"Turismo y camping en los Vosgos\"}]},{\"@type\":\"WebSite\",\"@id\":\"https:\/\/camping-lac-seigneurie.com\/es\/#website\",\"url\":\"https:\/\/camping-lac-seigneurie.com\/es\/\",\"name\":\"Camping du Lac de la Seigneurie\",\"description\":\"\",\"publisher\":{\"@id\":\"https:\/\/camping-lac-seigneurie.com\/es\/#organization\"},\"potentialAction\":[{\"@type\":\"SearchAction\",\"target\":{\"@type\":\"EntryPoint\",\"urlTemplate\":\"https:\/\/camping-lac-seigneurie.com\/es\/?s={search_term_string}\"},\"query-input\":{\"@type\":\"PropertyValueSpecification\",\"valueRequired\":true,\"valueName\":\"search_term_string\"}}],\"inLanguage\":\"es\"},{\"@type\":\"Organization\",\"@id\":\"https:\/\/camping-lac-seigneurie.com\/es\/#organization\",\"name\":\"Camping Lac de la Seigneurie\",\"url\":\"https:\/\/camping-lac-seigneurie.com\/es\/\",\"logo\":{\"@type\":\"ImageObject\",\"inLanguage\":\"es\",\"@id\":\"https:\/\/camping-lac-seigneurie.com\/es\/#\/schema\/logo\/image\/\",\"url\":\"https:\/\/camping-lac-seigneurie.com\/wp-content\/uploads\/2022\/07\/lac-de-la-seigneurie-logo-fond-blanc.jpg\",\"contentUrl\":\"https:\/\/camping-lac-seigneurie.com\/wp-content\/uploads\/2022\/07\/lac-de-la-seigneurie-logo-fond-blanc.jpg\",\"width\":800,\"height\":325,\"caption\":\"Camping Lac de la Seigneurie\"},\"image\":{\"@id\":\"https:\/\/camping-lac-seigneurie.com\/es\/#\/schema\/logo\/image\/\"}}]}<\/script>\n<!-- \/ Yoast SEO plugin. -->","yoast_head_json":{"title":"Camping en los Vosgos","description":"\u00bfQuiere pasar sus vacaciones en los Vosgos? Alquile una c\u00f3moda casa m\u00f3vil en el camping La Rivi\u00e8re, situado a los pies de los Vosgos.","robots":{"index":"index","follow":"follow","max-snippet":"max-snippet:-1","max-image-preview":"max-image-preview:large","max-video-preview":"max-video-preview:-1"},"canonical":"https:\/\/camping-lac-seigneurie.com\/es\/camping-los-vosges\/","og_locale":"es_ES","og_type":"article","og_title":"Camping en los Vosgos","og_description":"\u00bfQuiere pasar sus vacaciones en los Vosgos? Alquile una c\u00f3moda casa m\u00f3vil en el camping La Rivi\u00e8re, situado a los pies de los Vosgos.","og_url":"https:\/\/camping-lac-seigneurie.com\/es\/camping-los-vosges\/","og_site_name":"Camping du Lac de la Seigneurie","article_modified_time":"2022-06-20T14:46:40+00:00","og_image":[{"width":1900,"height":710,"url":"https:\/\/camping-lac-seigneurie.com\/wp-content\/uploads\/2022\/06\/massif-des-vosges-montagnes.jpg","type":"image\/jpeg"}],"twitter_card":"summary_large_image","twitter_misc":{"Tiempo de lectura":"5 minutos"},"schema":{"@context":"https:\/\/schema.org","@graph":[{"@type":"WebPage","@id":"https:\/\/camping-lac-seigneurie.com\/es\/camping-los-vosges\/","url":"https:\/\/camping-lac-seigneurie.com\/es\/camping-los-vosges\/","name":"Camping en los Vosgos","isPartOf":{"@id":"https:\/\/camping-lac-seigneurie.com\/es\/#website"},"primaryImageOfPage":{"@id":"https:\/\/camping-lac-seigneurie.com\/es\/camping-los-vosges\/#primaryimage"},"image":{"@id":"https:\/\/camping-lac-seigneurie.com\/es\/camping-los-vosges\/#primaryimage"},"thumbnailUrl":"https:\/\/camping-lac-seigneurie.com\/wp-content\/uploads\/2022\/06\/massif-des-vosges-montagnes.jpg","datePublished":"2022-05-11T09:13:25+00:00","dateModified":"2022-06-20T14:46:40+00:00","description":"\u00bfQuiere pasar sus vacaciones en los Vosgos? Alquile una c\u00f3moda casa m\u00f3vil en el camping La Rivi\u00e8re, situado a los pies de los Vosgos.","breadcrumb":{"@id":"https:\/\/camping-lac-seigneurie.com\/es\/camping-los-vosges\/#breadcrumb"},"inLanguage":"es","potentialAction":[{"@type":"ReadAction","target":["https:\/\/camping-lac-seigneurie.com\/es\/camping-los-vosges\/"]}]},{"@type":"ImageObject","inLanguage":"es","@id":"https:\/\/camping-lac-seigneurie.com\/es\/camping-los-vosges\/#primaryimage","url":"https:\/\/camping-lac-seigneurie.com\/wp-content\/uploads\/2022\/06\/massif-des-vosges-montagnes.jpg","contentUrl":"https:\/\/camping-lac-seigneurie.com\/wp-content\/uploads\/2022\/06\/massif-des-vosges-montagnes.jpg","width":1900,"height":710,"caption":"massif des vosges montagnes"},{"@type":"BreadcrumbList","@id":"https:\/\/camping-lac-seigneurie.com\/es\/camping-los-vosges\/#breadcrumb","itemListElement":[{"@type":"ListItem","position":1,"name":"Camping Franche-Comt\u00e9","item":"https:\/\/camping-lac-seigneurie.com\/es\/"},{"@type":"ListItem","position":2,"name":"Turismo y camping en los Vosgos"}]},{"@type":"WebSite","@id":"https:\/\/camping-lac-seigneurie.com\/es\/#website","url":"https:\/\/camping-lac-seigneurie.com\/es\/","name":"Camping du Lac de la Seigneurie","description":"","publisher":{"@id":"https:\/\/camping-lac-seigneurie.com\/es\/#organization"},"potentialAction":[{"@type":"SearchAction","target":{"@type":"EntryPoint","urlTemplate":"https:\/\/camping-lac-seigneurie.com\/es\/?s={search_term_string}"},"query-input":{"@type":"PropertyValueSpecification","valueRequired":true,"valueName":"search_term_string"}}],"inLanguage":"es"},{"@type":"Organization","@id":"https:\/\/camping-lac-seigneurie.com\/es\/#organization","name":"Camping Lac de la Seigneurie","url":"https:\/\/camping-lac-seigneurie.com\/es\/","logo":{"@type":"ImageObject","inLanguage":"es","@id":"https:\/\/camping-lac-seigneurie.com\/es\/#\/schema\/logo\/image\/","url":"https:\/\/camping-lac-seigneurie.com\/wp-content\/uploads\/2022\/07\/lac-de-la-seigneurie-logo-fond-blanc.jpg","contentUrl":"https:\/\/camping-lac-seigneurie.com\/wp-content\/uploads\/2022\/07\/lac-de-la-seigneurie-logo-fond-blanc.jpg","width":800,"height":325,"caption":"Camping Lac de la Seigneurie"},"image":{"@id":"https:\/\/camping-lac-seigneurie.com\/es\/#\/schema\/logo\/image\/"}}]}},"_links":{"self":[{"href":"https:\/\/camping-lac-seigneurie.com\/es\/wp-json\/wp\/v2\/pages\/3369","targetHints":{"allow":["GET"]}}],"collection":[{"href":"https:\/\/camping-lac-seigneurie.com\/es\/wp-json\/wp\/v2\/pages"}],"about":[{"href":"https:\/\/camping-lac-seigneurie.com\/es\/wp-json\/wp\/v2\/types\/page"}],"author":[{"embeddable":true,"href":"https:\/\/camping-lac-seigneurie.com\/es\/wp-json\/wp\/v2\/users\/1"}],"replies":[{"embeddable":true,"href":"https:\/\/camping-lac-seigneurie.com\/es\/wp-json\/wp\/v2\/comments?post=3369"}],"version-history":[{"count":3,"href":"https:\/\/camping-lac-seigneurie.com\/es\/wp-json\/wp\/v2\/pages\/3369\/revisions"}],"predecessor-version":[{"id":3379,"href":"https:\/\/camping-lac-seigneurie.com\/es\/wp-json\/wp\/v2\/pages\/3369\/revisions\/3379"}],"wp:featuredmedia":[{"embeddable":true,"href":"https:\/\/camping-lac-seigneurie.com\/es\/wp-json\/wp\/v2\/media\/2500"}],"wp:attachment":[{"href":"https:\/\/camping-lac-seigneurie.com\/es\/wp-json\/wp\/v2\/media?parent=3369"}],"wp:term":[{"taxonomy":"sujet","embeddable":true,"href":"https:\/\/camping-lac-seigneurie.com\/es\/wp-json\/wp\/v2\/sujet?post=3369"}],"curies":[{"name":"wp","href":"https:\/\/api.w.org\/{rel}","templated":true}]}}