{"id":3403,"date":"2022-05-11T11:12:03","date_gmt":"2022-05-11T09:12:03","guid":{"rendered":"https:\/\/camping-lac-seigneurie.com\/camping-mulhouse\/"},"modified":"2022-06-21T09:28:15","modified_gmt":"2022-06-21T07:28:15","slug":"camping-de-mulhouse","status":"publish","type":"page","link":"https:\/\/camping-lac-seigneurie.com\/es\/camping-de-mulhouse\/","title":{"rendered":"Mulhouse"},"content":{"rendered":"<section id=\"ls-section-block_626020254a858\" class=\"ls-section  page-one has-p-t p-t-8 has-p-b p-b-14\" >\n        <div class=\"container container--wide\">\n        \n\n<div class=\"wp-block-columns is-layout-flex wp-container-core-columns-is-layout-9d6595d7 wp-block-columns-is-layout-flex\">\n<div class=\"wp-block-column is-vertically-aligned-top animated fadeInLeft delay-200ms is-layout-flow wp-block-column-is-layout-flow\">\n<figure class=\"wp-block-image size-full\"><a href=\"https:\/\/camping-lac-seigneurie.com\/wp-content\/uploads\/2022\/06\/mulhouse-centre-ville.jpg\"><img loading=\"lazy\" decoding=\"async\" width=\"700\" height=\"466\" src=\"https:\/\/camping-lac-seigneurie.com\/wp-content\/uploads\/2022\/06\/mulhouse-centre-ville.jpg\" alt=\"mulhouse centre ville\" class=\"wp-image-2769\" srcset=\"https:\/\/camping-lac-seigneurie.com\/wp-content\/uploads\/2022\/06\/mulhouse-centre-ville.jpg 700w, https:\/\/camping-lac-seigneurie.com\/wp-content\/uploads\/2022\/06\/mulhouse-centre-ville-300x200.jpg 300w\" sizes=\"auto, (max-width: 700px) 100vw, 700px\" \/><\/a><\/figure>\n\n\n\n<figure class=\"wp-block-image size-full\"><a href=\"https:\/\/camping-lac-seigneurie.com\/wp-content\/uploads\/2022\/06\/mulhouse-tourisme-ville.jpg\"><img loading=\"lazy\" decoding=\"async\" width=\"700\" height=\"466\" src=\"https:\/\/camping-lac-seigneurie.com\/wp-content\/uploads\/2022\/06\/mulhouse-tourisme-ville.jpg\" alt=\"mulhouse tourisme ville\" class=\"wp-image-2773\" srcset=\"https:\/\/camping-lac-seigneurie.com\/wp-content\/uploads\/2022\/06\/mulhouse-tourisme-ville.jpg 700w, https:\/\/camping-lac-seigneurie.com\/wp-content\/uploads\/2022\/06\/mulhouse-tourisme-ville-300x200.jpg 300w\" sizes=\"auto, (max-width: 700px) 100vw, 700px\" \/><\/a><\/figure>\n<\/div>\n\n\n\n<div class=\"wp-block-column is-vertically-aligned-center is-layout-flow wp-block-column-is-layout-flow\">\n<h1 class=\"ls-heading wp-block-heading\">Descubra el camping a 30 minutos de Mulhouse<\/h1>\n\n\n\n<h2 class=\"ls-heading wp-block-heading\">\u00bfC\u00f3mo llegar a Mulhouse desde el camping?<\/h2>\n\n\n\n<p class=\"ls-paragraph\">Aproveche su estancia en el camping Lac de la Seigneurie para visitar Mulhouse (a una media hora). Situada entre el Rin y los Vosgos, en el coraz\u00f3n de tres fronteras europeas, Mulhouse goza de una situaci\u00f3n geogr\u00e1fica privilegiada. Ofrece todos los encantos de Alsacia.\u00a0<\/p>\n\n\n\n<h2 class=\"ls-heading wp-block-heading\">Alquile un alojamiento para sus vacaciones de camping en Mulhouse<\/h2>\n\n\n\n<p class=\"ls-paragraph\">Mulhouse, galardonada con el sello de \u00abVille d&#8217;art et d&#8217;histoire\u00bb (Ciudad de arte e historia), revela sus encantos a lo largo de sus distintos barrios, sin dejar de sorprender al visitante: vidrieras del siglo XIV, fachadas de estilo renacentista renano, palacetes, antiguas f\u00e1bricas de ladrillo rehabilitadas, parques y jardines heredados de siglos pasados, pero tambi\u00e9n museos excepcionales. Su pasado industrial hace de Mulhouse la capital europea de los museos t\u00e9cnicos.<\/p>\n<\/div>\n<\/div>\n\n\n    <\/div>\n<\/section>\n\n<section id=\"ls-section-block_6261422f8a71c\" class=\"ls-section  page-three has-p-t p-t-14 has-p-b p-b-14\" >\n        <div class=\"container container--wide\">\n        \n\n<div class=\"wp-block-columns is-layout-flex wp-container-core-columns-is-layout-9d6595d7 wp-block-columns-is-layout-flex\">\n<div class=\"wp-block-column animated fadeInUp delay-200ms is-layout-flow wp-block-column-is-layout-flow\">\n<figure class=\"wp-block-image size-full\"><a href=\"https:\/\/camping-lac-seigneurie.com\/wp-content\/uploads\/2022\/06\/vacances-a-mulhouse.jpg\"><img loading=\"lazy\" decoding=\"async\" width=\"700\" height=\"466\" src=\"https:\/\/camping-lac-seigneurie.com\/wp-content\/uploads\/2022\/06\/vacances-a-mulhouse.jpg\" alt=\"vacances a mulhouse\" class=\"wp-image-2777\" srcset=\"https:\/\/camping-lac-seigneurie.com\/wp-content\/uploads\/2022\/06\/vacances-a-mulhouse.jpg 700w, https:\/\/camping-lac-seigneurie.com\/wp-content\/uploads\/2022\/06\/vacances-a-mulhouse-300x200.jpg 300w\" sizes=\"auto, (max-width: 700px) 100vw, 700px\" \/><\/a><\/figure>\n\n\n\n<h2 class=\"ls__heading has-text-align-center wp-block-heading\">Qu\u00e9 ver durante sus vacaciones de camping en Mulhouse<\/h2>\n\n\n\n<p class=\"ls-paragraph\">No se pierda: la ciudad de los coches y los trenes, el parque zool\u00f3gico y bot\u00e1nico, el Museo de Bellas Artes, el Museo de la Estampaci\u00f3n de Telas, el Museo EDF Electropolis.<\/p>\n\n\n\n<p class=\"ls-paragraph\">En los alrededores: el Ecomuseo de Alsacia, el Parque Wesserling, el Parque del Principito (parque de atracciones para ni\u00f1os &#8211; entradas a la venta en el camping).<\/p>\n<\/div>\n\n\n\n<div class=\"wp-block-column animated fadeInUp delay-200ms is-layout-flow wp-block-column-is-layout-flow\">\n<figure class=\"wp-block-image size-full\"><a href=\"https:\/\/camping-lac-seigneurie.com\/wp-content\/uploads\/2022\/06\/vacances-colmar-tourisme.jpg\"><img loading=\"lazy\" decoding=\"async\" width=\"700\" height=\"466\" src=\"https:\/\/camping-lac-seigneurie.com\/wp-content\/uploads\/2022\/06\/vacances-colmar-tourisme.jpg\" alt=\"vacances colmar tourisme\" class=\"wp-image-2786\" srcset=\"https:\/\/camping-lac-seigneurie.com\/wp-content\/uploads\/2022\/06\/vacances-colmar-tourisme.jpg 700w, https:\/\/camping-lac-seigneurie.com\/wp-content\/uploads\/2022\/06\/vacances-colmar-tourisme-300x200.jpg 300w\" sizes=\"auto, (max-width: 700px) 100vw, 700px\" \/><\/a><\/figure>\n\n\n\n<h2 class=\"ls__heading has-text-align-center wp-block-heading\">Colmar<\/h2>\n\n\n\n<p class=\"ls-paragraph\">A s\u00f3lo \u00be de hora del <a href=\"\/es\/\">camping Lac de la Seigneurie<\/a>, Colmar es un destino imprescindible. Capital de los vinos de Alsacia, Colmar le invita a sumergirse en una versi\u00f3n condensada de Alsacia con sus casas tradicionales, sus canales, sus flores, su sabrosa gastronom\u00eda y sus renombrados vinos finos.<\/p>\n\n\n\n<p class=\"ls-paragraph\">No hay que perderse: El barrio de la Peque\u00f1a Venecia y sus canales, el centro hist\u00f3rico con sus casas de entramado de madera, el Museo Unterlinden, el Museo Bartholdi\u2026<\/p>\n<\/div>\n<\/div>\n\n\n    <\/div>\n<\/section>\n\n<section id=\"ls-section-block_626146cd8a721\" class=\"ls-section  has-p-b p-b-14\" >\n        <div class=\"container container--wide\">\n        \n\n<div id=\"ls-heading ls-titre-div-block_626146de8a722\" class=\"ls-titre-div aligncenter h2-like\" >\n    Descubrir Alsacia y los Vosgos<\/div>\n\n\n<div id=\"ls-maillage-block_626147008a723\" class=\"ls-maillage cta-style-normal\" data-rows=\"3\">\n    <div class=\"wp-block-columns\"><div class=\"wp-block-column\">\n\n<a href=\"https:\/\/camping-lac-seigneurie.com\/es\/camping-cerrar-alemania\/\" target=\"\" rel=\"noopener\" class=\"ls-cta__link\">\n\n\t<div class=\"ls-cta__image\"><img decoding=\"async\" src=\"https:\/\/camping-lac-seigneurie.com\/wp-content\/uploads\/2022\/06\/tourisme-a-bad-krozingen.jpg\" alt=\"tourisme a bad krozingen\"><\/div>\n\t<div class=\"ls-cta__title animated fadeIn slow delay-400ms\">\n\t\tAlemania\t<\/div>\n\n\t\t\n<\/a><\/div><div class=\"wp-block-column\">\n\n<a href=\"https:\/\/camping-lac-seigneurie.com\/es\/camping-en-alsace\/\" target=\"\" rel=\"noopener\" class=\"ls-cta__link\">\n\n\t<div class=\"ls-cta__image\"><img decoding=\"async\" src=\"https:\/\/camping-lac-seigneurie.com\/wp-content\/uploads\/2022\/06\/tourisme-alsace-vacances-camping.jpg\" alt=\"tourisme alsace vacances camping\"><\/div>\n\t<div class=\"ls-cta__title animated fadeIn slow delay-400ms\">\n\t\tAlsace\t<\/div>\n\n\t\t\n<\/a><\/div><div class=\"wp-block-column\">\n\n<a href=\"https:\/\/camping-lac-seigneurie.com\/es\/camping-los-vosges\/\" target=\"\" rel=\"noopener\" class=\"ls-cta__link\">\n\n\t<div class=\"ls-cta__image\"><img decoding=\"async\" src=\"https:\/\/camping-lac-seigneurie.com\/wp-content\/uploads\/2022\/06\/les-vosges-randonnees.jpg\" alt=\"les vosges randonnees\"><\/div>\n\t<div class=\"ls-cta__title animated fadeIn slow delay-400ms\">\n\t\tVosges\t<\/div>\n\n\t\t\n<\/a><\/div><\/div><\/div>\n\n    <\/div>\n<\/section>","protected":false},"excerpt":{"rendered":"","protected":false},"author":1,"featured_media":2781,"parent":0,"menu_order":0,"comment_status":"closed","ping_status":"closed","template":"","meta":{"_acf_changed":false,"footnotes":""},"sujet":[],"class_list":["post-3403","page","type-page","status-publish","has-post-thumbnail","hentry"],"acf":[],"yoast_head":"<!-- This site is optimized with the Yoast SEO plugin v25.3 - https:\/\/yoast.com\/wordpress\/plugins\/seo\/ -->\n<title>Camping Mulhouse | Alquiler de casas m\u00f3viles en Mulhouse<\/title>\n<meta name=\"description\" content=\"\u00bfQuiere pasar sus vacaciones en Alsacia? Alquile una c\u00f3moda casa m\u00f3vil en el camping La Rivi\u00e8re, situado a 30 minutos de Mulhouse.\" \/>\n<meta name=\"robots\" content=\"index, follow, max-snippet:-1, max-image-preview:large, max-video-preview:-1\" \/>\n<link rel=\"canonical\" href=\"https:\/\/camping-lac-seigneurie.com\/es\/camping-de-mulhouse\/\" \/>\n<meta property=\"og:locale\" content=\"es_ES\" \/>\n<meta property=\"og:type\" content=\"article\" \/>\n<meta property=\"og:title\" content=\"Camping Mulhouse | Alquiler de casas m\u00f3viles en Mulhouse\" \/>\n<meta property=\"og:description\" content=\"\u00bfQuiere pasar sus vacaciones en Alsacia? Alquile una c\u00f3moda casa m\u00f3vil en el camping La Rivi\u00e8re, situado a 30 minutos de Mulhouse.\" \/>\n<meta property=\"og:url\" content=\"https:\/\/camping-lac-seigneurie.com\/es\/camping-de-mulhouse\/\" \/>\n<meta property=\"og:site_name\" content=\"Camping du Lac de la Seigneurie\" \/>\n<meta property=\"article:modified_time\" content=\"2022-06-21T07:28:15+00:00\" \/>\n<meta property=\"og:image\" content=\"https:\/\/camping-lac-seigneurie.com\/wp-content\/uploads\/2022\/06\/vacances-tourisme-mulhouse.jpg\" \/>\n\t<meta property=\"og:image:width\" content=\"1903\" \/>\n\t<meta property=\"og:image:height\" content=\"650\" \/>\n\t<meta property=\"og:image:type\" content=\"image\/jpeg\" \/>\n<meta name=\"twitter:card\" content=\"summary_large_image\" \/>\n<meta name=\"twitter:label1\" content=\"Tiempo de lectura\" \/>\n\t<meta name=\"twitter:data1\" content=\"3 minutos\" \/>\n<script type=\"application\/ld+json\" class=\"yoast-schema-graph\">{\"@context\":\"https:\/\/schema.org\",\"@graph\":[{\"@type\":\"WebPage\",\"@id\":\"https:\/\/camping-lac-seigneurie.com\/es\/camping-de-mulhouse\/\",\"url\":\"https:\/\/camping-lac-seigneurie.com\/es\/camping-de-mulhouse\/\",\"name\":\"Camping Mulhouse | Alquiler de casas m\u00f3viles en Mulhouse\",\"isPartOf\":{\"@id\":\"https:\/\/camping-lac-seigneurie.com\/es\/#website\"},\"primaryImageOfPage\":{\"@id\":\"https:\/\/camping-lac-seigneurie.com\/es\/camping-de-mulhouse\/#primaryimage\"},\"image\":{\"@id\":\"https:\/\/camping-lac-seigneurie.com\/es\/camping-de-mulhouse\/#primaryimage\"},\"thumbnailUrl\":\"https:\/\/camping-lac-seigneurie.com\/wp-content\/uploads\/2022\/06\/vacances-tourisme-mulhouse.jpg\",\"datePublished\":\"2022-05-11T09:12:03+00:00\",\"dateModified\":\"2022-06-21T07:28:15+00:00\",\"description\":\"\u00bfQuiere pasar sus vacaciones en Alsacia? Alquile una c\u00f3moda casa m\u00f3vil en el camping La Rivi\u00e8re, situado a 30 minutos de Mulhouse.\",\"breadcrumb\":{\"@id\":\"https:\/\/camping-lac-seigneurie.com\/es\/camping-de-mulhouse\/#breadcrumb\"},\"inLanguage\":\"es\",\"potentialAction\":[{\"@type\":\"ReadAction\",\"target\":[\"https:\/\/camping-lac-seigneurie.com\/es\/camping-de-mulhouse\/\"]}]},{\"@type\":\"ImageObject\",\"inLanguage\":\"es\",\"@id\":\"https:\/\/camping-lac-seigneurie.com\/es\/camping-de-mulhouse\/#primaryimage\",\"url\":\"https:\/\/camping-lac-seigneurie.com\/wp-content\/uploads\/2022\/06\/vacances-tourisme-mulhouse.jpg\",\"contentUrl\":\"https:\/\/camping-lac-seigneurie.com\/wp-content\/uploads\/2022\/06\/vacances-tourisme-mulhouse.jpg\",\"width\":1903,\"height\":650,\"caption\":\"vacances tourisme mulhouse\"},{\"@type\":\"BreadcrumbList\",\"@id\":\"https:\/\/camping-lac-seigneurie.com\/es\/camping-de-mulhouse\/#breadcrumb\",\"itemListElement\":[{\"@type\":\"ListItem\",\"position\":1,\"name\":\"Camping Franche-Comt\u00e9\",\"item\":\"https:\/\/camping-lac-seigneurie.com\/es\/\"},{\"@type\":\"ListItem\",\"position\":2,\"name\":\"Turismo y camping en Mulhouse\"}]},{\"@type\":\"WebSite\",\"@id\":\"https:\/\/camping-lac-seigneurie.com\/es\/#website\",\"url\":\"https:\/\/camping-lac-seigneurie.com\/es\/\",\"name\":\"Camping du Lac de la Seigneurie\",\"description\":\"\",\"publisher\":{\"@id\":\"https:\/\/camping-lac-seigneurie.com\/es\/#organization\"},\"potentialAction\":[{\"@type\":\"SearchAction\",\"target\":{\"@type\":\"EntryPoint\",\"urlTemplate\":\"https:\/\/camping-lac-seigneurie.com\/es\/?s={search_term_string}\"},\"query-input\":{\"@type\":\"PropertyValueSpecification\",\"valueRequired\":true,\"valueName\":\"search_term_string\"}}],\"inLanguage\":\"es\"},{\"@type\":\"Organization\",\"@id\":\"https:\/\/camping-lac-seigneurie.com\/es\/#organization\",\"name\":\"Camping Lac de la Seigneurie\",\"url\":\"https:\/\/camping-lac-seigneurie.com\/es\/\",\"logo\":{\"@type\":\"ImageObject\",\"inLanguage\":\"es\",\"@id\":\"https:\/\/camping-lac-seigneurie.com\/es\/#\/schema\/logo\/image\/\",\"url\":\"https:\/\/camping-lac-seigneurie.com\/wp-content\/uploads\/2022\/07\/lac-de-la-seigneurie-logo-fond-blanc.jpg\",\"contentUrl\":\"https:\/\/camping-lac-seigneurie.com\/wp-content\/uploads\/2022\/07\/lac-de-la-seigneurie-logo-fond-blanc.jpg\",\"width\":800,\"height\":325,\"caption\":\"Camping Lac de la Seigneurie\"},\"image\":{\"@id\":\"https:\/\/camping-lac-seigneurie.com\/es\/#\/schema\/logo\/image\/\"}}]}<\/script>\n<!-- \/ Yoast SEO plugin. -->","yoast_head_json":{"title":"Camping Mulhouse | Alquiler de casas m\u00f3viles en Mulhouse","description":"\u00bfQuiere pasar sus vacaciones en Alsacia? Alquile una c\u00f3moda casa m\u00f3vil en el camping La Rivi\u00e8re, situado a 30 minutos de Mulhouse.","robots":{"index":"index","follow":"follow","max-snippet":"max-snippet:-1","max-image-preview":"max-image-preview:large","max-video-preview":"max-video-preview:-1"},"canonical":"https:\/\/camping-lac-seigneurie.com\/es\/camping-de-mulhouse\/","og_locale":"es_ES","og_type":"article","og_title":"Camping Mulhouse | Alquiler de casas m\u00f3viles en Mulhouse","og_description":"\u00bfQuiere pasar sus vacaciones en Alsacia? Alquile una c\u00f3moda casa m\u00f3vil en el camping La Rivi\u00e8re, situado a 30 minutos de Mulhouse.","og_url":"https:\/\/camping-lac-seigneurie.com\/es\/camping-de-mulhouse\/","og_site_name":"Camping du Lac de la Seigneurie","article_modified_time":"2022-06-21T07:28:15+00:00","og_image":[{"width":1903,"height":650,"url":"https:\/\/camping-lac-seigneurie.com\/wp-content\/uploads\/2022\/06\/vacances-tourisme-mulhouse.jpg","type":"image\/jpeg"}],"twitter_card":"summary_large_image","twitter_misc":{"Tiempo de lectura":"3 minutos"},"schema":{"@context":"https:\/\/schema.org","@graph":[{"@type":"WebPage","@id":"https:\/\/camping-lac-seigneurie.com\/es\/camping-de-mulhouse\/","url":"https:\/\/camping-lac-seigneurie.com\/es\/camping-de-mulhouse\/","name":"Camping Mulhouse | Alquiler de casas m\u00f3viles en Mulhouse","isPartOf":{"@id":"https:\/\/camping-lac-seigneurie.com\/es\/#website"},"primaryImageOfPage":{"@id":"https:\/\/camping-lac-seigneurie.com\/es\/camping-de-mulhouse\/#primaryimage"},"image":{"@id":"https:\/\/camping-lac-seigneurie.com\/es\/camping-de-mulhouse\/#primaryimage"},"thumbnailUrl":"https:\/\/camping-lac-seigneurie.com\/wp-content\/uploads\/2022\/06\/vacances-tourisme-mulhouse.jpg","datePublished":"2022-05-11T09:12:03+00:00","dateModified":"2022-06-21T07:28:15+00:00","description":"\u00bfQuiere pasar sus vacaciones en Alsacia? Alquile una c\u00f3moda casa m\u00f3vil en el camping La Rivi\u00e8re, situado a 30 minutos de Mulhouse.","breadcrumb":{"@id":"https:\/\/camping-lac-seigneurie.com\/es\/camping-de-mulhouse\/#breadcrumb"},"inLanguage":"es","potentialAction":[{"@type":"ReadAction","target":["https:\/\/camping-lac-seigneurie.com\/es\/camping-de-mulhouse\/"]}]},{"@type":"ImageObject","inLanguage":"es","@id":"https:\/\/camping-lac-seigneurie.com\/es\/camping-de-mulhouse\/#primaryimage","url":"https:\/\/camping-lac-seigneurie.com\/wp-content\/uploads\/2022\/06\/vacances-tourisme-mulhouse.jpg","contentUrl":"https:\/\/camping-lac-seigneurie.com\/wp-content\/uploads\/2022\/06\/vacances-tourisme-mulhouse.jpg","width":1903,"height":650,"caption":"vacances tourisme mulhouse"},{"@type":"BreadcrumbList","@id":"https:\/\/camping-lac-seigneurie.com\/es\/camping-de-mulhouse\/#breadcrumb","itemListElement":[{"@type":"ListItem","position":1,"name":"Camping Franche-Comt\u00e9","item":"https:\/\/camping-lac-seigneurie.com\/es\/"},{"@type":"ListItem","position":2,"name":"Turismo y camping en Mulhouse"}]},{"@type":"WebSite","@id":"https:\/\/camping-lac-seigneurie.com\/es\/#website","url":"https:\/\/camping-lac-seigneurie.com\/es\/","name":"Camping du Lac de la Seigneurie","description":"","publisher":{"@id":"https:\/\/camping-lac-seigneurie.com\/es\/#organization"},"potentialAction":[{"@type":"SearchAction","target":{"@type":"EntryPoint","urlTemplate":"https:\/\/camping-lac-seigneurie.com\/es\/?s={search_term_string}"},"query-input":{"@type":"PropertyValueSpecification","valueRequired":true,"valueName":"search_term_string"}}],"inLanguage":"es"},{"@type":"Organization","@id":"https:\/\/camping-lac-seigneurie.com\/es\/#organization","name":"Camping Lac de la Seigneurie","url":"https:\/\/camping-lac-seigneurie.com\/es\/","logo":{"@type":"ImageObject","inLanguage":"es","@id":"https:\/\/camping-lac-seigneurie.com\/es\/#\/schema\/logo\/image\/","url":"https:\/\/camping-lac-seigneurie.com\/wp-content\/uploads\/2022\/07\/lac-de-la-seigneurie-logo-fond-blanc.jpg","contentUrl":"https:\/\/camping-lac-seigneurie.com\/wp-content\/uploads\/2022\/07\/lac-de-la-seigneurie-logo-fond-blanc.jpg","width":800,"height":325,"caption":"Camping Lac de la Seigneurie"},"image":{"@id":"https:\/\/camping-lac-seigneurie.com\/es\/#\/schema\/logo\/image\/"}}]}},"_links":{"self":[{"href":"https:\/\/camping-lac-seigneurie.com\/es\/wp-json\/wp\/v2\/pages\/3403","targetHints":{"allow":["GET"]}}],"collection":[{"href":"https:\/\/camping-lac-seigneurie.com\/es\/wp-json\/wp\/v2\/pages"}],"about":[{"href":"https:\/\/camping-lac-seigneurie.com\/es\/wp-json\/wp\/v2\/types\/page"}],"author":[{"embeddable":true,"href":"https:\/\/camping-lac-seigneurie.com\/es\/wp-json\/wp\/v2\/users\/1"}],"replies":[{"embeddable":true,"href":"https:\/\/camping-lac-seigneurie.com\/es\/wp-json\/wp\/v2\/comments?post=3403"}],"version-history":[{"count":2,"href":"https:\/\/camping-lac-seigneurie.com\/es\/wp-json\/wp\/v2\/pages\/3403\/revisions"}],"predecessor-version":[{"id":3412,"href":"https:\/\/camping-lac-seigneurie.com\/es\/wp-json\/wp\/v2\/pages\/3403\/revisions\/3412"}],"wp:featuredmedia":[{"embeddable":true,"href":"https:\/\/camping-lac-seigneurie.com\/es\/wp-json\/wp\/v2\/media\/2781"}],"wp:attachment":[{"href":"https:\/\/camping-lac-seigneurie.com\/es\/wp-json\/wp\/v2\/media?parent=3403"}],"wp:term":[{"taxonomy":"sujet","embeddable":true,"href":"https:\/\/camping-lac-seigneurie.com\/es\/wp-json\/wp\/v2\/sujet?post=3403"}],"curies":[{"name":"wp","href":"https:\/\/api.w.org\/{rel}","templated":true}]}}