{"id":3463,"date":"2022-05-10T16:00:58","date_gmt":"2022-05-10T14:00:58","guid":{"rendered":"https:\/\/camping-lac-seigneurie.com\/camping-territoire-belfort\/"},"modified":"2022-06-24T13:59:58","modified_gmt":"2022-06-24T11:59:58","slug":"camping-territorio-belfort","status":"publish","type":"page","link":"https:\/\/camping-lac-seigneurie.com\/es\/camping-territorio-belfort\/","title":{"rendered":"Territoire de Belfort"},"content":{"rendered":"<section id=\"ls-section-block_626020254a858\" class=\"ls-section  page-one has-p-t p-t-8 has-p-b p-b-14\" >\n        <div class=\"container container--wide\">\n        \n\n<div class=\"wp-block-columns is-layout-flex wp-container-core-columns-is-layout-9d6595d7 wp-block-columns-is-layout-flex\">\n<div class=\"wp-block-column is-vertically-aligned-top animated fadeInLeft delay-200ms is-layout-flow wp-block-column-is-layout-flow\">\n<figure class=\"wp-block-image size-full\"><a href=\"https:\/\/camping-lac-seigneurie.com\/wp-content\/uploads\/2022\/05\/citadelle-lion-de-belfort-tourisme.jpg\"><img loading=\"lazy\" decoding=\"async\" width=\"800\" height=\"560\" src=\"https:\/\/camping-lac-seigneurie.com\/wp-content\/uploads\/2022\/05\/citadelle-lion-de-belfort-tourisme.jpg\" alt=\"citadelle lion de belfort tourisme\" class=\"wp-image-1727\" srcset=\"https:\/\/camping-lac-seigneurie.com\/wp-content\/uploads\/2022\/05\/citadelle-lion-de-belfort-tourisme.jpg 800w, https:\/\/camping-lac-seigneurie.com\/wp-content\/uploads\/2022\/05\/citadelle-lion-de-belfort-tourisme-300x210.jpg 300w, https:\/\/camping-lac-seigneurie.com\/wp-content\/uploads\/2022\/05\/citadelle-lion-de-belfort-tourisme-768x538.jpg 768w\" sizes=\"auto, (max-width: 800px) 100vw, 800px\" \/><\/a><\/figure>\n\n\n\n<figure class=\"wp-block-image size-full\"><a href=\"https:\/\/camping-lac-seigneurie.com\/wp-content\/uploads\/2022\/05\/festival-rock-eurockeennes-belfort.jpg\"><img loading=\"lazy\" decoding=\"async\" width=\"800\" height=\"560\" src=\"https:\/\/camping-lac-seigneurie.com\/wp-content\/uploads\/2022\/05\/festival-rock-eurockeennes-belfort.jpg\" alt=\"festival rock eurockeennes belfort\" class=\"wp-image-1732\" srcset=\"https:\/\/camping-lac-seigneurie.com\/wp-content\/uploads\/2022\/05\/festival-rock-eurockeennes-belfort.jpg 800w, https:\/\/camping-lac-seigneurie.com\/wp-content\/uploads\/2022\/05\/festival-rock-eurockeennes-belfort-300x210.jpg 300w, https:\/\/camping-lac-seigneurie.com\/wp-content\/uploads\/2022\/05\/festival-rock-eurockeennes-belfort-768x538.jpg 768w\" sizes=\"auto, (max-width: 800px) 100vw, 800px\" \/><\/a><\/figure>\n<\/div>\n\n\n\n<div class=\"wp-block-column is-vertically-aligned-center is-layout-flow wp-block-column-is-layout-flow\">\n<h1 class=\"ls-heading wp-block-heading\">Descubra el camping Lac de Seigneurie en la regi\u00f3n de Belfort<\/h1>\n\n\n\n<h2 class=\"ls-heading wp-block-heading\">\u00bfQu\u00e9 visitar durante su estancia en Belfort?<\/h2>\n\n\n\n<p class=\"ls-paragraph\">Desde el camping Lac de la Seigneurie, salga a descubrir el Territorio de Belfort y la ciudad de Belfort (a 15 km), una tierra de contrastes con una gran riqueza patrimonial, donde descubrir\u00e1 todos los secretos de la inexpugnable Ciudadela de Belfort, obra maestra de Vauban. Ya sea un aficionado a la historia o un simple curioso, podr\u00e1 admirar la fortaleza as\u00ed como la ciudad y sus alrededores desde la terraza panor\u00e1mica o con el peque\u00f1o tren tur\u00edstico de Belfort. Al pie de la ciudadela se encuentra el famoso Le\u00f3n de Bartholdi, creado por Fr\u00e9d\u00e9ric Auguste Bartholdi en 1880. Es un s\u00edmbolo de la libertad y de la resistencia de las tropas de Belfort contra el ej\u00e9rcito prusiano. Hoy es el emblema de la ciudad de Belfort y es uno de los monumentos favoritos de los franceses.<\/p>\n\n\n\n<p class=\"ls-paragraph\">En el casco antiguo, descubrir\u00e1 algunos edificios interesantes y atractivos, pero tambi\u00e9n las grandes plazas p\u00fablicas con caf\u00e9s, bares y restaurantes donde podr\u00e1 degustar la cocina franco-comunitaria.&nbsp;<\/p>\n\n\n\n<p class=\"ls-paragraph\">Eventos que no hay que perderse a lo largo del a\u00f1o, como<\/p>\n\n\n\n<ul class=\"ls-list wp-block-list\"><li>las Eurock\u00e9ennes de Belfort en julio, uno de los festivales de rock m\u00e1s famosos de Francia<\/li><li>el \u00abFestival Internacional de M\u00fasica Universitaria\u00bb de la FIMU<\/li><li>el \u00abmes helado\u00bb de diciembre, las actividades navide\u00f1as.<\/li><\/ul>\n\n\n\n<p class=\"ls-paragraph\">Cerca de aqu\u00ed:<\/p>\n\n\n\n<p class=\"ls-paragraph\">El centro de ocio de la pen\u00ednsula de Malsaucy: sus playas, el ba\u00f1o vigilado, los deportes acu\u00e1ticos, la nataci\u00f3n, la pesca.<\/p>\n<\/div>\n<\/div>\n\n\n    <\/div>\n<\/section>\n\n<section id=\"ls-section-block_6261422f8a71c\" class=\"ls-section  page-three has-background has-color-6-background-color has-p-t p-t-14 has-p-b p-b-14\" >\n        <div class=\"container container--wide\">\n        \n\n<div class=\"wp-block-columns is-layout-flex wp-container-core-columns-is-layout-9d6595d7 wp-block-columns-is-layout-flex\">\n<div class=\"wp-block-column animated fadeInUp delay-200ms is-layout-flow wp-block-column-is-layout-flow\">\n<figure class=\"wp-block-image size-full\"><a href=\"https:\/\/camping-lac-seigneurie.com\/wp-content\/uploads\/2022\/05\/montbeliard-chateau-des-ducs-de-wurtemberg-tourisme-territoire-de-belfort.jpg\"><img loading=\"lazy\" decoding=\"async\" width=\"800\" height=\"560\" src=\"https:\/\/camping-lac-seigneurie.com\/wp-content\/uploads\/2022\/05\/montbeliard-chateau-des-ducs-de-wurtemberg-tourisme-territoire-de-belfort.jpg\" alt=\"montbeliard chateau des ducs de wurtemberg tourisme territoire de belfort\" class=\"wp-image-1738\" srcset=\"https:\/\/camping-lac-seigneurie.com\/wp-content\/uploads\/2022\/05\/montbeliard-chateau-des-ducs-de-wurtemberg-tourisme-territoire-de-belfort.jpg 800w, https:\/\/camping-lac-seigneurie.com\/wp-content\/uploads\/2022\/05\/montbeliard-chateau-des-ducs-de-wurtemberg-tourisme-territoire-de-belfort-300x210.jpg 300w, https:\/\/camping-lac-seigneurie.com\/wp-content\/uploads\/2022\/05\/montbeliard-chateau-des-ducs-de-wurtemberg-tourisme-territoire-de-belfort-768x538.jpg 768w\" sizes=\"auto, (max-width: 800px) 100vw, 800px\" \/><\/a><\/figure>\n\n\n\n<h2 class=\"ls__heading has-text-align-center wp-block-heading\">Visitar Montbeliard<\/h2>\n\n\n\n<p class=\"ls-paragraph\">Desv\u00edese a Montb\u00e9liard y descubra su patrimonio cultural, sus museos y sus riquezas naturales.<\/p>\n\n\n\n<p class=\"ls-paragraph\">No hay que perderse: el museo del castillo de los duques de Wurtemberg, las famosas luces de Navidad. La <strong>f\u00e1brica de PSA Peugeot-Citro\u00ebn<\/strong>, situada en el coraz\u00f3n de la aglomeraci\u00f3n de Sochaux-Montb\u00e9liard, es una de las f\u00e1bricas de autom\u00f3viles m\u00e1s modernas de Europa. Es el mayor centro industrial de Francia y alberga el Museo de la Aventura de Peugeot.&nbsp;<\/p>\n<\/div>\n\n\n\n<div class=\"wp-block-column animated fadeInUp delay-200ms is-layout-flow wp-block-column-is-layout-flow\">\n<figure class=\"wp-block-image size-full\"><a href=\"https:\/\/camping-lac-seigneurie.com\/wp-content\/uploads\/2022\/05\/citadelle-de-besancon-vauban-franche-comte.jpg\"><img loading=\"lazy\" decoding=\"async\" width=\"800\" height=\"560\" src=\"https:\/\/camping-lac-seigneurie.com\/wp-content\/uploads\/2022\/05\/citadelle-de-besancon-vauban-franche-comte.jpg\" alt=\"citadelle de besancon vauban franche comte\" class=\"wp-image-1804\" srcset=\"https:\/\/camping-lac-seigneurie.com\/wp-content\/uploads\/2022\/05\/citadelle-de-besancon-vauban-franche-comte.jpg 800w, https:\/\/camping-lac-seigneurie.com\/wp-content\/uploads\/2022\/05\/citadelle-de-besancon-vauban-franche-comte-300x210.jpg 300w, https:\/\/camping-lac-seigneurie.com\/wp-content\/uploads\/2022\/05\/citadelle-de-besancon-vauban-franche-comte-768x538.jpg 768w\" sizes=\"auto, (max-width: 800px) 100vw, 800px\" \/><\/a><\/figure>\n\n\n\n<h2 class=\"ls__heading has-text-align-center wp-block-heading\">Descubrir Besan\u00e7on<\/h2>\n\n\n\n<p class=\"ls-paragraph\">D\u00e9jese encantar por \u00abBesac\u00bb (a poco m\u00e1s de una hora en coche del camping).&nbsp;<\/p>\n\n\n\n<p class=\"ls-paragraph\">Desde 2008, la capital del Comtois est\u00e1 inscrita en el Patrimonio Mundial de la UNESCO por su magn\u00edfica ciudadela fortificada por el genio Vauban, que cre\u00f3 aqu\u00ed una de sus obras m\u00e1s bellas y logradas.<\/p>\n\n\n\n<p class=\"ls-paragraph\">No se pierda: la ciudadela, el Museo de Bellas Artes y Arqueolog\u00eda, el casco antiguo con sus fachadas renacentistas y mansiones privadas.<\/p>\n<\/div>\n<\/div>\n\n\n    <\/div>\n<\/section>\n\n<section id=\"ls-section-block_626146cd8a721\" class=\"ls-section  has-p-b p-b-14\" >\n        <div class=\"container container--wide\">\n        \n\n<div id=\"ls-heading ls-titre-div-block_626146de8a722\" class=\"ls-titre-div aligncenter h2-like\" >\n    Descubrir el Franco Condado, Alsacia y la ciudad de Mulhouse<\/div>\n\n\n<div id=\"ls-maillage-block_626147008a723\" class=\"ls-maillage cta-style-normal\" data-rows=\"3\">\n    <div class=\"wp-block-columns\"><div class=\"wp-block-column\">\n\n<a href=\"https:\/\/camping-lac-seigneurie.com\/es\/camping-en-alsace\/\" target=\"\" rel=\"noopener\" class=\"ls-cta__link\">\n\n\t<div class=\"ls-cta__image\"><img decoding=\"async\" src=\"https:\/\/camping-lac-seigneurie.com\/wp-content\/uploads\/2022\/06\/tourisme-alsace-vacances-camping.jpg\" alt=\"tourisme alsace vacances camping\"><\/div>\n\t<div class=\"ls-cta__title animated fadeIn slow delay-400ms\">\n\t\tAlsace\t<\/div>\n\n\t\t\n<\/a><\/div><div class=\"wp-block-column\">\n\n<a href=\"https:\/\/camping-lac-seigneurie.com\/es\/camping-de-mulhouse\/\" target=\"\" rel=\"noopener\" class=\"ls-cta__link\">\n\n\t<div class=\"ls-cta__image\"><img decoding=\"async\" src=\"https:\/\/camping-lac-seigneurie.com\/wp-content\/uploads\/2022\/06\/tourisme-a-mulhouse.jpg\" alt=\"tourisme a mulhouse\"><\/div>\n\t<div class=\"ls-cta__title animated fadeIn slow delay-400ms\">\n\t\tMulhouse\t<\/div>\n\n\t\t\n<\/a><\/div><div class=\"wp-block-column\">\n\n<a href=\"https:\/\/camping-lac-seigneurie.com\/es\/turismo-borgona-franche-comte\/\" target=\"\" rel=\"noopener\" class=\"ls-cta__link\">\n\n\t<div class=\"ls-cta__image\"><img decoding=\"async\" src=\"https:\/\/camping-lac-seigneurie.com\/wp-content\/uploads\/2022\/06\/vignoble-bourgogne-visites.jpg\" alt=\"vignoble bourgogne visites\"><\/div>\n\t<div class=\"ls-cta__title animated fadeIn slow delay-400ms\">\n\t\tBorgo\u00f1a Franche Comt\u00e9\t<\/div>\n\n\t\t\n<\/a><\/div><\/div><\/div>\n\n    <\/div>\n<\/section>","protected":false},"excerpt":{"rendered":"","protected":false},"author":1,"featured_media":1722,"parent":0,"menu_order":0,"comment_status":"closed","ping_status":"closed","template":"","meta":{"_acf_changed":false,"footnotes":""},"sujet":[],"class_list":["post-3463","page","type-page","status-publish","has-post-thumbnail","hentry"],"acf":[],"yoast_head":"<!-- This site is optimized with the Yoast SEO plugin v25.3 - https:\/\/yoast.com\/wordpress\/plugins\/seo\/ -->\n<title>Camping Territorio de Belfort | Camping Lac de Seigneurie<\/title>\n<meta name=\"description\" content=\"\u00bfQuiere pasar sus vacaciones en la regi\u00f3n de Belfort? Alquile una c\u00f3moda casa m\u00f3vil en el camping La Rivi\u00e8re, en la regi\u00f3n de Belfort.\" \/>\n<meta name=\"robots\" content=\"index, follow, max-snippet:-1, max-image-preview:large, max-video-preview:-1\" \/>\n<link rel=\"canonical\" href=\"https:\/\/camping-lac-seigneurie.com\/es\/camping-territorio-belfort\/\" \/>\n<meta property=\"og:locale\" content=\"es_ES\" \/>\n<meta property=\"og:type\" content=\"article\" \/>\n<meta property=\"og:title\" content=\"Camping Territorio de Belfort | Camping Lac de Seigneurie\" \/>\n<meta property=\"og:description\" content=\"\u00bfQuiere pasar sus vacaciones en la regi\u00f3n de Belfort? Alquile una c\u00f3moda casa m\u00f3vil en el camping La Rivi\u00e8re, en la regi\u00f3n de Belfort.\" \/>\n<meta property=\"og:url\" content=\"https:\/\/camping-lac-seigneurie.com\/es\/camping-territorio-belfort\/\" \/>\n<meta property=\"og:site_name\" content=\"Camping du Lac de la Seigneurie\" \/>\n<meta property=\"article:modified_time\" content=\"2022-06-24T11:59:58+00:00\" \/>\n<meta property=\"og:image\" content=\"https:\/\/camping-lac-seigneurie.com\/wp-content\/uploads\/2022\/05\/lion-de-belfort-tourisme-territoire-de-belfort.jpg\" \/>\n\t<meta property=\"og:image:width\" content=\"1903\" \/>\n\t<meta property=\"og:image:height\" content=\"650\" \/>\n\t<meta property=\"og:image:type\" content=\"image\/jpeg\" \/>\n<meta name=\"twitter:card\" content=\"summary_large_image\" \/>\n<meta name=\"twitter:label1\" content=\"Tiempo de lectura\" \/>\n\t<meta name=\"twitter:data1\" content=\"3 minutos\" \/>\n<script type=\"application\/ld+json\" class=\"yoast-schema-graph\">{\"@context\":\"https:\/\/schema.org\",\"@graph\":[{\"@type\":\"WebPage\",\"@id\":\"https:\/\/camping-lac-seigneurie.com\/es\/camping-territorio-belfort\/\",\"url\":\"https:\/\/camping-lac-seigneurie.com\/es\/camping-territorio-belfort\/\",\"name\":\"Camping Territorio de Belfort | Camping Lac de Seigneurie\",\"isPartOf\":{\"@id\":\"https:\/\/camping-lac-seigneurie.com\/es\/#website\"},\"primaryImageOfPage\":{\"@id\":\"https:\/\/camping-lac-seigneurie.com\/es\/camping-territorio-belfort\/#primaryimage\"},\"image\":{\"@id\":\"https:\/\/camping-lac-seigneurie.com\/es\/camping-territorio-belfort\/#primaryimage\"},\"thumbnailUrl\":\"https:\/\/camping-lac-seigneurie.com\/wp-content\/uploads\/2022\/05\/lion-de-belfort-tourisme-territoire-de-belfort.jpg\",\"datePublished\":\"2022-05-10T14:00:58+00:00\",\"dateModified\":\"2022-06-24T11:59:58+00:00\",\"description\":\"\u00bfQuiere pasar sus vacaciones en la regi\u00f3n de Belfort? Alquile una c\u00f3moda casa m\u00f3vil en el camping La Rivi\u00e8re, en la regi\u00f3n de Belfort.\",\"breadcrumb\":{\"@id\":\"https:\/\/camping-lac-seigneurie.com\/es\/camping-territorio-belfort\/#breadcrumb\"},\"inLanguage\":\"es\",\"potentialAction\":[{\"@type\":\"ReadAction\",\"target\":[\"https:\/\/camping-lac-seigneurie.com\/es\/camping-territorio-belfort\/\"]}]},{\"@type\":\"ImageObject\",\"inLanguage\":\"es\",\"@id\":\"https:\/\/camping-lac-seigneurie.com\/es\/camping-territorio-belfort\/#primaryimage\",\"url\":\"https:\/\/camping-lac-seigneurie.com\/wp-content\/uploads\/2022\/05\/lion-de-belfort-tourisme-territoire-de-belfort.jpg\",\"contentUrl\":\"https:\/\/camping-lac-seigneurie.com\/wp-content\/uploads\/2022\/05\/lion-de-belfort-tourisme-territoire-de-belfort.jpg\",\"width\":1903,\"height\":650,\"caption\":\"lion de belfort tourisme territoire de belfort\"},{\"@type\":\"BreadcrumbList\",\"@id\":\"https:\/\/camping-lac-seigneurie.com\/es\/camping-territorio-belfort\/#breadcrumb\",\"itemListElement\":[{\"@type\":\"ListItem\",\"position\":1,\"name\":\"Camping Franche-Comt\u00e9\",\"item\":\"https:\/\/camping-lac-seigneurie.com\/es\/\"},{\"@type\":\"ListItem\",\"position\":2,\"name\":\"Turismo y camping en la regi\u00f3n de Belfort\"}]},{\"@type\":\"WebSite\",\"@id\":\"https:\/\/camping-lac-seigneurie.com\/es\/#website\",\"url\":\"https:\/\/camping-lac-seigneurie.com\/es\/\",\"name\":\"Camping du Lac de la Seigneurie\",\"description\":\"\",\"publisher\":{\"@id\":\"https:\/\/camping-lac-seigneurie.com\/es\/#organization\"},\"potentialAction\":[{\"@type\":\"SearchAction\",\"target\":{\"@type\":\"EntryPoint\",\"urlTemplate\":\"https:\/\/camping-lac-seigneurie.com\/es\/?s={search_term_string}\"},\"query-input\":{\"@type\":\"PropertyValueSpecification\",\"valueRequired\":true,\"valueName\":\"search_term_string\"}}],\"inLanguage\":\"es\"},{\"@type\":\"Organization\",\"@id\":\"https:\/\/camping-lac-seigneurie.com\/es\/#organization\",\"name\":\"Camping Lac de la Seigneurie\",\"url\":\"https:\/\/camping-lac-seigneurie.com\/es\/\",\"logo\":{\"@type\":\"ImageObject\",\"inLanguage\":\"es\",\"@id\":\"https:\/\/camping-lac-seigneurie.com\/es\/#\/schema\/logo\/image\/\",\"url\":\"https:\/\/camping-lac-seigneurie.com\/wp-content\/uploads\/2022\/07\/lac-de-la-seigneurie-logo-fond-blanc.jpg\",\"contentUrl\":\"https:\/\/camping-lac-seigneurie.com\/wp-content\/uploads\/2022\/07\/lac-de-la-seigneurie-logo-fond-blanc.jpg\",\"width\":800,\"height\":325,\"caption\":\"Camping Lac de la Seigneurie\"},\"image\":{\"@id\":\"https:\/\/camping-lac-seigneurie.com\/es\/#\/schema\/logo\/image\/\"}}]}<\/script>\n<!-- \/ Yoast SEO plugin. -->","yoast_head_json":{"title":"Camping Territorio de Belfort | Camping Lac de Seigneurie","description":"\u00bfQuiere pasar sus vacaciones en la regi\u00f3n de Belfort? Alquile una c\u00f3moda casa m\u00f3vil en el camping La Rivi\u00e8re, en la regi\u00f3n de Belfort.","robots":{"index":"index","follow":"follow","max-snippet":"max-snippet:-1","max-image-preview":"max-image-preview:large","max-video-preview":"max-video-preview:-1"},"canonical":"https:\/\/camping-lac-seigneurie.com\/es\/camping-territorio-belfort\/","og_locale":"es_ES","og_type":"article","og_title":"Camping Territorio de Belfort | Camping Lac de Seigneurie","og_description":"\u00bfQuiere pasar sus vacaciones en la regi\u00f3n de Belfort? Alquile una c\u00f3moda casa m\u00f3vil en el camping La Rivi\u00e8re, en la regi\u00f3n de Belfort.","og_url":"https:\/\/camping-lac-seigneurie.com\/es\/camping-territorio-belfort\/","og_site_name":"Camping du Lac de la Seigneurie","article_modified_time":"2022-06-24T11:59:58+00:00","og_image":[{"width":1903,"height":650,"url":"https:\/\/camping-lac-seigneurie.com\/wp-content\/uploads\/2022\/05\/lion-de-belfort-tourisme-territoire-de-belfort.jpg","type":"image\/jpeg"}],"twitter_card":"summary_large_image","twitter_misc":{"Tiempo de lectura":"3 minutos"},"schema":{"@context":"https:\/\/schema.org","@graph":[{"@type":"WebPage","@id":"https:\/\/camping-lac-seigneurie.com\/es\/camping-territorio-belfort\/","url":"https:\/\/camping-lac-seigneurie.com\/es\/camping-territorio-belfort\/","name":"Camping Territorio de Belfort | Camping Lac de Seigneurie","isPartOf":{"@id":"https:\/\/camping-lac-seigneurie.com\/es\/#website"},"primaryImageOfPage":{"@id":"https:\/\/camping-lac-seigneurie.com\/es\/camping-territorio-belfort\/#primaryimage"},"image":{"@id":"https:\/\/camping-lac-seigneurie.com\/es\/camping-territorio-belfort\/#primaryimage"},"thumbnailUrl":"https:\/\/camping-lac-seigneurie.com\/wp-content\/uploads\/2022\/05\/lion-de-belfort-tourisme-territoire-de-belfort.jpg","datePublished":"2022-05-10T14:00:58+00:00","dateModified":"2022-06-24T11:59:58+00:00","description":"\u00bfQuiere pasar sus vacaciones en la regi\u00f3n de Belfort? Alquile una c\u00f3moda casa m\u00f3vil en el camping La Rivi\u00e8re, en la regi\u00f3n de Belfort.","breadcrumb":{"@id":"https:\/\/camping-lac-seigneurie.com\/es\/camping-territorio-belfort\/#breadcrumb"},"inLanguage":"es","potentialAction":[{"@type":"ReadAction","target":["https:\/\/camping-lac-seigneurie.com\/es\/camping-territorio-belfort\/"]}]},{"@type":"ImageObject","inLanguage":"es","@id":"https:\/\/camping-lac-seigneurie.com\/es\/camping-territorio-belfort\/#primaryimage","url":"https:\/\/camping-lac-seigneurie.com\/wp-content\/uploads\/2022\/05\/lion-de-belfort-tourisme-territoire-de-belfort.jpg","contentUrl":"https:\/\/camping-lac-seigneurie.com\/wp-content\/uploads\/2022\/05\/lion-de-belfort-tourisme-territoire-de-belfort.jpg","width":1903,"height":650,"caption":"lion de belfort tourisme territoire de belfort"},{"@type":"BreadcrumbList","@id":"https:\/\/camping-lac-seigneurie.com\/es\/camping-territorio-belfort\/#breadcrumb","itemListElement":[{"@type":"ListItem","position":1,"name":"Camping Franche-Comt\u00e9","item":"https:\/\/camping-lac-seigneurie.com\/es\/"},{"@type":"ListItem","position":2,"name":"Turismo y camping en la regi\u00f3n de Belfort"}]},{"@type":"WebSite","@id":"https:\/\/camping-lac-seigneurie.com\/es\/#website","url":"https:\/\/camping-lac-seigneurie.com\/es\/","name":"Camping du Lac de la Seigneurie","description":"","publisher":{"@id":"https:\/\/camping-lac-seigneurie.com\/es\/#organization"},"potentialAction":[{"@type":"SearchAction","target":{"@type":"EntryPoint","urlTemplate":"https:\/\/camping-lac-seigneurie.com\/es\/?s={search_term_string}"},"query-input":{"@type":"PropertyValueSpecification","valueRequired":true,"valueName":"search_term_string"}}],"inLanguage":"es"},{"@type":"Organization","@id":"https:\/\/camping-lac-seigneurie.com\/es\/#organization","name":"Camping Lac de la Seigneurie","url":"https:\/\/camping-lac-seigneurie.com\/es\/","logo":{"@type":"ImageObject","inLanguage":"es","@id":"https:\/\/camping-lac-seigneurie.com\/es\/#\/schema\/logo\/image\/","url":"https:\/\/camping-lac-seigneurie.com\/wp-content\/uploads\/2022\/07\/lac-de-la-seigneurie-logo-fond-blanc.jpg","contentUrl":"https:\/\/camping-lac-seigneurie.com\/wp-content\/uploads\/2022\/07\/lac-de-la-seigneurie-logo-fond-blanc.jpg","width":800,"height":325,"caption":"Camping Lac de la Seigneurie"},"image":{"@id":"https:\/\/camping-lac-seigneurie.com\/es\/#\/schema\/logo\/image\/"}}]}},"_links":{"self":[{"href":"https:\/\/camping-lac-seigneurie.com\/es\/wp-json\/wp\/v2\/pages\/3463","targetHints":{"allow":["GET"]}}],"collection":[{"href":"https:\/\/camping-lac-seigneurie.com\/es\/wp-json\/wp\/v2\/pages"}],"about":[{"href":"https:\/\/camping-lac-seigneurie.com\/es\/wp-json\/wp\/v2\/types\/page"}],"author":[{"embeddable":true,"href":"https:\/\/camping-lac-seigneurie.com\/es\/wp-json\/wp\/v2\/users\/1"}],"replies":[{"embeddable":true,"href":"https:\/\/camping-lac-seigneurie.com\/es\/wp-json\/wp\/v2\/comments?post=3463"}],"version-history":[{"count":4,"href":"https:\/\/camping-lac-seigneurie.com\/es\/wp-json\/wp\/v2\/pages\/3463\/revisions"}],"predecessor-version":[{"id":3984,"href":"https:\/\/camping-lac-seigneurie.com\/es\/wp-json\/wp\/v2\/pages\/3463\/revisions\/3984"}],"wp:featuredmedia":[{"embeddable":true,"href":"https:\/\/camping-lac-seigneurie.com\/es\/wp-json\/wp\/v2\/media\/1722"}],"wp:attachment":[{"href":"https:\/\/camping-lac-seigneurie.com\/es\/wp-json\/wp\/v2\/media?parent=3463"}],"wp:term":[{"taxonomy":"sujet","embeddable":true,"href":"https:\/\/camping-lac-seigneurie.com\/es\/wp-json\/wp\/v2\/sujet?post=3463"}],"curies":[{"name":"wp","href":"https:\/\/api.w.org\/{rel}","templated":true}]}}