{"id":5491,"date":"2022-04-13T14:33:08","date_gmt":"2022-04-13T12:33:08","guid":{"rendered":"https:\/\/camping-lac-seigneurie.com\/politique-de-confidentialite\/"},"modified":"2023-02-01T14:16:33","modified_gmt":"2023-02-01T13:16:33","slug":"privacybeleid","status":"publish","type":"page","link":"https:\/\/camping-lac-seigneurie.com\/nl\/privacybeleid\/","title":{"rendered":"Privacybeleid"},"content":{"rendered":"<section id=\"ls-section-block_c21fed441dddb94d92ac929422fe418e\" class=\"ls-section \" >\n        <div class=\"container container--wide\">\n        \n\n<h1 class=\"ls__heading has-text-align-center ls__heading-undefined has-color-1-color has-text-color wp-block-heading\">Privacybeleid<\/h1>\n\n\n\n<p class=\"ls-paragraph\">Dit privacybeleid beschrijft de persoonsgegevens die worden verzameld of gegenereerd (verwerkt) wanneer u de website gebruikt. Dit privacybeleid beschrijft de soorten persoonsgegevens die worden verzameld wanneer u onze site gebruikt en hoe uw persoonsgegevens worden gebruikt, gedeeld en beschermd. Ook wordt uitgelegd welke keuzes u hebt met betrekking tot uw persoonsgegevens en hoe u contact met ons kunt opnemen.<\/p>\n\n\n\n<h2 class=\"ls__heading ls__heading-undefined has-color-1-color has-text-color wp-block-heading\">Inhoudsopgave<\/h2>\n\n\n\n<ul class=\"ls-list wp-block-list\">\n<li><a href=\"#gdpr-1\">Wie zijn wij?<\/a><\/li>\n\n\n\n<li><a href=\"#gdpr-2\">Gebruik van de verzamelde persoonsgegevens<\/a><\/li>\n\n\n\n<li><a href=\"#gdpr-3\">Opmerkingen<\/a><\/li>\n\n\n\n<li><a href=\"#gdpr-4\">Media<\/a><\/li>\n\n\n\n<li><a href=\"#gdpr-5\">Contactformulieren<\/a><\/li>\n\n\n\n<li><a href=\"#gdpr-6\">Gebruik van cookies<\/a><\/li>\n\n\n\n<li><a href=\"#gdpr-7\">Statistieken en publieksmeting<\/a><\/li>\n\n\n\n<li><a href=\"#gdpr-8\">Hoe lang uw gegevens worden bewaard<\/a><\/li>\n\n\n\n<li><a href=\"#gdpr-9\">De rechten die u hebt op uw gegevens<\/a><\/li>\n\n\n\n<li><a href=\"#gdpr-10\">Overdracht van uw persoonlijke gegevens<\/a><\/li>\n\n\n\n<li><a href=\"#gdpr-11\">Hoe wij uw gegevens beschermen<\/a><\/li>\n\n\n\n<li><a href=\"#gdpr-12\">Contactgegevens<\/a><\/li>\n<\/ul>\n\n\n\n<h2 class=\"ls__heading ls__heading-undefined has-color-1-color has-text-color wp-block-heading\" id=\"gdpr-1\">Wie zijn wij?<\/h2>\n\n\n\n<p class=\"ls-paragraph\">Ontdek al onze informatie op de <a href=\"https:\/\/camping-lac-seigneurie.com\/nl\/?page_id=5469\">juridische pagina<\/a>.<\/p>\n\n\n\n<h2 class=\"ls__heading ls__heading-undefined has-color-1-color has-text-color wp-block-heading\" id=\"gdpr-2\">Gebruik van de verzamelde persoonsgegevens<\/h2>\n\n\n\n<p class=\"ls-paragraph ls__paragraph\">Wij verzamelen niet automatisch en rechtstreeks gegevens over u.<\/p>\n\n\n\n<p class=\"ls-paragraph\">Desondanks kunnen wij informatie, waaronder persoonlijke informatie, van derden verzamelen (zie het gedeelte over <a href=\"#gdpr-5\">cookies<\/a>).<\/p>\n\n\n\n<h2 class=\"ls__heading ls__heading-undefined has-color-1-color has-text-color wp-block-heading\" id=\"gdpr-3\">Opmerkingen<\/h2>\n\n\n\n<p class=\"ls-paragraph ls__paragraph\">Wanneer u een commentaar op onze website achterlaat, worden de gegevens die u in het commentaarformulier hebt ingevuld, maar ook uw IP-adres en de user-agent van uw browser verzameld om ons te helpen ongewenste commentaren op te sporen.<\/p>\n\n\n\n<p class=\"ls-paragraph ls__paragraph\">Een geanonimiseerde string die van uw e-mailadres wordt gemaakt (ook bekend als een hash) kan naar de Gravatar-dienst worden gestuurd om te controleren of u de dienst gebruikt. Het privacybeleid van de Gravatar-dienst is beschikbaar op https:\/\/automattic.com\/privacy\/. Nadat je commentaar is goedgekeurd, is je profielfoto publiekelijk zichtbaar naast je commentaar.<\/p>\n\n\n\n<h2 class=\"ls__heading ls__heading-undefined has-color-1-color has-text-color wp-block-heading\" id=\"gdpr-4\">Media<\/h2>\n\n\n\n<p class=\"ls-paragraph ls__paragraph\">Als u een geregistreerde gebruiker bent en afbeeldingen uploadt naar de website, raden wij u aan om geen afbeeldingen te uploaden die EXIF-gegevens van GPS-co\u00f6rdinaten bevatten. Bezoekers van uw website kunnen locatiegegevens uit deze afbeeldingen downloaden en halen.<\/p>\n\n\n\n<h2 class=\"ls__heading ls__heading-undefined has-color-1-color has-text-color wp-block-heading\" id=\"gdpr-5\">Contactformulieren<\/h2>\n\n\n\n<p class=\"ls-paragraph\">U kunt ervoor kiezen ons informatie te verstrekken wanneer u een formulier invult; deze informatie wordt ons per e-mail toegezonden en wordt nergens anders opgeslagen dan op onze e-maildienst, en wordt uitsluitend gebruikt om op uw verzoek te reageren. Indien de informatie waarschijnlijk voor commerci\u00eble doeleinden zal worden gebruikt, wordt dit aan het einde van het formulier vermeld. Wij zullen u altijd om toestemming vragen wanneer wij via een formulier informatie verzamelen.<\/p>\n\n\n\n<h2 class=\"ls__heading ls__heading-undefined has-color-1-color has-text-color wp-block-heading\" id=\"gdpr-6\">Gebruik van cookies<\/h2>\n\n\n\n<p class=\"ls-paragraph\"><strong>Wat is een koekje?<\/strong><br>Een cookie is een klein gegevensbestand dat wordt overgebracht naar en opgeslagen op uw apparaat. In de praktijk laat een cookie ons bijvoorbeeld toe om uw browser of uw taal te herkennen of om uw voorkeuren op te slaan.<br>Op onze site worden twee soorten cookies gebruikt: &#8220;session cookies&#8221; en &#8220;persistent cookies&#8221;. Sessiecookies verlopen wanneer u uw browser sluit, terwijl permanente cookies op uw apparaat blijven nadat u uw browser hebt gesloten en opnieuw kunnen worden gebruikt wanneer u onze site de volgende keer bezoekt.<\/p>\n\n\n\n<p class=\"ls-paragraph\">Meer informatie op <a href=\"https:\/\/www.allaboutcookies.org\/\">allaboutcookies.org<\/a>.<\/p>\n\n\n\n<p class=\"ls-paragraph ls__paragraph\"><strong>Onze cookies<\/strong><\/p>\n\n\n\n<p class=\"ls-paragraph ls__paragraph\">Als u een reactie achterlaat op onze site, wordt u gevraagd uw naam, e-mailadres en website op te slaan in cookies. Dit is alleen voor uw gemak, zodat u deze informatie niet hoeft in te vullen als u later een andere reactie achterlaat. Deze cookies vervallen na een jaar.<\/p>\n\n\n\n<p class=\"ls-paragraph ls__paragraph\">Als u een account hebt en inlogt op deze site, wordt een tijdelijke cookie aangemaakt om te bepalen of uw browser cookies accepteert. Het bevat geen persoonlijke gegevens en wordt automatisch verwijderd wanneer u uw browser sluit.<\/p>\n\n\n\n<p class=\"ls-paragraph ls__paragraph\">Wanneer u inlogt, stellen wij een aantal cookies in om uw inloggegevens en schermvoorkeuren op te slaan. De levensduur van een aanmeldingscookie is twee dagen, en de levensduur van een schermvoorkeurcookie is \u00e9\u00e9n jaar. Als u &#8220;Onthoud mij&#8221; aanvinkt, wordt uw aanmeldingscookie twee weken bewaard. Als u uitlogt uit uw account, wordt de aanmeldingscookie verwijderd.<\/p>\n\n\n\n<p class=\"ls-paragraph ls__paragraph\">Bij het bewerken of publiceren van een artikel wordt een extra cookie in uw browser opgeslagen. Deze cookie bevat geen persoonsgegevens. Het geeft gewoon de identificatiecode aan van het artikel dat u zojuist hebt gewijzigd. Het vervalt na \u00e9\u00e9n dag.<\/p>\n\n\n\n<p class=\"ls-paragraph ls__paragraph\"><strong>Cookies van derden<\/strong><\/p>\n\n\n\n<p class=\"ls-paragraph ls__paragraph\">Artikelen op deze site kunnen ingesloten inhoud bevatten (bv. video&#8217;s, afbeeldingen, artikelen\u2026). Ingesloten inhoud van andere sites gedraagt zich alsof de bezoeker op die andere site is.<\/p>\n\n\n\n<p class=\"ls-paragraph ls__paragraph\">Deze websites kunnen gegevens over u verzamelen, cookies gebruiken, trackinginstrumenten van derden insluiten, uw interacties met deze ingesloten inhoud bijhouden als u een ingelogde account hebt op hun website.<\/p>\n\n\n\n<p class=\"ls-paragraph\">Wij kunnen bepaalde zakelijke partners toestaan technologie\u00ebn op onze site te installeren. Deze partners gebruiken deze technologie\u00ebn om ons te helpen analyseren hoe u de site gebruikt, bijvoorbeeld door te noteren via welke diensten van derden u op het Platform terecht bent gekomen, om onze diensten op onze site en op websites van derden te marketen en te promoten, om ons te helpen fraude op te sporen en te voorkomen of risicobeoordelingen uit te voeren, of om informatie te verzamelen over uw activiteiten op de website.<\/p>\n\n\n\n<p class=\"ls-paragraph\">Onze website kan gebruik maken van sociale plugins die worden geleverd en beheerd door derden, zoals de &#8220;Like&#8221;-knop van Facebook. Als gevolg daarvan kunt u de derde partij informatie sturen die u in een bepaald deel van onze site bekijkt. Als u niet bent ingelogd op uw account bij de derde, weet de derde niet wie u bent. Als u bent ingelogd op uw account bij de derde partij, dan kan de derde partij informatie of handelingen met betrekking tot uw interacties met onze site koppelen aan uw account bij de derde partij. Raadpleeg het privacybeleid van de derde partij voor meer informatie over hun gegevenspraktijken.<\/p>\n\n\n\n<p class=\"ls-paragraph\">De lijst van op deze site gebruikte cookies van derden is beschikbaar via het <a href=\"\/#moove_gdpr_cookie_modal\">paneel voor cookiebeheer<\/a>.<\/p>\n\n\n\n<h2 class=\"ls__heading ls__heading-undefined has-color-1-color has-text-color wp-block-heading\" id=\"gdpr-7\">Statistieken en publieksmeting<\/h2>\n\n\n\n<p class=\"ls-paragraph ls__paragraph\">En mati\u00e8re d\u2019analyse nous travaillons avec Google Analytics afin d&#8217;obtenir des informations concernant l&#8217;utilisation de notre site internet afin d&#8217;am\u00e9liorer ce dernier. Ce dernier peut-\u00eatre d\u00e9sactiv\u00e9 depuis le <a href=\"\/#moove_gdpr_cookie_modal\">panneau de gestion des cookies<\/a>.<\/p>\n\n\n\n<p class=\"ls-paragraph\">Op het gebied van analyse werken wij met Google Analytics om informatie te verkrijgen over het gebruik van onze website teneinde deze te verbeteren. Dit kan worden uitgeschakeld via het <a href=\"\/#moove_gdpr_cookie_modal\">paneel voor cookiebeheer<\/a>.<\/p>\n\n\n\n<p class=\"ls-paragraph\">Om te voorkomen dat Google Analytics uw gegevens gebruikt voor analyses, kunt u <a href=\"https:\/\/tools.google.com\/dlpage\/gaoptout\">hier<\/a> ook de Google Analytics Opt-out Browser Add-on installeren. Wij hebben geen controle over deze opt-out link en zijn niet verantwoordelijk voor de beschikbaarheid of nauwkeurigheid van dit mechanisme. Zie deze <a href=\"https:\/\/support.google.com\/analytics\/answer\/6004245\">documentatie <\/a>voor meer informatie.<\/p>\n\n\n\n<h2 class=\"ls__heading ls__heading-undefined has-color-1-color has-text-color wp-block-heading\" id=\"gdpr-8\">Hoe lang uw gegevens worden bewaard<\/h2>\n\n\n\n<p class=\"ls-paragraph ls__paragraph\">Als u een commentaar achterlaat, worden het commentaar en de metadata ervan voor onbepaalde tijd bewaard. Hierdoor worden latere opmerkingen automatisch herkend en goedgekeurd in plaats van in de wachtrij voor moderatie te blijven staan.<\/p>\n\n\n\n<p class=\"ls-paragraph ls__paragraph\">Voor gebruikers die zich op onze site registreren (voor zover mogelijk), slaan wij ook de persoonlijke gegevens op die in hun profiel worden vermeld. Alle gebruikers kunnen op elk moment hun persoonlijke informatie bekijken, bewerken of verwijderen (met uitzondering van hun gebruikersnaam). Sitebeheerders kunnen deze informatie ook bekijken en wijzigen.<\/p>\n\n\n\n<h2 class=\"ls__heading ls__heading-undefined has-color-1-color has-text-color wp-block-heading\" id=\"gdpr-9\">De rechten die u hebt op uw gegevens<\/h2>\n\n\n\n<p class=\"ls-paragraph ls__paragraph\">Als u een account hebt of opmerkingen op de site hebt achtergelaten, kunt u verzoeken om een bestand te ontvangen met alle persoonsgegevens die wij over u bewaren, met inbegrip van de gegevens die u ons hebt verstrekt. U kunt ook verzoeken om verwijdering van uw persoonsgegevens. Dit geldt niet voor gegevens die voor administratieve, juridische of beveiligingsdoeleinden worden opgeslagen.<\/p>\n\n\n\n<h2 class=\"ls__heading ls__heading-undefined has-color-1-color has-text-color wp-block-heading\" id=\"gdpr-10\">Overdracht van uw persoonlijke gegevens<\/h2>\n\n\n\n<p class=\"ls-paragraph\">Reacties van bezoekers kunnen worden gecontroleerd met een geautomatiseerde spamdetectiedienst<br>Alle persoonsgegevens die wij verwerken, worden in de Europese Unie verwerkt.<\/p>\n\n\n\n<h2 class=\"ls__heading ls__heading-undefined has-color-1-color has-text-color wp-block-heading\" id=\"gdpr-11\">Hoe wij uw gegevens beschermen<\/h2>\n\n\n\n<p class=\"ls-paragraph\">Wij implementeren en actualiseren voortdurend de <strong>beveiliging <\/strong>van de site om uw informatie te beschermen tegen ongeoorloofde toegang, verlies, vernietiging of wijziging. Daarom werken wij eraan om uw gegevens zo onkwetsbaar mogelijk te maken. Aangezien het internet geen 100% veilige omgeving is, kunnen wij de veiligheid van de overdracht of opslag van uw informatie niet volledig garanderen.<\/p>\n\n\n\n<h2 class=\"ls__heading ls__heading-undefined has-color-1-color has-text-color wp-block-heading\" id=\"gdpr-12\">Contactgegevens<\/h2>\n\n\n\n<p class=\"ls-paragraph\">Als u verzoeken of vragen hebt over uw persoonlijke gegevens, kunt u contact met ons opnemen via rgpd@geek-tonic.com. Meer contactgegevens vindt u in onze <a href=\"https:\/\/camping-lac-seigneurie.com\/nl\/?page_id=5469\">juridische<\/a> mededeling. Houd er rekening mee dat wij u kunnen vragen uw identiteit te verifi\u00ebren voordat wij verdere actie ondernemen naar aanleiding van uw verzoek.<\/p>\n\n\n    <\/div>\n<\/section>","protected":false},"excerpt":{"rendered":"","protected":false},"author":1,"featured_media":0,"parent":0,"menu_order":0,"comment_status":"closed","ping_status":"open","template":"","meta":{"_acf_changed":false,"footnotes":""},"sujet":[],"class_list":["post-5491","page","type-page","status-publish","hentry"],"acf":[],"yoast_head":"<!-- This site is optimized with the Yoast SEO plugin v25.3 - https:\/\/yoast.com\/wordpress\/plugins\/seo\/ -->\n<title>Privacybeleid | Camping du Lac de la Seigneurie<\/title>\n<meta name=\"robots\" content=\"noindex, nofollow\" \/>\n<meta property=\"og:locale\" content=\"nl_NL\" \/>\n<meta property=\"og:type\" content=\"article\" \/>\n<meta property=\"og:title\" content=\"Privacybeleid | Camping du Lac de la Seigneurie\" \/>\n<meta property=\"og:url\" content=\"https:\/\/camping-lac-seigneurie.com\/nl\/privacybeleid\/\" \/>\n<meta property=\"og:site_name\" content=\"Camping du Lac de la Seigneurie\" \/>\n<meta property=\"article:modified_time\" content=\"2023-02-01T13:16:33+00:00\" \/>\n<meta name=\"twitter:card\" content=\"summary_large_image\" \/>\n<meta name=\"twitter:label1\" content=\"Geschatte leestijd\" \/>\n\t<meta name=\"twitter:data1\" content=\"7 minuten\" \/>\n<script type=\"application\/ld+json\" class=\"yoast-schema-graph\">{\"@context\":\"https:\/\/schema.org\",\"@graph\":[{\"@type\":\"WebPage\",\"@id\":\"https:\/\/camping-lac-seigneurie.com\/nl\/privacybeleid\/\",\"url\":\"https:\/\/camping-lac-seigneurie.com\/nl\/privacybeleid\/\",\"name\":\"Privacybeleid | Camping du Lac de la Seigneurie\",\"isPartOf\":{\"@id\":\"https:\/\/camping-lac-seigneurie.com\/nl\/#website\"},\"datePublished\":\"2022-04-13T12:33:08+00:00\",\"dateModified\":\"2023-02-01T13:16:33+00:00\",\"breadcrumb\":{\"@id\":\"https:\/\/camping-lac-seigneurie.com\/nl\/privacybeleid\/#breadcrumb\"},\"inLanguage\":\"nl-NL\",\"potentialAction\":[{\"@type\":\"ReadAction\",\"target\":[\"https:\/\/camping-lac-seigneurie.com\/nl\/privacybeleid\/\"]}]},{\"@type\":\"BreadcrumbList\",\"@id\":\"https:\/\/camping-lac-seigneurie.com\/nl\/privacybeleid\/#breadcrumb\",\"itemListElement\":[{\"@type\":\"ListItem\",\"position\":1,\"name\":\"Camping Franche-Comt\u00e9\",\"item\":\"https:\/\/camping-lac-seigneurie.com\/nl\/\"},{\"@type\":\"ListItem\",\"position\":2,\"name\":\"Privacybeleid\"}]},{\"@type\":\"WebSite\",\"@id\":\"https:\/\/camping-lac-seigneurie.com\/nl\/#website\",\"url\":\"https:\/\/camping-lac-seigneurie.com\/nl\/\",\"name\":\"Camping du Lac de la Seigneurie\",\"description\":\"\",\"publisher\":{\"@id\":\"https:\/\/camping-lac-seigneurie.com\/nl\/#organization\"},\"potentialAction\":[{\"@type\":\"SearchAction\",\"target\":{\"@type\":\"EntryPoint\",\"urlTemplate\":\"https:\/\/camping-lac-seigneurie.com\/nl\/?s={search_term_string}\"},\"query-input\":{\"@type\":\"PropertyValueSpecification\",\"valueRequired\":true,\"valueName\":\"search_term_string\"}}],\"inLanguage\":\"nl-NL\"},{\"@type\":\"Organization\",\"@id\":\"https:\/\/camping-lac-seigneurie.com\/nl\/#organization\",\"name\":\"Camping Lac de la Seigneurie\",\"url\":\"https:\/\/camping-lac-seigneurie.com\/nl\/\",\"logo\":{\"@type\":\"ImageObject\",\"inLanguage\":\"nl-NL\",\"@id\":\"https:\/\/camping-lac-seigneurie.com\/nl\/#\/schema\/logo\/image\/\",\"url\":\"https:\/\/camping-lac-seigneurie.com\/wp-content\/uploads\/2022\/07\/lac-de-la-seigneurie-logo-fond-blanc.jpg\",\"contentUrl\":\"https:\/\/camping-lac-seigneurie.com\/wp-content\/uploads\/2022\/07\/lac-de-la-seigneurie-logo-fond-blanc.jpg\",\"width\":800,\"height\":325,\"caption\":\"Camping Lac de la Seigneurie\"},\"image\":{\"@id\":\"https:\/\/camping-lac-seigneurie.com\/nl\/#\/schema\/logo\/image\/\"}}]}<\/script>\n<!-- \/ Yoast SEO plugin. -->","yoast_head_json":{"title":"Privacybeleid | Camping du Lac de la Seigneurie","robots":{"index":"noindex","follow":"nofollow"},"og_locale":"nl_NL","og_type":"article","og_title":"Privacybeleid | Camping du Lac de la Seigneurie","og_url":"https:\/\/camping-lac-seigneurie.com\/nl\/privacybeleid\/","og_site_name":"Camping du Lac de la Seigneurie","article_modified_time":"2023-02-01T13:16:33+00:00","twitter_card":"summary_large_image","twitter_misc":{"Geschatte leestijd":"7 minuten"},"schema":{"@context":"https:\/\/schema.org","@graph":[{"@type":"WebPage","@id":"https:\/\/camping-lac-seigneurie.com\/nl\/privacybeleid\/","url":"https:\/\/camping-lac-seigneurie.com\/nl\/privacybeleid\/","name":"Privacybeleid | Camping du Lac de la Seigneurie","isPartOf":{"@id":"https:\/\/camping-lac-seigneurie.com\/nl\/#website"},"datePublished":"2022-04-13T12:33:08+00:00","dateModified":"2023-02-01T13:16:33+00:00","breadcrumb":{"@id":"https:\/\/camping-lac-seigneurie.com\/nl\/privacybeleid\/#breadcrumb"},"inLanguage":"nl-NL","potentialAction":[{"@type":"ReadAction","target":["https:\/\/camping-lac-seigneurie.com\/nl\/privacybeleid\/"]}]},{"@type":"BreadcrumbList","@id":"https:\/\/camping-lac-seigneurie.com\/nl\/privacybeleid\/#breadcrumb","itemListElement":[{"@type":"ListItem","position":1,"name":"Camping Franche-Comt\u00e9","item":"https:\/\/camping-lac-seigneurie.com\/nl\/"},{"@type":"ListItem","position":2,"name":"Privacybeleid"}]},{"@type":"WebSite","@id":"https:\/\/camping-lac-seigneurie.com\/nl\/#website","url":"https:\/\/camping-lac-seigneurie.com\/nl\/","name":"Camping du Lac de la Seigneurie","description":"","publisher":{"@id":"https:\/\/camping-lac-seigneurie.com\/nl\/#organization"},"potentialAction":[{"@type":"SearchAction","target":{"@type":"EntryPoint","urlTemplate":"https:\/\/camping-lac-seigneurie.com\/nl\/?s={search_term_string}"},"query-input":{"@type":"PropertyValueSpecification","valueRequired":true,"valueName":"search_term_string"}}],"inLanguage":"nl-NL"},{"@type":"Organization","@id":"https:\/\/camping-lac-seigneurie.com\/nl\/#organization","name":"Camping Lac de la Seigneurie","url":"https:\/\/camping-lac-seigneurie.com\/nl\/","logo":{"@type":"ImageObject","inLanguage":"nl-NL","@id":"https:\/\/camping-lac-seigneurie.com\/nl\/#\/schema\/logo\/image\/","url":"https:\/\/camping-lac-seigneurie.com\/wp-content\/uploads\/2022\/07\/lac-de-la-seigneurie-logo-fond-blanc.jpg","contentUrl":"https:\/\/camping-lac-seigneurie.com\/wp-content\/uploads\/2022\/07\/lac-de-la-seigneurie-logo-fond-blanc.jpg","width":800,"height":325,"caption":"Camping Lac de la Seigneurie"},"image":{"@id":"https:\/\/camping-lac-seigneurie.com\/nl\/#\/schema\/logo\/image\/"}}]}},"_links":{"self":[{"href":"https:\/\/camping-lac-seigneurie.com\/nl\/wp-json\/wp\/v2\/pages\/5491","targetHints":{"allow":["GET"]}}],"collection":[{"href":"https:\/\/camping-lac-seigneurie.com\/nl\/wp-json\/wp\/v2\/pages"}],"about":[{"href":"https:\/\/camping-lac-seigneurie.com\/nl\/wp-json\/wp\/v2\/types\/page"}],"author":[{"embeddable":true,"href":"https:\/\/camping-lac-seigneurie.com\/nl\/wp-json\/wp\/v2\/users\/1"}],"replies":[{"embeddable":true,"href":"https:\/\/camping-lac-seigneurie.com\/nl\/wp-json\/wp\/v2\/comments?post=5491"}],"version-history":[{"count":1,"href":"https:\/\/camping-lac-seigneurie.com\/nl\/wp-json\/wp\/v2\/pages\/5491\/revisions"}],"predecessor-version":[{"id":5494,"href":"https:\/\/camping-lac-seigneurie.com\/nl\/wp-json\/wp\/v2\/pages\/5491\/revisions\/5494"}],"wp:attachment":[{"href":"https:\/\/camping-lac-seigneurie.com\/nl\/wp-json\/wp\/v2\/media?parent=5491"}],"wp:term":[{"taxonomy":"sujet","embeddable":true,"href":"https:\/\/camping-lac-seigneurie.com\/nl\/wp-json\/wp\/v2\/sujet?post=5491"}],"curies":[{"name":"wp","href":"https:\/\/api.w.org\/{rel}","templated":true}]}}